{"id":9656,"date":"2018-05-17T15:03:53","date_gmt":"2018-05-17T12:03:53","guid":{"rendered":"http:\/\/www.latinodans.com\/?page_id=9656"},"modified":"2021-06-27T22:44:22","modified_gmt":"2021-06-27T19:44:22","slug":"k-pop-kursu","status":"publish","type":"page","link":"https:\/\/latinodans.com\/tr\/kurslar\/k-pop-kursu\/","title":{"rendered":"K-Pop Kursu"},"content":{"rendered":"<div class=\"wp-block-coblocks-row alignwide coblocks-row-527224318478 mb-0 mt-0\" data-columns=\"1\" data-layout=\"100\"><div class=\"wp-block-coblocks-row__inner has-no-padding has-no-margin is-stacked-on-mobile has-medium-gutter\">\n<div class=\"wp-block-coblocks-column coblocks-column-527224319784\" style=\"width:100%\"><div class=\"wp-block-coblocks-column__inner has-no-padding has-no-margin\">\n<h1 class=\"has-text-align-center wp-block-heading\">K-POP KURSU<\/h1>\n\n\n\n<p>***<em>E\u011fer yeni a\u00e7\u0131lan s\u0131n\u0131fa kat\u0131lmak isterseniz kontenjan dolmadan okulumuza gelip kay\u0131t yapt\u0131rman\u0131z gerekiyor. S\u0131n\u0131fta yer kalmazsa yeni a\u00e7\u0131lacak ba\u015fka bir s\u0131n\u0131fa y\u00f6nlendiriyoruz.<\/em><\/p>\n\n\n\n<p><strong>K-POP<\/strong> kurslar\u0131m\u0131z haftada 1 ders saatinden olu\u015fuyor.<br><strong>\u00dcCRET:<\/strong>&nbsp;\u0130lk dersten \u00f6nce nakit olarak \u00f6denmesi gerekiyor.<br><strong>YA\u015e:<\/strong> K-POP 12-18 ya\u015f grubunun aras\u0131nda pop\u00fclerdir. Ama t\u00fcm ya\u015f gruplar\u0131 kat\u0131labilir.<br>***18 ya\u015f\u0131n alt\u0131ndaki k<em>ursiyerlerin kay\u0131t s\u0131ras\u0131nda velisi ile gelmesi gerekiyor.<\/em><\/p>\n\n\n\n<p><strong>LTN Dance \/ Latino Dans St\u00fcdyosu<\/strong><br><strong>Kavakl\u0131dere \u015eubesi<\/strong><br>03124674910<br>05530674910<\/p>\n\n\n\n<p><strong>\u00dcmitk\u00f6y \u015eubesi<\/strong><br>05531674910<\/p>\n<\/div><\/div>\n<\/div><\/div>","protected":false},"excerpt":{"rendered":"","protected":false},"author":2,"featured_media":0,"parent":616,"menu_order":0,"comment_status":"closed","ping_status":"closed","template":"","meta":{"_coblocks_attr":"","_coblocks_dimensions":"","_coblocks_responsive_height":"","_coblocks_accordion_ie_support":"","hide_page_title":"","footnotes":""},"class_list":["post-9656","page","type-page","status-publish","hentry"],"yoast_head":"<!-- This site is optimized with the Yoast SEO plugin v24.3 - https:\/\/yoast.com\/wordpress\/plugins\/seo\/ -->\n<title>K-Pop Kursu - Latino Dans St&uuml;dyosu - Kavakl\u0131dere &amp; \u00dcmitk\u00f6y<\/title>\n<meta name=\"description\" content=\"K-pop Dans kurslar\u0131m\u0131z Sel\u00e7uk Ho\u015f e\u011fitmenli\u011filinde Kavakl\u0131dere ve \u00dcmitk\u00f6y \u015fubelerimizde devam ediyor. - Latino Dans St&uuml;dyosu\" \/>\n<meta name=\"robots\" content=\"index, follow, max-snippet:-1, max-image-preview:large, max-video-preview:-1\" \/>\n<link rel=\"canonical\" href=\"https:\/\/latinodans.com\/tr\/kurslar\/k-pop-kursu\/\" \/>\n<meta property=\"og:locale\" content=\"tr_TR\" \/>\n<meta property=\"og:type\" content=\"article\" \/>\n<meta property=\"og:title\" content=\"K-Pop Kursu - Latino Dans St&uuml;dyosu - Kavakl\u0131dere &amp; \u00dcmitk\u00f6y\" \/>\n<meta property=\"og:description\" content=\"K-pop Dans kurslar\u0131m\u0131z Sel\u00e7uk Ho\u015f e\u011fitmenli\u011filinde Kavakl\u0131dere ve \u00dcmitk\u00f6y \u015fubelerimizde devam ediyor. - Latino Dans St&uuml;dyosu\" \/>\n<meta property=\"og:url\" content=\"https:\/\/latinodans.com\/tr\/kurslar\/k-pop-kursu\/\" \/>\n<meta property=\"og:site_name\" content=\"Latino Dans St&uuml;dyosu\" \/>\n<meta property=\"article:publisher\" content=\"https:\/\/www.facebook.com\/latinoankara\" \/>\n<meta property=\"article:modified_time\" content=\"2021-06-27T19:44:22+00:00\" \/>\n<meta name=\"twitter:card\" content=\"summary_large_image\" \/>\n<meta name=\"twitter:site\" content=\"@LatinoDans\" \/>\n<script type=\"application\/ld+json\" class=\"yoast-schema-graph\">{\"@context\":\"https:\/\/schema.org\",\"@graph\":[{\"@type\":\"WebPage\",\"@id\":\"https:\/\/latinodans.com\/kurslar\/k-pop-kursu\/\",\"url\":\"https:\/\/latinodans.com\/kurslar\/k-pop-kursu\/\",\"name\":\"K-Pop Kursu - Latino Dans St&uuml;dyosu - Kavakl\u0131dere & \u00dcmitk\u00f6y\",\"isPartOf\":{\"@id\":\"https:\/\/latinodans.com\/#website\"},\"datePublished\":\"2018-05-17T12:03:53+00:00\",\"dateModified\":\"2021-06-27T19:44:22+00:00\",\"description\":\"K-pop Dans kurslar\u0131m\u0131z Sel\u00e7uk Ho\u015f e\u011fitmenli\u011filinde Kavakl\u0131dere ve \u00dcmitk\u00f6y \u015fubelerimizde devam ediyor. - Latino Dans St&uuml;dyosu\",\"breadcrumb\":{\"@id\":\"https:\/\/latinodans.com\/kurslar\/k-pop-kursu\/#breadcrumb\"},\"inLanguage\":\"tr\",\"potentialAction\":[{\"@type\":\"ReadAction\",\"target\":[\"https:\/\/latinodans.com\/kurslar\/k-pop-kursu\/\"]}]},{\"@type\":\"BreadcrumbList\",\"@id\":\"https:\/\/latinodans.com\/kurslar\/k-pop-kursu\/#breadcrumb\",\"itemListElement\":[{\"@type\":\"ListItem\",\"position\":1,\"name\":\"Anasayfa\",\"item\":\"https:\/\/latinodans.com\/\"},{\"@type\":\"ListItem\",\"position\":2,\"name\":\"Dans Kurslar\u0131\",\"item\":\"https:\/\/latinodans.com\/?page_id=616\"},{\"@type\":\"ListItem\",\"position\":3,\"name\":\"K-Pop Kursu\"}]},{\"@type\":\"WebSite\",\"@id\":\"https:\/\/latinodans.com\/#website\",\"url\":\"https:\/\/latinodans.com\/\",\"name\":\"Latino Dans St&uuml;dyosu\",\"description\":\"&quot;Hayat\u0131n\u0131zda Bir Dans Aras\u0131 Verin&quot;\",\"publisher\":{\"@id\":\"https:\/\/latinodans.com\/#organization\"},\"potentialAction\":[{\"@type\":\"SearchAction\",\"target\":{\"@type\":\"EntryPoint\",\"urlTemplate\":\"https:\/\/latinodans.com\/?s={search_term_string}\"},\"query-input\":{\"@type\":\"PropertyValueSpecification\",\"valueRequired\":true,\"valueName\":\"search_term_string\"}}],\"inLanguage\":\"tr\"},{\"@type\":\"Organization\",\"@id\":\"https:\/\/latinodans.com\/#organization\",\"name\":\"Latino Dans St\u00fcdyosu\",\"url\":\"https:\/\/latinodans.com\/\",\"logo\":{\"@type\":\"ImageObject\",\"inLanguage\":\"tr\",\"@id\":\"https:\/\/latinodans.com\/#\/schema\/logo\/image\/\",\"url\":\"https:\/\/latinodans.com\/wp-content\/uploads\/2016\/11\/latinologo01.png\",\"contentUrl\":\"https:\/\/latinodans.com\/wp-content\/uploads\/2016\/11\/latinologo01.png\",\"width\":1767,\"height\":869,\"caption\":\"Latino Dans St\u00fcdyosu\"},\"image\":{\"@id\":\"https:\/\/latinodans.com\/#\/schema\/logo\/image\/\"},\"sameAs\":[\"https:\/\/www.facebook.com\/latinoankara\",\"https:\/\/x.com\/LatinoDans\",\"https:\/\/www.instagram.com\/latinodans\/\",\"https:\/\/tr.pinterest.com\/latinodans\"]}]}<\/script>\n<!-- \/ Yoast SEO plugin. -->","yoast_head_json":{"title":"K-Pop Kursu - Latino Dans St&uuml;dyosu - Kavakl\u0131dere & \u00dcmitk\u00f6y","description":"K-pop Dans kurslar\u0131m\u0131z Sel\u00e7uk Ho\u015f e\u011fitmenli\u011filinde Kavakl\u0131dere ve \u00dcmitk\u00f6y \u015fubelerimizde devam ediyor. - Latino Dans St&uuml;dyosu","robots":{"index":"index","follow":"follow","max-snippet":"max-snippet:-1","max-image-preview":"max-image-preview:large","max-video-preview":"max-video-preview:-1"},"canonical":"https:\/\/latinodans.com\/tr\/kurslar\/k-pop-kursu\/","og_locale":"tr_TR","og_type":"article","og_title":"K-Pop Kursu - Latino Dans St&uuml;dyosu - Kavakl\u0131dere & \u00dcmitk\u00f6y","og_description":"K-pop Dans kurslar\u0131m\u0131z Sel\u00e7uk Ho\u015f e\u011fitmenli\u011filinde Kavakl\u0131dere ve \u00dcmitk\u00f6y \u015fubelerimizde devam ediyor. - Latino Dans St&uuml;dyosu","og_url":"https:\/\/latinodans.com\/tr\/kurslar\/k-pop-kursu\/","og_site_name":"Latino Dans St&uuml;dyosu","article_publisher":"https:\/\/www.facebook.com\/latinoankara","article_modified_time":"2021-06-27T19:44:22+00:00","twitter_card":"summary_large_image","twitter_site":"@LatinoDans","schema":{"@context":"https:\/\/schema.org","@graph":[{"@type":"WebPage","@id":"https:\/\/latinodans.com\/kurslar\/k-pop-kursu\/","url":"https:\/\/latinodans.com\/kurslar\/k-pop-kursu\/","name":"K-Pop Kursu - Latino Dans St&uuml;dyosu - Kavakl\u0131dere & \u00dcmitk\u00f6y","isPartOf":{"@id":"https:\/\/latinodans.com\/#website"},"datePublished":"2018-05-17T12:03:53+00:00","dateModified":"2021-06-27T19:44:22+00:00","description":"K-pop Dans kurslar\u0131m\u0131z Sel\u00e7uk Ho\u015f e\u011fitmenli\u011filinde Kavakl\u0131dere ve \u00dcmitk\u00f6y \u015fubelerimizde devam ediyor. - Latino Dans St&uuml;dyosu","breadcrumb":{"@id":"https:\/\/latinodans.com\/kurslar\/k-pop-kursu\/#breadcrumb"},"inLanguage":"tr","potentialAction":[{"@type":"ReadAction","target":["https:\/\/latinodans.com\/kurslar\/k-pop-kursu\/"]}]},{"@type":"BreadcrumbList","@id":"https:\/\/latinodans.com\/kurslar\/k-pop-kursu\/#breadcrumb","itemListElement":[{"@type":"ListItem","position":1,"name":"Anasayfa","item":"https:\/\/latinodans.com\/"},{"@type":"ListItem","position":2,"name":"Dans Kurslar\u0131","item":"https:\/\/latinodans.com\/?page_id=616"},{"@type":"ListItem","position":3,"name":"K-Pop Kursu"}]},{"@type":"WebSite","@id":"https:\/\/latinodans.com\/#website","url":"https:\/\/latinodans.com\/","name":"Latino Dans St&uuml;dyosu","description":"&quot;Hayat\u0131n\u0131zda Bir Dans Aras\u0131 Verin&quot;","publisher":{"@id":"https:\/\/latinodans.com\/#organization"},"potentialAction":[{"@type":"SearchAction","target":{"@type":"EntryPoint","urlTemplate":"https:\/\/latinodans.com\/?s={search_term_string}"},"query-input":{"@type":"PropertyValueSpecification","valueRequired":true,"valueName":"search_term_string"}}],"inLanguage":"tr"},{"@type":"Organization","@id":"https:\/\/latinodans.com\/#organization","name":"Latino Dans St\u00fcdyosu","url":"https:\/\/latinodans.com\/","logo":{"@type":"ImageObject","inLanguage":"tr","@id":"https:\/\/latinodans.com\/#\/schema\/logo\/image\/","url":"https:\/\/latinodans.com\/wp-content\/uploads\/2016\/11\/latinologo01.png","contentUrl":"https:\/\/latinodans.com\/wp-content\/uploads\/2016\/11\/latinologo01.png","width":1767,"height":869,"caption":"Latino Dans St\u00fcdyosu"},"image":{"@id":"https:\/\/latinodans.com\/#\/schema\/logo\/image\/"},"sameAs":["https:\/\/www.facebook.com\/latinoankara","https:\/\/x.com\/LatinoDans","https:\/\/www.instagram.com\/latinodans\/","https:\/\/tr.pinterest.com\/latinodans"]}]}},"_links":{"self":[{"href":"https:\/\/latinodans.com\/tr\/wp-json\/wp\/v2\/pages\/9656","targetHints":{"allow":["GET"]}}],"collection":[{"href":"https:\/\/latinodans.com\/tr\/wp-json\/wp\/v2\/pages"}],"about":[{"href":"https:\/\/latinodans.com\/tr\/wp-json\/wp\/v2\/types\/page"}],"author":[{"embeddable":true,"href":"https:\/\/latinodans.com\/tr\/wp-json\/wp\/v2\/users\/2"}],"replies":[{"embeddable":true,"href":"https:\/\/latinodans.com\/tr\/wp-json\/wp\/v2\/comments?post=9656"}],"version-history":[{"count":2,"href":"https:\/\/latinodans.com\/tr\/wp-json\/wp\/v2\/pages\/9656\/revisions"}],"predecessor-version":[{"id":10914,"href":"https:\/\/latinodans.com\/tr\/wp-json\/wp\/v2\/pages\/9656\/revisions\/10914"}],"up":[{"embeddable":true,"href":"https:\/\/latinodans.com\/tr\/wp-json\/wp\/v2\/pages\/616"}],"wp:attachment":[{"href":"https:\/\/latinodans.com\/tr\/wp-json\/wp\/v2\/media?parent=9656"}],"curies":[{"name":"wp","href":"https:\/\/api.w.org\/{rel}","templated":true}]}}