{"id":9491,"date":"2017-09-20T12:25:38","date_gmt":"2017-09-20T09:25:38","guid":{"rendered":"http:\/\/www.latinodans.com\/?page_id=9491"},"modified":"2023-04-05T18:30:23","modified_gmt":"2023-04-05T15:30:23","slug":"salon-kiralama","status":"publish","type":"page","link":"https:\/\/latinodans.com\/tr\/salon-kiralama\/","title":{"rendered":"Salon Kiralama Hizmeti"},"content":{"rendered":"<div class=\"wp-block-coblocks-row alignwide coblocks-row-51612311250\" data-columns=\"1\" data-layout=\"100\"><div class=\"wp-block-coblocks-row__inner has-no-padding has-no-margin is-stacked-on-mobile has-medium-gutter\">\n<div class=\"wp-block-coblocks-column coblocks-column-516123118883\" style=\"width:100%\"><div class=\"wp-block-coblocks-column__inner has-no-padding has-no-margin\">\n<h1 class=\"wp-block-heading alignfull has-text-align-center has-huge-font-size has-custom-weight has-custom-lineheight mb-0 pb-0 mt-0 pt-0\" style=\"font-style:normal;font-weight:bold;line-height:2\">Salon Kiralama Hizmeti<\/h1>\n\n\n\n<p>Latino Dans St\u00fcdyosu, Tunal\u0131 ve \u00dcmitk\u00f6y \u015fubelerindeki salonlar\u0131nda kiralama hizmeti sunmaktad\u0131r. Ankara&#8217;n\u0131n \u00c7ankaya il\u00e7esinde yer alan \u015fubelerimizde, Tunal\u0131\u2019da 6 ve \u00dcmitk\u00f6y\u2019de 3 olmak \u00fczere toplam 9 salonumuz, dans, spor, yoga, pilates, seminer, e\u011fitimler, toplant\u0131, sanat etkinlikleri, etkinlik gibi organizasyonlar i\u00e7in uygun ve kiralanabilir.<\/p>\n\n\n\n<h2 class=\"wp-block-heading alignfull has-primary-color has-text-color has-huge-font-size has-custom-lineheight mb-0 pb-0 mt-0 pt-0\" style=\"line-height:2.01\"><strong>Kiralama \u0130\u00e7in Uygun Salonlar\u0131m\u0131z<\/strong><\/h2>\n\n\n\n<h3 class=\"wp-block-heading alignfull has-large-font-size mb-0 pb-0 mt-0 pt-0\"><strong>Tunal\u0131\u2019daki Dans Salonlar\u0131m\u0131z<\/strong><\/h3>\n\n\n\n<ul class=\"wp-block-list\">\n<li>6 farkl\u0131 boyut ve kapasitede salonlar\u0131m\u0131z bulunmaktad\u0131r.<\/li>\n\n\n\n<li>T\u00fcm salonlar\u0131m\u0131zda dans derslerine uygun ses sistemleri ve aynalar bulunmaktad\u0131r.<\/li>\n\n\n\n<li>Konforlu, ferah ve hijyenik bir ortamda dans etmek i\u00e7in ideal bir ortam sunan salonlar\u0131m\u0131z, t\u00fcm etkinlikleriniz i\u00e7in uygun bir se\u00e7enektir.<\/li>\n\n\n\n<li>2 kattan olu\u015fan subemizin her iki kat\u0131nda da soyunma odalar\u0131 ve tuvaletler bulunmaktad\u0131r.<\/li>\n\n\n\n<li>Ofis kat\u0131nda kafe alan\u0131m\u0131z, \u00fcst katta ise bekleme alan\u0131m\u0131z mevcuttur. Sigara i\u00e7mek i\u00e7in teras alan\u0131m\u0131z vard\u0131r.<\/li>\n<\/ul>\n\n\n\n<h3 class=\"wp-block-heading alignfull has-large-font-size mb-0 pb-0 mt-0 pt-0\"><strong><strong>\u00dcmitk\u00f6y\u2019deki<\/strong> Dans Salonlar\u0131m\u0131z<\/strong><\/h3>\n\n\n\n<ul class=\"wp-block-list\">\n<li>3 b\u00fcy\u00fck salonumuz vard\u0131r. A1 ve A2 salonlar\u0131m\u0131z aras\u0131ndaki hareketli duvar a\u00e7\u0131larak \u00e7ok b\u00fcy\u00fck bir salon olarak da kullan\u0131labilir. (A1:70m<sup>2<\/sup>, A2:70m<sup>2<\/sup>, B1:140 m<sup>2<\/sup>)<\/li>\n\n\n\n<li>B\u00fcy\u00fck salonumuzda(A1 ve A2 birle\u015fimi=140m<sup>2<\/sup>) platform kiralanarak trib\u00fcn olu\u015fturuldu\u011funda 100 ki\u015filik oturma d\u00fczeni ve sahneye sahip olabilmektedir.<\/li>\n\n\n\n<li>T\u00fcm salonlar\u0131m\u0131zda dans derslerine ve etkinliklere uygun ses sistemleri ve aynalar bulunmaktad\u0131r.<\/li>\n\n\n\n<li>St\u00fcdyomuzun kendine ait \u00f6zel bah\u00e7esi vard\u0131r. Ni\u015fan, D\u00fc\u011f\u00fcn, K\u0131na Gecesi, Barbek\u00fc, Do\u011fum g\u00fcn\u00fc gibi organizasyonlar da bah\u00e7emizde d\u00fczenlenebilmektedir.<\/li>\n\n\n\n<li>2 kattan olu\u015fan \u015fubemizde her iki kat\u0131nda da tuvaletler bulunmaktad\u0131r. Soyunma odalar\u0131 giri\u015f kattad\u0131r.<\/li>\n\n\n\n<li>Ofis kat\u0131nda bekleme alan\u0131m\u0131z, \u00fcst katta ise kafe alan\u0131m\u0131z mevcuttur. Sigara i\u00e7mek i\u00e7in bah\u00e7emizi kullanabilirsiniz.<\/li>\n\n\n\n<li>Konforlu, ferah ve hijyenik bir ortam sunan salonlar\u0131m\u0131z, t\u00fcm etkinlikleriniz i\u00e7in uygun bir se\u00e7enektir.<\/li>\n<\/ul>\n\n\n\n<h2 class=\"wp-block-heading alignfull has-huge-font-size mb-0 pb-0 mt-0 pt-0\"><strong><strong><strong>Dans Salonu Kiralama Fiyatlar\u0131 ve \u00d6zellikleri<\/strong><\/strong><\/strong><\/h2>\n\n\n\n<p>Dans salonu kiralama hizmetimiz, sizler i\u00e7in uygun fiyatlarla sunulmaktad\u0131r. Her salonumuzun farkl\u0131 kapasiteleri ve \u00f6zellikleri vard\u0131r. Bu nedenle, dans salonu kiralama fiyatlar\u0131, salonlar\u0131n b\u00fcy\u00fckl\u00fc\u011f\u00fcne, kat\u0131lacak ki\u015fi say\u0131s\u0131na, hangi s\u0131kl\u0131kta kullan\u0131laca\u011f\u0131na ve \u00f6zelliklerine g\u00f6re de\u011fi\u015fiklik g\u00f6sterir. T\u00fcm salonlar\u0131m\u0131z, profesyonel bir ortamda dans etmek isteyen herkes i\u00e7in ideal bir se\u00e7enektir.<\/p>\n\n\n\n<h4 class=\"wp-block-heading alignfull has-huge-font-size mb-0 pb-0 mt-0 pt-0\"><strong><strong><strong><strong>Kiralama Hizmeti \u0130\u00e7in \u0130leti\u015fime Ge\u00e7in<\/strong><\/strong><\/strong><\/strong><\/h4>\n\n\n\n<p>Salon kiralama hizmetimiz hakk\u0131nda ayr\u0131nt\u0131l\u0131 bilgi almak ve rezervasyon yapmak i\u00e7in bizimle ileti\u015fime ge\u00e7ebilirsiniz.<\/p>\n\n\n\n<div class=\"wp-block-jetpack-contact-info\">\n\n\n<div class=\"wp-block-jetpack-phone\"><a href=\"tel:05530674910\">05530674910<\/a><\/div>\n\n\n\n<div class=\"wp-block-jetpack-address\"><a href=\"https:\/\/www.google.com\/maps\/search\/Tunus+cad. No:50\/6 Kavakl\u0131dere ,+Ankara,+\u00c7ankaya,+T\u00fcrkiye\" target=\"_blank\" rel=\"noopener noreferrer\" title=\"Adresi Google Haritalar\u2019da a\u00e7\"><div class=\"jetpack-address__address jetpack-address__address1\">Tunus cad. No:50\/6 Kavakl\u0131dere <\/div><div><span class=\"jetpack-address__city\">Ankara<\/span>, <span class=\"jetpack-address__region\">\u00c7ankaya<\/span> <span class=\"jetpack-address__postal\"><\/span><\/div><div class=\"jetpack-address__country\">T\u00fcrkiye<\/div><\/a><\/div>\n<\/div>\n<\/div><\/div>\n<\/div><\/div>\n\n\n\n<div style=\"min-height:400px\" data-map-attr=\"\/qaddress\/q:\/qLatino Dans\/q||\/qlat\/q:\/qundefined\/q||\/qlng\/q:\/qundefined\/q||\/qskin\/q:\/qstandard\/q||\/qzoom\/q:\/q12\/q||\/qiconSize\/q:\/q36\/q||\/qmapTypeControl\/q:\/qtrue\/q||\/qzoomControl\/q:\/qtrue\/q||\/qstreetViewControl\/q:\/qtrue\/q||\/qfullscreenControl\/q:\/qtrue\/q\" class=\"wp-block-coblocks-map\"><iframe title=\"Google Map\" frameborder=\"0\" style=\"width:100%;min-height:400px\" src=\"https:\/\/www.google.com\/maps?q=Latino%20Dans&amp;output=embed&amp;hl=tr&amp;z=12\"><\/iframe><\/div>\n\n\n\n<div class=\"wp-block-jetpack-send-a-message\">\n<div class=\"wp-block-jetpack-whatsapp-button is-color-dark\"><a class=\"whatsapp-block__button\" href=\"https:\/\/api.whatsapp.com\/send?phone=905530674910&amp;text=Merhaba%2C%20WhatsApp%20bilgilerinizi%20web%20sitenizden%20ald%C4%B1m.\" style=\"background-color:#25D366;color:#fff\" target=\"_self\" rel=\"noopener noreferrer\">WhatsApp&#8217;ta sohbet edin<\/a><\/div>\n<\/div>","protected":false},"excerpt":{"rendered":"","protected":false},"author":2,"featured_media":0,"parent":0,"menu_order":0,"comment_status":"closed","ping_status":"closed","template":"","meta":{"_coblocks_attr":"","_coblocks_dimensions":"","_coblocks_responsive_height":"","_coblocks_accordion_ie_support":"","hide_page_title":"","footnotes":""},"class_list":["post-9491","page","type-page","status-publish","hentry"],"yoast_head":"<!-- This site is optimized with the Yoast SEO plugin v24.3 - https:\/\/yoast.com\/wordpress\/plugins\/seo\/ -->\n<title>Salon Kiralama Hizmeti - Latino Dans St&uuml;dyosu - Kavakl\u0131dere &amp; \u00dcmitk\u00f6y<\/title>\n<meta name=\"description\" content=\"Latino Dans St\u00fcdyosu \u015fubelerimizde, Tunal\u0131 ve \u00dcmitk\u00f6y\u2019deki salonlar\u0131m\u0131z, dans, spor, yoga, pilates, seminer, e\u011fitimler, toplant\u0131, sanat etkinlikleri gibi organizasyonlar i\u00e7in kiralanabilir.\" \/>\n<meta name=\"robots\" content=\"index, follow, max-snippet:-1, max-image-preview:large, max-video-preview:-1\" \/>\n<link rel=\"canonical\" href=\"https:\/\/latinodans.com\/tr\/salon-kiralama\/\" \/>\n<meta property=\"og:locale\" content=\"tr_TR\" \/>\n<meta property=\"og:type\" content=\"article\" \/>\n<meta property=\"og:title\" content=\"Salon Kiralama Hizmeti - Latino Dans St&uuml;dyosu - Kavakl\u0131dere &amp; \u00dcmitk\u00f6y\" \/>\n<meta property=\"og:description\" content=\"Latino Dans St\u00fcdyosu \u015fubelerimizde, Tunal\u0131 ve \u00dcmitk\u00f6y\u2019deki salonlar\u0131m\u0131z, dans, spor, yoga, pilates, seminer, e\u011fitimler, toplant\u0131, sanat etkinlikleri gibi organizasyonlar i\u00e7in kiralanabilir.\" \/>\n<meta property=\"og:url\" content=\"https:\/\/latinodans.com\/tr\/salon-kiralama\/\" \/>\n<meta property=\"og:site_name\" content=\"Latino Dans St&uuml;dyosu\" \/>\n<meta property=\"article:publisher\" content=\"https:\/\/www.facebook.com\/latinoankara\" \/>\n<meta property=\"article:modified_time\" content=\"2023-04-05T15:30:23+00:00\" \/>\n<meta name=\"twitter:card\" content=\"summary_large_image\" \/>\n<meta name=\"twitter:site\" content=\"@LatinoDans\" \/>\n<meta name=\"twitter:label1\" content=\"Tahmini okuma s\u00fcresi\" \/>\n\t<meta name=\"twitter:data1\" content=\"2 dakika\" \/>\n<script type=\"application\/ld+json\" class=\"yoast-schema-graph\">{\"@context\":\"https:\/\/schema.org\",\"@graph\":[{\"@type\":\"WebPage\",\"@id\":\"https:\/\/latinodans.com\/salon-kiralama\/\",\"url\":\"https:\/\/latinodans.com\/salon-kiralama\/\",\"name\":\"Salon Kiralama Hizmeti - Latino Dans St&uuml;dyosu - Kavakl\u0131dere & \u00dcmitk\u00f6y\",\"isPartOf\":{\"@id\":\"https:\/\/latinodans.com\/#website\"},\"datePublished\":\"2017-09-20T09:25:38+00:00\",\"dateModified\":\"2023-04-05T15:30:23+00:00\",\"description\":\"Latino Dans St\u00fcdyosu \u015fubelerimizde, Tunal\u0131 ve \u00dcmitk\u00f6y\u2019deki salonlar\u0131m\u0131z, dans, spor, yoga, pilates, seminer, e\u011fitimler, toplant\u0131, sanat etkinlikleri gibi organizasyonlar i\u00e7in kiralanabilir.\",\"breadcrumb\":{\"@id\":\"https:\/\/latinodans.com\/salon-kiralama\/#breadcrumb\"},\"inLanguage\":\"tr\",\"potentialAction\":[{\"@type\":\"ReadAction\",\"target\":[\"https:\/\/latinodans.com\/salon-kiralama\/\"]}]},{\"@type\":\"BreadcrumbList\",\"@id\":\"https:\/\/latinodans.com\/salon-kiralama\/#breadcrumb\",\"itemListElement\":[{\"@type\":\"ListItem\",\"position\":1,\"name\":\"Anasayfa\",\"item\":\"https:\/\/latinodans.com\/\"},{\"@type\":\"ListItem\",\"position\":2,\"name\":\"Salon Kiralama Hizmeti\"}]},{\"@type\":\"WebSite\",\"@id\":\"https:\/\/latinodans.com\/#website\",\"url\":\"https:\/\/latinodans.com\/\",\"name\":\"Latino Dans St&uuml;dyosu\",\"description\":\"&quot;Hayat\u0131n\u0131zda Bir Dans Aras\u0131 Verin&quot;\",\"publisher\":{\"@id\":\"https:\/\/latinodans.com\/#organization\"},\"potentialAction\":[{\"@type\":\"SearchAction\",\"target\":{\"@type\":\"EntryPoint\",\"urlTemplate\":\"https:\/\/latinodans.com\/?s={search_term_string}\"},\"query-input\":{\"@type\":\"PropertyValueSpecification\",\"valueRequired\":true,\"valueName\":\"search_term_string\"}}],\"inLanguage\":\"tr\"},{\"@type\":\"Organization\",\"@id\":\"https:\/\/latinodans.com\/#organization\",\"name\":\"Latino Dans St\u00fcdyosu\",\"url\":\"https:\/\/latinodans.com\/\",\"logo\":{\"@type\":\"ImageObject\",\"inLanguage\":\"tr\",\"@id\":\"https:\/\/latinodans.com\/#\/schema\/logo\/image\/\",\"url\":\"https:\/\/latinodans.com\/wp-content\/uploads\/2016\/11\/latinologo01.png\",\"contentUrl\":\"https:\/\/latinodans.com\/wp-content\/uploads\/2016\/11\/latinologo01.png\",\"width\":1767,\"height\":869,\"caption\":\"Latino Dans St\u00fcdyosu\"},\"image\":{\"@id\":\"https:\/\/latinodans.com\/#\/schema\/logo\/image\/\"},\"sameAs\":[\"https:\/\/www.facebook.com\/latinoankara\",\"https:\/\/x.com\/LatinoDans\",\"https:\/\/www.instagram.com\/latinodans\/\",\"https:\/\/tr.pinterest.com\/latinodans\"]}]}<\/script>\n<!-- \/ Yoast SEO plugin. -->","yoast_head_json":{"title":"Salon Kiralama Hizmeti - Latino Dans St&uuml;dyosu - Kavakl\u0131dere & \u00dcmitk\u00f6y","description":"Latino Dans St\u00fcdyosu \u015fubelerimizde, Tunal\u0131 ve \u00dcmitk\u00f6y\u2019deki salonlar\u0131m\u0131z, dans, spor, yoga, pilates, seminer, e\u011fitimler, toplant\u0131, sanat etkinlikleri gibi organizasyonlar i\u00e7in kiralanabilir.","robots":{"index":"index","follow":"follow","max-snippet":"max-snippet:-1","max-image-preview":"max-image-preview:large","max-video-preview":"max-video-preview:-1"},"canonical":"https:\/\/latinodans.com\/tr\/salon-kiralama\/","og_locale":"tr_TR","og_type":"article","og_title":"Salon Kiralama Hizmeti - Latino Dans St&uuml;dyosu - Kavakl\u0131dere & \u00dcmitk\u00f6y","og_description":"Latino Dans St\u00fcdyosu \u015fubelerimizde, Tunal\u0131 ve \u00dcmitk\u00f6y\u2019deki salonlar\u0131m\u0131z, dans, spor, yoga, pilates, seminer, e\u011fitimler, toplant\u0131, sanat etkinlikleri gibi organizasyonlar i\u00e7in kiralanabilir.","og_url":"https:\/\/latinodans.com\/tr\/salon-kiralama\/","og_site_name":"Latino Dans St&uuml;dyosu","article_publisher":"https:\/\/www.facebook.com\/latinoankara","article_modified_time":"2023-04-05T15:30:23+00:00","twitter_card":"summary_large_image","twitter_site":"@LatinoDans","twitter_misc":{"Tahmini okuma s\u00fcresi":"2 dakika"},"schema":{"@context":"https:\/\/schema.org","@graph":[{"@type":"WebPage","@id":"https:\/\/latinodans.com\/salon-kiralama\/","url":"https:\/\/latinodans.com\/salon-kiralama\/","name":"Salon Kiralama Hizmeti - Latino Dans St&uuml;dyosu - Kavakl\u0131dere & \u00dcmitk\u00f6y","isPartOf":{"@id":"https:\/\/latinodans.com\/#website"},"datePublished":"2017-09-20T09:25:38+00:00","dateModified":"2023-04-05T15:30:23+00:00","description":"Latino Dans St\u00fcdyosu \u015fubelerimizde, Tunal\u0131 ve \u00dcmitk\u00f6y\u2019deki salonlar\u0131m\u0131z, dans, spor, yoga, pilates, seminer, e\u011fitimler, toplant\u0131, sanat etkinlikleri gibi organizasyonlar i\u00e7in kiralanabilir.","breadcrumb":{"@id":"https:\/\/latinodans.com\/salon-kiralama\/#breadcrumb"},"inLanguage":"tr","potentialAction":[{"@type":"ReadAction","target":["https:\/\/latinodans.com\/salon-kiralama\/"]}]},{"@type":"BreadcrumbList","@id":"https:\/\/latinodans.com\/salon-kiralama\/#breadcrumb","itemListElement":[{"@type":"ListItem","position":1,"name":"Anasayfa","item":"https:\/\/latinodans.com\/"},{"@type":"ListItem","position":2,"name":"Salon Kiralama Hizmeti"}]},{"@type":"WebSite","@id":"https:\/\/latinodans.com\/#website","url":"https:\/\/latinodans.com\/","name":"Latino Dans St&uuml;dyosu","description":"&quot;Hayat\u0131n\u0131zda Bir Dans Aras\u0131 Verin&quot;","publisher":{"@id":"https:\/\/latinodans.com\/#organization"},"potentialAction":[{"@type":"SearchAction","target":{"@type":"EntryPoint","urlTemplate":"https:\/\/latinodans.com\/?s={search_term_string}"},"query-input":{"@type":"PropertyValueSpecification","valueRequired":true,"valueName":"search_term_string"}}],"inLanguage":"tr"},{"@type":"Organization","@id":"https:\/\/latinodans.com\/#organization","name":"Latino Dans St\u00fcdyosu","url":"https:\/\/latinodans.com\/","logo":{"@type":"ImageObject","inLanguage":"tr","@id":"https:\/\/latinodans.com\/#\/schema\/logo\/image\/","url":"https:\/\/latinodans.com\/wp-content\/uploads\/2016\/11\/latinologo01.png","contentUrl":"https:\/\/latinodans.com\/wp-content\/uploads\/2016\/11\/latinologo01.png","width":1767,"height":869,"caption":"Latino Dans St\u00fcdyosu"},"image":{"@id":"https:\/\/latinodans.com\/#\/schema\/logo\/image\/"},"sameAs":["https:\/\/www.facebook.com\/latinoankara","https:\/\/x.com\/LatinoDans","https:\/\/www.instagram.com\/latinodans\/","https:\/\/tr.pinterest.com\/latinodans"]}]}},"_links":{"self":[{"href":"https:\/\/latinodans.com\/tr\/wp-json\/wp\/v2\/pages\/9491","targetHints":{"allow":["GET"]}}],"collection":[{"href":"https:\/\/latinodans.com\/tr\/wp-json\/wp\/v2\/pages"}],"about":[{"href":"https:\/\/latinodans.com\/tr\/wp-json\/wp\/v2\/types\/page"}],"author":[{"embeddable":true,"href":"https:\/\/latinodans.com\/tr\/wp-json\/wp\/v2\/users\/2"}],"replies":[{"embeddable":true,"href":"https:\/\/latinodans.com\/tr\/wp-json\/wp\/v2\/comments?post=9491"}],"version-history":[{"count":40,"href":"https:\/\/latinodans.com\/tr\/wp-json\/wp\/v2\/pages\/9491\/revisions"}],"predecessor-version":[{"id":11387,"href":"https:\/\/latinodans.com\/tr\/wp-json\/wp\/v2\/pages\/9491\/revisions\/11387"}],"wp:attachment":[{"href":"https:\/\/latinodans.com\/tr\/wp-json\/wp\/v2\/media?parent=9491"}],"curies":[{"name":"wp","href":"https:\/\/api.w.org\/{rel}","templated":true}]}}