{"id":9098,"date":"2017-05-18T16:12:58","date_gmt":"2017-05-18T13:12:58","guid":{"rendered":"http:\/\/www.latinodans.com\/?page_id=9098"},"modified":"2021-06-27T23:03:53","modified_gmt":"2021-06-27T20:03:53","slug":"sirtaki","status":"publish","type":"page","link":"https:\/\/latinodans.com\/tr\/kurslar\/sirtaki\/","title":{"rendered":"Sirtaki \/ Hasapiko"},"content":{"rendered":"<div class=\"wp-block-coblocks-row alignwide coblocks-row-52723312681 mb-0 mt-0\" data-columns=\"1\" data-layout=\"100\"><div class=\"wp-block-coblocks-row__inner has-no-padding has-no-margin is-stacked-on-mobile has-medium-gutter\">\n<div class=\"wp-block-coblocks-column coblocks-column-52723313765\" style=\"width:100%\"><div class=\"wp-block-coblocks-column__inner has-no-padding has-no-margin\">\n<h1 class=\"has-text-align-center wp-block-heading\">Sirtaki \/ Hasapiko<\/h1>\n\n\n\n<p>Orjinal ad\u0131 Hasapikodur.\u00a0Osmanl\u0131 d\u00f6neminde \u0130stanbul&#8217;da \u00e7\u0131km\u0131\u015f bir dans t\u00fcr\u00fcd\u00fcr ve Arnavut kasaplar\u0131n dans\u0131d\u0131r. Kasaplar\u0131n hayvanlar\u0131 kesmeden \u00f6nce yapt\u0131klar\u0131 rit\u00fcellerden ortaya \u00e7\u0131km\u0131\u015f olabilece\u011fi d\u00fc\u015f\u00fcn\u00fcl\u00fcyor. Bu dans t\u00fcr\u00fcne 1960&#8217;lardan sonra Yunanl\u0131lar sahip \u00e7\u0131km\u0131\u015f ve yeniden isimlendirmi\u015flerdir. Sirtaki demi\u015flerdir. O y\u00fczden Yunan dans\u0131 olarak bilinir.<\/p>\n<\/div><\/div>\n<\/div><\/div>","protected":false},"excerpt":{"rendered":"","protected":false},"author":2,"featured_media":0,"parent":616,"menu_order":0,"comment_status":"closed","ping_status":"closed","template":"","meta":{"_coblocks_attr":"","_coblocks_dimensions":"","_coblocks_responsive_height":"","_coblocks_accordion_ie_support":"","hide_page_title":"","footnotes":""},"class_list":["post-9098","page","type-page","status-publish","hentry"],"yoast_head":"<!-- This site is optimized with the Yoast SEO plugin v24.3 - https:\/\/yoast.com\/wordpress\/plugins\/seo\/ -->\n<title>Sirtaki \/ Hasapiko - Latino Dans St&uuml;dyosu - Kavakl\u0131dere &amp; \u00dcmitk\u00f6y<\/title>\n<meta name=\"description\" content=\"Orjinal ad\u0131 Hasapikodur. Bu dans t\u00fcr\u00fcne Yunanl\u0131lar sahip \u00e7\u0131km\u0131\u015f ve yeniden isimlendirmi\u015flerdir. Sirtaki demi\u015flerdir. O y\u00fczden Yunan dans\u0131 olarak bilinir.\" \/>\n<meta name=\"robots\" content=\"index, follow, max-snippet:-1, max-image-preview:large, max-video-preview:-1\" \/>\n<link rel=\"canonical\" href=\"https:\/\/latinodans.com\/tr\/kurslar\/sirtaki\/\" \/>\n<meta property=\"og:locale\" content=\"tr_TR\" \/>\n<meta property=\"og:type\" content=\"article\" \/>\n<meta property=\"og:title\" content=\"Sirtaki \/ Hasapiko - Latino Dans St&uuml;dyosu - Kavakl\u0131dere &amp; \u00dcmitk\u00f6y\" \/>\n<meta property=\"og:description\" content=\"Orjinal ad\u0131 Hasapikodur. Bu dans t\u00fcr\u00fcne Yunanl\u0131lar sahip \u00e7\u0131km\u0131\u015f ve yeniden isimlendirmi\u015flerdir. Sirtaki demi\u015flerdir. O y\u00fczden Yunan dans\u0131 olarak bilinir.\" \/>\n<meta property=\"og:url\" content=\"https:\/\/latinodans.com\/tr\/kurslar\/sirtaki\/\" \/>\n<meta property=\"og:site_name\" content=\"Latino Dans St&uuml;dyosu\" \/>\n<meta property=\"article:publisher\" content=\"https:\/\/www.facebook.com\/latinoankara\" \/>\n<meta property=\"article:modified_time\" content=\"2021-06-27T20:03:53+00:00\" \/>\n<meta name=\"twitter:card\" content=\"summary_large_image\" \/>\n<meta name=\"twitter:site\" content=\"@LatinoDans\" \/>\n<script type=\"application\/ld+json\" class=\"yoast-schema-graph\">{\"@context\":\"https:\/\/schema.org\",\"@graph\":[{\"@type\":\"WebPage\",\"@id\":\"https:\/\/latinodans.com\/kurslar\/sirtaki\/\",\"url\":\"https:\/\/latinodans.com\/kurslar\/sirtaki\/\",\"name\":\"Sirtaki \/ Hasapiko - Latino Dans St&uuml;dyosu - Kavakl\u0131dere & \u00dcmitk\u00f6y\",\"isPartOf\":{\"@id\":\"https:\/\/latinodans.com\/#website\"},\"datePublished\":\"2017-05-18T13:12:58+00:00\",\"dateModified\":\"2021-06-27T20:03:53+00:00\",\"description\":\"Orjinal ad\u0131 Hasapikodur. Bu dans t\u00fcr\u00fcne Yunanl\u0131lar sahip \u00e7\u0131km\u0131\u015f ve yeniden isimlendirmi\u015flerdir. Sirtaki demi\u015flerdir. O y\u00fczden Yunan dans\u0131 olarak bilinir.\",\"breadcrumb\":{\"@id\":\"https:\/\/latinodans.com\/kurslar\/sirtaki\/#breadcrumb\"},\"inLanguage\":\"tr\",\"potentialAction\":[{\"@type\":\"ReadAction\",\"target\":[\"https:\/\/latinodans.com\/kurslar\/sirtaki\/\"]}]},{\"@type\":\"BreadcrumbList\",\"@id\":\"https:\/\/latinodans.com\/kurslar\/sirtaki\/#breadcrumb\",\"itemListElement\":[{\"@type\":\"ListItem\",\"position\":1,\"name\":\"Anasayfa\",\"item\":\"https:\/\/latinodans.com\/\"},{\"@type\":\"ListItem\",\"position\":2,\"name\":\"Dans Kurslar\u0131\",\"item\":\"https:\/\/latinodans.com\/?page_id=616\"},{\"@type\":\"ListItem\",\"position\":3,\"name\":\"Sirtaki \/ Hasapiko\"}]},{\"@type\":\"WebSite\",\"@id\":\"https:\/\/latinodans.com\/#website\",\"url\":\"https:\/\/latinodans.com\/\",\"name\":\"Latino Dans St&uuml;dyosu\",\"description\":\"&quot;Hayat\u0131n\u0131zda Bir Dans Aras\u0131 Verin&quot;\",\"publisher\":{\"@id\":\"https:\/\/latinodans.com\/#organization\"},\"potentialAction\":[{\"@type\":\"SearchAction\",\"target\":{\"@type\":\"EntryPoint\",\"urlTemplate\":\"https:\/\/latinodans.com\/?s={search_term_string}\"},\"query-input\":{\"@type\":\"PropertyValueSpecification\",\"valueRequired\":true,\"valueName\":\"search_term_string\"}}],\"inLanguage\":\"tr\"},{\"@type\":\"Organization\",\"@id\":\"https:\/\/latinodans.com\/#organization\",\"name\":\"Latino Dans St\u00fcdyosu\",\"url\":\"https:\/\/latinodans.com\/\",\"logo\":{\"@type\":\"ImageObject\",\"inLanguage\":\"tr\",\"@id\":\"https:\/\/latinodans.com\/#\/schema\/logo\/image\/\",\"url\":\"https:\/\/latinodans.com\/wp-content\/uploads\/2016\/11\/latinologo01.png\",\"contentUrl\":\"https:\/\/latinodans.com\/wp-content\/uploads\/2016\/11\/latinologo01.png\",\"width\":1767,\"height\":869,\"caption\":\"Latino Dans St\u00fcdyosu\"},\"image\":{\"@id\":\"https:\/\/latinodans.com\/#\/schema\/logo\/image\/\"},\"sameAs\":[\"https:\/\/www.facebook.com\/latinoankara\",\"https:\/\/x.com\/LatinoDans\",\"https:\/\/www.instagram.com\/latinodans\/\",\"https:\/\/tr.pinterest.com\/latinodans\"]}]}<\/script>\n<!-- \/ Yoast SEO plugin. -->","yoast_head_json":{"title":"Sirtaki \/ Hasapiko - Latino Dans St&uuml;dyosu - Kavakl\u0131dere & \u00dcmitk\u00f6y","description":"Orjinal ad\u0131 Hasapikodur. Bu dans t\u00fcr\u00fcne Yunanl\u0131lar sahip \u00e7\u0131km\u0131\u015f ve yeniden isimlendirmi\u015flerdir. Sirtaki demi\u015flerdir. O y\u00fczden Yunan dans\u0131 olarak bilinir.","robots":{"index":"index","follow":"follow","max-snippet":"max-snippet:-1","max-image-preview":"max-image-preview:large","max-video-preview":"max-video-preview:-1"},"canonical":"https:\/\/latinodans.com\/tr\/kurslar\/sirtaki\/","og_locale":"tr_TR","og_type":"article","og_title":"Sirtaki \/ Hasapiko - Latino Dans St&uuml;dyosu - Kavakl\u0131dere & \u00dcmitk\u00f6y","og_description":"Orjinal ad\u0131 Hasapikodur. Bu dans t\u00fcr\u00fcne Yunanl\u0131lar sahip \u00e7\u0131km\u0131\u015f ve yeniden isimlendirmi\u015flerdir. Sirtaki demi\u015flerdir. O y\u00fczden Yunan dans\u0131 olarak bilinir.","og_url":"https:\/\/latinodans.com\/tr\/kurslar\/sirtaki\/","og_site_name":"Latino Dans St&uuml;dyosu","article_publisher":"https:\/\/www.facebook.com\/latinoankara","article_modified_time":"2021-06-27T20:03:53+00:00","twitter_card":"summary_large_image","twitter_site":"@LatinoDans","schema":{"@context":"https:\/\/schema.org","@graph":[{"@type":"WebPage","@id":"https:\/\/latinodans.com\/kurslar\/sirtaki\/","url":"https:\/\/latinodans.com\/kurslar\/sirtaki\/","name":"Sirtaki \/ Hasapiko - Latino Dans St&uuml;dyosu - Kavakl\u0131dere & \u00dcmitk\u00f6y","isPartOf":{"@id":"https:\/\/latinodans.com\/#website"},"datePublished":"2017-05-18T13:12:58+00:00","dateModified":"2021-06-27T20:03:53+00:00","description":"Orjinal ad\u0131 Hasapikodur. Bu dans t\u00fcr\u00fcne Yunanl\u0131lar sahip \u00e7\u0131km\u0131\u015f ve yeniden isimlendirmi\u015flerdir. Sirtaki demi\u015flerdir. O y\u00fczden Yunan dans\u0131 olarak bilinir.","breadcrumb":{"@id":"https:\/\/latinodans.com\/kurslar\/sirtaki\/#breadcrumb"},"inLanguage":"tr","potentialAction":[{"@type":"ReadAction","target":["https:\/\/latinodans.com\/kurslar\/sirtaki\/"]}]},{"@type":"BreadcrumbList","@id":"https:\/\/latinodans.com\/kurslar\/sirtaki\/#breadcrumb","itemListElement":[{"@type":"ListItem","position":1,"name":"Anasayfa","item":"https:\/\/latinodans.com\/"},{"@type":"ListItem","position":2,"name":"Dans Kurslar\u0131","item":"https:\/\/latinodans.com\/?page_id=616"},{"@type":"ListItem","position":3,"name":"Sirtaki \/ Hasapiko"}]},{"@type":"WebSite","@id":"https:\/\/latinodans.com\/#website","url":"https:\/\/latinodans.com\/","name":"Latino Dans St&uuml;dyosu","description":"&quot;Hayat\u0131n\u0131zda Bir Dans Aras\u0131 Verin&quot;","publisher":{"@id":"https:\/\/latinodans.com\/#organization"},"potentialAction":[{"@type":"SearchAction","target":{"@type":"EntryPoint","urlTemplate":"https:\/\/latinodans.com\/?s={search_term_string}"},"query-input":{"@type":"PropertyValueSpecification","valueRequired":true,"valueName":"search_term_string"}}],"inLanguage":"tr"},{"@type":"Organization","@id":"https:\/\/latinodans.com\/#organization","name":"Latino Dans St\u00fcdyosu","url":"https:\/\/latinodans.com\/","logo":{"@type":"ImageObject","inLanguage":"tr","@id":"https:\/\/latinodans.com\/#\/schema\/logo\/image\/","url":"https:\/\/latinodans.com\/wp-content\/uploads\/2016\/11\/latinologo01.png","contentUrl":"https:\/\/latinodans.com\/wp-content\/uploads\/2016\/11\/latinologo01.png","width":1767,"height":869,"caption":"Latino Dans St\u00fcdyosu"},"image":{"@id":"https:\/\/latinodans.com\/#\/schema\/logo\/image\/"},"sameAs":["https:\/\/www.facebook.com\/latinoankara","https:\/\/x.com\/LatinoDans","https:\/\/www.instagram.com\/latinodans\/","https:\/\/tr.pinterest.com\/latinodans"]}]}},"_links":{"self":[{"href":"https:\/\/latinodans.com\/tr\/wp-json\/wp\/v2\/pages\/9098","targetHints":{"allow":["GET"]}}],"collection":[{"href":"https:\/\/latinodans.com\/tr\/wp-json\/wp\/v2\/pages"}],"about":[{"href":"https:\/\/latinodans.com\/tr\/wp-json\/wp\/v2\/types\/page"}],"author":[{"embeddable":true,"href":"https:\/\/latinodans.com\/tr\/wp-json\/wp\/v2\/users\/2"}],"replies":[{"embeddable":true,"href":"https:\/\/latinodans.com\/tr\/wp-json\/wp\/v2\/comments?post=9098"}],"version-history":[{"count":2,"href":"https:\/\/latinodans.com\/tr\/wp-json\/wp\/v2\/pages\/9098\/revisions"}],"predecessor-version":[{"id":10927,"href":"https:\/\/latinodans.com\/tr\/wp-json\/wp\/v2\/pages\/9098\/revisions\/10927"}],"up":[{"embeddable":true,"href":"https:\/\/latinodans.com\/tr\/wp-json\/wp\/v2\/pages\/616"}],"wp:attachment":[{"href":"https:\/\/latinodans.com\/tr\/wp-json\/wp\/v2\/media?parent=9098"}],"curies":[{"name":"wp","href":"https:\/\/api.w.org\/{rel}","templated":true}]}}