{"id":8960,"date":"2017-05-09T17:44:06","date_gmt":"2017-05-09T14:44:06","guid":{"rendered":"http:\/\/www.latinodans.com\/?page_id=8960"},"modified":"2021-10-25T16:28:21","modified_gmt":"2021-10-25T13:28:21","slug":"hangi-dans-bana-uygun","status":"publish","type":"page","link":"https:\/\/latinodans.com\/tr\/hangi-dans-bana-uygun\/","title":{"rendered":"Hangi Dans Bana Uygun?"},"content":{"rendered":"<div class=\"wp-block-coblocks-row alignfull coblocks-row-526144617458 mb-0 mt-0\" data-columns=\"1\" data-layout=\"100\"><div class=\"wp-block-coblocks-row__inner has-no-padding has-no-margin is-stacked-on-mobile has-medium-gutter\">\n<div class=\"wp-block-coblocks-column coblocks-column-526144618824\" style=\"width:100%\"><div class=\"wp-block-coblocks-column__inner has-no-padding has-no-margin\">\n<h1 class=\"alignfull has-text-align-center wp-block-heading\">Hangi Dans Bana Uygun?<\/h1>\n<\/div><\/div>\n<\/div><\/div>\n\n\n\n<div class=\"wp-block-coblocks-row alignwide coblocks-row-526144750774 mt-0\" data-columns=\"1\" data-layout=\"100\"><div class=\"wp-block-coblocks-row__inner has-no-padding has-no-margin is-stacked-on-mobile has-medium-gutter\">\n<div class=\"wp-block-coblocks-column coblocks-column-526144752286\" style=\"width:100%\"><div class=\"wp-block-coblocks-column__inner has-no-padding has-no-margin\">\n<p>Dans insanl\u0131k tarihinin en eski etkinliklerinden biridir. Dans etmenin ve \u00f6\u011frenmenin ya\u015f\u0131, \u0131rk\u0131, fiziksel \u00f6zellikleri, cinsiyeti yoktur. \u0130stedi\u011finiz ya\u015fta istedi\u011finiz dans kursuna ba\u015flayabilirsiniz.<br>Tek yapman\u0131z gereken hangisini sevdi\u011finize karar vermek. Sevdi\u011finiz m\u00fczik t\u00fcrlerini ya da seyretti\u011finiz bir dans\u0131 referans alabilirsiniz ve istedi\u011finiz danstan\/danslardan ba\u015flayabilirsiniz.<br>Yine de karars\u0131z kald\u0131ysan\u0131z e\u011fitmenlerimizden yard\u0131m alabilirsiniz.<br>Hayat\u0131n\u0131za renk katmak ve gitti\u011finiz yerlerde dans etmek i\u00e7in sosyal dans derslerimize kat\u0131labilece\u011finiz gibi belli bir amaca y\u00f6nelik(d\u00fc\u011f\u00fcn, ni\u015fan, k\u0131na gecesi, g\u00f6steri) dersler de alabilirsiniz.<br>Bug\u00fcne kadar 3 ya\u015f bale \u00f6\u011frencimizden, 65 ya\u015f\u0131na kadar \u00f6\u011frencilerimiz hem sosyal s\u0131n\u0131flar\u0131m\u0131zda hem de g\u00f6steri\/teknik s\u0131n\u0131flar\u0131m\u0131zda oldular.<br>Tan\u0131\u015fmak ve karar vermenize yard\u0131m etmek i\u00e7in sizi de bekliyoruz.<\/p>\n\n\n\n<p><\/p>\n\n\n\n<p><a href=\"https:\/\/latinodans.com\/tr\/kurslar\/\">Kurslar<\/a> sayfam\u0131zdan danslar ile bilgi alabilir \u00f6rnek videolar\u0131 izleyebilirsiniz.<\/p>\n<\/div><\/div>\n<\/div><\/div>","protected":false},"excerpt":{"rendered":"","protected":false},"author":2,"featured_media":0,"parent":0,"menu_order":0,"comment_status":"closed","ping_status":"closed","template":"","meta":{"_coblocks_attr":"","_coblocks_dimensions":"","_coblocks_responsive_height":"","_coblocks_accordion_ie_support":"","hide_page_title":"","footnotes":""},"class_list":["post-8960","page","type-page","status-publish","hentry"],"yoast_head":"<!-- This site is optimized with the Yoast SEO plugin v24.3 - https:\/\/yoast.com\/wordpress\/plugins\/seo\/ -->\n<title>Hangi Dans Bana Uygun? - Latino Dans St&uuml;dyosu - Kavakl\u0131dere &amp; \u00dcmitk\u00f6y<\/title>\n<meta name=\"description\" content=\"Dans etmenin ve \u00f6\u011frenmenin ya\u015f\u0131, \u0131rk\u0131, fiziksel \u00f6zellikleri, cinsiyeti yoktur. \u0130stedi\u011finiz ya\u015fta istedi\u011finiz dans kursuna ba\u015flayabilirsiniz.\" \/>\n<meta name=\"robots\" content=\"index, follow, max-snippet:-1, max-image-preview:large, max-video-preview:-1\" \/>\n<link rel=\"canonical\" href=\"https:\/\/latinodans.com\/tr\/hangi-dans-bana-uygun\/\" \/>\n<meta property=\"og:locale\" content=\"tr_TR\" \/>\n<meta property=\"og:type\" content=\"article\" \/>\n<meta property=\"og:title\" content=\"Hangi Dans Bana Uygun? - Latino Dans St&uuml;dyosu - Kavakl\u0131dere &amp; \u00dcmitk\u00f6y\" \/>\n<meta property=\"og:description\" content=\"Dans etmenin ve \u00f6\u011frenmenin ya\u015f\u0131, \u0131rk\u0131, fiziksel \u00f6zellikleri, cinsiyeti yoktur. \u0130stedi\u011finiz ya\u015fta istedi\u011finiz dans kursuna ba\u015flayabilirsiniz.\" \/>\n<meta property=\"og:url\" content=\"https:\/\/latinodans.com\/tr\/hangi-dans-bana-uygun\/\" \/>\n<meta property=\"og:site_name\" content=\"Latino Dans St&uuml;dyosu\" \/>\n<meta property=\"article:publisher\" content=\"https:\/\/www.facebook.com\/latinoankara\" \/>\n<meta property=\"article:modified_time\" content=\"2021-10-25T13:28:21+00:00\" \/>\n<meta name=\"twitter:card\" content=\"summary_large_image\" \/>\n<meta name=\"twitter:site\" content=\"@LatinoDans\" \/>\n<meta name=\"twitter:label1\" content=\"Tahmini okuma s\u00fcresi\" \/>\n\t<meta name=\"twitter:data1\" content=\"1 dakika\" \/>\n<script type=\"application\/ld+json\" class=\"yoast-schema-graph\">{\"@context\":\"https:\/\/schema.org\",\"@graph\":[{\"@type\":\"WebPage\",\"@id\":\"https:\/\/latinodans.com\/hangi-dans-bana-uygun\/\",\"url\":\"https:\/\/latinodans.com\/hangi-dans-bana-uygun\/\",\"name\":\"Hangi Dans Bana Uygun? - Latino Dans St&uuml;dyosu - Kavakl\u0131dere & \u00dcmitk\u00f6y\",\"isPartOf\":{\"@id\":\"https:\/\/latinodans.com\/#website\"},\"datePublished\":\"2017-05-09T14:44:06+00:00\",\"dateModified\":\"2021-10-25T13:28:21+00:00\",\"description\":\"Dans etmenin ve \u00f6\u011frenmenin ya\u015f\u0131, \u0131rk\u0131, fiziksel \u00f6zellikleri, cinsiyeti yoktur. \u0130stedi\u011finiz ya\u015fta istedi\u011finiz dans kursuna ba\u015flayabilirsiniz.\",\"breadcrumb\":{\"@id\":\"https:\/\/latinodans.com\/hangi-dans-bana-uygun\/#breadcrumb\"},\"inLanguage\":\"tr\",\"potentialAction\":[{\"@type\":\"ReadAction\",\"target\":[\"https:\/\/latinodans.com\/hangi-dans-bana-uygun\/\"]}]},{\"@type\":\"BreadcrumbList\",\"@id\":\"https:\/\/latinodans.com\/hangi-dans-bana-uygun\/#breadcrumb\",\"itemListElement\":[{\"@type\":\"ListItem\",\"position\":1,\"name\":\"Anasayfa\",\"item\":\"https:\/\/latinodans.com\/\"},{\"@type\":\"ListItem\",\"position\":2,\"name\":\"Hangi Dans Bana Uygun?\"}]},{\"@type\":\"WebSite\",\"@id\":\"https:\/\/latinodans.com\/#website\",\"url\":\"https:\/\/latinodans.com\/\",\"name\":\"Latino Dans St&uuml;dyosu\",\"description\":\"&quot;Hayat\u0131n\u0131zda Bir Dans Aras\u0131 Verin&quot;\",\"publisher\":{\"@id\":\"https:\/\/latinodans.com\/#organization\"},\"potentialAction\":[{\"@type\":\"SearchAction\",\"target\":{\"@type\":\"EntryPoint\",\"urlTemplate\":\"https:\/\/latinodans.com\/?s={search_term_string}\"},\"query-input\":{\"@type\":\"PropertyValueSpecification\",\"valueRequired\":true,\"valueName\":\"search_term_string\"}}],\"inLanguage\":\"tr\"},{\"@type\":\"Organization\",\"@id\":\"https:\/\/latinodans.com\/#organization\",\"name\":\"Latino Dans St\u00fcdyosu\",\"url\":\"https:\/\/latinodans.com\/\",\"logo\":{\"@type\":\"ImageObject\",\"inLanguage\":\"tr\",\"@id\":\"https:\/\/latinodans.com\/#\/schema\/logo\/image\/\",\"url\":\"https:\/\/latinodans.com\/wp-content\/uploads\/2016\/11\/latinologo01.png\",\"contentUrl\":\"https:\/\/latinodans.com\/wp-content\/uploads\/2016\/11\/latinologo01.png\",\"width\":1767,\"height\":869,\"caption\":\"Latino Dans St\u00fcdyosu\"},\"image\":{\"@id\":\"https:\/\/latinodans.com\/#\/schema\/logo\/image\/\"},\"sameAs\":[\"https:\/\/www.facebook.com\/latinoankara\",\"https:\/\/x.com\/LatinoDans\",\"https:\/\/www.instagram.com\/latinodans\/\",\"https:\/\/tr.pinterest.com\/latinodans\"]}]}<\/script>\n<!-- \/ Yoast SEO plugin. -->","yoast_head_json":{"title":"Hangi Dans Bana Uygun? - Latino Dans St&uuml;dyosu - Kavakl\u0131dere & \u00dcmitk\u00f6y","description":"Dans etmenin ve \u00f6\u011frenmenin ya\u015f\u0131, \u0131rk\u0131, fiziksel \u00f6zellikleri, cinsiyeti yoktur. \u0130stedi\u011finiz ya\u015fta istedi\u011finiz dans kursuna ba\u015flayabilirsiniz.","robots":{"index":"index","follow":"follow","max-snippet":"max-snippet:-1","max-image-preview":"max-image-preview:large","max-video-preview":"max-video-preview:-1"},"canonical":"https:\/\/latinodans.com\/tr\/hangi-dans-bana-uygun\/","og_locale":"tr_TR","og_type":"article","og_title":"Hangi Dans Bana Uygun? - Latino Dans St&uuml;dyosu - Kavakl\u0131dere & \u00dcmitk\u00f6y","og_description":"Dans etmenin ve \u00f6\u011frenmenin ya\u015f\u0131, \u0131rk\u0131, fiziksel \u00f6zellikleri, cinsiyeti yoktur. \u0130stedi\u011finiz ya\u015fta istedi\u011finiz dans kursuna ba\u015flayabilirsiniz.","og_url":"https:\/\/latinodans.com\/tr\/hangi-dans-bana-uygun\/","og_site_name":"Latino Dans St&uuml;dyosu","article_publisher":"https:\/\/www.facebook.com\/latinoankara","article_modified_time":"2021-10-25T13:28:21+00:00","twitter_card":"summary_large_image","twitter_site":"@LatinoDans","twitter_misc":{"Tahmini okuma s\u00fcresi":"1 dakika"},"schema":{"@context":"https:\/\/schema.org","@graph":[{"@type":"WebPage","@id":"https:\/\/latinodans.com\/hangi-dans-bana-uygun\/","url":"https:\/\/latinodans.com\/hangi-dans-bana-uygun\/","name":"Hangi Dans Bana Uygun? - Latino Dans St&uuml;dyosu - Kavakl\u0131dere & \u00dcmitk\u00f6y","isPartOf":{"@id":"https:\/\/latinodans.com\/#website"},"datePublished":"2017-05-09T14:44:06+00:00","dateModified":"2021-10-25T13:28:21+00:00","description":"Dans etmenin ve \u00f6\u011frenmenin ya\u015f\u0131, \u0131rk\u0131, fiziksel \u00f6zellikleri, cinsiyeti yoktur. \u0130stedi\u011finiz ya\u015fta istedi\u011finiz dans kursuna ba\u015flayabilirsiniz.","breadcrumb":{"@id":"https:\/\/latinodans.com\/hangi-dans-bana-uygun\/#breadcrumb"},"inLanguage":"tr","potentialAction":[{"@type":"ReadAction","target":["https:\/\/latinodans.com\/hangi-dans-bana-uygun\/"]}]},{"@type":"BreadcrumbList","@id":"https:\/\/latinodans.com\/hangi-dans-bana-uygun\/#breadcrumb","itemListElement":[{"@type":"ListItem","position":1,"name":"Anasayfa","item":"https:\/\/latinodans.com\/"},{"@type":"ListItem","position":2,"name":"Hangi Dans Bana Uygun?"}]},{"@type":"WebSite","@id":"https:\/\/latinodans.com\/#website","url":"https:\/\/latinodans.com\/","name":"Latino Dans St&uuml;dyosu","description":"&quot;Hayat\u0131n\u0131zda Bir Dans Aras\u0131 Verin&quot;","publisher":{"@id":"https:\/\/latinodans.com\/#organization"},"potentialAction":[{"@type":"SearchAction","target":{"@type":"EntryPoint","urlTemplate":"https:\/\/latinodans.com\/?s={search_term_string}"},"query-input":{"@type":"PropertyValueSpecification","valueRequired":true,"valueName":"search_term_string"}}],"inLanguage":"tr"},{"@type":"Organization","@id":"https:\/\/latinodans.com\/#organization","name":"Latino Dans St\u00fcdyosu","url":"https:\/\/latinodans.com\/","logo":{"@type":"ImageObject","inLanguage":"tr","@id":"https:\/\/latinodans.com\/#\/schema\/logo\/image\/","url":"https:\/\/latinodans.com\/wp-content\/uploads\/2016\/11\/latinologo01.png","contentUrl":"https:\/\/latinodans.com\/wp-content\/uploads\/2016\/11\/latinologo01.png","width":1767,"height":869,"caption":"Latino Dans St\u00fcdyosu"},"image":{"@id":"https:\/\/latinodans.com\/#\/schema\/logo\/image\/"},"sameAs":["https:\/\/www.facebook.com\/latinoankara","https:\/\/x.com\/LatinoDans","https:\/\/www.instagram.com\/latinodans\/","https:\/\/tr.pinterest.com\/latinodans"]}]}},"_links":{"self":[{"href":"https:\/\/latinodans.com\/tr\/wp-json\/wp\/v2\/pages\/8960","targetHints":{"allow":["GET"]}}],"collection":[{"href":"https:\/\/latinodans.com\/tr\/wp-json\/wp\/v2\/pages"}],"about":[{"href":"https:\/\/latinodans.com\/tr\/wp-json\/wp\/v2\/types\/page"}],"author":[{"embeddable":true,"href":"https:\/\/latinodans.com\/tr\/wp-json\/wp\/v2\/users\/2"}],"replies":[{"embeddable":true,"href":"https:\/\/latinodans.com\/tr\/wp-json\/wp\/v2\/comments?post=8960"}],"version-history":[{"count":5,"href":"https:\/\/latinodans.com\/tr\/wp-json\/wp\/v2\/pages\/8960\/revisions"}],"predecessor-version":[{"id":10876,"href":"https:\/\/latinodans.com\/tr\/wp-json\/wp\/v2\/pages\/8960\/revisions\/10876"}],"wp:attachment":[{"href":"https:\/\/latinodans.com\/tr\/wp-json\/wp\/v2\/media?parent=8960"}],"curies":[{"name":"wp","href":"https:\/\/api.w.org\/{rel}","templated":true}]}}