{"id":877,"date":"2016-11-30T16:41:11","date_gmt":"2016-11-30T14:41:11","guid":{"rendered":"http:\/\/www.latinodans.com\/?page_id=877"},"modified":"2021-06-09T17:28:11","modified_gmt":"2021-06-09T14:28:11","slug":"dans-sporu","status":"publish","type":"page","link":"https:\/\/latinodans.com\/tr\/kurslar\/dans-sporu\/","title":{"rendered":"Dans Sporu"},"content":{"rendered":"<h1 class=\"has-text-align-center wp-block-heading\">DANS SPORU<\/h1>\n\n\n\n<p>Dans Sporu; dans etmeyi biliyor ama daha teknik dans etmek ve yar\u0131\u015fmalara kat\u0131lmak istiyorum diyenler i\u00e7in\u2026 Partner ile gelme zorunlulu\u011fu yoktur\u2026<br>-Latin Amerikan Danslar\u0131:<br>Samba,<br>Cha cha,<br>Rumba,<br>Paso Doble,<br>Jive<br>-Standart Danslar :<br>Slow Waltz,<br>Viyana Valsi,<br>QuickStep,<br>Tango,<br>Foxtrot<\/p>","protected":false},"excerpt":{"rendered":"<p>DANS SPORU Dans Sporu; dans etmeyi biliyor ama daha teknik dans etmek ve yar\u0131\u015fmalara kat\u0131lmak istiyorum diyenler i\u00e7in\u2026 Partner ile gelme zorunlulu\u011fu yoktur\u2026-Latin Amerikan Danslar\u0131:Samba,Cha cha,Rumba,Paso Doble,Jive-Standart Danslar :Slow Waltz,Viyana Valsi,QuickStep,Tango,Foxtrot<\/p>","protected":false},"author":2,"featured_media":0,"parent":616,"menu_order":0,"comment_status":"closed","ping_status":"closed","template":"","meta":{"_coblocks_attr":"","_coblocks_dimensions":"","_coblocks_responsive_height":"","_coblocks_accordion_ie_support":"","hide_page_title":"","footnotes":""},"class_list":["post-877","page","type-page","status-publish","hentry"],"yoast_head":"<!-- This site is optimized with the Yoast SEO plugin v24.3 - https:\/\/yoast.com\/wordpress\/plugins\/seo\/ -->\n<title>Dans Sporu(Latin &amp; Standart Danslar) - Latino Dans St&uuml;dyosu<\/title>\n<meta name=\"description\" content=\"Dans Sporu; dans etmeyi biliyor ama daha teknik dans etmek ve yar\u0131\u015fmalara kat\u0131lmak istiyorum diyenler i\u00e7in\u2026 Partner ile gelme zorunlulu\u011fu yoktur\u2026\" \/>\n<meta name=\"robots\" content=\"index, follow, max-snippet:-1, max-image-preview:large, max-video-preview:-1\" \/>\n<link rel=\"canonical\" href=\"https:\/\/latinodans.com\/tr\/kurslar\/dans-sporu\/\" \/>\n<meta property=\"og:locale\" content=\"tr_TR\" \/>\n<meta property=\"og:type\" content=\"article\" \/>\n<meta property=\"og:title\" content=\"Dans Sporu(Latin &amp; Standart Danslar) - Latino Dans St&uuml;dyosu\" \/>\n<meta property=\"og:description\" content=\"Dans Sporu; dans etmeyi biliyor ama daha teknik dans etmek ve yar\u0131\u015fmalara kat\u0131lmak istiyorum diyenler i\u00e7in\u2026 Partner ile gelme zorunlulu\u011fu yoktur\u2026\" \/>\n<meta property=\"og:url\" content=\"https:\/\/latinodans.com\/tr\/kurslar\/dans-sporu\/\" \/>\n<meta property=\"og:site_name\" content=\"Latino Dans St&uuml;dyosu\" \/>\n<meta property=\"article:publisher\" content=\"https:\/\/www.facebook.com\/latinoankara\" \/>\n<meta property=\"article:modified_time\" content=\"2021-06-09T14:28:11+00:00\" \/>\n<meta name=\"twitter:card\" content=\"summary_large_image\" \/>\n<meta name=\"twitter:site\" content=\"@LatinoDans\" \/>\n<script type=\"application\/ld+json\" class=\"yoast-schema-graph\">{\"@context\":\"https:\/\/schema.org\",\"@graph\":[{\"@type\":\"WebPage\",\"@id\":\"https:\/\/latinodans.com\/kurslar\/dans-sporu\/\",\"url\":\"https:\/\/latinodans.com\/kurslar\/dans-sporu\/\",\"name\":\"Dans Sporu(Latin & Standart Danslar) - Latino Dans St&uuml;dyosu\",\"isPartOf\":{\"@id\":\"https:\/\/latinodans.com\/#website\"},\"datePublished\":\"2016-11-30T14:41:11+00:00\",\"dateModified\":\"2021-06-09T14:28:11+00:00\",\"description\":\"Dans Sporu; dans etmeyi biliyor ama daha teknik dans etmek ve yar\u0131\u015fmalara kat\u0131lmak istiyorum diyenler i\u00e7in\u2026 Partner ile gelme zorunlulu\u011fu yoktur\u2026\",\"breadcrumb\":{\"@id\":\"https:\/\/latinodans.com\/kurslar\/dans-sporu\/#breadcrumb\"},\"inLanguage\":\"tr\",\"potentialAction\":[{\"@type\":\"ReadAction\",\"target\":[\"https:\/\/latinodans.com\/kurslar\/dans-sporu\/\"]}]},{\"@type\":\"BreadcrumbList\",\"@id\":\"https:\/\/latinodans.com\/kurslar\/dans-sporu\/#breadcrumb\",\"itemListElement\":[{\"@type\":\"ListItem\",\"position\":1,\"name\":\"Anasayfa\",\"item\":\"https:\/\/latinodans.com\/\"},{\"@type\":\"ListItem\",\"position\":2,\"name\":\"Dans Kurslar\u0131\",\"item\":\"https:\/\/latinodans.com\/?page_id=616\"},{\"@type\":\"ListItem\",\"position\":3,\"name\":\"Dans Sporu\"}]},{\"@type\":\"WebSite\",\"@id\":\"https:\/\/latinodans.com\/#website\",\"url\":\"https:\/\/latinodans.com\/\",\"name\":\"Latino Dans St&uuml;dyosu\",\"description\":\"&quot;Hayat\u0131n\u0131zda Bir Dans Aras\u0131 Verin&quot;\",\"publisher\":{\"@id\":\"https:\/\/latinodans.com\/#organization\"},\"potentialAction\":[{\"@type\":\"SearchAction\",\"target\":{\"@type\":\"EntryPoint\",\"urlTemplate\":\"https:\/\/latinodans.com\/?s={search_term_string}\"},\"query-input\":{\"@type\":\"PropertyValueSpecification\",\"valueRequired\":true,\"valueName\":\"search_term_string\"}}],\"inLanguage\":\"tr\"},{\"@type\":\"Organization\",\"@id\":\"https:\/\/latinodans.com\/#organization\",\"name\":\"Latino Dans St\u00fcdyosu\",\"url\":\"https:\/\/latinodans.com\/\",\"logo\":{\"@type\":\"ImageObject\",\"inLanguage\":\"tr\",\"@id\":\"https:\/\/latinodans.com\/#\/schema\/logo\/image\/\",\"url\":\"https:\/\/latinodans.com\/wp-content\/uploads\/2016\/11\/latinologo01.png\",\"contentUrl\":\"https:\/\/latinodans.com\/wp-content\/uploads\/2016\/11\/latinologo01.png\",\"width\":1767,\"height\":869,\"caption\":\"Latino Dans St\u00fcdyosu\"},\"image\":{\"@id\":\"https:\/\/latinodans.com\/#\/schema\/logo\/image\/\"},\"sameAs\":[\"https:\/\/www.facebook.com\/latinoankara\",\"https:\/\/x.com\/LatinoDans\",\"https:\/\/www.instagram.com\/latinodans\/\",\"https:\/\/tr.pinterest.com\/latinodans\"]}]}<\/script>\n<!-- \/ Yoast SEO plugin. -->","yoast_head_json":{"title":"Dans Sporu(Latin & Standart Danslar) - Latino Dans St&uuml;dyosu","description":"Dans Sporu; dans etmeyi biliyor ama daha teknik dans etmek ve yar\u0131\u015fmalara kat\u0131lmak istiyorum diyenler i\u00e7in\u2026 Partner ile gelme zorunlulu\u011fu yoktur\u2026","robots":{"index":"index","follow":"follow","max-snippet":"max-snippet:-1","max-image-preview":"max-image-preview:large","max-video-preview":"max-video-preview:-1"},"canonical":"https:\/\/latinodans.com\/tr\/kurslar\/dans-sporu\/","og_locale":"tr_TR","og_type":"article","og_title":"Dans Sporu(Latin & Standart Danslar) - Latino Dans St&uuml;dyosu","og_description":"Dans Sporu; dans etmeyi biliyor ama daha teknik dans etmek ve yar\u0131\u015fmalara kat\u0131lmak istiyorum diyenler i\u00e7in\u2026 Partner ile gelme zorunlulu\u011fu yoktur\u2026","og_url":"https:\/\/latinodans.com\/tr\/kurslar\/dans-sporu\/","og_site_name":"Latino Dans St&uuml;dyosu","article_publisher":"https:\/\/www.facebook.com\/latinoankara","article_modified_time":"2021-06-09T14:28:11+00:00","twitter_card":"summary_large_image","twitter_site":"@LatinoDans","schema":{"@context":"https:\/\/schema.org","@graph":[{"@type":"WebPage","@id":"https:\/\/latinodans.com\/kurslar\/dans-sporu\/","url":"https:\/\/latinodans.com\/kurslar\/dans-sporu\/","name":"Dans Sporu(Latin & Standart Danslar) - Latino Dans St&uuml;dyosu","isPartOf":{"@id":"https:\/\/latinodans.com\/#website"},"datePublished":"2016-11-30T14:41:11+00:00","dateModified":"2021-06-09T14:28:11+00:00","description":"Dans Sporu; dans etmeyi biliyor ama daha teknik dans etmek ve yar\u0131\u015fmalara kat\u0131lmak istiyorum diyenler i\u00e7in\u2026 Partner ile gelme zorunlulu\u011fu yoktur\u2026","breadcrumb":{"@id":"https:\/\/latinodans.com\/kurslar\/dans-sporu\/#breadcrumb"},"inLanguage":"tr","potentialAction":[{"@type":"ReadAction","target":["https:\/\/latinodans.com\/kurslar\/dans-sporu\/"]}]},{"@type":"BreadcrumbList","@id":"https:\/\/latinodans.com\/kurslar\/dans-sporu\/#breadcrumb","itemListElement":[{"@type":"ListItem","position":1,"name":"Anasayfa","item":"https:\/\/latinodans.com\/"},{"@type":"ListItem","position":2,"name":"Dans Kurslar\u0131","item":"https:\/\/latinodans.com\/?page_id=616"},{"@type":"ListItem","position":3,"name":"Dans Sporu"}]},{"@type":"WebSite","@id":"https:\/\/latinodans.com\/#website","url":"https:\/\/latinodans.com\/","name":"Latino Dans St&uuml;dyosu","description":"&quot;Hayat\u0131n\u0131zda Bir Dans Aras\u0131 Verin&quot;","publisher":{"@id":"https:\/\/latinodans.com\/#organization"},"potentialAction":[{"@type":"SearchAction","target":{"@type":"EntryPoint","urlTemplate":"https:\/\/latinodans.com\/?s={search_term_string}"},"query-input":{"@type":"PropertyValueSpecification","valueRequired":true,"valueName":"search_term_string"}}],"inLanguage":"tr"},{"@type":"Organization","@id":"https:\/\/latinodans.com\/#organization","name":"Latino Dans St\u00fcdyosu","url":"https:\/\/latinodans.com\/","logo":{"@type":"ImageObject","inLanguage":"tr","@id":"https:\/\/latinodans.com\/#\/schema\/logo\/image\/","url":"https:\/\/latinodans.com\/wp-content\/uploads\/2016\/11\/latinologo01.png","contentUrl":"https:\/\/latinodans.com\/wp-content\/uploads\/2016\/11\/latinologo01.png","width":1767,"height":869,"caption":"Latino Dans St\u00fcdyosu"},"image":{"@id":"https:\/\/latinodans.com\/#\/schema\/logo\/image\/"},"sameAs":["https:\/\/www.facebook.com\/latinoankara","https:\/\/x.com\/LatinoDans","https:\/\/www.instagram.com\/latinodans\/","https:\/\/tr.pinterest.com\/latinodans"]}]}},"_links":{"self":[{"href":"https:\/\/latinodans.com\/tr\/wp-json\/wp\/v2\/pages\/877","targetHints":{"allow":["GET"]}}],"collection":[{"href":"https:\/\/latinodans.com\/tr\/wp-json\/wp\/v2\/pages"}],"about":[{"href":"https:\/\/latinodans.com\/tr\/wp-json\/wp\/v2\/types\/page"}],"author":[{"embeddable":true,"href":"https:\/\/latinodans.com\/tr\/wp-json\/wp\/v2\/users\/2"}],"replies":[{"embeddable":true,"href":"https:\/\/latinodans.com\/tr\/wp-json\/wp\/v2\/comments?post=877"}],"version-history":[{"count":1,"href":"https:\/\/latinodans.com\/tr\/wp-json\/wp\/v2\/pages\/877\/revisions"}],"predecessor-version":[{"id":10607,"href":"https:\/\/latinodans.com\/tr\/wp-json\/wp\/v2\/pages\/877\/revisions\/10607"}],"up":[{"embeddable":true,"href":"https:\/\/latinodans.com\/tr\/wp-json\/wp\/v2\/pages\/616"}],"wp:attachment":[{"href":"https:\/\/latinodans.com\/tr\/wp-json\/wp\/v2\/media?parent=877"}],"curies":[{"name":"wp","href":"https:\/\/api.w.org\/{rel}","templated":true}]}}