{"id":873,"date":"2016-11-30T16:39:22","date_gmt":"2016-11-30T14:39:22","guid":{"rendered":"http:\/\/www.latinodans.com\/?page_id=873"},"modified":"2025-09-05T12:10:44","modified_gmt":"2025-09-05T09:10:44","slug":"roman-oryantal","status":"publish","type":"page","link":"https:\/\/latinodans.com\/tr\/kurslar\/roman-oryantal\/","title":{"rendered":"ROMAN &#8211; ORYANTAL"},"content":{"rendered":"\n<div class=\"wp-block-coblocks-row alignwide coblocks-row-516114437296 mb-0 mt-0\" data-columns=\"1\" data-layout=\"100\"><div class=\"wp-block-coblocks-row__inner has-no-padding has-no-margin is-stacked-on-mobile has-medium-gutter\">\n<div class=\"wp-block-coblocks-column coblocks-column-51611443937\" style=\"width:100%\"><div class=\"wp-block-coblocks-column__inner has-no-padding has-no-margin\">\n<h1 class=\"wp-block-heading has-text-align-center\">ORYANTAL<\/h1>\n\n\n\n<p>Ge\u00e7mi\u015ften g\u00fcn\u00fcm\u00fcze uzanan bir k\u00fclt\u00fcrden bahsediyoruz: Oryantal! Bu dans\u0131n son derece estetik oldu\u011fu su g\u00f6t\u00fcrmez bir ger\u00e7ek\u2026<br>D\u00fcnyan\u0131n bilinen en eski ve en pop\u00fcler danslar\u0131ndan biri olan oryantale gelin beraber bakal\u0131m.<br>Oryantal derslerimizde beraber k\u0131vrakl\u0131\u011f\u0131n\u0131z\u0131 nas\u0131l geli\u015ftirece\u011fimizden bahsediyoruz.<br>Hareketlerin yap\u0131l\u0131\u015f tarzlar\u0131n\u0131 ve dans\u0131m\u0131z\u0131 daha estetik hale getirebilmeyi \u00f6\u011freniyoruz.<br>Gelin bu deneyimi beraber ya\u015fayal\u0131m.<\/p>\n<\/div><\/div>\n<\/div><\/div>\n\n\n\n\t\t<div class=\"coblocks-form\" id=\"4694ef7921be96da9fad6143c0fe17d8b08f57f9\">\n\n\t\t\t\n\t\t\t<form action=\"https:\/\/latinodans.com\/tr\/kurslar\/roman-oryantal\/#4694ef7921be96da9fad6143c0fe17d8b08f57f9\" method=\"post\">\n\t\t\t\t\n<div class=\"wp-block-coblocks-form\"><label class=\"coblocks-label\">Name <span class=\"required\">&#042;<\/span><\/label>\n\t\t<input type=\"hidden\" name=\"field-name[label]\" value=\"Name\">\n\n\t\t\t\t<input type=\"hidden\" id=\"name-field-id\" name=\"name-field-id\" class=\"coblocks-name-field-id\" value=\"field-name\" \/>\n\t\t\n\t\t<input type=\"text\" id=\"name\" name=\"field-name[value]\" class=\"coblocks-field coblocks-field--name\" required \/>\n\n\t\t\n\n<label class=\"coblocks-label\">Email <span class=\"required\">&#042;<\/span><\/label>\n\t\t<input type=\"hidden\" name=\"field-email[label]\" value=\"Email\">\n\n\t\t\n\t\t<input type=\"hidden\" id=\"email-field-id\" name=\"email-field-id\" class=\"coblocks-email-field-id\" value=\"field-email\" \/>\n\t\t<input type=\"email\" id=\"email\" aria-label=\"Email\" name=\"field-email[value]\" class=\"coblocks-field coblocks-field--email\" required \/>\n\n\t\t\n\n<label class=\"coblocks-label\">Tercih etti\u011finiz \u015fubemiz <span class=\"required\">&#042;<\/span><\/label>\n\t\t<input type=\"hidden\" name=\"field-tercih-ettiginiz-subemiz[label]\" value=\"Tercih etti\u011finiz \u015fubemiz\">\n\n\t\t<select class=\"select coblocks-field\" name=\"field-tercih-ettiginiz-subemiz[value]\"><option value=\"Kavakl\u0131dere (Tunal\u0131-Tunus Cad.)\">Kavakl\u0131dere (Tunal\u0131-Tunus Cad.)<\/option><option value=\"\u00dcmitk\u00f6y\">\u00dcmitk\u00f6y<\/option><\/select>\n\n<label class=\"coblocks-label\">Phone <span class=\"required\">&#042;<\/span><\/label>\n\t\t<input type=\"hidden\" name=\"field-phone[label]\" value=\"Phone\">\n\n\t\t\n\t\t<input type=\"tel\" id=\"phone\" name=\"field-phone[value]\" class=\"coblocks-field coblocks-field--telephone\" required \/>\n\n\t\t\n\n\n\t\t<div class=\"coblocks-form__submit wp-block-button\">\n\t\t\t<button type=\"submit\" class=\"wp-block-button__link is-style-fill\" style=\"\">Yeni S\u0131n\u0131f A\u00e7\u0131l\u0131nca Haber Ver<\/button>\n\t\t\t<input type=\"hidden\" id=\"form-submit\" name=\"form-submit\" value=\"9fc28adec8\" \/><input type=\"hidden\" name=\"_wp_http_referer\" value=\"\/tr\/wp-json\/wp\/v2\/pages\/873\" \/>\t\t\t<input type=\"hidden\" name=\"action\" value=\"coblocks-form-submit\">\n\n\t\t\t\t\t<\/div>\n\n\t\t<\/div>\n\t\t\t\t<input class=\"coblocks-field verify\" aria-label=\"Enter your email address to verify\" type=\"email\" name=\"coblocks-verify-email\" autocomplete=\"off\" placeholder=\"E-posta\" tabindex=\"-1\">\n\t\t\t\t<input type=\"hidden\" name=\"form-hash\" value=\"4694ef7921be96da9fad6143c0fe17d8b08f57f9\">\n\n\t\t\t\t\t\t\t<\/form>\n\n\t\t<\/div>\n\n\t\t\n\n\n<figure class=\"wp-block-embed is-type-video is-provider-youtube wp-block-embed-youtube wp-embed-aspect-16-9 wp-has-aspect-ratio\"><div class=\"wp-block-embed__wrapper\">\n<iframe loading=\"lazy\" title=\"Oryantal G\u00f6sterisi | &quot;O ZAMAN DANS&quot; 2017 Latino B\u00fcy\u00fck G\u00f6sterisi\" width=\"660\" height=\"371\" src=\"https:\/\/www.youtube.com\/embed\/VILjRb_7izk?feature=oembed\" frameborder=\"0\" allow=\"accelerometer; autoplay; clipboard-write; encrypted-media; gyroscope; picture-in-picture; web-share\" referrerpolicy=\"strict-origin-when-cross-origin\" allowfullscreen><\/iframe>\n<\/div><\/figure>\n","protected":false},"excerpt":{"rendered":"","protected":false},"author":2,"featured_media":0,"parent":616,"menu_order":0,"comment_status":"closed","ping_status":"closed","template":"","meta":{"_coblocks_attr":"","_coblocks_dimensions":"","_coblocks_responsive_height":"","_coblocks_accordion_ie_support":"","hide_page_title":"","footnotes":""},"class_list":["post-873","page","type-page","status-publish","hentry"],"yoast_head":"<!-- This site is optimized with the Yoast SEO plugin v24.3 - https:\/\/yoast.com\/wordpress\/plugins\/seo\/ -->\n<title>ROMAN - ORYANTAL - Latino Dans St&uuml;dyosu<\/title>\n<meta name=\"description\" content=\"ROMAN - ORYANTAL Kursu - Ge\u00e7mi\u015ften g\u00fcn\u00fcm\u00fcze uzanan bir k\u00fclt\u00fcrden bahsediyoruz: Oryantal! Gelin bu deneyimi beraber ya\u015fayal\u0131m\" \/>\n<meta name=\"robots\" content=\"index, follow, max-snippet:-1, max-image-preview:large, max-video-preview:-1\" \/>\n<link rel=\"canonical\" href=\"https:\/\/latinodans.com\/tr\/kurslar\/roman-oryantal\/\" \/>\n<meta property=\"og:locale\" content=\"tr_TR\" \/>\n<meta property=\"og:type\" content=\"article\" \/>\n<meta property=\"og:title\" content=\"ROMAN - ORYANTAL - Latino Dans St&uuml;dyosu\" \/>\n<meta property=\"og:description\" content=\"ROMAN - ORYANTAL Kursu - Ge\u00e7mi\u015ften g\u00fcn\u00fcm\u00fcze uzanan bir k\u00fclt\u00fcrden bahsediyoruz: Oryantal! Gelin bu deneyimi beraber ya\u015fayal\u0131m\" \/>\n<meta property=\"og:url\" content=\"https:\/\/latinodans.com\/tr\/kurslar\/roman-oryantal\/\" \/>\n<meta property=\"og:site_name\" content=\"Latino Dans St&uuml;dyosu\" \/>\n<meta property=\"article:publisher\" content=\"https:\/\/www.facebook.com\/latinoankara\" \/>\n<meta property=\"article:modified_time\" content=\"2025-09-05T09:10:44+00:00\" \/>\n<meta name=\"twitter:card\" content=\"summary_large_image\" \/>\n<meta name=\"twitter:site\" content=\"@LatinoDans\" \/>\n<script type=\"application\/ld+json\" class=\"yoast-schema-graph\">{\"@context\":\"https:\/\/schema.org\",\"@graph\":[{\"@type\":\"WebPage\",\"@id\":\"https:\/\/latinodans.com\/kurslar\/roman-oryantal\/\",\"url\":\"https:\/\/latinodans.com\/kurslar\/roman-oryantal\/\",\"name\":\"ROMAN - ORYANTAL - Latino Dans St&uuml;dyosu\",\"isPartOf\":{\"@id\":\"https:\/\/latinodans.com\/#website\"},\"datePublished\":\"2016-11-30T14:39:22+00:00\",\"dateModified\":\"2025-09-05T09:10:44+00:00\",\"description\":\"ROMAN - ORYANTAL Kursu - Ge\u00e7mi\u015ften g\u00fcn\u00fcm\u00fcze uzanan bir k\u00fclt\u00fcrden bahsediyoruz: Oryantal! Gelin bu deneyimi beraber ya\u015fayal\u0131m\",\"breadcrumb\":{\"@id\":\"https:\/\/latinodans.com\/kurslar\/roman-oryantal\/#breadcrumb\"},\"inLanguage\":\"tr\",\"potentialAction\":[{\"@type\":\"ReadAction\",\"target\":[\"https:\/\/latinodans.com\/kurslar\/roman-oryantal\/\"]}]},{\"@type\":\"BreadcrumbList\",\"@id\":\"https:\/\/latinodans.com\/kurslar\/roman-oryantal\/#breadcrumb\",\"itemListElement\":[{\"@type\":\"ListItem\",\"position\":1,\"name\":\"Anasayfa\",\"item\":\"https:\/\/latinodans.com\/\"},{\"@type\":\"ListItem\",\"position\":2,\"name\":\"Dans Kurslar\u0131\",\"item\":\"https:\/\/latinodans.com\/?page_id=616\"},{\"@type\":\"ListItem\",\"position\":3,\"name\":\"ROMAN &#8211; ORYANTAL\"}]},{\"@type\":\"WebSite\",\"@id\":\"https:\/\/latinodans.com\/#website\",\"url\":\"https:\/\/latinodans.com\/\",\"name\":\"Latino Dans St&uuml;dyosu\",\"description\":\"&quot;Hayat\u0131n\u0131zda Bir Dans Aras\u0131 Verin&quot;\",\"publisher\":{\"@id\":\"https:\/\/latinodans.com\/#organization\"},\"potentialAction\":[{\"@type\":\"SearchAction\",\"target\":{\"@type\":\"EntryPoint\",\"urlTemplate\":\"https:\/\/latinodans.com\/?s={search_term_string}\"},\"query-input\":{\"@type\":\"PropertyValueSpecification\",\"valueRequired\":true,\"valueName\":\"search_term_string\"}}],\"inLanguage\":\"tr\"},{\"@type\":\"Organization\",\"@id\":\"https:\/\/latinodans.com\/#organization\",\"name\":\"Latino Dans St\u00fcdyosu\",\"url\":\"https:\/\/latinodans.com\/\",\"logo\":{\"@type\":\"ImageObject\",\"inLanguage\":\"tr\",\"@id\":\"https:\/\/latinodans.com\/#\/schema\/logo\/image\/\",\"url\":\"https:\/\/latinodans.com\/wp-content\/uploads\/2016\/11\/latinologo01.png\",\"contentUrl\":\"https:\/\/latinodans.com\/wp-content\/uploads\/2016\/11\/latinologo01.png\",\"width\":1767,\"height\":869,\"caption\":\"Latino Dans St\u00fcdyosu\"},\"image\":{\"@id\":\"https:\/\/latinodans.com\/#\/schema\/logo\/image\/\"},\"sameAs\":[\"https:\/\/www.facebook.com\/latinoankara\",\"https:\/\/x.com\/LatinoDans\",\"https:\/\/www.instagram.com\/latinodans\/\",\"https:\/\/tr.pinterest.com\/latinodans\"]}]}<\/script>\n<!-- \/ Yoast SEO plugin. -->","yoast_head_json":{"title":"ROMAN - ORYANTAL - Latino Dans St&uuml;dyosu","description":"ROMAN - ORYANTAL Kursu - Ge\u00e7mi\u015ften g\u00fcn\u00fcm\u00fcze uzanan bir k\u00fclt\u00fcrden bahsediyoruz: Oryantal! Gelin bu deneyimi beraber ya\u015fayal\u0131m","robots":{"index":"index","follow":"follow","max-snippet":"max-snippet:-1","max-image-preview":"max-image-preview:large","max-video-preview":"max-video-preview:-1"},"canonical":"https:\/\/latinodans.com\/tr\/kurslar\/roman-oryantal\/","og_locale":"tr_TR","og_type":"article","og_title":"ROMAN - ORYANTAL - Latino Dans St&uuml;dyosu","og_description":"ROMAN - ORYANTAL Kursu - Ge\u00e7mi\u015ften g\u00fcn\u00fcm\u00fcze uzanan bir k\u00fclt\u00fcrden bahsediyoruz: Oryantal! Gelin bu deneyimi beraber ya\u015fayal\u0131m","og_url":"https:\/\/latinodans.com\/tr\/kurslar\/roman-oryantal\/","og_site_name":"Latino Dans St&uuml;dyosu","article_publisher":"https:\/\/www.facebook.com\/latinoankara","article_modified_time":"2025-09-05T09:10:44+00:00","twitter_card":"summary_large_image","twitter_site":"@LatinoDans","schema":{"@context":"https:\/\/schema.org","@graph":[{"@type":"WebPage","@id":"https:\/\/latinodans.com\/kurslar\/roman-oryantal\/","url":"https:\/\/latinodans.com\/kurslar\/roman-oryantal\/","name":"ROMAN - ORYANTAL - Latino Dans St&uuml;dyosu","isPartOf":{"@id":"https:\/\/latinodans.com\/#website"},"datePublished":"2016-11-30T14:39:22+00:00","dateModified":"2025-09-05T09:10:44+00:00","description":"ROMAN - ORYANTAL Kursu - Ge\u00e7mi\u015ften g\u00fcn\u00fcm\u00fcze uzanan bir k\u00fclt\u00fcrden bahsediyoruz: Oryantal! Gelin bu deneyimi beraber ya\u015fayal\u0131m","breadcrumb":{"@id":"https:\/\/latinodans.com\/kurslar\/roman-oryantal\/#breadcrumb"},"inLanguage":"tr","potentialAction":[{"@type":"ReadAction","target":["https:\/\/latinodans.com\/kurslar\/roman-oryantal\/"]}]},{"@type":"BreadcrumbList","@id":"https:\/\/latinodans.com\/kurslar\/roman-oryantal\/#breadcrumb","itemListElement":[{"@type":"ListItem","position":1,"name":"Anasayfa","item":"https:\/\/latinodans.com\/"},{"@type":"ListItem","position":2,"name":"Dans Kurslar\u0131","item":"https:\/\/latinodans.com\/?page_id=616"},{"@type":"ListItem","position":3,"name":"ROMAN &#8211; ORYANTAL"}]},{"@type":"WebSite","@id":"https:\/\/latinodans.com\/#website","url":"https:\/\/latinodans.com\/","name":"Latino Dans St&uuml;dyosu","description":"&quot;Hayat\u0131n\u0131zda Bir Dans Aras\u0131 Verin&quot;","publisher":{"@id":"https:\/\/latinodans.com\/#organization"},"potentialAction":[{"@type":"SearchAction","target":{"@type":"EntryPoint","urlTemplate":"https:\/\/latinodans.com\/?s={search_term_string}"},"query-input":{"@type":"PropertyValueSpecification","valueRequired":true,"valueName":"search_term_string"}}],"inLanguage":"tr"},{"@type":"Organization","@id":"https:\/\/latinodans.com\/#organization","name":"Latino Dans St\u00fcdyosu","url":"https:\/\/latinodans.com\/","logo":{"@type":"ImageObject","inLanguage":"tr","@id":"https:\/\/latinodans.com\/#\/schema\/logo\/image\/","url":"https:\/\/latinodans.com\/wp-content\/uploads\/2016\/11\/latinologo01.png","contentUrl":"https:\/\/latinodans.com\/wp-content\/uploads\/2016\/11\/latinologo01.png","width":1767,"height":869,"caption":"Latino Dans St\u00fcdyosu"},"image":{"@id":"https:\/\/latinodans.com\/#\/schema\/logo\/image\/"},"sameAs":["https:\/\/www.facebook.com\/latinoankara","https:\/\/x.com\/LatinoDans","https:\/\/www.instagram.com\/latinodans\/","https:\/\/tr.pinterest.com\/latinodans"]}]}},"_links":{"self":[{"href":"https:\/\/latinodans.com\/tr\/wp-json\/wp\/v2\/pages\/873","targetHints":{"allow":["GET"]}}],"collection":[{"href":"https:\/\/latinodans.com\/tr\/wp-json\/wp\/v2\/pages"}],"about":[{"href":"https:\/\/latinodans.com\/tr\/wp-json\/wp\/v2\/types\/page"}],"author":[{"embeddable":true,"href":"https:\/\/latinodans.com\/tr\/wp-json\/wp\/v2\/users\/2"}],"replies":[{"embeddable":true,"href":"https:\/\/latinodans.com\/tr\/wp-json\/wp\/v2\/comments?post=873"}],"version-history":[{"count":4,"href":"https:\/\/latinodans.com\/tr\/wp-json\/wp\/v2\/pages\/873\/revisions"}],"predecessor-version":[{"id":12040,"href":"https:\/\/latinodans.com\/tr\/wp-json\/wp\/v2\/pages\/873\/revisions\/12040"}],"up":[{"embeddable":true,"href":"https:\/\/latinodans.com\/tr\/wp-json\/wp\/v2\/pages\/616"}],"wp:attachment":[{"href":"https:\/\/latinodans.com\/tr\/wp-json\/wp\/v2\/media?parent=873"}],"curies":[{"name":"wp","href":"https:\/\/api.w.org\/{rel}","templated":true}]}}