{"id":869,"date":"2016-11-30T16:34:24","date_gmt":"2016-11-30T14:34:24","guid":{"rendered":"http:\/\/www.latinodans.com\/?page_id=869"},"modified":"2021-06-27T22:37:16","modified_gmt":"2021-06-27T19:37:16","slug":"dugun-dans-kursu","status":"publish","type":"page","link":"https:\/\/latinodans.com\/tr\/kurslar\/dugun-dans-kursu\/","title":{"rendered":"D\u00fc\u011f\u00fcn Dans Kursu"},"content":{"rendered":"<div class=\"wp-block-coblocks-row alignwide coblocks-row-52722328310 mb-0 mt-0\" data-columns=\"1\" data-layout=\"100\"><div class=\"wp-block-coblocks-row__inner has-no-padding has-no-margin is-stacked-on-mobile has-medium-gutter\">\n<div class=\"wp-block-coblocks-column coblocks-column-52722329714\" style=\"width:100%\"><div class=\"wp-block-coblocks-column__inner has-no-padding has-no-margin\">\n<h1 class=\"has-text-align-center wp-block-heading\">D\u00dc\u011e\u00dcN DANSI<\/h1>\n\n\n\n<p>Romantik ya da renkli bir dansla konuklar\u0131n\u0131z\u0131 etkilemek istiyorsan\u0131z,<br>D\u00fc\u011f\u00fcn\u00fcn\u00fczde yapaca\u011f\u0131n\u0131z ilk dans\u0131n \u00f6zel olmas\u0131n\u0131 istiyorsan\u0131z,<br>D\u00fc\u011f\u00fcn dans\u0131n\u0131z\u0131 kar\u0131\u015f\u0131k bir koreografi \u015feklinde \u00f6\u011frenme fikri sizi strese sokuyorsa,<br>Gelin tamamen yeni ba\u015flayanlara uygun, \u00f6\u011frenmesi ve uygulamas\u0131 kolay d\u00fc\u011f\u00fcn dans kursu programlar\u0131m\u0131zla tan\u0131\u015f\u0131n<br>ilk dans\u0131n\u0131z\u2026<br>R\u00fcya gibi bir gelece\u011fe at\u0131lan ilk ad\u0131mda, olmazsa olmazlar aras\u0131ndad\u0131r &#8220;d\u00fc\u011f\u00fcn dans\u0131&#8221;\u2026<br>\u0130ster sizin isterseniz de LAT\u0130NO\u2019nun geni\u015f m\u00fczik ar\u015fivinden se\u00e7ece\u011finiz g\u00fczel bir m\u00fczik e\u015fli\u011finde profesyonel e\u011fitmenlerimizin size \u00f6zel haz\u0131rlayaca\u011f\u0131 dans koreografisiyle, o \u00f6zel g\u00fcn\u00fcn\u00fcze ayr\u0131cal\u0131k katmak istiyorsan\u0131z Latino sizi bekliyor\u2026<br>Se\u00e7ece\u011finiz paket program do\u011frultusunda olduk\u00e7a kolay ve keyifli bir \u015fekilde, rumbadan tangoya salsadan valse \u00e7a\u00e7adan swinge diledi\u011finiz dans\u0131 ya da e\u011fitmenlerimizin size \u00f6nerece\u011fi dans\u0131 \u00f6\u011frenerek, d\u00fc\u011f\u00fcn\u00fcn\u00fcz\u00fcn en g\u00fczel ve \u00f6zel an\u0131n\u0131 ya\u015fayabilirsiniz\u2026<br>Unutamayaca\u011f\u0131n\u0131z o \u2018ilk dans\u2019\u0131 b\u0131rak\u0131n Ankara\u2019n\u0131n en eski ve tecr\u00fcbeli okullar\u0131ndan Latino Dans St\u00fcdyosu\u2019nun profesyonel dans e\u011fitmenleri haz\u0131rlas\u0131n. D\u00fc\u011f\u00fcn dans kursu i\u00e7in do\u011fru adrestesiniz:)<br>\u00dcstelik \u00fccretsiz grup dersleri size hediyemiz\u2026<br><strong>DETAYLI B\u0130LG\u0130 \u0130\u00c7\u0130N;<br><a href=\"http:\/\/www.ankaradugundansi.com\/\">WWW.ANKARADUGUNDANS\u0130.COM<\/a><\/strong><\/p>\n\n\n\n<figure class=\"wp-block-embed is-type-video is-provider-youtube wp-block-embed-youtube wp-embed-aspect-16-9 wp-has-aspect-ratio\"><div class=\"wp-block-embed__wrapper\">\n<iframe loading=\"lazy\" title=\"D\u00fc\u011f\u00fcn Dans\u0131 ile ilgili merak edilenler\" width=\"660\" height=\"371\" src=\"https:\/\/www.youtube.com\/embed\/videoseries?list=PLdhSs4m0Ijr80MU-yllT-oB1iB23PMLKm\" frameborder=\"0\" allow=\"accelerometer; autoplay; clipboard-write; encrypted-media; gyroscope; picture-in-picture; web-share\" referrerpolicy=\"strict-origin-when-cross-origin\" allowfullscreen><\/iframe>\n<\/div><\/figure>\n<\/div><\/div>\n<\/div><\/div>\n\n\n\n<div class=\"wp-block-coblocks-row alignwide coblocks-row-527223312508 mt-0\" data-columns=\"2\" data-layout=\"50-50\"><div class=\"wp-block-coblocks-row__inner has-no-padding has-no-margin is-stacked-on-mobile has-medium-gutter\">\n<div class=\"wp-block-coblocks-column coblocks-column-527223313891\" style=\"width:50%\"><div class=\"wp-block-coblocks-column__inner has-no-padding has-no-margin\">\n<h2 class=\"has-text-align-center wp-block-heading\" style=\"font-size:33px\">\u00d6rnek D\u00fc\u011f\u00fcn Danslar\u0131<\/h2>\n\n\n\n<figure class=\"wp-block-embed is-type-video is-provider-youtube wp-block-embed-youtube wp-embed-aspect-16-9 wp-has-aspect-ratio\"><div class=\"wp-block-embed__wrapper\">\n<iframe loading=\"lazy\" title=\"D\u00fc\u011f\u00fcn Dans\u0131 Kursu Videolar\u0131m\u0131z\" width=\"660\" height=\"371\" src=\"https:\/\/www.youtube.com\/embed\/videoseries?list=PL4TtG2DhhVI1ShYFJSumP87Cw7Zbpg6Os\" frameborder=\"0\" allow=\"accelerometer; autoplay; clipboard-write; encrypted-media; gyroscope; picture-in-picture; web-share\" referrerpolicy=\"strict-origin-when-cross-origin\" allowfullscreen><\/iframe>\n<\/div><\/figure>\n<\/div><\/div>\n\n\n\n<div class=\"wp-block-coblocks-column coblocks-column-527223313894\" style=\"width:50%\"><div class=\"wp-block-coblocks-column__inner has-no-padding has-no-margin\">\n<h2 class=\"has-text-align-center wp-block-heading\" style=\"font-size:34px\">\u00d6rnek D\u00fc\u011f\u00fcn Dans M\u00fczikleri<\/h2>\n\n\n\n<figure class=\"wp-block-embed is-type-video is-provider-youtube wp-block-embed-youtube wp-embed-aspect-16-9 wp-has-aspect-ratio\"><div class=\"wp-block-embed__wrapper\">\n<iframe loading=\"lazy\" title=\"En g\u00fczel D\u00fc\u011f\u00fcn Dans\u0131 M\u00fczikleri - \u0130lk Dans\" width=\"660\" height=\"371\" src=\"https:\/\/www.youtube.com\/embed\/videoseries?list=PL4TtG2DhhVI0k1fDaYkpzSIbPIuXwEGmN\" frameborder=\"0\" allow=\"accelerometer; autoplay; clipboard-write; encrypted-media; gyroscope; picture-in-picture; web-share\" referrerpolicy=\"strict-origin-when-cross-origin\" allowfullscreen><\/iframe>\n<\/div><\/figure>\n<\/div><\/div>\n<\/div><\/div>","protected":false},"excerpt":{"rendered":"","protected":false},"author":2,"featured_media":0,"parent":616,"menu_order":0,"comment_status":"closed","ping_status":"closed","template":"","meta":{"_coblocks_attr":"","_coblocks_dimensions":"","_coblocks_responsive_height":"","_coblocks_accordion_ie_support":"","hide_page_title":"","footnotes":""},"class_list":["post-869","page","type-page","status-publish","hentry"],"yoast_head":"<!-- This site is optimized with the Yoast SEO plugin v24.3 - https:\/\/yoast.com\/wordpress\/plugins\/seo\/ -->\n<title>Ankara D\u00fc\u011f\u00fcn Dans\u0131 - Latino Dans St&uuml;dyosu - Kavakl\u0131dere &amp; \u00dcmitk\u00f6y<\/title>\n<meta name=\"description\" content=\"D\u00fc\u011f\u00fcn Dans\u0131 kurslar\u0131m\u0131zda tamamen yeni ba\u015flayanlara uygun, \u00f6\u011frenmesi ve uygulamas\u0131 kolay d\u00fc\u011f\u00fcn dans kursu programlar\u0131m\u0131zla tan\u0131\u015f\u0131n\" \/>\n<meta name=\"robots\" content=\"index, follow, max-snippet:-1, max-image-preview:large, max-video-preview:-1\" \/>\n<link rel=\"canonical\" href=\"https:\/\/latinodans.com\/tr\/kurslar\/dugun-dans-kursu\/\" \/>\n<meta property=\"og:locale\" content=\"tr_TR\" \/>\n<meta property=\"og:type\" content=\"article\" \/>\n<meta property=\"og:title\" content=\"Ankara D\u00fc\u011f\u00fcn Dans\u0131 - Latino Dans St&uuml;dyosu - Kavakl\u0131dere &amp; \u00dcmitk\u00f6y\" \/>\n<meta property=\"og:description\" content=\"D\u00fc\u011f\u00fcn Dans\u0131 kurslar\u0131m\u0131zda tamamen yeni ba\u015flayanlara uygun, \u00f6\u011frenmesi ve uygulamas\u0131 kolay d\u00fc\u011f\u00fcn dans kursu programlar\u0131m\u0131zla tan\u0131\u015f\u0131n\" \/>\n<meta property=\"og:url\" content=\"https:\/\/latinodans.com\/tr\/kurslar\/dugun-dans-kursu\/\" \/>\n<meta property=\"og:site_name\" content=\"Latino Dans St&uuml;dyosu\" \/>\n<meta property=\"article:publisher\" content=\"https:\/\/www.facebook.com\/latinoankara\" \/>\n<meta property=\"article:modified_time\" content=\"2021-06-27T19:37:16+00:00\" \/>\n<meta name=\"twitter:card\" content=\"summary_large_image\" \/>\n<meta name=\"twitter:site\" content=\"@LatinoDans\" \/>\n<meta name=\"twitter:label1\" content=\"Tahmini okuma s\u00fcresi\" \/>\n\t<meta name=\"twitter:data1\" content=\"1 dakika\" \/>\n<script type=\"application\/ld+json\" class=\"yoast-schema-graph\">{\"@context\":\"https:\/\/schema.org\",\"@graph\":[{\"@type\":\"WebPage\",\"@id\":\"https:\/\/latinodans.com\/kurslar\/dugun-dans-kursu\/\",\"url\":\"https:\/\/latinodans.com\/kurslar\/dugun-dans-kursu\/\",\"name\":\"Ankara D\u00fc\u011f\u00fcn Dans\u0131 - Latino Dans St&uuml;dyosu - Kavakl\u0131dere & \u00dcmitk\u00f6y\",\"isPartOf\":{\"@id\":\"https:\/\/latinodans.com\/#website\"},\"datePublished\":\"2016-11-30T14:34:24+00:00\",\"dateModified\":\"2021-06-27T19:37:16+00:00\",\"description\":\"D\u00fc\u011f\u00fcn Dans\u0131 kurslar\u0131m\u0131zda tamamen yeni ba\u015flayanlara uygun, \u00f6\u011frenmesi ve uygulamas\u0131 kolay d\u00fc\u011f\u00fcn dans kursu programlar\u0131m\u0131zla tan\u0131\u015f\u0131n\",\"breadcrumb\":{\"@id\":\"https:\/\/latinodans.com\/kurslar\/dugun-dans-kursu\/#breadcrumb\"},\"inLanguage\":\"tr\",\"potentialAction\":[{\"@type\":\"ReadAction\",\"target\":[\"https:\/\/latinodans.com\/kurslar\/dugun-dans-kursu\/\"]}]},{\"@type\":\"BreadcrumbList\",\"@id\":\"https:\/\/latinodans.com\/kurslar\/dugun-dans-kursu\/#breadcrumb\",\"itemListElement\":[{\"@type\":\"ListItem\",\"position\":1,\"name\":\"Anasayfa\",\"item\":\"https:\/\/latinodans.com\/\"},{\"@type\":\"ListItem\",\"position\":2,\"name\":\"Dans Kurslar\u0131\",\"item\":\"https:\/\/latinodans.com\/?page_id=616\"},{\"@type\":\"ListItem\",\"position\":3,\"name\":\"D\u00fc\u011f\u00fcn Dans Kursu\"}]},{\"@type\":\"WebSite\",\"@id\":\"https:\/\/latinodans.com\/#website\",\"url\":\"https:\/\/latinodans.com\/\",\"name\":\"Latino Dans St&uuml;dyosu\",\"description\":\"&quot;Hayat\u0131n\u0131zda Bir Dans Aras\u0131 Verin&quot;\",\"publisher\":{\"@id\":\"https:\/\/latinodans.com\/#organization\"},\"potentialAction\":[{\"@type\":\"SearchAction\",\"target\":{\"@type\":\"EntryPoint\",\"urlTemplate\":\"https:\/\/latinodans.com\/?s={search_term_string}\"},\"query-input\":{\"@type\":\"PropertyValueSpecification\",\"valueRequired\":true,\"valueName\":\"search_term_string\"}}],\"inLanguage\":\"tr\"},{\"@type\":\"Organization\",\"@id\":\"https:\/\/latinodans.com\/#organization\",\"name\":\"Latino Dans St\u00fcdyosu\",\"url\":\"https:\/\/latinodans.com\/\",\"logo\":{\"@type\":\"ImageObject\",\"inLanguage\":\"tr\",\"@id\":\"https:\/\/latinodans.com\/#\/schema\/logo\/image\/\",\"url\":\"https:\/\/latinodans.com\/wp-content\/uploads\/2016\/11\/latinologo01.png\",\"contentUrl\":\"https:\/\/latinodans.com\/wp-content\/uploads\/2016\/11\/latinologo01.png\",\"width\":1767,\"height\":869,\"caption\":\"Latino Dans St\u00fcdyosu\"},\"image\":{\"@id\":\"https:\/\/latinodans.com\/#\/schema\/logo\/image\/\"},\"sameAs\":[\"https:\/\/www.facebook.com\/latinoankara\",\"https:\/\/x.com\/LatinoDans\",\"https:\/\/www.instagram.com\/latinodans\/\",\"https:\/\/tr.pinterest.com\/latinodans\"]}]}<\/script>\n<!-- \/ Yoast SEO plugin. -->","yoast_head_json":{"title":"Ankara D\u00fc\u011f\u00fcn Dans\u0131 - Latino Dans St&uuml;dyosu - Kavakl\u0131dere & \u00dcmitk\u00f6y","description":"D\u00fc\u011f\u00fcn Dans\u0131 kurslar\u0131m\u0131zda tamamen yeni ba\u015flayanlara uygun, \u00f6\u011frenmesi ve uygulamas\u0131 kolay d\u00fc\u011f\u00fcn dans kursu programlar\u0131m\u0131zla tan\u0131\u015f\u0131n","robots":{"index":"index","follow":"follow","max-snippet":"max-snippet:-1","max-image-preview":"max-image-preview:large","max-video-preview":"max-video-preview:-1"},"canonical":"https:\/\/latinodans.com\/tr\/kurslar\/dugun-dans-kursu\/","og_locale":"tr_TR","og_type":"article","og_title":"Ankara D\u00fc\u011f\u00fcn Dans\u0131 - Latino Dans St&uuml;dyosu - Kavakl\u0131dere & \u00dcmitk\u00f6y","og_description":"D\u00fc\u011f\u00fcn Dans\u0131 kurslar\u0131m\u0131zda tamamen yeni ba\u015flayanlara uygun, \u00f6\u011frenmesi ve uygulamas\u0131 kolay d\u00fc\u011f\u00fcn dans kursu programlar\u0131m\u0131zla tan\u0131\u015f\u0131n","og_url":"https:\/\/latinodans.com\/tr\/kurslar\/dugun-dans-kursu\/","og_site_name":"Latino Dans St&uuml;dyosu","article_publisher":"https:\/\/www.facebook.com\/latinoankara","article_modified_time":"2021-06-27T19:37:16+00:00","twitter_card":"summary_large_image","twitter_site":"@LatinoDans","twitter_misc":{"Tahmini okuma s\u00fcresi":"1 dakika"},"schema":{"@context":"https:\/\/schema.org","@graph":[{"@type":"WebPage","@id":"https:\/\/latinodans.com\/kurslar\/dugun-dans-kursu\/","url":"https:\/\/latinodans.com\/kurslar\/dugun-dans-kursu\/","name":"Ankara D\u00fc\u011f\u00fcn Dans\u0131 - Latino Dans St&uuml;dyosu - Kavakl\u0131dere & \u00dcmitk\u00f6y","isPartOf":{"@id":"https:\/\/latinodans.com\/#website"},"datePublished":"2016-11-30T14:34:24+00:00","dateModified":"2021-06-27T19:37:16+00:00","description":"D\u00fc\u011f\u00fcn Dans\u0131 kurslar\u0131m\u0131zda tamamen yeni ba\u015flayanlara uygun, \u00f6\u011frenmesi ve uygulamas\u0131 kolay d\u00fc\u011f\u00fcn dans kursu programlar\u0131m\u0131zla tan\u0131\u015f\u0131n","breadcrumb":{"@id":"https:\/\/latinodans.com\/kurslar\/dugun-dans-kursu\/#breadcrumb"},"inLanguage":"tr","potentialAction":[{"@type":"ReadAction","target":["https:\/\/latinodans.com\/kurslar\/dugun-dans-kursu\/"]}]},{"@type":"BreadcrumbList","@id":"https:\/\/latinodans.com\/kurslar\/dugun-dans-kursu\/#breadcrumb","itemListElement":[{"@type":"ListItem","position":1,"name":"Anasayfa","item":"https:\/\/latinodans.com\/"},{"@type":"ListItem","position":2,"name":"Dans Kurslar\u0131","item":"https:\/\/latinodans.com\/?page_id=616"},{"@type":"ListItem","position":3,"name":"D\u00fc\u011f\u00fcn Dans Kursu"}]},{"@type":"WebSite","@id":"https:\/\/latinodans.com\/#website","url":"https:\/\/latinodans.com\/","name":"Latino Dans St&uuml;dyosu","description":"&quot;Hayat\u0131n\u0131zda Bir Dans Aras\u0131 Verin&quot;","publisher":{"@id":"https:\/\/latinodans.com\/#organization"},"potentialAction":[{"@type":"SearchAction","target":{"@type":"EntryPoint","urlTemplate":"https:\/\/latinodans.com\/?s={search_term_string}"},"query-input":{"@type":"PropertyValueSpecification","valueRequired":true,"valueName":"search_term_string"}}],"inLanguage":"tr"},{"@type":"Organization","@id":"https:\/\/latinodans.com\/#organization","name":"Latino Dans St\u00fcdyosu","url":"https:\/\/latinodans.com\/","logo":{"@type":"ImageObject","inLanguage":"tr","@id":"https:\/\/latinodans.com\/#\/schema\/logo\/image\/","url":"https:\/\/latinodans.com\/wp-content\/uploads\/2016\/11\/latinologo01.png","contentUrl":"https:\/\/latinodans.com\/wp-content\/uploads\/2016\/11\/latinologo01.png","width":1767,"height":869,"caption":"Latino Dans St\u00fcdyosu"},"image":{"@id":"https:\/\/latinodans.com\/#\/schema\/logo\/image\/"},"sameAs":["https:\/\/www.facebook.com\/latinoankara","https:\/\/x.com\/LatinoDans","https:\/\/www.instagram.com\/latinodans\/","https:\/\/tr.pinterest.com\/latinodans"]}]}},"_links":{"self":[{"href":"https:\/\/latinodans.com\/tr\/wp-json\/wp\/v2\/pages\/869","targetHints":{"allow":["GET"]}}],"collection":[{"href":"https:\/\/latinodans.com\/tr\/wp-json\/wp\/v2\/pages"}],"about":[{"href":"https:\/\/latinodans.com\/tr\/wp-json\/wp\/v2\/types\/page"}],"author":[{"embeddable":true,"href":"https:\/\/latinodans.com\/tr\/wp-json\/wp\/v2\/users\/2"}],"replies":[{"embeddable":true,"href":"https:\/\/latinodans.com\/tr\/wp-json\/wp\/v2\/comments?post=869"}],"version-history":[{"count":5,"href":"https:\/\/latinodans.com\/tr\/wp-json\/wp\/v2\/pages\/869\/revisions"}],"predecessor-version":[{"id":10909,"href":"https:\/\/latinodans.com\/tr\/wp-json\/wp\/v2\/pages\/869\/revisions\/10909"}],"up":[{"embeddable":true,"href":"https:\/\/latinodans.com\/tr\/wp-json\/wp\/v2\/pages\/616"}],"wp:attachment":[{"href":"https:\/\/latinodans.com\/tr\/wp-json\/wp\/v2\/media?parent=869"}],"curies":[{"name":"wp","href":"https:\/\/api.w.org\/{rel}","templated":true}]}}