{"id":867,"date":"2016-11-30T16:33:38","date_gmt":"2016-11-30T14:33:38","guid":{"rendered":"http:\/\/www.latinodans.com\/?page_id=867"},"modified":"2025-09-05T12:10:31","modified_gmt":"2025-09-05T09:10:31","slug":"kizomba","status":"publish","type":"page","link":"https:\/\/latinodans.com\/tr\/kurslar\/kizomba\/","title":{"rendered":"Kizomba Kursu"},"content":{"rendered":"\n<div class=\"wp-block-coblocks-row alignwide coblocks-row-527224716905 mb-0 mt-0\" data-columns=\"1\" data-layout=\"100\"><div class=\"wp-block-coblocks-row__inner has-no-padding has-no-margin is-stacked-on-mobile has-medium-gutter\">\n<div class=\"wp-block-coblocks-column coblocks-column-527224720195\" style=\"width:100%\"><div class=\"wp-block-coblocks-column__inner has-no-padding has-no-margin\">\n<h1 class=\"wp-block-heading has-text-align-center\">K\u0130ZOMBA<\/h1>\n\n\n\n<p>Son y\u0131llar\u0131n en be\u011fenilen danslar\u0131ndan biridir Kizomba. Afrika Tangosu denmesinin sebebi fig\u00fcrel zenginli\u011fini Arjantin Tangosu&#8217;ndan almas\u0131d\u0131r. Tango&#8217;nun aksine kad\u0131nlar daha k\u0131vrak dansederler.<br>Bir \u00e7ok dansta oldu\u011fu gibi bir\u00e7ok \u00fclkenin etkisi alt\u0131nda kalm\u0131\u015ft\u0131r. Angola&#8217;n\u0131n geleneksel Semba dans\u0131ndan t\u00fcremi\u015ftir. Tabi ki farkl\u0131 dans t\u00fcrlerinden etkilenmi\u015f ve bug\u00fcn ki halini akm\u0131\u015ft\u0131r. Angola dilinde &#8220;parti&#8221; anlam\u0131na gelir.<br>Bir\u00e7ok m\u00fczik ve dans t\u00fcr\u00fcnden etkilenmi\u015ftir. Arjantin Tangosundan K\u00fcba Son&#8217;una, Milonga&#8217;dan Plena&#8217;ya, Zouk&#8217;tan Semba&#8217;ya, Merenge ve Kilapanda&#8217;ya kadar.<br>Avrupa&#8217;da en \u00e7ok Portekiz&#8217;de yap\u0131lmaktad\u0131r. Hatta eski s\u00f6m\u00fcrgesi Angola&#8217;dan bile fazla. \u0130ki vuru\u015flu bir m\u00fczik olmas\u0131ndan dolay\u0131 genelde birbirini tekrar eden belirli bir temel ad\u0131m\u0131 yoktur. Bu da dans\u00e7\u0131lara&nbsp;serbestlik getirir. Dans ederken m\u00fczik kullan\u0131m\u0131n\u0131 \u00f6n plana \u00e7\u0131kart\u0131r.<br>1980&#8217;lerden sonra yay\u0131lmaya ba\u015flam\u0131\u015f ve 2000&#8217;lerle birlikte y\u00fckseli\u015fe ge\u00e7mi\u015ftir. Di\u011fer bir\u00e7ok e\u015fli sosyal latin dans\u0131nda oldu\u011fu gibi s\u00fcrekli geli\u015fmekte ve zenginle\u015fmektedir.<br>Kizomba kurslar\u0131na e\u015fli kat\u0131lma zorunlulu\u011fu yoktur.&nbsp;Alaca\u011f\u0131n\u0131z dans kurslar\u0131 aras\u0131nda zorluk derecesi en y\u00fcksek danslardan biridir.<\/p>\n<\/div><\/div>\n<\/div><\/div>\n\n\n\n\t\t<div class=\"coblocks-form\" id=\"6e1d9de4d5ce1a0374bc2659d02f60cbd7b903ed\">\n\n\t\t\t\n\t\t\t<form action=\"https:\/\/latinodans.com\/tr\/kurslar\/kizomba\/#6e1d9de4d5ce1a0374bc2659d02f60cbd7b903ed\" method=\"post\">\n\t\t\t\t\n<div class=\"wp-block-coblocks-form\"><label class=\"coblocks-label\">Name <span class=\"required\">&#042;<\/span><\/label>\n\t\t<input type=\"hidden\" name=\"field-name[label]\" value=\"Name\">\n\n\t\t\t\t<input type=\"hidden\" id=\"name-field-id\" name=\"name-field-id\" class=\"coblocks-name-field-id\" value=\"field-name\" \/>\n\t\t\n\t\t<input type=\"text\" id=\"name\" name=\"field-name[value]\" class=\"coblocks-field coblocks-field--name\" required \/>\n\n\t\t\n\n<label class=\"coblocks-label\">Email <span class=\"required\">&#042;<\/span><\/label>\n\t\t<input type=\"hidden\" name=\"field-email[label]\" value=\"Email\">\n\n\t\t\n\t\t<input type=\"hidden\" id=\"email-field-id\" name=\"email-field-id\" class=\"coblocks-email-field-id\" value=\"field-email\" \/>\n\t\t<input type=\"email\" id=\"email\" aria-label=\"Email\" name=\"field-email[value]\" class=\"coblocks-field coblocks-field--email\" required \/>\n\n\t\t\n\n<label class=\"coblocks-label\">Tercih etti\u011finiz \u015fubemiz <span class=\"required\">&#042;<\/span><\/label>\n\t\t<input type=\"hidden\" name=\"field-tercih-ettiginiz-subemiz[label]\" value=\"Tercih etti\u011finiz \u015fubemiz\">\n\n\t\t<select class=\"select coblocks-field\" name=\"field-tercih-ettiginiz-subemiz[value]\"><option value=\"Kavakl\u0131dere (Tunal\u0131-Tunus Cad.)\">Kavakl\u0131dere (Tunal\u0131-Tunus Cad.)<\/option><option value=\"\u00dcmitk\u00f6y\">\u00dcmitk\u00f6y<\/option><\/select>\n\n<label class=\"coblocks-label\">Phone <span class=\"required\">&#042;<\/span><\/label>\n\t\t<input type=\"hidden\" name=\"field-phone[label]\" value=\"Phone\">\n\n\t\t\n\t\t<input type=\"tel\" id=\"phone\" name=\"field-phone[value]\" class=\"coblocks-field coblocks-field--telephone\" required \/>\n\n\t\t\n\n\n\t\t<div class=\"coblocks-form__submit wp-block-button\">\n\t\t\t<button type=\"submit\" class=\"wp-block-button__link is-style-fill\" style=\"\">Yeni S\u0131n\u0131f A\u00e7\u0131l\u0131nca Haber Ver<\/button>\n\t\t\t<input type=\"hidden\" id=\"form-submit\" name=\"form-submit\" value=\"9fc28adec8\" \/><input type=\"hidden\" name=\"_wp_http_referer\" value=\"\/tr\/wp-json\/wp\/v2\/pages\/867\" \/>\t\t\t<input type=\"hidden\" name=\"action\" value=\"coblocks-form-submit\">\n\n\t\t\t\t\t<\/div>\n\n\t\t<\/div>\n\t\t\t\t<input class=\"coblocks-field verify\" aria-label=\"Enter your email address to verify\" type=\"email\" name=\"coblocks-verify-email\" autocomplete=\"off\" placeholder=\"E-posta\" tabindex=\"-1\">\n\t\t\t\t<input type=\"hidden\" name=\"form-hash\" value=\"6e1d9de4d5ce1a0374bc2659d02f60cbd7b903ed\">\n\n\t\t\t\t\t\t\t<\/form>\n\n\t\t<\/div>\n\n\t\t\n\n\n<div class=\"wp-block-coblocks-row alignwide coblocks-row-52722493428\" data-columns=\"2\" data-layout=\"50-50\"><div class=\"wp-block-coblocks-row__inner has-no-padding has-no-margin is-stacked-on-mobile has-medium-gutter\">\n<div class=\"wp-block-coblocks-column coblocks-column-52722494706\" style=\"width:50%\"><div class=\"wp-block-coblocks-column__inner has-no-padding has-no-margin\">\n<figure class=\"wp-block-embed is-type-video is-provider-youtube wp-block-embed-youtube wp-embed-aspect-16-9 wp-has-aspect-ratio\"><div class=\"wp-block-embed__wrapper\">\n<iframe loading=\"lazy\" title=\"Kizomba Dance | Latino Dans St\u00fcdyosu\" width=\"660\" height=\"371\" src=\"https:\/\/www.youtube.com\/embed\/uJXkkh8SrnA?feature=oembed\" frameborder=\"0\" allow=\"accelerometer; autoplay; clipboard-write; encrypted-media; gyroscope; picture-in-picture; web-share\" referrerpolicy=\"strict-origin-when-cross-origin\" allowfullscreen><\/iframe>\n<\/div><\/figure>\n<\/div><\/div>\n\n\n\n<div class=\"wp-block-coblocks-column coblocks-column-52722494709\" style=\"width:50%\"><div class=\"wp-block-coblocks-column__inner has-no-padding has-no-margin\">\n<figure class=\"wp-block-embed is-type-video is-provider-youtube wp-block-embed-youtube wp-embed-aspect-16-9 wp-has-aspect-ratio\"><div class=\"wp-block-embed__wrapper\">\n<iframe loading=\"lazy\" title=\"Urban Kizomba Dance | Latino Dans St\u00fcdyosu\" width=\"660\" height=\"371\" src=\"https:\/\/www.youtube.com\/embed\/SHNyRTZlzYk?feature=oembed\" frameborder=\"0\" allow=\"accelerometer; autoplay; clipboard-write; encrypted-media; gyroscope; picture-in-picture; web-share\" referrerpolicy=\"strict-origin-when-cross-origin\" allowfullscreen><\/iframe>\n<\/div><\/figure>\n<\/div><\/div>\n<\/div><\/div>\n","protected":false},"excerpt":{"rendered":"","protected":false},"author":2,"featured_media":0,"parent":616,"menu_order":0,"comment_status":"closed","ping_status":"closed","template":"","meta":{"_coblocks_attr":"","_coblocks_dimensions":"","_coblocks_responsive_height":"","_coblocks_accordion_ie_support":"","hide_page_title":"","footnotes":""},"class_list":["post-867","page","type-page","status-publish","hentry"],"yoast_head":"<!-- This site is optimized with the Yoast SEO plugin v24.3 - https:\/\/yoast.com\/wordpress\/plugins\/seo\/ -->\n<title>Kizomba Kursu - Latino Dans St&uuml;dyosu<\/title>\n<meta name=\"description\" content=\"Son y\u0131llar\u0131n en be\u011fenilen danslar\u0131ndan biridir Kizomba. Di\u011fer bir\u00e7ok e\u015fli sosyal latin dans\u0131nda oldu\u011fu gibi s\u00fcrekli geli\u015fmekte ve zenginle\u015fmektedir.\" \/>\n<meta name=\"robots\" content=\"index, follow, max-snippet:-1, max-image-preview:large, max-video-preview:-1\" \/>\n<link rel=\"canonical\" href=\"https:\/\/latinodans.com\/tr\/kurslar\/kizomba\/\" \/>\n<meta property=\"og:locale\" content=\"tr_TR\" \/>\n<meta property=\"og:type\" content=\"article\" \/>\n<meta property=\"og:title\" content=\"Kizomba Kursu - Latino Dans St&uuml;dyosu\" \/>\n<meta property=\"og:description\" content=\"Son y\u0131llar\u0131n en be\u011fenilen danslar\u0131ndan biridir Kizomba. Di\u011fer bir\u00e7ok e\u015fli sosyal latin dans\u0131nda oldu\u011fu gibi s\u00fcrekli geli\u015fmekte ve zenginle\u015fmektedir.\" \/>\n<meta property=\"og:url\" content=\"https:\/\/latinodans.com\/tr\/kurslar\/kizomba\/\" \/>\n<meta property=\"og:site_name\" content=\"Latino Dans St&uuml;dyosu\" \/>\n<meta property=\"article:publisher\" content=\"https:\/\/www.facebook.com\/latinoankara\" \/>\n<meta property=\"article:modified_time\" content=\"2025-09-05T09:10:31+00:00\" \/>\n<meta name=\"twitter:card\" content=\"summary_large_image\" \/>\n<meta name=\"twitter:site\" content=\"@LatinoDans\" \/>\n<meta name=\"twitter:label1\" content=\"Tahmini okuma s\u00fcresi\" \/>\n\t<meta name=\"twitter:data1\" content=\"1 dakika\" \/>\n<script type=\"application\/ld+json\" class=\"yoast-schema-graph\">{\"@context\":\"https:\/\/schema.org\",\"@graph\":[{\"@type\":\"WebPage\",\"@id\":\"https:\/\/latinodans.com\/kurslar\/kizomba\/\",\"url\":\"https:\/\/latinodans.com\/kurslar\/kizomba\/\",\"name\":\"Kizomba Kursu - Latino Dans St&uuml;dyosu\",\"isPartOf\":{\"@id\":\"https:\/\/latinodans.com\/#website\"},\"datePublished\":\"2016-11-30T14:33:38+00:00\",\"dateModified\":\"2025-09-05T09:10:31+00:00\",\"description\":\"Son y\u0131llar\u0131n en be\u011fenilen danslar\u0131ndan biridir Kizomba. Di\u011fer bir\u00e7ok e\u015fli sosyal latin dans\u0131nda oldu\u011fu gibi s\u00fcrekli geli\u015fmekte ve zenginle\u015fmektedir.\",\"breadcrumb\":{\"@id\":\"https:\/\/latinodans.com\/kurslar\/kizomba\/#breadcrumb\"},\"inLanguage\":\"tr\",\"potentialAction\":[{\"@type\":\"ReadAction\",\"target\":[\"https:\/\/latinodans.com\/kurslar\/kizomba\/\"]}]},{\"@type\":\"BreadcrumbList\",\"@id\":\"https:\/\/latinodans.com\/kurslar\/kizomba\/#breadcrumb\",\"itemListElement\":[{\"@type\":\"ListItem\",\"position\":1,\"name\":\"Anasayfa\",\"item\":\"https:\/\/latinodans.com\/\"},{\"@type\":\"ListItem\",\"position\":2,\"name\":\"Dans Kurslar\u0131\",\"item\":\"https:\/\/latinodans.com\/?page_id=616\"},{\"@type\":\"ListItem\",\"position\":3,\"name\":\"Kizomba Kursu\"}]},{\"@type\":\"WebSite\",\"@id\":\"https:\/\/latinodans.com\/#website\",\"url\":\"https:\/\/latinodans.com\/\",\"name\":\"Latino Dans St&uuml;dyosu\",\"description\":\"&quot;Hayat\u0131n\u0131zda Bir Dans Aras\u0131 Verin&quot;\",\"publisher\":{\"@id\":\"https:\/\/latinodans.com\/#organization\"},\"potentialAction\":[{\"@type\":\"SearchAction\",\"target\":{\"@type\":\"EntryPoint\",\"urlTemplate\":\"https:\/\/latinodans.com\/?s={search_term_string}\"},\"query-input\":{\"@type\":\"PropertyValueSpecification\",\"valueRequired\":true,\"valueName\":\"search_term_string\"}}],\"inLanguage\":\"tr\"},{\"@type\":\"Organization\",\"@id\":\"https:\/\/latinodans.com\/#organization\",\"name\":\"Latino Dans St\u00fcdyosu\",\"url\":\"https:\/\/latinodans.com\/\",\"logo\":{\"@type\":\"ImageObject\",\"inLanguage\":\"tr\",\"@id\":\"https:\/\/latinodans.com\/#\/schema\/logo\/image\/\",\"url\":\"https:\/\/latinodans.com\/wp-content\/uploads\/2016\/11\/latinologo01.png\",\"contentUrl\":\"https:\/\/latinodans.com\/wp-content\/uploads\/2016\/11\/latinologo01.png\",\"width\":1767,\"height\":869,\"caption\":\"Latino Dans St\u00fcdyosu\"},\"image\":{\"@id\":\"https:\/\/latinodans.com\/#\/schema\/logo\/image\/\"},\"sameAs\":[\"https:\/\/www.facebook.com\/latinoankara\",\"https:\/\/x.com\/LatinoDans\",\"https:\/\/www.instagram.com\/latinodans\/\",\"https:\/\/tr.pinterest.com\/latinodans\"]}]}<\/script>\n<!-- \/ Yoast SEO plugin. -->","yoast_head_json":{"title":"Kizomba Kursu - Latino Dans St&uuml;dyosu","description":"Son y\u0131llar\u0131n en be\u011fenilen danslar\u0131ndan biridir Kizomba. Di\u011fer bir\u00e7ok e\u015fli sosyal latin dans\u0131nda oldu\u011fu gibi s\u00fcrekli geli\u015fmekte ve zenginle\u015fmektedir.","robots":{"index":"index","follow":"follow","max-snippet":"max-snippet:-1","max-image-preview":"max-image-preview:large","max-video-preview":"max-video-preview:-1"},"canonical":"https:\/\/latinodans.com\/tr\/kurslar\/kizomba\/","og_locale":"tr_TR","og_type":"article","og_title":"Kizomba Kursu - Latino Dans St&uuml;dyosu","og_description":"Son y\u0131llar\u0131n en be\u011fenilen danslar\u0131ndan biridir Kizomba. Di\u011fer bir\u00e7ok e\u015fli sosyal latin dans\u0131nda oldu\u011fu gibi s\u00fcrekli geli\u015fmekte ve zenginle\u015fmektedir.","og_url":"https:\/\/latinodans.com\/tr\/kurslar\/kizomba\/","og_site_name":"Latino Dans St&uuml;dyosu","article_publisher":"https:\/\/www.facebook.com\/latinoankara","article_modified_time":"2025-09-05T09:10:31+00:00","twitter_card":"summary_large_image","twitter_site":"@LatinoDans","twitter_misc":{"Tahmini okuma s\u00fcresi":"1 dakika"},"schema":{"@context":"https:\/\/schema.org","@graph":[{"@type":"WebPage","@id":"https:\/\/latinodans.com\/kurslar\/kizomba\/","url":"https:\/\/latinodans.com\/kurslar\/kizomba\/","name":"Kizomba Kursu - Latino Dans St&uuml;dyosu","isPartOf":{"@id":"https:\/\/latinodans.com\/#website"},"datePublished":"2016-11-30T14:33:38+00:00","dateModified":"2025-09-05T09:10:31+00:00","description":"Son y\u0131llar\u0131n en be\u011fenilen danslar\u0131ndan biridir Kizomba. Di\u011fer bir\u00e7ok e\u015fli sosyal latin dans\u0131nda oldu\u011fu gibi s\u00fcrekli geli\u015fmekte ve zenginle\u015fmektedir.","breadcrumb":{"@id":"https:\/\/latinodans.com\/kurslar\/kizomba\/#breadcrumb"},"inLanguage":"tr","potentialAction":[{"@type":"ReadAction","target":["https:\/\/latinodans.com\/kurslar\/kizomba\/"]}]},{"@type":"BreadcrumbList","@id":"https:\/\/latinodans.com\/kurslar\/kizomba\/#breadcrumb","itemListElement":[{"@type":"ListItem","position":1,"name":"Anasayfa","item":"https:\/\/latinodans.com\/"},{"@type":"ListItem","position":2,"name":"Dans Kurslar\u0131","item":"https:\/\/latinodans.com\/?page_id=616"},{"@type":"ListItem","position":3,"name":"Kizomba Kursu"}]},{"@type":"WebSite","@id":"https:\/\/latinodans.com\/#website","url":"https:\/\/latinodans.com\/","name":"Latino Dans St&uuml;dyosu","description":"&quot;Hayat\u0131n\u0131zda Bir Dans Aras\u0131 Verin&quot;","publisher":{"@id":"https:\/\/latinodans.com\/#organization"},"potentialAction":[{"@type":"SearchAction","target":{"@type":"EntryPoint","urlTemplate":"https:\/\/latinodans.com\/?s={search_term_string}"},"query-input":{"@type":"PropertyValueSpecification","valueRequired":true,"valueName":"search_term_string"}}],"inLanguage":"tr"},{"@type":"Organization","@id":"https:\/\/latinodans.com\/#organization","name":"Latino Dans St\u00fcdyosu","url":"https:\/\/latinodans.com\/","logo":{"@type":"ImageObject","inLanguage":"tr","@id":"https:\/\/latinodans.com\/#\/schema\/logo\/image\/","url":"https:\/\/latinodans.com\/wp-content\/uploads\/2016\/11\/latinologo01.png","contentUrl":"https:\/\/latinodans.com\/wp-content\/uploads\/2016\/11\/latinologo01.png","width":1767,"height":869,"caption":"Latino Dans St\u00fcdyosu"},"image":{"@id":"https:\/\/latinodans.com\/#\/schema\/logo\/image\/"},"sameAs":["https:\/\/www.facebook.com\/latinoankara","https:\/\/x.com\/LatinoDans","https:\/\/www.instagram.com\/latinodans\/","https:\/\/tr.pinterest.com\/latinodans"]}]}},"_links":{"self":[{"href":"https:\/\/latinodans.com\/tr\/wp-json\/wp\/v2\/pages\/867","targetHints":{"allow":["GET"]}}],"collection":[{"href":"https:\/\/latinodans.com\/tr\/wp-json\/wp\/v2\/pages"}],"about":[{"href":"https:\/\/latinodans.com\/tr\/wp-json\/wp\/v2\/types\/page"}],"author":[{"embeddable":true,"href":"https:\/\/latinodans.com\/tr\/wp-json\/wp\/v2\/users\/2"}],"replies":[{"embeddable":true,"href":"https:\/\/latinodans.com\/tr\/wp-json\/wp\/v2\/comments?post=867"}],"version-history":[{"count":3,"href":"https:\/\/latinodans.com\/tr\/wp-json\/wp\/v2\/pages\/867\/revisions"}],"predecessor-version":[{"id":12039,"href":"https:\/\/latinodans.com\/tr\/wp-json\/wp\/v2\/pages\/867\/revisions\/12039"}],"up":[{"embeddable":true,"href":"https:\/\/latinodans.com\/tr\/wp-json\/wp\/v2\/pages\/616"}],"wp:attachment":[{"href":"https:\/\/latinodans.com\/tr\/wp-json\/wp\/v2\/media?parent=867"}],"curies":[{"name":"wp","href":"https:\/\/api.w.org\/{rel}","templated":true}]}}