{"id":865,"date":"2016-11-30T16:33:03","date_gmt":"2016-11-30T14:33:03","guid":{"rendered":"http:\/\/www.latinodans.com\/?page_id=865"},"modified":"2025-09-05T12:09:20","modified_gmt":"2025-09-05T09:09:20","slug":"bachata","status":"publish","type":"page","link":"https:\/\/latinodans.com\/tr\/kurslar\/bachata\/","title":{"rendered":"Bachata"},"content":{"rendered":"\n<h1 class=\"wp-block-heading has-text-align-center\">BACHATA<\/h1>\n\n\n\n<div class=\"wp-block-coblocks-row alignwide coblocks-row-527164150713 mb-0 mt-0\" data-columns=\"1\" data-layout=\"100\"><div class=\"wp-block-coblocks-row__inner has-no-padding has-no-margin is-stacked-on-mobile has-medium-gutter\">\n<div class=\"wp-block-coblocks-column coblocks-column-527164152272\" style=\"width:100%\"><div class=\"wp-block-coblocks-column__inner has-no-padding has-no-margin\">\n<p>Latin dans kurslar\u0131 aras\u0131nda en sevilenlerinden biridir Bachata. Dominik Cumhuriyeti&#8217;ne ait romantik bir m\u00fczik ve dans t\u00fcr\u00fcd\u00fcr. Daha \u00e7ok gitar\u0131n \u00f6n planda oldu\u011fu bachata m\u00fczikleri vurmal\u0131 \u00e7alg\u0131lar (bongo, maracas, guiro) ve bas gitar e\u015fli\u011finde \u00fc\u00e7 veya d\u00f6rt gitarla \u00e7al\u0131n\u0131r. \u015eark\u0131 s\u00f6zleri her ne kadar arabesk ve duygusal olsa da, dans\u0131 bir o kadar k\u0131vrak ve e\u011flencelidir.<br>M\u00fczik 1960&#8217;larda ortaya \u00e7\u0131kmas\u0131na ra\u011fmen pop\u00fclerli\u011fini 1990lar itibari ile kazanm\u0131\u015ft\u0131r.<\/p>\n<\/div><\/div>\n<\/div><\/div>\n\n\n\n<div class=\"wp-block-coblocks-row alignwide coblocks-row-527164150713\" data-columns=\"1\" data-layout=\"100\"><div class=\"wp-block-coblocks-row__inner has-no-padding has-no-margin is-stacked-on-mobile has-medium-gutter\">\n<div class=\"wp-block-coblocks-column coblocks-column-527164152272\" style=\"width:100%\"><div class=\"wp-block-coblocks-column__inner has-no-padding has-no-margin\">\n<p style=\"font-size:18px\"><strong>Yeni a\u00e7\u0131lan s\u0131n\u0131flardan haberdar olmak i\u00e7in a\u015fa\u011f\u0131daki formu doldurunuz.<\/strong><\/p>\n\n\n\n\t\t<div class=\"coblocks-form\" id=\"a7d7d54c2e9ac02c20f21cd958dca96061e136d0\">\n\n\t\t\t\n\t\t\t<form action=\"https:\/\/latinodans.com\/tr\/kurslar\/bachata\/#a7d7d54c2e9ac02c20f21cd958dca96061e136d0\" method=\"post\">\n\t\t\t\t\n<div class=\"wp-block-coblocks-form\"><label class=\"coblocks-label\">Name <span class=\"required\">&#042;<\/span><\/label>\n\t\t<input type=\"hidden\" name=\"field-name[label]\" value=\"Name\">\n\n\t\t\t\t<input type=\"hidden\" id=\"name-field-id\" name=\"name-field-id\" class=\"coblocks-name-field-id\" value=\"field-name\" \/>\n\t\t\n\t\t<input type=\"text\" id=\"name\" name=\"field-name[value]\" class=\"coblocks-field coblocks-field--name\" required \/>\n\n\t\t\n\n<label class=\"coblocks-label\">Email <span class=\"required\">&#042;<\/span><\/label>\n\t\t<input type=\"hidden\" name=\"field-email[label]\" value=\"Email\">\n\n\t\t\n\t\t<input type=\"hidden\" id=\"email-field-id\" name=\"email-field-id\" class=\"coblocks-email-field-id\" value=\"field-email\" \/>\n\t\t<input type=\"email\" id=\"email\" aria-label=\"Email\" name=\"field-email[value]\" class=\"coblocks-field coblocks-field--email\" required \/>\n\n\t\t\n\n<label class=\"coblocks-label\">Tercih etti\u011finiz \u015fubemiz <span class=\"required\">&#042;<\/span><\/label>\n\t\t<input type=\"hidden\" name=\"field-tercih-ettiginiz-subemiz[label]\" value=\"Tercih etti\u011finiz \u015fubemiz\">\n\n\t\t<select class=\"select coblocks-field\" name=\"field-tercih-ettiginiz-subemiz[value]\"><option value=\"Kavakl\u0131dere (Tunal\u0131-Tunus Cad.)\">Kavakl\u0131dere (Tunal\u0131-Tunus Cad.)<\/option><option value=\"\u00dcmitk\u00f6y\">\u00dcmitk\u00f6y<\/option><\/select>\n\n<label class=\"coblocks-label\">Phone <span class=\"required\">&#042;<\/span><\/label>\n\t\t<input type=\"hidden\" name=\"field-phone[label]\" value=\"Phone\">\n\n\t\t\n\t\t<input type=\"tel\" id=\"phone\" name=\"field-phone[value]\" class=\"coblocks-field coblocks-field--telephone\" required \/>\n\n\t\t\n\n\n\t\t<div class=\"coblocks-form__submit wp-block-button\">\n\t\t\t<button type=\"submit\" class=\"wp-block-button__link is-style-fill\" style=\"\">Yeni S\u0131n\u0131f A\u00e7\u0131l\u0131nca Haber Ver<\/button>\n\t\t\t<input type=\"hidden\" id=\"form-submit\" name=\"form-submit\" value=\"9fc28adec8\" \/><input type=\"hidden\" name=\"_wp_http_referer\" value=\"\/tr\/wp-json\/wp\/v2\/pages\/865\" \/>\t\t\t<input type=\"hidden\" name=\"action\" value=\"coblocks-form-submit\">\n\n\t\t\t\t\t<\/div>\n\n\t\t<\/div>\n\t\t\t\t<input class=\"coblocks-field verify\" aria-label=\"Enter your email address to verify\" type=\"email\" name=\"coblocks-verify-email\" autocomplete=\"off\" placeholder=\"E-posta\" tabindex=\"-1\">\n\t\t\t\t<input type=\"hidden\" name=\"form-hash\" value=\"a7d7d54c2e9ac02c20f21cd958dca96061e136d0\">\n\n\t\t\t\t\t\t\t<\/form>\n\n\t\t<\/div>\n\n\t\t<\/div><\/div>\n<\/div><\/div>\n\n\n\n<div class=\"wp-block-coblocks-row alignwide coblocks-row-527164553998\" data-columns=\"2\" data-layout=\"50-50\"><div class=\"wp-block-coblocks-row__inner has-no-padding has-no-margin is-stacked-on-mobile has-medium-gutter\">\n<div class=\"wp-block-coblocks-column coblocks-column-52716455587\" style=\"width:50%\"><div class=\"wp-block-coblocks-column__inner has-no-padding has-no-margin\">\n<figure class=\"wp-block-embed is-type-video is-provider-youtube wp-block-embed-youtube wp-embed-aspect-16-9 wp-has-aspect-ratio\"><div class=\"wp-block-embed__wrapper\">\n<iframe loading=\"lazy\" title=\"Bachata Dance - CALYPSO(Bachata Remix) | Latino Dans St\u00fcdyosu\" width=\"660\" height=\"371\" src=\"https:\/\/www.youtube.com\/embed\/pZgvWqWNStA?list=PL4TtG2DhhVI1IfnAsSsyK0wa5VjIORkb5\" frameborder=\"0\" allow=\"accelerometer; autoplay; clipboard-write; encrypted-media; gyroscope; picture-in-picture; web-share\" referrerpolicy=\"strict-origin-when-cross-origin\" allowfullscreen><\/iframe>\n<\/div><\/figure>\n<\/div><\/div>\n\n\n\n<div class=\"wp-block-coblocks-column coblocks-column-52716455589\" style=\"width:50%\"><div class=\"wp-block-coblocks-column__inner has-no-padding has-no-margin\">\n<figure class=\"wp-block-embed is-type-video is-provider-youtube wp-block-embed-youtube wp-embed-aspect-16-9 wp-has-aspect-ratio\"><div class=\"wp-block-embed__wrapper\">\n<iframe loading=\"lazy\" title=\"Bachata G\u00f6sterisi | &quot;1283&quot; LAT\u0130NO B\u00dcY\u00dcK G\u00d6STER\u0130S\u0130 2016\" width=\"660\" height=\"371\" src=\"https:\/\/www.youtube.com\/embed\/KtroCFZ3-l0?list=PL4TtG2DhhVI1IfnAsSsyK0wa5VjIORkb5\" frameborder=\"0\" allow=\"accelerometer; autoplay; clipboard-write; encrypted-media; gyroscope; picture-in-picture; web-share\" referrerpolicy=\"strict-origin-when-cross-origin\" allowfullscreen><\/iframe>\n<\/div><\/figure>\n<\/div><\/div>\n<\/div><\/div>\n","protected":false},"excerpt":{"rendered":"<p>BACHATA<\/p>","protected":false},"author":2,"featured_media":0,"parent":616,"menu_order":0,"comment_status":"closed","ping_status":"closed","template":"","meta":{"_coblocks_attr":"","_coblocks_dimensions":"","_coblocks_responsive_height":"","_coblocks_accordion_ie_support":"","hide_page_title":"","footnotes":""},"class_list":["post-865","page","type-page","status-publish","hentry"],"yoast_head":"<!-- This site is optimized with the Yoast SEO plugin v24.3 - https:\/\/yoast.com\/wordpress\/plugins\/seo\/ -->\n<title>Bachata - Latino Dans St&uuml;dyosu - Kavakl\u0131dere &amp; \u00dcmitk\u00f6y<\/title>\n<meta name=\"description\" content=\"Latin dans kurslar\u0131 aras\u0131nda en sevilenlerinden biridir Bachata. Dominik Cumhuriyeti\u2019ne ait romantik bir m\u00fczik ve dans t\u00fcr\u00fcd\u00fcr.\" \/>\n<meta name=\"robots\" content=\"index, follow, max-snippet:-1, max-image-preview:large, max-video-preview:-1\" \/>\n<link rel=\"canonical\" href=\"https:\/\/latinodans.com\/tr\/kurslar\/bachata\/\" \/>\n<meta property=\"og:locale\" content=\"tr_TR\" \/>\n<meta property=\"og:type\" content=\"article\" \/>\n<meta property=\"og:title\" content=\"Bachata - Latino Dans St&uuml;dyosu - Kavakl\u0131dere &amp; \u00dcmitk\u00f6y\" \/>\n<meta property=\"og:description\" content=\"Latin dans kurslar\u0131 aras\u0131nda en sevilenlerinden biridir Bachata. Dominik Cumhuriyeti\u2019ne ait romantik bir m\u00fczik ve dans t\u00fcr\u00fcd\u00fcr.\" \/>\n<meta property=\"og:url\" content=\"https:\/\/latinodans.com\/tr\/kurslar\/bachata\/\" \/>\n<meta property=\"og:site_name\" content=\"Latino Dans St&uuml;dyosu\" \/>\n<meta property=\"article:publisher\" content=\"https:\/\/www.facebook.com\/latinoankara\" \/>\n<meta property=\"article:modified_time\" content=\"2025-09-05T09:09:20+00:00\" \/>\n<meta name=\"twitter:card\" content=\"summary_large_image\" \/>\n<meta name=\"twitter:site\" content=\"@LatinoDans\" \/>\n<meta name=\"twitter:label1\" content=\"Tahmini okuma s\u00fcresi\" \/>\n\t<meta name=\"twitter:data1\" content=\"1 dakika\" \/>\n<script type=\"application\/ld+json\" class=\"yoast-schema-graph\">{\"@context\":\"https:\/\/schema.org\",\"@graph\":[{\"@type\":\"WebPage\",\"@id\":\"https:\/\/latinodans.com\/kurslar\/bachata\/\",\"url\":\"https:\/\/latinodans.com\/kurslar\/bachata\/\",\"name\":\"Bachata - Latino Dans St&uuml;dyosu - Kavakl\u0131dere & \u00dcmitk\u00f6y\",\"isPartOf\":{\"@id\":\"https:\/\/latinodans.com\/#website\"},\"datePublished\":\"2016-11-30T14:33:03+00:00\",\"dateModified\":\"2025-09-05T09:09:20+00:00\",\"description\":\"Latin dans kurslar\u0131 aras\u0131nda en sevilenlerinden biridir Bachata. Dominik Cumhuriyeti\u2019ne ait romantik bir m\u00fczik ve dans t\u00fcr\u00fcd\u00fcr.\",\"breadcrumb\":{\"@id\":\"https:\/\/latinodans.com\/kurslar\/bachata\/#breadcrumb\"},\"inLanguage\":\"tr\",\"potentialAction\":[{\"@type\":\"ReadAction\",\"target\":[\"https:\/\/latinodans.com\/kurslar\/bachata\/\"]}]},{\"@type\":\"BreadcrumbList\",\"@id\":\"https:\/\/latinodans.com\/kurslar\/bachata\/#breadcrumb\",\"itemListElement\":[{\"@type\":\"ListItem\",\"position\":1,\"name\":\"Anasayfa\",\"item\":\"https:\/\/latinodans.com\/\"},{\"@type\":\"ListItem\",\"position\":2,\"name\":\"Dans Kurslar\u0131\",\"item\":\"https:\/\/latinodans.com\/?page_id=616\"},{\"@type\":\"ListItem\",\"position\":3,\"name\":\"Bachata\"}]},{\"@type\":\"WebSite\",\"@id\":\"https:\/\/latinodans.com\/#website\",\"url\":\"https:\/\/latinodans.com\/\",\"name\":\"Latino Dans St&uuml;dyosu\",\"description\":\"&quot;Hayat\u0131n\u0131zda Bir Dans Aras\u0131 Verin&quot;\",\"publisher\":{\"@id\":\"https:\/\/latinodans.com\/#organization\"},\"potentialAction\":[{\"@type\":\"SearchAction\",\"target\":{\"@type\":\"EntryPoint\",\"urlTemplate\":\"https:\/\/latinodans.com\/?s={search_term_string}\"},\"query-input\":{\"@type\":\"PropertyValueSpecification\",\"valueRequired\":true,\"valueName\":\"search_term_string\"}}],\"inLanguage\":\"tr\"},{\"@type\":\"Organization\",\"@id\":\"https:\/\/latinodans.com\/#organization\",\"name\":\"Latino Dans St\u00fcdyosu\",\"url\":\"https:\/\/latinodans.com\/\",\"logo\":{\"@type\":\"ImageObject\",\"inLanguage\":\"tr\",\"@id\":\"https:\/\/latinodans.com\/#\/schema\/logo\/image\/\",\"url\":\"https:\/\/latinodans.com\/wp-content\/uploads\/2016\/11\/latinologo01.png\",\"contentUrl\":\"https:\/\/latinodans.com\/wp-content\/uploads\/2016\/11\/latinologo01.png\",\"width\":1767,\"height\":869,\"caption\":\"Latino Dans St\u00fcdyosu\"},\"image\":{\"@id\":\"https:\/\/latinodans.com\/#\/schema\/logo\/image\/\"},\"sameAs\":[\"https:\/\/www.facebook.com\/latinoankara\",\"https:\/\/x.com\/LatinoDans\",\"https:\/\/www.instagram.com\/latinodans\/\",\"https:\/\/tr.pinterest.com\/latinodans\"]}]}<\/script>\n<!-- \/ Yoast SEO plugin. -->","yoast_head_json":{"title":"Bachata - Latino Dans St&uuml;dyosu - Kavakl\u0131dere & \u00dcmitk\u00f6y","description":"Latin dans kurslar\u0131 aras\u0131nda en sevilenlerinden biridir Bachata. Dominik Cumhuriyeti\u2019ne ait romantik bir m\u00fczik ve dans t\u00fcr\u00fcd\u00fcr.","robots":{"index":"index","follow":"follow","max-snippet":"max-snippet:-1","max-image-preview":"max-image-preview:large","max-video-preview":"max-video-preview:-1"},"canonical":"https:\/\/latinodans.com\/tr\/kurslar\/bachata\/","og_locale":"tr_TR","og_type":"article","og_title":"Bachata - Latino Dans St&uuml;dyosu - Kavakl\u0131dere & \u00dcmitk\u00f6y","og_description":"Latin dans kurslar\u0131 aras\u0131nda en sevilenlerinden biridir Bachata. Dominik Cumhuriyeti\u2019ne ait romantik bir m\u00fczik ve dans t\u00fcr\u00fcd\u00fcr.","og_url":"https:\/\/latinodans.com\/tr\/kurslar\/bachata\/","og_site_name":"Latino Dans St&uuml;dyosu","article_publisher":"https:\/\/www.facebook.com\/latinoankara","article_modified_time":"2025-09-05T09:09:20+00:00","twitter_card":"summary_large_image","twitter_site":"@LatinoDans","twitter_misc":{"Tahmini okuma s\u00fcresi":"1 dakika"},"schema":{"@context":"https:\/\/schema.org","@graph":[{"@type":"WebPage","@id":"https:\/\/latinodans.com\/kurslar\/bachata\/","url":"https:\/\/latinodans.com\/kurslar\/bachata\/","name":"Bachata - Latino Dans St&uuml;dyosu - Kavakl\u0131dere & \u00dcmitk\u00f6y","isPartOf":{"@id":"https:\/\/latinodans.com\/#website"},"datePublished":"2016-11-30T14:33:03+00:00","dateModified":"2025-09-05T09:09:20+00:00","description":"Latin dans kurslar\u0131 aras\u0131nda en sevilenlerinden biridir Bachata. Dominik Cumhuriyeti\u2019ne ait romantik bir m\u00fczik ve dans t\u00fcr\u00fcd\u00fcr.","breadcrumb":{"@id":"https:\/\/latinodans.com\/kurslar\/bachata\/#breadcrumb"},"inLanguage":"tr","potentialAction":[{"@type":"ReadAction","target":["https:\/\/latinodans.com\/kurslar\/bachata\/"]}]},{"@type":"BreadcrumbList","@id":"https:\/\/latinodans.com\/kurslar\/bachata\/#breadcrumb","itemListElement":[{"@type":"ListItem","position":1,"name":"Anasayfa","item":"https:\/\/latinodans.com\/"},{"@type":"ListItem","position":2,"name":"Dans Kurslar\u0131","item":"https:\/\/latinodans.com\/?page_id=616"},{"@type":"ListItem","position":3,"name":"Bachata"}]},{"@type":"WebSite","@id":"https:\/\/latinodans.com\/#website","url":"https:\/\/latinodans.com\/","name":"Latino Dans St&uuml;dyosu","description":"&quot;Hayat\u0131n\u0131zda Bir Dans Aras\u0131 Verin&quot;","publisher":{"@id":"https:\/\/latinodans.com\/#organization"},"potentialAction":[{"@type":"SearchAction","target":{"@type":"EntryPoint","urlTemplate":"https:\/\/latinodans.com\/?s={search_term_string}"},"query-input":{"@type":"PropertyValueSpecification","valueRequired":true,"valueName":"search_term_string"}}],"inLanguage":"tr"},{"@type":"Organization","@id":"https:\/\/latinodans.com\/#organization","name":"Latino Dans St\u00fcdyosu","url":"https:\/\/latinodans.com\/","logo":{"@type":"ImageObject","inLanguage":"tr","@id":"https:\/\/latinodans.com\/#\/schema\/logo\/image\/","url":"https:\/\/latinodans.com\/wp-content\/uploads\/2016\/11\/latinologo01.png","contentUrl":"https:\/\/latinodans.com\/wp-content\/uploads\/2016\/11\/latinologo01.png","width":1767,"height":869,"caption":"Latino Dans St\u00fcdyosu"},"image":{"@id":"https:\/\/latinodans.com\/#\/schema\/logo\/image\/"},"sameAs":["https:\/\/www.facebook.com\/latinoankara","https:\/\/x.com\/LatinoDans","https:\/\/www.instagram.com\/latinodans\/","https:\/\/tr.pinterest.com\/latinodans"]}]}},"_links":{"self":[{"href":"https:\/\/latinodans.com\/tr\/wp-json\/wp\/v2\/pages\/865","targetHints":{"allow":["GET"]}}],"collection":[{"href":"https:\/\/latinodans.com\/tr\/wp-json\/wp\/v2\/pages"}],"about":[{"href":"https:\/\/latinodans.com\/tr\/wp-json\/wp\/v2\/types\/page"}],"author":[{"embeddable":true,"href":"https:\/\/latinodans.com\/tr\/wp-json\/wp\/v2\/users\/2"}],"replies":[{"embeddable":true,"href":"https:\/\/latinodans.com\/tr\/wp-json\/wp\/v2\/comments?post=865"}],"version-history":[{"count":7,"href":"https:\/\/latinodans.com\/tr\/wp-json\/wp\/v2\/pages\/865\/revisions"}],"predecessor-version":[{"id":12038,"href":"https:\/\/latinodans.com\/tr\/wp-json\/wp\/v2\/pages\/865\/revisions\/12038"}],"up":[{"embeddable":true,"href":"https:\/\/latinodans.com\/tr\/wp-json\/wp\/v2\/pages\/616"}],"wp:attachment":[{"href":"https:\/\/latinodans.com\/tr\/wp-json\/wp\/v2\/media?parent=865"}],"curies":[{"name":"wp","href":"https:\/\/api.w.org\/{rel}","templated":true}]}}