{"id":8642,"date":"2017-04-14T11:32:19","date_gmt":"2017-04-14T08:32:19","guid":{"rendered":"http:\/\/www.latinodans.com\/?page_id=8642"},"modified":"2021-06-27T23:05:55","modified_gmt":"2021-06-27T20:05:55","slug":"zeybek","status":"publish","type":"page","link":"https:\/\/latinodans.com\/tr\/kurslar\/zeybek\/","title":{"rendered":"Zeybek"},"content":{"rendered":"<div class=\"wp-block-coblocks-row alignwide coblocks-row-516115116191 mb-0 mt-0\" data-columns=\"1\" data-layout=\"100\"><div class=\"wp-block-coblocks-row__inner has-no-padding has-no-margin is-stacked-on-mobile has-medium-gutter\">\n<div class=\"wp-block-coblocks-column coblocks-column-516115123854\" style=\"width:100%\"><div class=\"wp-block-coblocks-column__inner has-no-padding has-no-margin\">\n<h1 class=\"has-text-align-center wp-block-heading\">ZEYBEK<\/h1>\n\n\n\n<p>Zeybeklik son d\u00f6nemlerde pop\u00fcler bir nostaljik \u00f6\u011fe haline gelmi\u015f,as\u0131l k\u00f6keni 16.yy sonlar\u0131na dayanan ilk olarak da Anadolu Sel\u00e7uklular\u0131nda rastlanan bir terimdir.<br>Efeler de,yenilgilerle bozulmaya y\u00fcz tutan merkezi idarelerin y\u00f6netimlerine kar\u015f\u0131 isyanc\u0131lar\u0131n \u00e7\u0131\u011f gibi b\u00fcy\u00fcmesiyle ortaya \u00e7\u0131kan ve en \u00e7ok da varl\u0131\u011f\u0131n\u0131 Ayd\u0131n ilinde hissettiren bir \u00e7e\u015fit haks\u0131zl\u0131\u011fa kar\u015f\u0131 \u00e7\u0131kan g\u00f6nl\u00fc tok e\u015fk\u0131yalar olarak tarihin bir\u00e7ok safhas\u0131nda devletle i\u015fbirli\u011fi yapm\u0131\u015f,kurtulu\u015f m\u00fccadelelerinde etkin rol oynam\u0131\u015f olan ki\u015filer olarak nitelendirilebilir.<br>G\u00fcn\u00fcm\u00fczde halen \u00e7e\u015fitli y\u00f6relerimizde insan\u0131 derinden etkileyen m\u00fcziklerimiz e\u015fli\u011finde,k\u00fclt\u00fcr\u00fcm\u00fcz\u00fcn devaml\u0131l\u0131\u011f\u0131n\u0131 ya\u015fatmak ad\u0131na yar\u0131\u015fma ve g\u00f6steriler de d\u00fczenlenerek varl\u0131\u011f\u0131n\u0131 etkin bir \u015fekilde g\u00f6steren, k\u00fclt\u00fcr\u00fcm\u00fcz\u00fcn vazge\u00e7ilmez bir unsurudur..<\/p>\n<\/div><\/div>\n<\/div><\/div>\n\n\n\n<div class=\"wp-block-coblocks-row alignwide coblocks-row-52723433393\" data-columns=\"2\" data-layout=\"50-50\"><div class=\"wp-block-coblocks-row__inner has-no-padding has-no-margin is-stacked-on-mobile has-medium-gutter\">\n<div class=\"wp-block-coblocks-column coblocks-column-52723435593\" style=\"width:50%\"><div class=\"wp-block-coblocks-column__inner has-no-padding has-no-margin\">\n<figure class=\"wp-block-embed is-type-video is-provider-youtube wp-block-embed-youtube wp-embed-aspect-16-9 wp-has-aspect-ratio\"><div class=\"wp-block-embed__wrapper\">\n<iframe loading=\"lazy\" title=\"ZEYBEK - Latino Dans St\u00fcdyosu 2015 Y\u0131lsonu G\u00f6sterisi\" width=\"660\" height=\"371\" src=\"https:\/\/www.youtube.com\/embed\/79KCGY0RNew?feature=oembed\" frameborder=\"0\" allow=\"accelerometer; autoplay; clipboard-write; encrypted-media; gyroscope; picture-in-picture; web-share\" referrerpolicy=\"strict-origin-when-cross-origin\" allowfullscreen><\/iframe>\n<\/div><\/figure>\n\n\n\n<figure class=\"wp-block-embed is-type-video is-provider-youtube wp-block-embed-youtube wp-embed-aspect-16-9 wp-has-aspect-ratio\"><div class=\"wp-block-embed__wrapper\">\n<iframe loading=\"lazy\" title=\"Damat ve Arkada\u015flar\u0131ndan D\u00fc\u011f\u00fcnde Zeybek G\u00f6sterisi | Latino Dans St\u00fcdyosu\" width=\"660\" height=\"371\" src=\"https:\/\/www.youtube.com\/embed\/odFTfrhlFlw?start=69&#038;feature=oembed\" frameborder=\"0\" allow=\"accelerometer; autoplay; clipboard-write; encrypted-media; gyroscope; picture-in-picture; web-share\" referrerpolicy=\"strict-origin-when-cross-origin\" allowfullscreen><\/iframe>\n<\/div><\/figure>\n<\/div><\/div>\n\n\n\n<div class=\"wp-block-coblocks-column coblocks-column-52723435597\" style=\"width:50%\"><div class=\"wp-block-coblocks-column__inner has-no-padding has-no-margin\">\n<figure class=\"wp-block-embed is-type-video is-provider-youtube wp-block-embed-youtube wp-embed-aspect-16-9 wp-has-aspect-ratio\"><div class=\"wp-block-embed__wrapper\">\n<iframe loading=\"lazy\" title=\"Halk Danslar\u0131 G\u00f6sterisi | &quot;O ZAMAN DANS&quot; 2017 Latino B\u00fcy\u00fck G\u00f6sterisi ZEYBEK\" width=\"660\" height=\"371\" src=\"https:\/\/www.youtube.com\/embed\/NT4-4npwS3s?feature=oembed\" frameborder=\"0\" allow=\"accelerometer; autoplay; clipboard-write; encrypted-media; gyroscope; picture-in-picture; web-share\" referrerpolicy=\"strict-origin-when-cross-origin\" allowfullscreen><\/iframe>\n<\/div><\/figure>\n\n\n\n<figure class=\"wp-block-embed is-type-video is-provider-youtube wp-block-embed-youtube wp-embed-aspect-16-9 wp-has-aspect-ratio\"><div class=\"wp-block-embed__wrapper\">\n<iframe loading=\"lazy\" title=\"Damat ve Arkada\u015flar\u0131ndan Muhte\u015fem Zeybek G\u00f6sterisi I Gerizlerba\u015f\u0131 Zeybek I Damat Zeybe\u011fi\" width=\"660\" height=\"371\" src=\"https:\/\/www.youtube.com\/embed\/dI-u799W_kw?start=8&#038;feature=oembed\" frameborder=\"0\" allow=\"accelerometer; autoplay; clipboard-write; encrypted-media; gyroscope; picture-in-picture; web-share\" referrerpolicy=\"strict-origin-when-cross-origin\" allowfullscreen><\/iframe>\n<\/div><\/figure>\n<\/div><\/div>\n<\/div><\/div>","protected":false},"excerpt":{"rendered":"","protected":false},"author":2,"featured_media":0,"parent":616,"menu_order":0,"comment_status":"closed","ping_status":"closed","template":"","meta":{"_coblocks_attr":"","_coblocks_dimensions":"","_coblocks_responsive_height":"","_coblocks_accordion_ie_support":"","hide_page_title":"","footnotes":""},"class_list":["post-8642","page","type-page","status-publish","hentry"],"yoast_head":"<!-- This site is optimized with the Yoast SEO plugin v24.3 - https:\/\/yoast.com\/wordpress\/plugins\/seo\/ -->\n<title>Zeybek - Latino Dans St&uuml;dyosu - Kavakl\u0131dere &amp; \u00dcmitk\u00f6y<\/title>\n<meta name=\"description\" content=\"Zeybeklik son d\u00f6nemlerde pop\u00fcler bir nostaljik \u00f6\u011fe haline gelmi\u015f, k\u00f6keni 16.yy sonlar\u0131na dayanan ilk olarak Anadolu Sel\u00e7uklular\u0131nda rastlanan bir terimdir.\" \/>\n<meta name=\"robots\" content=\"index, follow, max-snippet:-1, max-image-preview:large, max-video-preview:-1\" \/>\n<link rel=\"canonical\" href=\"https:\/\/latinodans.com\/tr\/kurslar\/zeybek\/\" \/>\n<meta property=\"og:locale\" content=\"tr_TR\" \/>\n<meta property=\"og:type\" content=\"article\" \/>\n<meta property=\"og:title\" content=\"Zeybek - Latino Dans St&uuml;dyosu - Kavakl\u0131dere &amp; \u00dcmitk\u00f6y\" \/>\n<meta property=\"og:description\" content=\"Zeybeklik son d\u00f6nemlerde pop\u00fcler bir nostaljik \u00f6\u011fe haline gelmi\u015f, k\u00f6keni 16.yy sonlar\u0131na dayanan ilk olarak Anadolu Sel\u00e7uklular\u0131nda rastlanan bir terimdir.\" \/>\n<meta property=\"og:url\" content=\"https:\/\/latinodans.com\/tr\/kurslar\/zeybek\/\" \/>\n<meta property=\"og:site_name\" content=\"Latino Dans St&uuml;dyosu\" \/>\n<meta property=\"article:publisher\" content=\"https:\/\/www.facebook.com\/latinoankara\" \/>\n<meta property=\"article:modified_time\" content=\"2021-06-27T20:05:55+00:00\" \/>\n<meta name=\"twitter:card\" content=\"summary_large_image\" \/>\n<meta name=\"twitter:site\" content=\"@LatinoDans\" \/>\n<meta name=\"twitter:label1\" content=\"Tahmini okuma s\u00fcresi\" \/>\n\t<meta name=\"twitter:data1\" content=\"1 dakika\" \/>\n<script type=\"application\/ld+json\" class=\"yoast-schema-graph\">{\"@context\":\"https:\/\/schema.org\",\"@graph\":[{\"@type\":\"WebPage\",\"@id\":\"https:\/\/latinodans.com\/kurslar\/zeybek\/\",\"url\":\"https:\/\/latinodans.com\/kurslar\/zeybek\/\",\"name\":\"Zeybek - Latino Dans St&uuml;dyosu - Kavakl\u0131dere & \u00dcmitk\u00f6y\",\"isPartOf\":{\"@id\":\"https:\/\/latinodans.com\/#website\"},\"datePublished\":\"2017-04-14T08:32:19+00:00\",\"dateModified\":\"2021-06-27T20:05:55+00:00\",\"description\":\"Zeybeklik son d\u00f6nemlerde pop\u00fcler bir nostaljik \u00f6\u011fe haline gelmi\u015f, k\u00f6keni 16.yy sonlar\u0131na dayanan ilk olarak Anadolu Sel\u00e7uklular\u0131nda rastlanan bir terimdir.\",\"breadcrumb\":{\"@id\":\"https:\/\/latinodans.com\/kurslar\/zeybek\/#breadcrumb\"},\"inLanguage\":\"tr\",\"potentialAction\":[{\"@type\":\"ReadAction\",\"target\":[\"https:\/\/latinodans.com\/kurslar\/zeybek\/\"]}]},{\"@type\":\"BreadcrumbList\",\"@id\":\"https:\/\/latinodans.com\/kurslar\/zeybek\/#breadcrumb\",\"itemListElement\":[{\"@type\":\"ListItem\",\"position\":1,\"name\":\"Anasayfa\",\"item\":\"https:\/\/latinodans.com\/\"},{\"@type\":\"ListItem\",\"position\":2,\"name\":\"Dans Kurslar\u0131\",\"item\":\"https:\/\/latinodans.com\/?page_id=616\"},{\"@type\":\"ListItem\",\"position\":3,\"name\":\"Zeybek\"}]},{\"@type\":\"WebSite\",\"@id\":\"https:\/\/latinodans.com\/#website\",\"url\":\"https:\/\/latinodans.com\/\",\"name\":\"Latino Dans St&uuml;dyosu\",\"description\":\"&quot;Hayat\u0131n\u0131zda Bir Dans Aras\u0131 Verin&quot;\",\"publisher\":{\"@id\":\"https:\/\/latinodans.com\/#organization\"},\"potentialAction\":[{\"@type\":\"SearchAction\",\"target\":{\"@type\":\"EntryPoint\",\"urlTemplate\":\"https:\/\/latinodans.com\/?s={search_term_string}\"},\"query-input\":{\"@type\":\"PropertyValueSpecification\",\"valueRequired\":true,\"valueName\":\"search_term_string\"}}],\"inLanguage\":\"tr\"},{\"@type\":\"Organization\",\"@id\":\"https:\/\/latinodans.com\/#organization\",\"name\":\"Latino Dans St\u00fcdyosu\",\"url\":\"https:\/\/latinodans.com\/\",\"logo\":{\"@type\":\"ImageObject\",\"inLanguage\":\"tr\",\"@id\":\"https:\/\/latinodans.com\/#\/schema\/logo\/image\/\",\"url\":\"https:\/\/latinodans.com\/wp-content\/uploads\/2016\/11\/latinologo01.png\",\"contentUrl\":\"https:\/\/latinodans.com\/wp-content\/uploads\/2016\/11\/latinologo01.png\",\"width\":1767,\"height\":869,\"caption\":\"Latino Dans St\u00fcdyosu\"},\"image\":{\"@id\":\"https:\/\/latinodans.com\/#\/schema\/logo\/image\/\"},\"sameAs\":[\"https:\/\/www.facebook.com\/latinoankara\",\"https:\/\/x.com\/LatinoDans\",\"https:\/\/www.instagram.com\/latinodans\/\",\"https:\/\/tr.pinterest.com\/latinodans\"]}]}<\/script>\n<!-- \/ Yoast SEO plugin. -->","yoast_head_json":{"title":"Zeybek - Latino Dans St&uuml;dyosu - Kavakl\u0131dere & \u00dcmitk\u00f6y","description":"Zeybeklik son d\u00f6nemlerde pop\u00fcler bir nostaljik \u00f6\u011fe haline gelmi\u015f, k\u00f6keni 16.yy sonlar\u0131na dayanan ilk olarak Anadolu Sel\u00e7uklular\u0131nda rastlanan bir terimdir.","robots":{"index":"index","follow":"follow","max-snippet":"max-snippet:-1","max-image-preview":"max-image-preview:large","max-video-preview":"max-video-preview:-1"},"canonical":"https:\/\/latinodans.com\/tr\/kurslar\/zeybek\/","og_locale":"tr_TR","og_type":"article","og_title":"Zeybek - Latino Dans St&uuml;dyosu - Kavakl\u0131dere & \u00dcmitk\u00f6y","og_description":"Zeybeklik son d\u00f6nemlerde pop\u00fcler bir nostaljik \u00f6\u011fe haline gelmi\u015f, k\u00f6keni 16.yy sonlar\u0131na dayanan ilk olarak Anadolu Sel\u00e7uklular\u0131nda rastlanan bir terimdir.","og_url":"https:\/\/latinodans.com\/tr\/kurslar\/zeybek\/","og_site_name":"Latino Dans St&uuml;dyosu","article_publisher":"https:\/\/www.facebook.com\/latinoankara","article_modified_time":"2021-06-27T20:05:55+00:00","twitter_card":"summary_large_image","twitter_site":"@LatinoDans","twitter_misc":{"Tahmini okuma s\u00fcresi":"1 dakika"},"schema":{"@context":"https:\/\/schema.org","@graph":[{"@type":"WebPage","@id":"https:\/\/latinodans.com\/kurslar\/zeybek\/","url":"https:\/\/latinodans.com\/kurslar\/zeybek\/","name":"Zeybek - Latino Dans St&uuml;dyosu - Kavakl\u0131dere & \u00dcmitk\u00f6y","isPartOf":{"@id":"https:\/\/latinodans.com\/#website"},"datePublished":"2017-04-14T08:32:19+00:00","dateModified":"2021-06-27T20:05:55+00:00","description":"Zeybeklik son d\u00f6nemlerde pop\u00fcler bir nostaljik \u00f6\u011fe haline gelmi\u015f, k\u00f6keni 16.yy sonlar\u0131na dayanan ilk olarak Anadolu Sel\u00e7uklular\u0131nda rastlanan bir terimdir.","breadcrumb":{"@id":"https:\/\/latinodans.com\/kurslar\/zeybek\/#breadcrumb"},"inLanguage":"tr","potentialAction":[{"@type":"ReadAction","target":["https:\/\/latinodans.com\/kurslar\/zeybek\/"]}]},{"@type":"BreadcrumbList","@id":"https:\/\/latinodans.com\/kurslar\/zeybek\/#breadcrumb","itemListElement":[{"@type":"ListItem","position":1,"name":"Anasayfa","item":"https:\/\/latinodans.com\/"},{"@type":"ListItem","position":2,"name":"Dans Kurslar\u0131","item":"https:\/\/latinodans.com\/?page_id=616"},{"@type":"ListItem","position":3,"name":"Zeybek"}]},{"@type":"WebSite","@id":"https:\/\/latinodans.com\/#website","url":"https:\/\/latinodans.com\/","name":"Latino Dans St&uuml;dyosu","description":"&quot;Hayat\u0131n\u0131zda Bir Dans Aras\u0131 Verin&quot;","publisher":{"@id":"https:\/\/latinodans.com\/#organization"},"potentialAction":[{"@type":"SearchAction","target":{"@type":"EntryPoint","urlTemplate":"https:\/\/latinodans.com\/?s={search_term_string}"},"query-input":{"@type":"PropertyValueSpecification","valueRequired":true,"valueName":"search_term_string"}}],"inLanguage":"tr"},{"@type":"Organization","@id":"https:\/\/latinodans.com\/#organization","name":"Latino Dans St\u00fcdyosu","url":"https:\/\/latinodans.com\/","logo":{"@type":"ImageObject","inLanguage":"tr","@id":"https:\/\/latinodans.com\/#\/schema\/logo\/image\/","url":"https:\/\/latinodans.com\/wp-content\/uploads\/2016\/11\/latinologo01.png","contentUrl":"https:\/\/latinodans.com\/wp-content\/uploads\/2016\/11\/latinologo01.png","width":1767,"height":869,"caption":"Latino Dans St\u00fcdyosu"},"image":{"@id":"https:\/\/latinodans.com\/#\/schema\/logo\/image\/"},"sameAs":["https:\/\/www.facebook.com\/latinoankara","https:\/\/x.com\/LatinoDans","https:\/\/www.instagram.com\/latinodans\/","https:\/\/tr.pinterest.com\/latinodans"]}]}},"_links":{"self":[{"href":"https:\/\/latinodans.com\/tr\/wp-json\/wp\/v2\/pages\/8642","targetHints":{"allow":["GET"]}}],"collection":[{"href":"https:\/\/latinodans.com\/tr\/wp-json\/wp\/v2\/pages"}],"about":[{"href":"https:\/\/latinodans.com\/tr\/wp-json\/wp\/v2\/types\/page"}],"author":[{"embeddable":true,"href":"https:\/\/latinodans.com\/tr\/wp-json\/wp\/v2\/users\/2"}],"replies":[{"embeddable":true,"href":"https:\/\/latinodans.com\/tr\/wp-json\/wp\/v2\/comments?post=8642"}],"version-history":[{"count":5,"href":"https:\/\/latinodans.com\/tr\/wp-json\/wp\/v2\/pages\/8642\/revisions"}],"predecessor-version":[{"id":10929,"href":"https:\/\/latinodans.com\/tr\/wp-json\/wp\/v2\/pages\/8642\/revisions\/10929"}],"up":[{"embeddable":true,"href":"https:\/\/latinodans.com\/tr\/wp-json\/wp\/v2\/pages\/616"}],"wp:attachment":[{"href":"https:\/\/latinodans.com\/tr\/wp-json\/wp\/v2\/media?parent=8642"}],"curies":[{"name":"wp","href":"https:\/\/api.w.org\/{rel}","templated":true}]}}