{"id":8640,"date":"2017-04-14T11:32:01","date_gmt":"2017-04-14T08:32:01","guid":{"rendered":"http:\/\/www.latinodans.com\/?page_id=8640"},"modified":"2021-06-27T22:55:44","modified_gmt":"2021-06-27T19:55:44","slug":"lindy-hopswing","status":"publish","type":"page","link":"https:\/\/latinodans.com\/tr\/kurslar\/lindy-hopswing\/","title":{"rendered":"Lindy Hop"},"content":{"rendered":"<div class=\"wp-block-coblocks-row alignwide coblocks-row-5272250101 mb-0 mt-0\" data-columns=\"1\" data-layout=\"100\"><div class=\"wp-block-coblocks-row__inner has-no-padding has-no-margin is-stacked-on-mobile has-medium-gutter\">\n<div class=\"wp-block-coblocks-column coblocks-column-527225010979\" style=\"width:100%\"><div class=\"wp-block-coblocks-column__inner has-no-padding has-no-margin\">\n<h1 class=\"has-text-align-center wp-block-heading\">Lindy Hop<\/h1>\n\n\n\n<p><span style=\"font-size: 13pt; font-stretch: semi-expanded;\">Lindy Hop dans\u0131n\u0131 tarif eden en g\u00fczel kelime &#8220;E\u011eLENCE&#8221; olabilir. Lindy Hop yapan bir \u00e7ifti g\u00f6rd\u00fc\u011f\u00fcn\u00fczde veya bir video izledi\u011finizde, duydu\u011funuz Jazz melodileri e\u015fli\u011finde keyifli ortam ile birlikte y\u00fczlerindeki g\u00fcl\u00fcmsemeyi rahatl\u0131kla g\u00f6rebilirsiniz. Peki nedir bu Lindy Hop ve neden son zamanlarda bu kadar pop\u00fclerle\u015fti?<\/span><\/p>\n\n\n\n<p><span style=\"font-size: 13pt; font-stretch: semi-expanded;\">E\u015fli bir dans olan Lindy Hop; 1920&#8217;li y\u0131llarda, Jazz m\u00fczi\u011finden ve Charleston, Tap, Breakaway danslar\u0131ndan ilham alarak ortaya \u00e7\u0131km\u0131\u015f bir Sosyal Danst\u0131r. \u00c7o\u011funlukla Jazz m\u00fczi\u011finin bir t\u00fcr\u00fc olan Swing m\u00fczi\u011fi ile dans edilir. Afro-Amerikan k\u00f6kenli dans\u00e7\u0131lar\u0131n o y\u0131llar\u0131n pop\u00fcler e\u015fli ve bireysel danslar\u0131n hareketlerini do\u011fa\u00e7lamalar\u0131 ile salon danslar\u0131nda oldu\u011fu gibi kapal\u0131 pozisyonu ve Afrika k\u00f6kenli danslardaki gibi a\u00e7\u0131k pozisyonlar\u0131 vard\u0131r, bu \u00f6zellikleri ile herkese uygun bir danst\u0131r! Ya\u015f\u0131n\u0131z\u0131n, fitness seviyenizin veya hi\u00e7 dans etmemi\u015f olman\u0131z\u0131n bir \u00f6nemi yok. Yeter ki siz Lindy Hoplamaya ba\u015flay\u0131n, ondan sonra durman\u0131n pek bir yolu yok!<\/span><\/p>\n\n\n\n<h2 class=\"wp-block-heading\">Lindy Hop Kursu hakk\u0131nda<\/h2>\n\n\n\n<p><span style=\"font-size: 13pt; font-stretch: semi-expanded;\">Lindy Hop, \u00f6\u011frenmesi kolay ve zevkli danslardan biridir. Lindy Hop dans\u0131n\u0131 birka\u00e7 farkl\u0131 tarzda uygulayabilirisiniz. Akrobatik ve h\u0131zl\u0131 hareketleri ile daha \u00e7\u0131lg\u0131nca yap\u0131labilirken, ayn\u0131 zamanda da daha yava\u015f hareketler ile daha sakin, rahat ve sofistike \u015fekilde dans edebilirsiniz. Leader(Y\u00f6nlendiren) ve Follower(Takip eden) olarak iki ki\u015fiyle dans edilir. Genellikle erkekler &#8220;Leader&#8221;, kad\u0131nlar &#8220;Follower&#8221; olarak dans etse de tam tersi olabilece\u011fi gibi, iki ayn\u0131 cinsiyet de dans edebilir.<br>E\u011fer bu keyifli dans\u0131 \u00f6\u011frenmek istiyorsan\u0131z siz de st\u00fcdyomuzda a\u00e7\u0131lan Lindy Hop kursuna kat\u0131labilirsiniz. Derslere kat\u0131lmak i\u00e7in partnerinizin olmas\u0131 \u015fart de\u011fil, e\u015f dengesine ve kontenjana g\u00f6re kay\u0131tlar\u0131m\u0131z yap\u0131l\u0131yor.<br>St\u00fcdyolar\u0131m\u0131zda Lindy Hop dersleri haftada 1 saat ders ve 1 saat pratik \u015feklinde yap\u0131lmaktad\u0131r. Ders saatinde e\u011fitmenimiz e\u015fli\u011finde dans\u0131 ve yeni fig\u00fcrleri \u00f6\u011freniyorsunuz. Pratik saati ise farkl\u0131 gruplar\u0131n ve seviyelerin bi arada oldu\u011fu istedi\u011finiz gibi dans edebildi\u011finiz saatlerdir. Pratik saatinde sormak istedi\u011finiz sorular i\u00e7in e\u011fitmenlerimiz de bulunur fakat pratik saati sizlerin \u00f6zg\u00fcrce dans edebilmesi i\u00e7indir.<\/span><\/p>\n\n\n\n<p><span style=\"font-size: 13pt; font-stretch: semi-expanded;\"> Dans\u0131 \u00f6\u011frenme h\u0131z\u0131 ki\u015fiden ki\u015fiye farkl\u0131l\u0131k g\u00f6sterebilir, derslere ba\u015flad\u0131\u011f\u0131n\u0131zda ilk birka\u00e7 saatte dans etmeye ba\u015flars\u0131n\u0131z, dansa ne kadar yatk\u0131n olursan\u0131z olun derslere d\u00fczenli kat\u0131l\u0131m g\u00f6sterip, bireysel \u00e7al\u0131\u015fmalar\u0131n\u0131z\u0131 yap\u0131p, pratiklere de aktif kat\u0131l\u0131m sa\u011flayanlar her zaman daha h\u0131zl\u0131 ilerlemi\u015ftir.<br>Daha sonras\u0131nda ise d\u00fczenli olarak yapt\u0131\u011f\u0131m\u0131z dans geceleri, yurti\u00e7i ve yurtd\u0131\u015f\u0131 festivalleri ile farkl\u0131 seviye, farkl\u0131 dildeki dans\u00e7\u0131lar ile dans etmeye, dans\u0131n\u0131z\u0131 geli\u015ftirmeye ve en \u00f6nemlisi de e\u011flenmeye devam edebilirsiniz.<\/span><\/p>\n\n\n\n<p><span style=\"font-size: 13pt; font-stretch: semi-expanded;\"> Swing ile Lindy Hop \u00e7ok\u00e7a birbirine kar\u0131\u015ft\u0131r\u0131l\u0131r. K\u0131saca \u00f6zetlemek gerekirse Swing; Jazz m\u00fczik ile dans edilen (Jazz m\u00fczi\u011fin bir t\u00fcr\u00fc olan &#8220;Swing m\u00fczi\u011fi&#8221; ile) danslar\u0131 kapsayan bir \u00e7at\u0131 terimdir, yani Lindy Hop bir Swing dans\u0131d\u0131r. Di\u011fer Swing danslar\u0131na \u00f6rnek olarak; Charleston, Balboa, Collegiate Shag, East Coast Swing, Jive, Boogie Woogie vb. &#8230; \u00dclkemizde de genellikle Swing Dans\u0131 olarak adland\u0131ran dans East Coast Swing&#8217;dir.<\/span><\/p>\n\n\n\n<h2 class=\"wp-block-heading\">Lindy Hop Dans\u0131n\u0131n ge\u00e7mi\u015fi<\/h2>\n\n\n\n<p><span style=\"font-size: 13pt; font-stretch: semi-expanded;\"> Lindy Hop 1920&#8217;li y\u0131llarda Harlem, New York&#8217;ta ortaya \u00e7\u0131km\u0131\u015f bir dans t\u00fcr\u00fcd\u00fcr. Daha eski dans t\u00fcrleri olan Charleston, Texas Tommy ve Breakaway gibi danslardan esinlenilerek ortaya \u00e7\u0131km\u0131\u015f bir Afro-Amerikan dans\u0131d\u0131r. \u0130sminin ortaya \u00e7\u0131k\u0131\u015f\u0131 ile ilgili birka\u00e7 farkl\u0131 hikaye olsa da isim babas\u0131 olarak Shorty George Snowden bilinir. 1928 y\u0131l\u0131nda New York&#8217;ta yap\u0131lan bir dans maratonunda, &#8220;Lucky Lindy&#8221; lakapl\u0131 Charles Lindbergh&#8217;in Atlantik okyanusunu ge\u00e7ti\u011fi u\u00e7u\u015fundan(\u0130ngilizce&#8217;de &#8220;Hop&#8221; olarak da kullan\u0131l\u0131yor) k\u0131sa bir s\u00fcre sonra, yapt\u0131klar\u0131 akrobatik hareketlerden ve danstan sonra bir muhabir Snowden&#8217;a &#8221; Bu da neydi?&#8221; diye soruyor Snowden biraz d\u00fc\u015f\u00fcnd\u00fckten sonra cevapl\u0131yor: \u201cI\u2019m doin\u2019 the Hop\u2026the Lindy Hop\u201d.<br>Daha sonralar\u0131 Lindy Hop beyazlar\u0131n verdi\u011fi ismi olan &#8220;Jitterbug&#8221; ile d\u00fcnya \u00e7ap\u0131nda \u00fcnlendi. West Coast Swing, Rock&#8217;n&#8217;Roll, Boogie Woogie ve Jive gibi bir\u00e7ok dans\u0131n ilham kayna\u011f\u0131 olmu\u015ftur.<\/span><\/p>\n\n\n\n<p><span style=\"font-size: 13pt; font-stretch: semi-expanded;\">80&#8217;li y\u0131llarda yeni nesil dans\u00e7\u0131larla birlikte D\u00fcnyada tekrar y\u00fckseli\u015fe ge\u00e7en Lindy Hop, Al Minns, Norma Miller, George Llyod ve Frankie Manning gibi efsaneleri de tekrar dansa d\u00f6nerek d\u00fcnyada bu dans\u0131 tan\u0131t\u0131m\u0131nda \u00f6nemli rol oynam\u0131\u015flard\u0131r.<\/span><\/p>\n\n\n\n<p><span style=\"font-size: 13pt; font-stretch: semi-expanded;\">2010&#8217;lu y\u0131llarda \u00fclkemizde de pop\u00fclerle\u015fen Lindy Hop, Latino Dans St\u00fcdyosu ve alt markam\u0131z olan &#8220;Lindy Hop Ankara&#8221; \u00f6nderli\u011finde Ankara&#8217;da da Lindy hop topluluklar\u0131 olu\u015fmas\u0131n\u0131 sa\u011flam\u0131\u015f, geni\u015f kitlelere ula\u015fmay\u0131 ba\u015farm\u0131\u015ft\u0131r.<\/span><\/p>\n<\/div><\/div>\n<\/div><\/div>\n\n\n\n<div class=\"wp-block-coblocks-row alignwide coblocks-row-527225251280 mt-0\" data-columns=\"2\" data-layout=\"50-50\"><div class=\"wp-block-coblocks-row__inner has-no-padding has-no-margin is-stacked-on-mobile has-medium-gutter\">\n<div class=\"wp-block-coblocks-column coblocks-column-527225252343\" style=\"width:50%\"><div class=\"wp-block-coblocks-column__inner has-no-padding has-no-margin\">\n<figure class=\"wp-block-embed is-type-video is-provider-youtube wp-block-embed-youtube wp-embed-aspect-16-9 wp-has-aspect-ratio\"><div class=\"wp-block-embed__wrapper\">\n<iframe loading=\"lazy\" title=\"Lindy Hop G\u00f6sterisi &quot;Lindy Hop Ankara&quot; |  &quot;D\u00dcN, BUG\u00dcN, YARIN&quot; 2018 Latino B\u00fcy\u00fck G\u00f6sterisi\" width=\"660\" height=\"371\" src=\"https:\/\/www.youtube.com\/embed\/jfY9SIrbB6I?list=PL4TtG2DhhVI1hmoMgt1m1XgcXwhzqzQNe\" frameborder=\"0\" allow=\"accelerometer; autoplay; clipboard-write; encrypted-media; gyroscope; picture-in-picture; web-share\" referrerpolicy=\"strict-origin-when-cross-origin\" allowfullscreen><\/iframe>\n<\/div><\/figure>\n<\/div><\/div>\n\n\n\n<div class=\"wp-block-coblocks-column coblocks-column-527225252347\" style=\"width:50%\"><div class=\"wp-block-coblocks-column__inner has-no-padding has-no-margin\">\n<figure class=\"wp-block-embed is-type-video is-provider-youtube wp-block-embed-youtube wp-embed-aspect-16-9 wp-has-aspect-ratio\"><div class=\"wp-block-embed__wrapper\">\n<iframe loading=\"lazy\" title=\"Lindy Hop (Swing) G\u00f6sterisi &quot;Lindy Hop Ankara&quot; | &quot;O ZAMAN DANS&quot; 2017 Latino B\u00fcy\u00fck G\u00f6sterisi\" width=\"660\" height=\"371\" src=\"https:\/\/www.youtube.com\/embed\/kN_75j8a63M?list=PL4TtG2DhhVI1hmoMgt1m1XgcXwhzqzQNe\" frameborder=\"0\" allow=\"accelerometer; autoplay; clipboard-write; encrypted-media; gyroscope; picture-in-picture; web-share\" referrerpolicy=\"strict-origin-when-cross-origin\" allowfullscreen><\/iframe>\n<\/div><\/figure>\n<\/div><\/div>\n<\/div><\/div>","protected":false},"excerpt":{"rendered":"","protected":false},"author":2,"featured_media":0,"parent":616,"menu_order":0,"comment_status":"closed","ping_status":"closed","template":"","meta":{"_coblocks_attr":"","_coblocks_dimensions":"","_coblocks_responsive_height":"","_coblocks_accordion_ie_support":"","hide_page_title":"","footnotes":""},"class_list":["post-8640","page","type-page","status-publish","hentry"],"yoast_head":"<!-- This site is optimized with the Yoast SEO plugin v24.3 - https:\/\/yoast.com\/wordpress\/plugins\/seo\/ -->\n<title>Lindy Hop - Latino Dans St&uuml;dyosu - Kavakl\u0131dere &amp; \u00dcmitk\u00f6y - Ankara<\/title>\n<meta name=\"description\" content=\"Lindy Hop dans\u0131n\u0131 tarif eden en g\u00fczel kelime &quot;E\u011eLENCE&quot; olabilir. Peki nedir bu Lindy Hop ve neden son zamanlarda bu kadar pop\u00fclerle\u015fti? | Lindy Hop Ankara\" \/>\n<meta name=\"robots\" content=\"index, follow, max-snippet:-1, max-image-preview:large, max-video-preview:-1\" \/>\n<link rel=\"canonical\" href=\"https:\/\/latinodans.com\/tr\/kurslar\/lindy-hopswing\/\" \/>\n<meta property=\"og:locale\" content=\"tr_TR\" \/>\n<meta property=\"og:type\" content=\"article\" \/>\n<meta property=\"og:title\" content=\"Lindy Hop - Latino Dans St&uuml;dyosu - Kavakl\u0131dere &amp; \u00dcmitk\u00f6y - Ankara\" \/>\n<meta property=\"og:description\" content=\"Lindy Hop dans\u0131n\u0131 tarif eden en g\u00fczel kelime &quot;E\u011eLENCE&quot; olabilir. Peki nedir bu Lindy Hop ve neden son zamanlarda bu kadar pop\u00fclerle\u015fti? | Lindy Hop Ankara\" \/>\n<meta property=\"og:url\" content=\"https:\/\/latinodans.com\/tr\/kurslar\/lindy-hopswing\/\" \/>\n<meta property=\"og:site_name\" content=\"Latino Dans St&uuml;dyosu\" \/>\n<meta property=\"article:publisher\" content=\"https:\/\/www.facebook.com\/latinoankara\" \/>\n<meta property=\"article:modified_time\" content=\"2021-06-27T19:55:44+00:00\" \/>\n<meta name=\"twitter:card\" content=\"summary_large_image\" \/>\n<meta name=\"twitter:site\" content=\"@LatinoDans\" \/>\n<meta name=\"twitter:label1\" content=\"Tahmini okuma s\u00fcresi\" \/>\n\t<meta name=\"twitter:data1\" content=\"4 dakika\" \/>\n<script type=\"application\/ld+json\" class=\"yoast-schema-graph\">{\"@context\":\"https:\/\/schema.org\",\"@graph\":[{\"@type\":\"WebPage\",\"@id\":\"https:\/\/latinodans.com\/kurslar\/lindy-hopswing\/\",\"url\":\"https:\/\/latinodans.com\/kurslar\/lindy-hopswing\/\",\"name\":\"Lindy Hop - Latino Dans St&uuml;dyosu - Kavakl\u0131dere & \u00dcmitk\u00f6y - Ankara\",\"isPartOf\":{\"@id\":\"https:\/\/latinodans.com\/#website\"},\"datePublished\":\"2017-04-14T08:32:01+00:00\",\"dateModified\":\"2021-06-27T19:55:44+00:00\",\"description\":\"Lindy Hop dans\u0131n\u0131 tarif eden en g\u00fczel kelime \\\"E\u011eLENCE\\\" olabilir. Peki nedir bu Lindy Hop ve neden son zamanlarda bu kadar pop\u00fclerle\u015fti? | Lindy Hop Ankara\",\"breadcrumb\":{\"@id\":\"https:\/\/latinodans.com\/kurslar\/lindy-hopswing\/#breadcrumb\"},\"inLanguage\":\"tr\",\"potentialAction\":[{\"@type\":\"ReadAction\",\"target\":[\"https:\/\/latinodans.com\/kurslar\/lindy-hopswing\/\"]}]},{\"@type\":\"BreadcrumbList\",\"@id\":\"https:\/\/latinodans.com\/kurslar\/lindy-hopswing\/#breadcrumb\",\"itemListElement\":[{\"@type\":\"ListItem\",\"position\":1,\"name\":\"Anasayfa\",\"item\":\"https:\/\/latinodans.com\/\"},{\"@type\":\"ListItem\",\"position\":2,\"name\":\"Dans Kurslar\u0131\",\"item\":\"https:\/\/latinodans.com\/?page_id=616\"},{\"@type\":\"ListItem\",\"position\":3,\"name\":\"Lindy Hop\"}]},{\"@type\":\"WebSite\",\"@id\":\"https:\/\/latinodans.com\/#website\",\"url\":\"https:\/\/latinodans.com\/\",\"name\":\"Latino Dans St&uuml;dyosu\",\"description\":\"&quot;Hayat\u0131n\u0131zda Bir Dans Aras\u0131 Verin&quot;\",\"publisher\":{\"@id\":\"https:\/\/latinodans.com\/#organization\"},\"potentialAction\":[{\"@type\":\"SearchAction\",\"target\":{\"@type\":\"EntryPoint\",\"urlTemplate\":\"https:\/\/latinodans.com\/?s={search_term_string}\"},\"query-input\":{\"@type\":\"PropertyValueSpecification\",\"valueRequired\":true,\"valueName\":\"search_term_string\"}}],\"inLanguage\":\"tr\"},{\"@type\":\"Organization\",\"@id\":\"https:\/\/latinodans.com\/#organization\",\"name\":\"Latino Dans St\u00fcdyosu\",\"url\":\"https:\/\/latinodans.com\/\",\"logo\":{\"@type\":\"ImageObject\",\"inLanguage\":\"tr\",\"@id\":\"https:\/\/latinodans.com\/#\/schema\/logo\/image\/\",\"url\":\"https:\/\/latinodans.com\/wp-content\/uploads\/2016\/11\/latinologo01.png\",\"contentUrl\":\"https:\/\/latinodans.com\/wp-content\/uploads\/2016\/11\/latinologo01.png\",\"width\":1767,\"height\":869,\"caption\":\"Latino Dans St\u00fcdyosu\"},\"image\":{\"@id\":\"https:\/\/latinodans.com\/#\/schema\/logo\/image\/\"},\"sameAs\":[\"https:\/\/www.facebook.com\/latinoankara\",\"https:\/\/x.com\/LatinoDans\",\"https:\/\/www.instagram.com\/latinodans\/\",\"https:\/\/tr.pinterest.com\/latinodans\"]}]}<\/script>\n<!-- \/ Yoast SEO plugin. -->","yoast_head_json":{"title":"Lindy Hop - Latino Dans St&uuml;dyosu - Kavakl\u0131dere & \u00dcmitk\u00f6y - Ankara","description":"Lindy Hop dans\u0131n\u0131 tarif eden en g\u00fczel kelime \"E\u011eLENCE\" olabilir. Peki nedir bu Lindy Hop ve neden son zamanlarda bu kadar pop\u00fclerle\u015fti? | Lindy Hop Ankara","robots":{"index":"index","follow":"follow","max-snippet":"max-snippet:-1","max-image-preview":"max-image-preview:large","max-video-preview":"max-video-preview:-1"},"canonical":"https:\/\/latinodans.com\/tr\/kurslar\/lindy-hopswing\/","og_locale":"tr_TR","og_type":"article","og_title":"Lindy Hop - Latino Dans St&uuml;dyosu - Kavakl\u0131dere & \u00dcmitk\u00f6y - Ankara","og_description":"Lindy Hop dans\u0131n\u0131 tarif eden en g\u00fczel kelime \"E\u011eLENCE\" olabilir. Peki nedir bu Lindy Hop ve neden son zamanlarda bu kadar pop\u00fclerle\u015fti? | Lindy Hop Ankara","og_url":"https:\/\/latinodans.com\/tr\/kurslar\/lindy-hopswing\/","og_site_name":"Latino Dans St&uuml;dyosu","article_publisher":"https:\/\/www.facebook.com\/latinoankara","article_modified_time":"2021-06-27T19:55:44+00:00","twitter_card":"summary_large_image","twitter_site":"@LatinoDans","twitter_misc":{"Tahmini okuma s\u00fcresi":"4 dakika"},"schema":{"@context":"https:\/\/schema.org","@graph":[{"@type":"WebPage","@id":"https:\/\/latinodans.com\/kurslar\/lindy-hopswing\/","url":"https:\/\/latinodans.com\/kurslar\/lindy-hopswing\/","name":"Lindy Hop - Latino Dans St&uuml;dyosu - Kavakl\u0131dere & \u00dcmitk\u00f6y - Ankara","isPartOf":{"@id":"https:\/\/latinodans.com\/#website"},"datePublished":"2017-04-14T08:32:01+00:00","dateModified":"2021-06-27T19:55:44+00:00","description":"Lindy Hop dans\u0131n\u0131 tarif eden en g\u00fczel kelime \"E\u011eLENCE\" olabilir. Peki nedir bu Lindy Hop ve neden son zamanlarda bu kadar pop\u00fclerle\u015fti? | Lindy Hop Ankara","breadcrumb":{"@id":"https:\/\/latinodans.com\/kurslar\/lindy-hopswing\/#breadcrumb"},"inLanguage":"tr","potentialAction":[{"@type":"ReadAction","target":["https:\/\/latinodans.com\/kurslar\/lindy-hopswing\/"]}]},{"@type":"BreadcrumbList","@id":"https:\/\/latinodans.com\/kurslar\/lindy-hopswing\/#breadcrumb","itemListElement":[{"@type":"ListItem","position":1,"name":"Anasayfa","item":"https:\/\/latinodans.com\/"},{"@type":"ListItem","position":2,"name":"Dans Kurslar\u0131","item":"https:\/\/latinodans.com\/?page_id=616"},{"@type":"ListItem","position":3,"name":"Lindy Hop"}]},{"@type":"WebSite","@id":"https:\/\/latinodans.com\/#website","url":"https:\/\/latinodans.com\/","name":"Latino Dans St&uuml;dyosu","description":"&quot;Hayat\u0131n\u0131zda Bir Dans Aras\u0131 Verin&quot;","publisher":{"@id":"https:\/\/latinodans.com\/#organization"},"potentialAction":[{"@type":"SearchAction","target":{"@type":"EntryPoint","urlTemplate":"https:\/\/latinodans.com\/?s={search_term_string}"},"query-input":{"@type":"PropertyValueSpecification","valueRequired":true,"valueName":"search_term_string"}}],"inLanguage":"tr"},{"@type":"Organization","@id":"https:\/\/latinodans.com\/#organization","name":"Latino Dans St\u00fcdyosu","url":"https:\/\/latinodans.com\/","logo":{"@type":"ImageObject","inLanguage":"tr","@id":"https:\/\/latinodans.com\/#\/schema\/logo\/image\/","url":"https:\/\/latinodans.com\/wp-content\/uploads\/2016\/11\/latinologo01.png","contentUrl":"https:\/\/latinodans.com\/wp-content\/uploads\/2016\/11\/latinologo01.png","width":1767,"height":869,"caption":"Latino Dans St\u00fcdyosu"},"image":{"@id":"https:\/\/latinodans.com\/#\/schema\/logo\/image\/"},"sameAs":["https:\/\/www.facebook.com\/latinoankara","https:\/\/x.com\/LatinoDans","https:\/\/www.instagram.com\/latinodans\/","https:\/\/tr.pinterest.com\/latinodans"]}]}},"_links":{"self":[{"href":"https:\/\/latinodans.com\/tr\/wp-json\/wp\/v2\/pages\/8640","targetHints":{"allow":["GET"]}}],"collection":[{"href":"https:\/\/latinodans.com\/tr\/wp-json\/wp\/v2\/pages"}],"about":[{"href":"https:\/\/latinodans.com\/tr\/wp-json\/wp\/v2\/types\/page"}],"author":[{"embeddable":true,"href":"https:\/\/latinodans.com\/tr\/wp-json\/wp\/v2\/users\/2"}],"replies":[{"embeddable":true,"href":"https:\/\/latinodans.com\/tr\/wp-json\/wp\/v2\/comments?post=8640"}],"version-history":[{"count":5,"href":"https:\/\/latinodans.com\/tr\/wp-json\/wp\/v2\/pages\/8640\/revisions"}],"predecessor-version":[{"id":10919,"href":"https:\/\/latinodans.com\/tr\/wp-json\/wp\/v2\/pages\/8640\/revisions\/10919"}],"up":[{"embeddable":true,"href":"https:\/\/latinodans.com\/tr\/wp-json\/wp\/v2\/pages\/616"}],"wp:attachment":[{"href":"https:\/\/latinodans.com\/tr\/wp-json\/wp\/v2\/media?parent=8640"}],"curies":[{"name":"wp","href":"https:\/\/api.w.org\/{rel}","templated":true}]}}