{"id":709,"date":"2016-11-04T17:14:45","date_gmt":"2016-11-04T15:14:45","guid":{"rendered":"http:\/\/www.latinodans.com\/?page_id=709"},"modified":"2025-08-06T13:21:25","modified_gmt":"2025-08-06T10:21:25","slug":"cocuk-kurslari","status":"publish","type":"page","link":"https:\/\/latinodans.com\/tr\/kurslar\/cocuk-kurslari\/","title":{"rendered":"\u00c7ocuk Kurslar\u0131"},"content":{"rendered":"<h1 class=\"wp-block-heading has-text-align-center\">\u00c7ocuk Dans Kurslar\u0131<\/h1>\n\n\n\n<div class=\"wp-block-coblocks-row alignwide coblocks-row-527222837175 mb-0 mt-0\" data-columns=\"1\" data-layout=\"100\"><div class=\"wp-block-coblocks-row__inner has-no-padding has-no-margin is-stacked-on-mobile has-medium-gutter\">\n<div class=\"wp-block-coblocks-column coblocks-column-527222839117\" style=\"width:100%\"><div class=\"wp-block-coblocks-column__inner has-no-padding has-no-margin\">\n<h2 class=\"wp-block-heading\">Ankara&#8217;n\u0131n En B\u00fcy\u00fck ve En K\u00f6kl\u00fc Dans Okulunda \u00c7ocuk Dans Kurslar\u0131<\/h2>\n\n\n\n<p>Latino Dans St\u00fcdyolar\u0131 olarak, <strong>Ankara&#8217;da \u00e7ocuk dans kursu<\/strong> arayan ailelerin ilk tercihi olman\u0131n gururunu ya\u015f\u0131yoruz. 25 y\u0131l\u0131 a\u015fk\u0131n s\u00fcredir <strong>Tunal\u0131<\/strong> ve <strong>\u00dcmitk\u00f6y<\/strong>&#8216;deki st\u00fcdyolar\u0131m\u0131zda binlerce \u00e7ocu\u011fu dansla bulu\u015fturduk. Amac\u0131m\u0131z sadece dans \u00f6\u011fretmek de\u011fil, ayn\u0131 zamanda \u00e7ocuklar\u0131n sosyal becerilerini, \u00f6zg\u00fcvenlerini ve ritim duygular\u0131n\u0131 geli\u015ftirmelerine yard\u0131mc\u0131 olmakt\u0131r.<\/p>\n\n\n\n<h3 class=\"wp-block-heading\">Neden Latino Dans St\u00fcdyolar\u0131&#8217;n\u0131 Tercih Etmelisiniz?<\/h3>\n\n\n\n<ul class=\"wp-block-list\">\n<li><strong>25 Y\u0131ll\u0131k Deneyim ve G\u00fcven:<\/strong> Ankara&#8217;n\u0131n en k\u00f6kl\u00fc ve g\u00fcvenilir dans okullar\u0131ndan biri olarak, \u00e7ocuklar\u0131n\u0131z\u0131n e\u011fitimi i\u00e7in en do\u011fru adresi sunuyoruz.<\/li>\n\n\n\n<li><strong>\u00c7oklu Dans Program\u0131:<\/strong> \u00c7ocuklar tek bir dans t\u00fcr\u00fcyle s\u0131n\u0131rl\u0131 kalm\u0131yor. <strong>\u00c7ocuk dans dersleri<\/strong> kapsam\u0131nda  Salon danslar\u0131(Latin ve standart danslar), Hip hop ve K-pop gibi farkl\u0131 bran\u015flar\u0131 deneyimleyerek kendilerine en uygun olan\u0131 ke\u015ffediyorlar.<\/li>\n\n\n\n<li><strong>Uzman E\u011fitmen Kadrosu:<\/strong> E\u011fitmenlerimiz, dans alan\u0131ndaki uzmanl\u0131klar\u0131n\u0131n yan\u0131 s\u0131ra, \u00e7ocuklar\u0131n geli\u015fim psikolojisine uygun e\u011fitimler verme konusunda da tecr\u00fcbelidir. Her biri, \u00e7ocuklar\u0131n\u0131z\u0131n dansa olan sevgisini ve yeteneklerini en iyi \u015fekilde ortaya \u00e7\u0131karacak donan\u0131ma sahiptir.<\/li>\n\n\n\n<li><strong>Uluslararas\u0131 Sertifika Program\u0131:<\/strong> \u00c7ocuklar\u0131m\u0131za sundu\u011fumuz e\u011fitim, sadece e\u011flenceli olmakla kalmaz, ayn\u0131 zamanda uluslararas\u0131 sertifika programlar\u0131yla da desteklenir. Bu sayede \u00e7ocuklar\u0131m\u0131z, ba\u015far\u0131lar\u0131n\u0131 uluslararas\u0131 alanda kan\u0131tlama f\u0131rsat\u0131 bulur.<\/li>\n<\/ul>\n\n\n\n<h3 class=\"wp-block-heading\">Kurslar\u0131m\u0131z Hangi Ya\u015f Gruplar\u0131 \u0130\u00e7in Uygun?<\/h3>\n\n\n\n<p><strong>\u00c7ocuk dans kurslar\u0131<\/strong> program\u0131m\u0131z <strong>6-12 ya\u015f<\/strong> aral\u0131\u011f\u0131ndaki \u00e7ocuklar i\u00e7in tasarlanm\u0131\u015ft\u0131r.  12 ya\u015f \u00fczeri gen\u00e7ler i\u00e7in ise farkl\u0131 programlar\u0131m\u0131z bulunmaktad\u0131r.<\/p>\n\n\n\n<h3 class=\"wp-block-heading\">\u00c7ocuklar \u0130\u00e7in Hangi Dans T\u00fcrleri Mevcut?<\/h3>\n\n\n\n<p>\u00c7ocuklara \u00f6zel haz\u0131rlanan programlar\u0131m\u0131z, onlar\u0131n ilgisini \u00e7ekecek ve geli\u015fimlerini destekleyecek geni\u015f bir yelpazeye sahiptir:<\/p>\n\n\n\n<ul class=\"wp-block-list\">\n<li><strong>Dans Sporu (Latin ve Salon Danslar\u0131):<\/strong> \u00c7ocuklar, Latin danslar\u0131n\u0131n enerjisi (Samba, Cha Cha, Jive, Rumba, Paso Doble) ve salon danslar\u0131n\u0131n zarafeti (Vals, Tango, V\u0130yana Valsi, Quick Step, Foxtrot) ile tan\u0131\u015f\u0131r. Ayr\u0131ca bu program ile Uluslaras\u0131 Sertifika program\u0131 ve Yar\u0131\u015fmac\u0131 programlar\u0131 da mevcuttur.<\/li>\n\n\n\n<li><strong>Hip Hop:<\/strong> Hip Hop k\u00fclt\u00fcr\u00fcn\u00fc ve serbest stil dans\u0131n \u00f6zg\u00fcrl\u00fc\u011f\u00fcn\u00fc ke\u015ffederek kendi dans tarzlar\u0131n\u0131 yaratma f\u0131rsat\u0131 bulurlar.<\/li>\n\n\n\n<li><strong>K-Pop:<\/strong> D\u00fcnyan\u0131n en pop\u00fcler m\u00fczik t\u00fcrlerinden K-pop gruplar\u0131n\u0131n enerjik koreografilerini \u00f6\u011frenerek hem e\u011flenir hem de koordinasyon becerilerini geli\u015ftirirler.<\/li>\n<\/ul>\n\n\n\n<h3 class=\"wp-block-heading\">Latino \u00c7ocuk Dans Kurslar\u0131 ile Kazan\u0131mlar<\/h3>\n\n\n\n<p>\u00c7ocuklar\u0131n\u0131z, dans derslerinin \u00f6tesinde bir\u00e7ok de\u011ferli kazan\u0131m elde eder:<\/p>\n\n\n\n<ul class=\"wp-block-list\">\n<li><strong>\u00d6zg\u00fcven ve Sahne Heyecan\u0131:<\/strong> Her sezon sonunda d\u00fczenledi\u011fimiz <strong>Latino B\u00fcy\u00fck G\u00f6sterisi<\/strong> ile \u00e7ocuklar, \u00f6\u011frendiklerini sahnede sergilemenin ve alk\u0131\u015flanman\u0131n tad\u0131n\u0131 \u00e7\u0131kar\u0131r.<\/li>\n\n\n\n<li><strong>Disiplin ve Sporcu Kimli\u011fi:<\/strong> \u0130lgilenen \u00f6\u011frencilerimiz, Latino DSK b\u00fcnyesinde lisansl\u0131 sporcu olma \u015fans\u0131 yakalayarak ulusal ve uluslararas\u0131 yar\u0131\u015fmalarda yer alabilirler.<\/li>\n\n\n\n<li><strong>Koordinasyon ve Ritim:<\/strong> Dans dersleri, \u00e7ocuklar\u0131n fiziksel ve zihinsel geli\u015fimini destekler, onlara sa\u011fl\u0131kl\u0131 bir ya\u015fam tarz\u0131 kazand\u0131r\u0131r.<\/li>\n\n\n\n<li><strong>Uluslararas\u0131 Sertifika program\u0131:<\/strong> \u00c7ocuklar, ald\u0131klar\u0131 nitelikli e\u011fitimlerini uluslararas\u0131 ge\u00e7erlili\u011fi olan bir belge ile ta\u00e7land\u0131rabilmektedir. Bu belgeyi verebilen Ankara\u2019daki <strong>tek<\/strong> ve T\u00fcrkiye\u2019deki <strong>iki<\/strong> okuldan biriyiz.<\/li>\n<\/ul>\n\n\n\n<p><strong>Ankara \u00e7ocuk dans kurslar\u0131<\/strong> hakk\u0131nda detayl\u0131 bilgi ve kay\u0131t i\u015flemleri i\u00e7in bizi arayabilir veya Tunus Caddesi ve \u00dcmitk\u00f6y&#8217;deki st\u00fcdyolar\u0131m\u0131z\u0131 ziyaret edebilirsiniz.<\/p>\n<\/div><\/div>\n<\/div><\/div>","protected":false},"excerpt":{"rendered":"<p>\u00c7ocuk Dans Kurslar\u0131<\/p>","protected":false},"author":2,"featured_media":0,"parent":616,"menu_order":0,"comment_status":"closed","ping_status":"closed","template":"","meta":{"_coblocks_attr":"","_coblocks_dimensions":"","_coblocks_responsive_height":"","_coblocks_accordion_ie_support":"","hide_page_title":"","footnotes":""},"class_list":["post-709","page","type-page","status-publish","hentry"],"yoast_head":"<!-- This site is optimized with the Yoast SEO plugin v24.3 - https:\/\/yoast.com\/wordpress\/plugins\/seo\/ -->\n<title>Ankara \u00c7ocuk Dans Kurslar\u0131 | Tunal\u0131 ve \u00dcmitk\u00f6y \u015eubeleri<\/title>\n<meta name=\"description\" content=\"\u00c7ocuk Dans Kurslar\u0131 | Ankara&#039;da 25 y\u0131ll\u0131k tecr\u00fcbeyle Salon Danslar\u0131, Hip hop, K-pop e\u011fitimleri veriyoruz. Hemen kay\u0131t olun!\" \/>\n<meta name=\"robots\" content=\"index, follow, max-snippet:-1, max-image-preview:large, max-video-preview:-1\" \/>\n<link rel=\"canonical\" href=\"https:\/\/latinodans.com\/tr\/kurslar\/cocuk-kurslari\/\" \/>\n<meta property=\"og:locale\" content=\"tr_TR\" \/>\n<meta property=\"og:type\" content=\"article\" \/>\n<meta property=\"og:title\" content=\"Ankara \u00c7ocuk Dans Kurslar\u0131 | Tunal\u0131 ve \u00dcmitk\u00f6y \u015eubeleri\" \/>\n<meta property=\"og:description\" content=\"\u00c7ocuk Dans Kurslar\u0131 | Ankara&#039;da 25 y\u0131ll\u0131k tecr\u00fcbeyle Salon Danslar\u0131, Hip hop, K-pop e\u011fitimleri veriyoruz. Hemen kay\u0131t olun!\" \/>\n<meta property=\"og:url\" content=\"https:\/\/latinodans.com\/tr\/kurslar\/cocuk-kurslari\/\" \/>\n<meta property=\"og:site_name\" content=\"Latino Dans St&uuml;dyosu\" \/>\n<meta property=\"article:publisher\" content=\"https:\/\/www.facebook.com\/latinoankara\" \/>\n<meta property=\"article:modified_time\" content=\"2025-08-06T10:21:25+00:00\" \/>\n<meta name=\"twitter:card\" content=\"summary_large_image\" \/>\n<meta name=\"twitter:site\" content=\"@LatinoDans\" \/>\n<meta name=\"twitter:label1\" content=\"Tahmini okuma s\u00fcresi\" \/>\n\t<meta name=\"twitter:data1\" content=\"3 dakika\" \/>\n<script type=\"application\/ld+json\" class=\"yoast-schema-graph\">{\"@context\":\"https:\/\/schema.org\",\"@graph\":[{\"@type\":\"WebPage\",\"@id\":\"https:\/\/latinodans.com\/kurslar\/cocuk-kurslari\/\",\"url\":\"https:\/\/latinodans.com\/kurslar\/cocuk-kurslari\/\",\"name\":\"Ankara \u00c7ocuk Dans Kurslar\u0131 | Tunal\u0131 ve \u00dcmitk\u00f6y \u015eubeleri\",\"isPartOf\":{\"@id\":\"https:\/\/latinodans.com\/#website\"},\"datePublished\":\"2016-11-04T15:14:45+00:00\",\"dateModified\":\"2025-08-06T10:21:25+00:00\",\"description\":\"\u00c7ocuk Dans Kurslar\u0131 | Ankara'da 25 y\u0131ll\u0131k tecr\u00fcbeyle Salon Danslar\u0131, Hip hop, K-pop e\u011fitimleri veriyoruz. Hemen kay\u0131t olun!\",\"breadcrumb\":{\"@id\":\"https:\/\/latinodans.com\/kurslar\/cocuk-kurslari\/#breadcrumb\"},\"inLanguage\":\"tr\",\"potentialAction\":[{\"@type\":\"ReadAction\",\"target\":[\"https:\/\/latinodans.com\/kurslar\/cocuk-kurslari\/\"]}]},{\"@type\":\"BreadcrumbList\",\"@id\":\"https:\/\/latinodans.com\/kurslar\/cocuk-kurslari\/#breadcrumb\",\"itemListElement\":[{\"@type\":\"ListItem\",\"position\":1,\"name\":\"Anasayfa\",\"item\":\"https:\/\/latinodans.com\/\"},{\"@type\":\"ListItem\",\"position\":2,\"name\":\"Dans Kurslar\u0131\",\"item\":\"https:\/\/latinodans.com\/?page_id=616\"},{\"@type\":\"ListItem\",\"position\":3,\"name\":\"\u00c7ocuk Kurslar\u0131\"}]},{\"@type\":\"WebSite\",\"@id\":\"https:\/\/latinodans.com\/#website\",\"url\":\"https:\/\/latinodans.com\/\",\"name\":\"Latino Dans St&uuml;dyosu\",\"description\":\"&quot;Hayat\u0131n\u0131zda Bir Dans Aras\u0131 Verin&quot;\",\"publisher\":{\"@id\":\"https:\/\/latinodans.com\/#organization\"},\"potentialAction\":[{\"@type\":\"SearchAction\",\"target\":{\"@type\":\"EntryPoint\",\"urlTemplate\":\"https:\/\/latinodans.com\/?s={search_term_string}\"},\"query-input\":{\"@type\":\"PropertyValueSpecification\",\"valueRequired\":true,\"valueName\":\"search_term_string\"}}],\"inLanguage\":\"tr\"},{\"@type\":\"Organization\",\"@id\":\"https:\/\/latinodans.com\/#organization\",\"name\":\"Latino Dans St\u00fcdyosu\",\"url\":\"https:\/\/latinodans.com\/\",\"logo\":{\"@type\":\"ImageObject\",\"inLanguage\":\"tr\",\"@id\":\"https:\/\/latinodans.com\/#\/schema\/logo\/image\/\",\"url\":\"https:\/\/latinodans.com\/wp-content\/uploads\/2016\/11\/latinologo01.png\",\"contentUrl\":\"https:\/\/latinodans.com\/wp-content\/uploads\/2016\/11\/latinologo01.png\",\"width\":1767,\"height\":869,\"caption\":\"Latino Dans St\u00fcdyosu\"},\"image\":{\"@id\":\"https:\/\/latinodans.com\/#\/schema\/logo\/image\/\"},\"sameAs\":[\"https:\/\/www.facebook.com\/latinoankara\",\"https:\/\/x.com\/LatinoDans\",\"https:\/\/www.instagram.com\/latinodans\/\",\"https:\/\/tr.pinterest.com\/latinodans\"]}]}<\/script>\n<!-- \/ Yoast SEO plugin. -->","yoast_head_json":{"title":"Ankara \u00c7ocuk Dans Kurslar\u0131 | Tunal\u0131 ve \u00dcmitk\u00f6y \u015eubeleri","description":"\u00c7ocuk Dans Kurslar\u0131 | Ankara'da 25 y\u0131ll\u0131k tecr\u00fcbeyle Salon Danslar\u0131, Hip hop, K-pop e\u011fitimleri veriyoruz. Hemen kay\u0131t olun!","robots":{"index":"index","follow":"follow","max-snippet":"max-snippet:-1","max-image-preview":"max-image-preview:large","max-video-preview":"max-video-preview:-1"},"canonical":"https:\/\/latinodans.com\/tr\/kurslar\/cocuk-kurslari\/","og_locale":"tr_TR","og_type":"article","og_title":"Ankara \u00c7ocuk Dans Kurslar\u0131 | Tunal\u0131 ve \u00dcmitk\u00f6y \u015eubeleri","og_description":"\u00c7ocuk Dans Kurslar\u0131 | Ankara'da 25 y\u0131ll\u0131k tecr\u00fcbeyle Salon Danslar\u0131, Hip hop, K-pop e\u011fitimleri veriyoruz. Hemen kay\u0131t olun!","og_url":"https:\/\/latinodans.com\/tr\/kurslar\/cocuk-kurslari\/","og_site_name":"Latino Dans St&uuml;dyosu","article_publisher":"https:\/\/www.facebook.com\/latinoankara","article_modified_time":"2025-08-06T10:21:25+00:00","twitter_card":"summary_large_image","twitter_site":"@LatinoDans","twitter_misc":{"Tahmini okuma s\u00fcresi":"3 dakika"},"schema":{"@context":"https:\/\/schema.org","@graph":[{"@type":"WebPage","@id":"https:\/\/latinodans.com\/kurslar\/cocuk-kurslari\/","url":"https:\/\/latinodans.com\/kurslar\/cocuk-kurslari\/","name":"Ankara \u00c7ocuk Dans Kurslar\u0131 | Tunal\u0131 ve \u00dcmitk\u00f6y \u015eubeleri","isPartOf":{"@id":"https:\/\/latinodans.com\/#website"},"datePublished":"2016-11-04T15:14:45+00:00","dateModified":"2025-08-06T10:21:25+00:00","description":"\u00c7ocuk Dans Kurslar\u0131 | Ankara'da 25 y\u0131ll\u0131k tecr\u00fcbeyle Salon Danslar\u0131, Hip hop, K-pop e\u011fitimleri veriyoruz. Hemen kay\u0131t olun!","breadcrumb":{"@id":"https:\/\/latinodans.com\/kurslar\/cocuk-kurslari\/#breadcrumb"},"inLanguage":"tr","potentialAction":[{"@type":"ReadAction","target":["https:\/\/latinodans.com\/kurslar\/cocuk-kurslari\/"]}]},{"@type":"BreadcrumbList","@id":"https:\/\/latinodans.com\/kurslar\/cocuk-kurslari\/#breadcrumb","itemListElement":[{"@type":"ListItem","position":1,"name":"Anasayfa","item":"https:\/\/latinodans.com\/"},{"@type":"ListItem","position":2,"name":"Dans Kurslar\u0131","item":"https:\/\/latinodans.com\/?page_id=616"},{"@type":"ListItem","position":3,"name":"\u00c7ocuk Kurslar\u0131"}]},{"@type":"WebSite","@id":"https:\/\/latinodans.com\/#website","url":"https:\/\/latinodans.com\/","name":"Latino Dans St&uuml;dyosu","description":"&quot;Hayat\u0131n\u0131zda Bir Dans Aras\u0131 Verin&quot;","publisher":{"@id":"https:\/\/latinodans.com\/#organization"},"potentialAction":[{"@type":"SearchAction","target":{"@type":"EntryPoint","urlTemplate":"https:\/\/latinodans.com\/?s={search_term_string}"},"query-input":{"@type":"PropertyValueSpecification","valueRequired":true,"valueName":"search_term_string"}}],"inLanguage":"tr"},{"@type":"Organization","@id":"https:\/\/latinodans.com\/#organization","name":"Latino Dans St\u00fcdyosu","url":"https:\/\/latinodans.com\/","logo":{"@type":"ImageObject","inLanguage":"tr","@id":"https:\/\/latinodans.com\/#\/schema\/logo\/image\/","url":"https:\/\/latinodans.com\/wp-content\/uploads\/2016\/11\/latinologo01.png","contentUrl":"https:\/\/latinodans.com\/wp-content\/uploads\/2016\/11\/latinologo01.png","width":1767,"height":869,"caption":"Latino Dans St\u00fcdyosu"},"image":{"@id":"https:\/\/latinodans.com\/#\/schema\/logo\/image\/"},"sameAs":["https:\/\/www.facebook.com\/latinoankara","https:\/\/x.com\/LatinoDans","https:\/\/www.instagram.com\/latinodans\/","https:\/\/tr.pinterest.com\/latinodans"]}]}},"_links":{"self":[{"href":"https:\/\/latinodans.com\/tr\/wp-json\/wp\/v2\/pages\/709","targetHints":{"allow":["GET"]}}],"collection":[{"href":"https:\/\/latinodans.com\/tr\/wp-json\/wp\/v2\/pages"}],"about":[{"href":"https:\/\/latinodans.com\/tr\/wp-json\/wp\/v2\/types\/page"}],"author":[{"embeddable":true,"href":"https:\/\/latinodans.com\/tr\/wp-json\/wp\/v2\/users\/2"}],"replies":[{"embeddable":true,"href":"https:\/\/latinodans.com\/tr\/wp-json\/wp\/v2\/comments?post=709"}],"version-history":[{"count":4,"href":"https:\/\/latinodans.com\/tr\/wp-json\/wp\/v2\/pages\/709\/revisions"}],"predecessor-version":[{"id":12032,"href":"https:\/\/latinodans.com\/tr\/wp-json\/wp\/v2\/pages\/709\/revisions\/12032"}],"up":[{"embeddable":true,"href":"https:\/\/latinodans.com\/tr\/wp-json\/wp\/v2\/pages\/616"}],"wp:attachment":[{"href":"https:\/\/latinodans.com\/tr\/wp-json\/wp\/v2\/media?parent=709"}],"curies":[{"name":"wp","href":"https:\/\/api.w.org\/{rel}","templated":true}]}}