{"id":705,"date":"2016-11-04T17:14:03","date_gmt":"2016-11-04T15:14:03","guid":{"rendered":"http:\/\/www.latinodans.com\/?page_id=705"},"modified":"2025-09-05T12:08:39","modified_gmt":"2025-09-05T09:08:39","slug":"ankara-tango-kursu","status":"publish","type":"page","link":"https:\/\/latinodans.com\/tr\/kurslar\/ankara-tango-kursu\/","title":{"rendered":"Arjantin Tango"},"content":{"rendered":"\n<h1 class=\"wp-block-heading has-text-align-center\">Ankara Tango<\/h1>\n\n\n\n<div class=\"wp-block-coblocks-row alignwide coblocks-row-526145844157 mt-0\" data-columns=\"1\" data-layout=\"100\"><div class=\"wp-block-coblocks-row__inner has-no-padding has-no-margin is-stacked-on-mobile has-medium-gutter\">\n<div class=\"wp-block-coblocks-column coblocks-column-526145846704\" style=\"width:100%\"><div class=\"wp-block-coblocks-column__inner has-no-padding has-no-margin\">\n<p><strong>Tango<\/strong>, Buenos Aires, Arjantin ve Montevideo, Uruguay k\u00f6kenli bir dans ve m\u00fczik t\u00fcr\u00fcd\u00fcr. Dansla beraber geli\u015fen m\u00fczik tarz\u0131 da ayn\u0131 adla an\u0131lmaktad\u0131r.<br>\u0130lk y\u0131llar\u0131n tangosu &#8220;tango criollo&#8221; veya &#8220;basit tango&#8221; olarak bilinmekle beraber, g\u00fcn\u00fcm\u00fczde Amerikan ve uluslararas\u0131 tango stilleri, Fin tangosu, \u00c7in tangosu gibi \u00e7e\u015fitli t\u00fcrler geli\u015fmi\u015ftir. Ancak orijinal tango, do\u011fdu\u011fu topraklar\u0131n ad\u0131yla, &#8220;Arjantin tangosu&#8221; olarak an\u0131lmaktad\u0131r. Tangonun dramatik duygusu, dans s\u0131ras\u0131nda \u00e7ok zengin do\u011fa\u00e7lama f\u0131rsatlar\u0131 yaratmas\u0131, dans\u0131n \u00f6z\u00fcnde a\u015fk ve melankoli tutkusunun yatmas\u0131ndan ileri gelmektedir.<br>Tango m\u00fczi\u011finin temel \u00e7alg\u0131s\u0131 Alman icad\u0131 olan fakat ismini Arjantin Tango&#8217;su ile duyuran akordeonun akrabas\u0131 bandoneon&#8217;dur.<\/p>\n<\/div><\/div>\n<\/div><\/div>\n\n\n\n<div class=\"wp-block-coblocks-row alignwide coblocks-row-527163227427 mb-0 mt-0\" data-columns=\"1\" data-layout=\"100\"><div class=\"wp-block-coblocks-row__inner has-no-padding has-no-margin is-stacked-on-mobile has-medium-gutter\">\n<div class=\"wp-block-coblocks-column coblocks-column-527163228766\" style=\"width:100%\"><div class=\"wp-block-coblocks-column__inner has-no-padding has-no-margin\">\n<p style=\"font-weight:bold;font-size:32px\" class=\"has-custom-weight\"><strong>Yeni a\u00e7\u0131lan s\u0131n\u0131flardan haberdar olmak i\u00e7in a\u015fa\u011f\u0131daki formu doldurunuz.<\/strong><\/p>\n<\/div><\/div>\n<\/div><\/div>\n\n\n\n\t\t<div class=\"coblocks-form\" id=\"a2df86a68fa200780dc6b0065ff325e6cf4a2992\">\n\n\t\t\t\n\t\t\t<form action=\"https:\/\/latinodans.com\/tr\/kurslar\/ankara-tango-kursu\/#a2df86a68fa200780dc6b0065ff325e6cf4a2992\" method=\"post\">\n\t\t\t\t\n<div class=\"wp-block-coblocks-form\"><label class=\"coblocks-label\">Name <span class=\"required\">&#042;<\/span><\/label>\n\t\t<input type=\"hidden\" name=\"field-name[label]\" value=\"Name\">\n\n\t\t\t\t<input type=\"hidden\" id=\"name-field-id\" name=\"name-field-id\" class=\"coblocks-name-field-id\" value=\"field-name\" \/>\n\t\t\n\t\t<input type=\"text\" id=\"name\" name=\"field-name[value]\" class=\"coblocks-field coblocks-field--name\" required \/>\n\n\t\t\n\n<label class=\"coblocks-label\">Email <span class=\"required\">&#042;<\/span><\/label>\n\t\t<input type=\"hidden\" name=\"field-email[label]\" value=\"Email\">\n\n\t\t\n\t\t<input type=\"hidden\" id=\"email-field-id\" name=\"email-field-id\" class=\"coblocks-email-field-id\" value=\"field-email\" \/>\n\t\t<input type=\"email\" id=\"email\" aria-label=\"Email\" name=\"field-email[value]\" class=\"coblocks-field coblocks-field--email\" required \/>\n\n\t\t\n\n<label class=\"coblocks-label\">Tercih etti\u011finiz \u015fubemiz <span class=\"required\">&#042;<\/span><\/label>\n\t\t<input type=\"hidden\" name=\"field-tercih-ettiginiz-subemiz[label]\" value=\"Tercih etti\u011finiz \u015fubemiz\">\n\n\t\t<select class=\"select coblocks-field\" name=\"field-tercih-ettiginiz-subemiz[value]\"><option value=\"Kavakl\u0131dere (Tunal\u0131-Tunus Cad.)\">Kavakl\u0131dere (Tunal\u0131-Tunus Cad.)<\/option><option value=\"\u00dcmitk\u00f6y\">\u00dcmitk\u00f6y<\/option><\/select>\n\n<label class=\"coblocks-label\">Phone <span class=\"required\">&#042;<\/span><\/label>\n\t\t<input type=\"hidden\" name=\"field-phone[label]\" value=\"Phone\">\n\n\t\t\n\t\t<input type=\"tel\" id=\"phone\" name=\"field-phone[value]\" class=\"coblocks-field coblocks-field--telephone\" required \/>\n\n\t\t\n\n\n\t\t<div class=\"coblocks-form__submit wp-block-button\">\n\t\t\t<button type=\"submit\" class=\"wp-block-button__link is-style-fill\" style=\"\">Yeni S\u0131n\u0131f A\u00e7\u0131l\u0131nca Haber Ver<\/button>\n\t\t\t<input type=\"hidden\" id=\"form-submit\" name=\"form-submit\" value=\"9fc28adec8\" \/><input type=\"hidden\" name=\"_wp_http_referer\" value=\"\/tr\/wp-json\/wp\/v2\/pages\/705\" \/>\t\t\t<input type=\"hidden\" name=\"action\" value=\"coblocks-form-submit\">\n\n\t\t\t\t\t<\/div>\n\n\t\t<\/div>\n\t\t\t\t<input class=\"coblocks-field verify\" aria-label=\"Enter your email address to verify\" type=\"email\" name=\"coblocks-verify-email\" autocomplete=\"off\" placeholder=\"E-posta\" tabindex=\"-1\">\n\t\t\t\t<input type=\"hidden\" name=\"form-hash\" value=\"a2df86a68fa200780dc6b0065ff325e6cf4a2992\">\n\n\t\t\t\t\t\t\t<\/form>\n\n\t\t<\/div>\n\n\t\t\n\n\n<div class=\"wp-block-coblocks-row alignfull coblocks-row-527162821476\" data-columns=\"2\" data-layout=\"50-50\"><div class=\"wp-block-coblocks-row__inner has-no-padding has-margin has-large-margin is-stacked-on-mobile has-medium-gutter\">\n<div class=\"wp-block-coblocks-column coblocks-column-527162824609\" style=\"width:50%\"><div class=\"wp-block-coblocks-column__inner has-no-padding has-no-margin\">\n<figure class=\"wp-block-embed is-type-video is-provider-youtube wp-block-embed-youtube wp-embed-aspect-16-9 wp-has-aspect-ratio\"><div class=\"wp-block-embed__wrapper\">\n<iframe loading=\"lazy\" title=\"Tango Derslerimiz TUNALI \u015eubemizde Yeni E\u011fitmenlerimiz ile Ba\u015fl\u0131yor | tangoAnkara #shorts\" width=\"660\" height=\"371\" src=\"https:\/\/www.youtube.com\/embed\/7cW3KSBS1LQ?feature=oembed\" frameborder=\"0\" allow=\"accelerometer; autoplay; clipboard-write; encrypted-media; gyroscope; picture-in-picture; web-share\" referrerpolicy=\"strict-origin-when-cross-origin\" allowfullscreen><\/iframe>\n<\/div><\/figure>\n<\/div><\/div>\n\n\n\n<div class=\"wp-block-coblocks-column coblocks-column-527162824613\" style=\"width:50%\"><div class=\"wp-block-coblocks-column__inner has-no-padding has-no-margin\">\n<figure class=\"wp-block-embed is-type-video is-provider-youtube wp-block-embed-youtube wp-embed-aspect-16-9 wp-has-aspect-ratio\"><div class=\"wp-block-embed__wrapper\">\n<iframe loading=\"lazy\" title=\"Arjantin Tango G\u00f6sterisi | Eray &amp; Martina Y\u00fcksek &quot;Tango Ankara&quot; | Latino Dans St\u00fcdyosu 20.Ya\u015f G\u00fcn\u00fc\" width=\"660\" height=\"371\" src=\"https:\/\/www.youtube.com\/embed\/mzILOloxvyU?feature=oembed\" frameborder=\"0\" allow=\"accelerometer; autoplay; clipboard-write; encrypted-media; gyroscope; picture-in-picture; web-share\" referrerpolicy=\"strict-origin-when-cross-origin\" allowfullscreen><\/iframe>\n<\/div><\/figure>\n<\/div><\/div>\n<\/div><\/div>\n","protected":false},"excerpt":{"rendered":"<p>Ankara Tango<\/p>","protected":false},"author":2,"featured_media":0,"parent":616,"menu_order":0,"comment_status":"closed","ping_status":"closed","template":"","meta":{"_coblocks_attr":"","_coblocks_dimensions":"","_coblocks_responsive_height":"","_coblocks_accordion_ie_support":"","hide_page_title":"","footnotes":""},"class_list":["post-705","page","type-page","status-publish","hentry"],"yoast_head":"<!-- This site is optimized with the Yoast SEO plugin v24.3 - https:\/\/yoast.com\/wordpress\/plugins\/seo\/ -->\n<title>Ankara Tango Kursu - Arjantin Tango | Latino Dans St\u00fcdyosu<\/title>\n<meta name=\"description\" content=\"Tango, Buenos Aires, Arjantin ve Montevideo, Uruguay k\u00f6kenli bir dans ve m\u00fczik t\u00fcr\u00fcd\u00fcr. Ankara Tango Kursu | Tango Ankara\" \/>\n<meta name=\"robots\" content=\"index, follow, max-snippet:-1, max-image-preview:large, max-video-preview:-1\" \/>\n<link rel=\"canonical\" href=\"https:\/\/latinodans.com\/tr\/kurslar\/ankara-tango-kursu\/\" \/>\n<meta property=\"og:locale\" content=\"tr_TR\" \/>\n<meta property=\"og:type\" content=\"article\" \/>\n<meta property=\"og:title\" content=\"Ankara Tango Kursu - Arjantin Tango | Latino Dans St\u00fcdyosu\" \/>\n<meta property=\"og:description\" content=\"Tango, Buenos Aires, Arjantin ve Montevideo, Uruguay k\u00f6kenli bir dans ve m\u00fczik t\u00fcr\u00fcd\u00fcr. Ankara Tango Kursu | Tango Ankara\" \/>\n<meta property=\"og:url\" content=\"https:\/\/latinodans.com\/tr\/kurslar\/ankara-tango-kursu\/\" \/>\n<meta property=\"og:site_name\" content=\"Latino Dans St&uuml;dyosu\" \/>\n<meta property=\"article:publisher\" content=\"https:\/\/www.facebook.com\/latinoankara\" \/>\n<meta property=\"article:modified_time\" content=\"2025-09-05T09:08:39+00:00\" \/>\n<meta name=\"twitter:card\" content=\"summary_large_image\" \/>\n<meta name=\"twitter:site\" content=\"@LatinoDans\" \/>\n<meta name=\"twitter:label1\" content=\"Tahmini okuma s\u00fcresi\" \/>\n\t<meta name=\"twitter:data1\" content=\"1 dakika\" \/>\n<script type=\"application\/ld+json\" class=\"yoast-schema-graph\">{\"@context\":\"https:\/\/schema.org\",\"@graph\":[{\"@type\":\"WebPage\",\"@id\":\"https:\/\/latinodans.com\/kurslar\/ankara-tango-kursu\/\",\"url\":\"https:\/\/latinodans.com\/kurslar\/ankara-tango-kursu\/\",\"name\":\"Ankara Tango Kursu - Arjantin Tango | Latino Dans St\u00fcdyosu\",\"isPartOf\":{\"@id\":\"https:\/\/latinodans.com\/#website\"},\"datePublished\":\"2016-11-04T15:14:03+00:00\",\"dateModified\":\"2025-09-05T09:08:39+00:00\",\"description\":\"Tango, Buenos Aires, Arjantin ve Montevideo, Uruguay k\u00f6kenli bir dans ve m\u00fczik t\u00fcr\u00fcd\u00fcr. Ankara Tango Kursu | Tango Ankara\",\"breadcrumb\":{\"@id\":\"https:\/\/latinodans.com\/kurslar\/ankara-tango-kursu\/#breadcrumb\"},\"inLanguage\":\"tr\",\"potentialAction\":[{\"@type\":\"ReadAction\",\"target\":[\"https:\/\/latinodans.com\/kurslar\/ankara-tango-kursu\/\"]}]},{\"@type\":\"BreadcrumbList\",\"@id\":\"https:\/\/latinodans.com\/kurslar\/ankara-tango-kursu\/#breadcrumb\",\"itemListElement\":[{\"@type\":\"ListItem\",\"position\":1,\"name\":\"Anasayfa\",\"item\":\"https:\/\/latinodans.com\/\"},{\"@type\":\"ListItem\",\"position\":2,\"name\":\"Dans Kurslar\u0131\",\"item\":\"https:\/\/latinodans.com\/?page_id=616\"},{\"@type\":\"ListItem\",\"position\":3,\"name\":\"Arjantin Tango\"}]},{\"@type\":\"WebSite\",\"@id\":\"https:\/\/latinodans.com\/#website\",\"url\":\"https:\/\/latinodans.com\/\",\"name\":\"Latino Dans St&uuml;dyosu\",\"description\":\"&quot;Hayat\u0131n\u0131zda Bir Dans Aras\u0131 Verin&quot;\",\"publisher\":{\"@id\":\"https:\/\/latinodans.com\/#organization\"},\"potentialAction\":[{\"@type\":\"SearchAction\",\"target\":{\"@type\":\"EntryPoint\",\"urlTemplate\":\"https:\/\/latinodans.com\/?s={search_term_string}\"},\"query-input\":{\"@type\":\"PropertyValueSpecification\",\"valueRequired\":true,\"valueName\":\"search_term_string\"}}],\"inLanguage\":\"tr\"},{\"@type\":\"Organization\",\"@id\":\"https:\/\/latinodans.com\/#organization\",\"name\":\"Latino Dans St\u00fcdyosu\",\"url\":\"https:\/\/latinodans.com\/\",\"logo\":{\"@type\":\"ImageObject\",\"inLanguage\":\"tr\",\"@id\":\"https:\/\/latinodans.com\/#\/schema\/logo\/image\/\",\"url\":\"https:\/\/latinodans.com\/wp-content\/uploads\/2016\/11\/latinologo01.png\",\"contentUrl\":\"https:\/\/latinodans.com\/wp-content\/uploads\/2016\/11\/latinologo01.png\",\"width\":1767,\"height\":869,\"caption\":\"Latino Dans St\u00fcdyosu\"},\"image\":{\"@id\":\"https:\/\/latinodans.com\/#\/schema\/logo\/image\/\"},\"sameAs\":[\"https:\/\/www.facebook.com\/latinoankara\",\"https:\/\/x.com\/LatinoDans\",\"https:\/\/www.instagram.com\/latinodans\/\",\"https:\/\/tr.pinterest.com\/latinodans\"]}]}<\/script>\n<!-- \/ Yoast SEO plugin. -->","yoast_head_json":{"title":"Ankara Tango Kursu - Arjantin Tango | Latino Dans St\u00fcdyosu","description":"Tango, Buenos Aires, Arjantin ve Montevideo, Uruguay k\u00f6kenli bir dans ve m\u00fczik t\u00fcr\u00fcd\u00fcr. Ankara Tango Kursu | Tango Ankara","robots":{"index":"index","follow":"follow","max-snippet":"max-snippet:-1","max-image-preview":"max-image-preview:large","max-video-preview":"max-video-preview:-1"},"canonical":"https:\/\/latinodans.com\/tr\/kurslar\/ankara-tango-kursu\/","og_locale":"tr_TR","og_type":"article","og_title":"Ankara Tango Kursu - Arjantin Tango | Latino Dans St\u00fcdyosu","og_description":"Tango, Buenos Aires, Arjantin ve Montevideo, Uruguay k\u00f6kenli bir dans ve m\u00fczik t\u00fcr\u00fcd\u00fcr. Ankara Tango Kursu | Tango Ankara","og_url":"https:\/\/latinodans.com\/tr\/kurslar\/ankara-tango-kursu\/","og_site_name":"Latino Dans St&uuml;dyosu","article_publisher":"https:\/\/www.facebook.com\/latinoankara","article_modified_time":"2025-09-05T09:08:39+00:00","twitter_card":"summary_large_image","twitter_site":"@LatinoDans","twitter_misc":{"Tahmini okuma s\u00fcresi":"1 dakika"},"schema":{"@context":"https:\/\/schema.org","@graph":[{"@type":"WebPage","@id":"https:\/\/latinodans.com\/kurslar\/ankara-tango-kursu\/","url":"https:\/\/latinodans.com\/kurslar\/ankara-tango-kursu\/","name":"Ankara Tango Kursu - Arjantin Tango | Latino Dans St\u00fcdyosu","isPartOf":{"@id":"https:\/\/latinodans.com\/#website"},"datePublished":"2016-11-04T15:14:03+00:00","dateModified":"2025-09-05T09:08:39+00:00","description":"Tango, Buenos Aires, Arjantin ve Montevideo, Uruguay k\u00f6kenli bir dans ve m\u00fczik t\u00fcr\u00fcd\u00fcr. Ankara Tango Kursu | Tango Ankara","breadcrumb":{"@id":"https:\/\/latinodans.com\/kurslar\/ankara-tango-kursu\/#breadcrumb"},"inLanguage":"tr","potentialAction":[{"@type":"ReadAction","target":["https:\/\/latinodans.com\/kurslar\/ankara-tango-kursu\/"]}]},{"@type":"BreadcrumbList","@id":"https:\/\/latinodans.com\/kurslar\/ankara-tango-kursu\/#breadcrumb","itemListElement":[{"@type":"ListItem","position":1,"name":"Anasayfa","item":"https:\/\/latinodans.com\/"},{"@type":"ListItem","position":2,"name":"Dans Kurslar\u0131","item":"https:\/\/latinodans.com\/?page_id=616"},{"@type":"ListItem","position":3,"name":"Arjantin Tango"}]},{"@type":"WebSite","@id":"https:\/\/latinodans.com\/#website","url":"https:\/\/latinodans.com\/","name":"Latino Dans St&uuml;dyosu","description":"&quot;Hayat\u0131n\u0131zda Bir Dans Aras\u0131 Verin&quot;","publisher":{"@id":"https:\/\/latinodans.com\/#organization"},"potentialAction":[{"@type":"SearchAction","target":{"@type":"EntryPoint","urlTemplate":"https:\/\/latinodans.com\/?s={search_term_string}"},"query-input":{"@type":"PropertyValueSpecification","valueRequired":true,"valueName":"search_term_string"}}],"inLanguage":"tr"},{"@type":"Organization","@id":"https:\/\/latinodans.com\/#organization","name":"Latino Dans St\u00fcdyosu","url":"https:\/\/latinodans.com\/","logo":{"@type":"ImageObject","inLanguage":"tr","@id":"https:\/\/latinodans.com\/#\/schema\/logo\/image\/","url":"https:\/\/latinodans.com\/wp-content\/uploads\/2016\/11\/latinologo01.png","contentUrl":"https:\/\/latinodans.com\/wp-content\/uploads\/2016\/11\/latinologo01.png","width":1767,"height":869,"caption":"Latino Dans St\u00fcdyosu"},"image":{"@id":"https:\/\/latinodans.com\/#\/schema\/logo\/image\/"},"sameAs":["https:\/\/www.facebook.com\/latinoankara","https:\/\/x.com\/LatinoDans","https:\/\/www.instagram.com\/latinodans\/","https:\/\/tr.pinterest.com\/latinodans"]}]}},"_links":{"self":[{"href":"https:\/\/latinodans.com\/tr\/wp-json\/wp\/v2\/pages\/705","targetHints":{"allow":["GET"]}}],"collection":[{"href":"https:\/\/latinodans.com\/tr\/wp-json\/wp\/v2\/pages"}],"about":[{"href":"https:\/\/latinodans.com\/tr\/wp-json\/wp\/v2\/types\/page"}],"author":[{"embeddable":true,"href":"https:\/\/latinodans.com\/tr\/wp-json\/wp\/v2\/users\/2"}],"replies":[{"embeddable":true,"href":"https:\/\/latinodans.com\/tr\/wp-json\/wp\/v2\/comments?post=705"}],"version-history":[{"count":13,"href":"https:\/\/latinodans.com\/tr\/wp-json\/wp\/v2\/pages\/705\/revisions"}],"predecessor-version":[{"id":12037,"href":"https:\/\/latinodans.com\/tr\/wp-json\/wp\/v2\/pages\/705\/revisions\/12037"}],"up":[{"embeddable":true,"href":"https:\/\/latinodans.com\/tr\/wp-json\/wp\/v2\/pages\/616"}],"wp:attachment":[{"href":"https:\/\/latinodans.com\/tr\/wp-json\/wp\/v2\/media?parent=705"}],"curies":[{"name":"wp","href":"https:\/\/api.w.org\/{rel}","templated":true}]}}