{"id":700,"date":"2016-11-04T17:10:04","date_gmt":"2016-11-04T15:10:04","guid":{"rendered":"http:\/\/www.latinodans.com\/?page_id=700"},"modified":"2025-01-03T18:46:25","modified_gmt":"2025-01-03T15:46:25","slug":"nasil-baslarim","status":"publish","type":"page","link":"https:\/\/latinodans.com\/tr\/nasil-baslarim\/","title":{"rendered":"Nas\u0131l Ba\u015flar\u0131m?"},"content":{"rendered":"<div class=\"wp-block-columns alignwide is-layout-flex wp-container-core-columns-is-layout-9d6595d7 wp-block-columns-is-layout-flex\">\n<div class=\"wp-block-column is-layout-flow wp-block-column-is-layout-flow\">\n<h1 class=\"wp-block-heading has-text-align-left has-huge-font-size\">Nas\u0131l Ba\u015flar\u0131m?<\/h1>\n\n\n\n<p>Daha \u00f6nce hi\u00e7 dans kursu almad\u0131ysan\u0131z ba\u015flang\u0131\u00e7 seviye s\u0131n\u0131flar\u0131m\u0131za kay\u0131t olabilirsiniz. \u0130lgilendi\u011finiz dans \u00e7e\u015fitlerine g\u00f6re &#8220;yeni a\u00e7\u0131lacak s\u0131n\u0131flar\u0131m\u0131za&#8221; st\u00fcdyomuzu arayarak \u00f6n kay\u0131t yapt\u0131rabilirsiniz.<br>Daha \u00f6nce hi\u00e7 dans dersi&nbsp;almad\u0131n\u0131z ve kafan\u0131zda soru i\u015faretleri var. Partner, ya\u015f, yetenek, k\u0131yafet ve \u00fccretler hepsi bahane, yeter ki siz ba\u015flamaya karar verin:)<\/p>\n\n\n\n<h2 class=\"wp-block-heading has-huge-font-size\">\u00dccretler\u2026<\/h2>\n\n\n\n<p>Dans Kurs fiyatlar\u0131 ayl\u0131k olarak(4 hafta) \u00f6denir ve san\u0131ld\u0131\u011f\u0131 gibi pahal\u0131 de\u011fildir. Bedeninize ald\u0131\u011f\u0131n\u0131z bir k\u0131yafet bir m\u00fcddet sonra eskiyebilir ama yakla\u015f\u0131k ayn\u0131 \u00fccret \u00f6deyece\u011finiz dans kursunun faydalar\u0131 y\u0131llar boyu kal\u0131c\u0131 olacakt\u0131r. Hayat\u0131n\u0131za katt\u0131\u011f\u0131 art\u0131lar\u0131 d\u00fc\u015f\u00fcnd\u00fc\u011f\u00fcn\u00fczde asl\u0131nda dans kursu fiyatlar\u0131 ucuzdur.<br>Unutmay\u0131n dans\u00e7\u0131l\u0131k ve dans e\u011fitmenli\u011fi d\u00fcnyan\u0131n en zor mesleklerinden biridir ve y\u0131llar s\u00fcren \u00e7al\u0131\u015fma ve birikim gerektirir. Bu y\u00fczden art niyetli s\u00f6zde e\u011fitmenlerden \u00e7ok daha uygun fiyata ders almak sizi danstan so\u011futabilir ve profesyonel bir dans okulundan alabilece\u011finiz kaliteli hizmeti bulamayabilirsiniz. Dolay\u0131s\u0131yla dans kursunun fiyat\u0131ndan \u00e7ok ald\u0131\u011f\u0131n\u0131z hizmet ve kalite \u00f6n plana \u00e7\u0131kmal\u0131d\u0131r.<br>Bir ka\u00e7 dersi ayn\u0131 anda alanlar ve en az 10 ki\u015fiden olu\u015fan gruplar i\u00e7in indirimli fiyatlar\u0131m\u0131zdan yararlanabilirsiniz.<\/p>\n\n\n\n<h3 class=\"wp-block-heading has-huge-font-size\">Benim partnerim yok ki\u2026<\/h3>\n\n\n\n<p>Hi\u00e7 \u00f6nemli de\u011fil. E\u015fli dans kurslar\u0131na ba\u015flamak i\u00e7in partner zorunlulu\u011fu bulunmamaktad\u0131r. Kurslara partnersiz kat\u0131lan bay ve bayanlar bulunmakta, e\u015f s\u0131k\u0131nt\u0131s\u0131 ya\u015fand\u0131\u011f\u0131nda ise e\u011fitmenler, asistanlar ya da o dersi daha \u00f6nce alm\u0131\u015f olan \u00f6\u011frencilerimiz size e\u015flik etmektedir. Ayr\u0131ca her ne kadar d\u00fczenli bir partnerin faydalar\u0131 olsa da, \u00f6\u011frencilerimizin geli\u015fimi a\u00e7\u0131s\u0131ndan, m\u00fcmk\u00fcn oldu\u011funca farkl\u0131 partnerler ile dans etmeleri te\u015fvik edilmektedir.<\/p>\n\n\n\n<h3 class=\"wp-block-heading has-huge-font-size\">Ka\u00e7 ay kursa gitmeliyim?<\/h3>\n\n\n\n<p>Dans kurslar\u0131nda daha ilk dakikadan itibaren \u00f6\u011frenmeye ve dans etmeye ba\u015fl\u0131yorsunuz. Birka\u00e7 saat i\u00e7inde m\u00fczi\u011fe uyum sa\u011flayabilecek kadar \u00f6\u011frenebilir, ad\u0131mlar\u0131n\u0131z\u0131n dansa uyum sa\u011flamaya ba\u015flad\u0131\u011f\u0131n\u0131 g\u00f6rebilirsiniz. Danslar\u0131n temel ad\u0131mlar\u0131, ritmleri ve ba\u015flang\u0131\u00e7 seviyedeki bir\u00e7ok fig\u00fcr 3 ayl\u0131k bir s\u00fcrede \u00f6\u011frenilmektedir. Ancak dans etmenin keyfine varman\u0131z, ad\u0131mlar\u0131 d\u00fc\u015f\u00fcnmeden ve kendinizden bir \u015feyler katarak dans edebilmeniz d\u00fczenli kurs alman\u0131za ba\u011fl\u0131d\u0131r. Y\u0131llarca dans okullar\u0131na devam edenler oldu\u011fu gibi yakla\u015f\u0131k 8 ay kadar s\u00fcre, sizi ba\u015flang\u0131\u00e7 d\u00fczeyde bir\u00e7ok dans\u0131 bilerek uygulayan bir dans sever yapacakt\u0131r.<br>Dans gecelerinde pratik yapman\u0131z ve \u00f6\u011frenilenleri bol tekrar etmeniz bu s\u00fcreci h\u0131zland\u0131racak, daha k\u0131sa s\u00fcrede ilerleyip dans\u0131n keyfini \u00e7\u0131karman\u0131za yard\u0131mc\u0131 olacakt\u0131r.<\/p>\n\n\n\n<h3 class=\"wp-block-heading has-huge-font-size\">Ya\u015f\u0131m uygun mu?<\/h3>\n\n\n\n<p>3 ya\u015f\u0131nda \u00e7ocuklar\u0131m\u0131z baleyle tan\u0131\u015f\u0131yor, 65 ya\u015f\u0131nda \u00f6\u011frencilerimiz salsa g\u00f6sterisi yapabiliyor. Yeter ki siz isteyin:) Dans dersleri yeti\u015fkinler ve \u00e7ocuklar i\u00e7in ayr\u0131 s\u0131n\u0131flar halinde verilir. Yeti\u015fkin s\u0131n\u0131flar\u0131 genel olarak hobi ama\u00e7l\u0131 sosyal s\u0131n\u0131flard\u0131r ve ya\u015f k\u0131s\u0131tlamas\u0131 kesinlikle yoktur. <br>\u00c7ocuk s\u0131n\u0131flar\u0131m\u0131z i\u00e7in detayl\u0131 bilgiyi <a href=\"http:\/\/cocukkursu.com\">www.cocukkursu.com<\/a> sitemizde bulabilirsiniz.<\/p>\n\n\n\n<h3 class=\"wp-block-heading has-huge-font-size\">Becerebilir miyim?<\/h3>\n\n\n\n<p>\u201dBecerebilir miyim?\u201d ,\u201dDaha \u00f6nce hi\u00e7 dans etmedim.\u201d \u201cDerslerde zorlan\u0131r m\u0131y\u0131m acaba?\u201d gibi sorular\u0131n\u0131z m\u0131 var?<br>Cevap \u00e7ok basit:<br>Ba\u015flang\u0131\u00e7 seviye s\u0131n\u0131flar\u0131, daha \u00f6nce hi\u00e7 dans e\u011fitimi almam\u0131\u015f \u00f6\u011frencilere uygun olarak planlanm\u0131\u015ft\u0131r. Bu seviyede e\u011fitim, daha \u00f6nce hi\u00e7 kimsenin v\u00fccut e\u011fitimi almad\u0131\u011f\u0131 \u00f6n g\u00f6r\u00fclerek verilir. Ad\u0131m ve fig\u00fcr bilgisi ile s\u0131n\u0131rl\u0131 kalmaks\u0131z\u0131n; duru\u015f, denge, ritim ve v\u00fccut kullan\u0131m\u0131 gibi temel kavramlar\u0131n \u00fczerinde durularak \u00f6\u011frencilerin sadece fig\u00fcrleri de\u011fil; dans etmeyi \u00f6\u011frenmeleri de \u00f6nemsenir. Deneyimli e\u011fitmenlerimizin, sizlerin e\u011flenerek \u00f6\u011frenmenizi sa\u011flayaca\u011f\u0131na emin olabilirsiniz.<\/p>\n\n\n\n<h3 class=\"wp-block-heading has-huge-font-size\">Ne giymeliyim?<\/h3>\n\n\n\n<p>Rahat olmak laz\u0131m. Bu y\u00fczden rahat edebilece\u011finiz ve hareketlerinizi k\u0131s\u0131tlamayan k\u0131yafetler ve ayakkab\u0131lar giymekte yarar var. Ayr\u0131ca derslerin hareketli ge\u00e7ti\u011fini d\u00fc\u015f\u00fcnerek \u00e7ok kal\u0131n k\u0131yafetler giymemenizi, m\u00fcmk\u00fcnse yan\u0131n\u0131zda yedek bir t-shirt getirmenizi tavsiye ederiz.<br>\u0130sterseniz dans ayakkab\u0131s\u0131 ve k\u0131yafetleri konusunda, st\u00fcdyomuz e\u011fitmenlerinden tavsiyeler alabilirsiniz.<\/p>\n<\/div>\n<\/div>","protected":false},"excerpt":{"rendered":"<p>Nas\u0131l Ba\u015flar\u0131m? Daha \u00f6nce hi\u00e7 dans kursu almad\u0131ysan\u0131z ba\u015flang\u0131\u00e7 seviye s\u0131n\u0131flar\u0131m\u0131za kay\u0131t olabilirsiniz. \u0130lgilendi\u011finiz dans \u00e7e\u015fitlerine g\u00f6re &#8220;yeni a\u00e7\u0131lacak s\u0131n\u0131flar\u0131m\u0131za&#8221; st\u00fcdyomuzu arayarak \u00f6n kay\u0131t yapt\u0131rabilirsiniz.Daha \u00f6nce hi\u00e7 dans dersi&nbsp;almad\u0131n\u0131z ve kafan\u0131zda soru i\u015faretleri var. Partner, ya\u015f, yetenek, k\u0131yafet ve \u00fccretler hepsi bahane, yeter ki siz ba\u015flamaya karar verin:) \u00dccretler\u2026 Dans Kurs fiyatlar\u0131 ayl\u0131k olarak(4 hafta) [&hellip;]<\/p>\n","protected":false},"author":2,"featured_media":0,"parent":0,"menu_order":0,"comment_status":"closed","ping_status":"closed","template":"","meta":{"_coblocks_attr":"","_coblocks_dimensions":"","_coblocks_responsive_height":"","_coblocks_accordion_ie_support":"","hide_page_title":"","footnotes":""},"class_list":["post-700","page","type-page","status-publish","hentry"],"yoast_head":"<!-- This site is optimized with the Yoast SEO plugin v24.3 - https:\/\/yoast.com\/wordpress\/plugins\/seo\/ -->\n<title>Nas\u0131l Ba\u015flar\u0131m? | Ankara Dans Kursu Latino Dans St\u00fcdyosu<\/title>\n<meta name=\"description\" content=\"Daha \u00f6nce hi\u00e7 dans kursu almad\u0131ysan\u0131z ba\u015flang\u0131\u00e7 seviye s\u0131n\u0131flar\u0131m\u0131za kay\u0131t olabilirsiniz. Nas\u0131l Ba\u015flar\u0131m demeyin Yeter ki siz ba\u015flamaya karar verin:)\" \/>\n<meta name=\"robots\" content=\"index, follow, max-snippet:-1, max-image-preview:large, max-video-preview:-1\" \/>\n<link rel=\"canonical\" href=\"https:\/\/latinodans.com\/tr\/nasil-baslarim\/\" \/>\n<meta property=\"og:locale\" content=\"tr_TR\" \/>\n<meta property=\"og:type\" content=\"article\" \/>\n<meta property=\"og:title\" content=\"Nas\u0131l Ba\u015flar\u0131m? | Ankara Dans Kursu Latino Dans St\u00fcdyosu\" \/>\n<meta property=\"og:description\" content=\"Daha \u00f6nce hi\u00e7 dans kursu almad\u0131ysan\u0131z ba\u015flang\u0131\u00e7 seviye s\u0131n\u0131flar\u0131m\u0131za kay\u0131t olabilirsiniz. Nas\u0131l Ba\u015flar\u0131m demeyin Yeter ki siz ba\u015flamaya karar verin:)\" \/>\n<meta property=\"og:url\" content=\"https:\/\/latinodans.com\/tr\/nasil-baslarim\/\" \/>\n<meta property=\"og:site_name\" content=\"Latino Dans St&uuml;dyosu\" \/>\n<meta property=\"article:publisher\" content=\"https:\/\/www.facebook.com\/latinoankara\" \/>\n<meta property=\"article:modified_time\" content=\"2025-01-03T15:46:25+00:00\" \/>\n<meta name=\"twitter:card\" content=\"summary_large_image\" \/>\n<meta name=\"twitter:site\" content=\"@LatinoDans\" \/>\n<meta name=\"twitter:label1\" content=\"Tahmini okuma s\u00fcresi\" \/>\n\t<meta name=\"twitter:data1\" content=\"4 dakika\" \/>\n<script type=\"application\/ld+json\" class=\"yoast-schema-graph\">{\"@context\":\"https:\/\/schema.org\",\"@graph\":[{\"@type\":\"WebPage\",\"@id\":\"https:\/\/latinodans.com\/nasil-baslarim\/\",\"url\":\"https:\/\/latinodans.com\/nasil-baslarim\/\",\"name\":\"Nas\u0131l Ba\u015flar\u0131m? | Ankara Dans Kursu Latino Dans St\u00fcdyosu\",\"isPartOf\":{\"@id\":\"https:\/\/latinodans.com\/#website\"},\"datePublished\":\"2016-11-04T15:10:04+00:00\",\"dateModified\":\"2025-01-03T15:46:25+00:00\",\"description\":\"Daha \u00f6nce hi\u00e7 dans kursu almad\u0131ysan\u0131z ba\u015flang\u0131\u00e7 seviye s\u0131n\u0131flar\u0131m\u0131za kay\u0131t olabilirsiniz. Nas\u0131l Ba\u015flar\u0131m demeyin Yeter ki siz ba\u015flamaya karar verin:)\",\"breadcrumb\":{\"@id\":\"https:\/\/latinodans.com\/nasil-baslarim\/#breadcrumb\"},\"inLanguage\":\"tr\",\"potentialAction\":[{\"@type\":\"ReadAction\",\"target\":[\"https:\/\/latinodans.com\/nasil-baslarim\/\"]}]},{\"@type\":\"BreadcrumbList\",\"@id\":\"https:\/\/latinodans.com\/nasil-baslarim\/#breadcrumb\",\"itemListElement\":[{\"@type\":\"ListItem\",\"position\":1,\"name\":\"Anasayfa\",\"item\":\"https:\/\/latinodans.com\/\"},{\"@type\":\"ListItem\",\"position\":2,\"name\":\"Nas\u0131l Ba\u015flar\u0131m?\"}]},{\"@type\":\"WebSite\",\"@id\":\"https:\/\/latinodans.com\/#website\",\"url\":\"https:\/\/latinodans.com\/\",\"name\":\"Latino Dans St&uuml;dyosu\",\"description\":\"&quot;Hayat\u0131n\u0131zda Bir Dans Aras\u0131 Verin&quot;\",\"publisher\":{\"@id\":\"https:\/\/latinodans.com\/#organization\"},\"potentialAction\":[{\"@type\":\"SearchAction\",\"target\":{\"@type\":\"EntryPoint\",\"urlTemplate\":\"https:\/\/latinodans.com\/?s={search_term_string}\"},\"query-input\":{\"@type\":\"PropertyValueSpecification\",\"valueRequired\":true,\"valueName\":\"search_term_string\"}}],\"inLanguage\":\"tr\"},{\"@type\":\"Organization\",\"@id\":\"https:\/\/latinodans.com\/#organization\",\"name\":\"Latino Dans St\u00fcdyosu\",\"url\":\"https:\/\/latinodans.com\/\",\"logo\":{\"@type\":\"ImageObject\",\"inLanguage\":\"tr\",\"@id\":\"https:\/\/latinodans.com\/#\/schema\/logo\/image\/\",\"url\":\"https:\/\/latinodans.com\/wp-content\/uploads\/2016\/11\/latinologo01.png\",\"contentUrl\":\"https:\/\/latinodans.com\/wp-content\/uploads\/2016\/11\/latinologo01.png\",\"width\":1767,\"height\":869,\"caption\":\"Latino Dans St\u00fcdyosu\"},\"image\":{\"@id\":\"https:\/\/latinodans.com\/#\/schema\/logo\/image\/\"},\"sameAs\":[\"https:\/\/www.facebook.com\/latinoankara\",\"https:\/\/x.com\/LatinoDans\",\"https:\/\/www.instagram.com\/latinodans\/\",\"https:\/\/tr.pinterest.com\/latinodans\"]}]}<\/script>\n<!-- \/ Yoast SEO plugin. -->","yoast_head_json":{"title":"Nas\u0131l Ba\u015flar\u0131m? | Ankara Dans Kursu Latino Dans St\u00fcdyosu","description":"Daha \u00f6nce hi\u00e7 dans kursu almad\u0131ysan\u0131z ba\u015flang\u0131\u00e7 seviye s\u0131n\u0131flar\u0131m\u0131za kay\u0131t olabilirsiniz. Nas\u0131l Ba\u015flar\u0131m demeyin Yeter ki siz ba\u015flamaya karar verin:)","robots":{"index":"index","follow":"follow","max-snippet":"max-snippet:-1","max-image-preview":"max-image-preview:large","max-video-preview":"max-video-preview:-1"},"canonical":"https:\/\/latinodans.com\/tr\/nasil-baslarim\/","og_locale":"tr_TR","og_type":"article","og_title":"Nas\u0131l Ba\u015flar\u0131m? | Ankara Dans Kursu Latino Dans St\u00fcdyosu","og_description":"Daha \u00f6nce hi\u00e7 dans kursu almad\u0131ysan\u0131z ba\u015flang\u0131\u00e7 seviye s\u0131n\u0131flar\u0131m\u0131za kay\u0131t olabilirsiniz. Nas\u0131l Ba\u015flar\u0131m demeyin Yeter ki siz ba\u015flamaya karar verin:)","og_url":"https:\/\/latinodans.com\/tr\/nasil-baslarim\/","og_site_name":"Latino Dans St&uuml;dyosu","article_publisher":"https:\/\/www.facebook.com\/latinoankara","article_modified_time":"2025-01-03T15:46:25+00:00","twitter_card":"summary_large_image","twitter_site":"@LatinoDans","twitter_misc":{"Tahmini okuma s\u00fcresi":"4 dakika"},"schema":{"@context":"https:\/\/schema.org","@graph":[{"@type":"WebPage","@id":"https:\/\/latinodans.com\/nasil-baslarim\/","url":"https:\/\/latinodans.com\/nasil-baslarim\/","name":"Nas\u0131l Ba\u015flar\u0131m? | Ankara Dans Kursu Latino Dans St\u00fcdyosu","isPartOf":{"@id":"https:\/\/latinodans.com\/#website"},"datePublished":"2016-11-04T15:10:04+00:00","dateModified":"2025-01-03T15:46:25+00:00","description":"Daha \u00f6nce hi\u00e7 dans kursu almad\u0131ysan\u0131z ba\u015flang\u0131\u00e7 seviye s\u0131n\u0131flar\u0131m\u0131za kay\u0131t olabilirsiniz. Nas\u0131l Ba\u015flar\u0131m demeyin Yeter ki siz ba\u015flamaya karar verin:)","breadcrumb":{"@id":"https:\/\/latinodans.com\/nasil-baslarim\/#breadcrumb"},"inLanguage":"tr","potentialAction":[{"@type":"ReadAction","target":["https:\/\/latinodans.com\/nasil-baslarim\/"]}]},{"@type":"BreadcrumbList","@id":"https:\/\/latinodans.com\/nasil-baslarim\/#breadcrumb","itemListElement":[{"@type":"ListItem","position":1,"name":"Anasayfa","item":"https:\/\/latinodans.com\/"},{"@type":"ListItem","position":2,"name":"Nas\u0131l Ba\u015flar\u0131m?"}]},{"@type":"WebSite","@id":"https:\/\/latinodans.com\/#website","url":"https:\/\/latinodans.com\/","name":"Latino Dans St&uuml;dyosu","description":"&quot;Hayat\u0131n\u0131zda Bir Dans Aras\u0131 Verin&quot;","publisher":{"@id":"https:\/\/latinodans.com\/#organization"},"potentialAction":[{"@type":"SearchAction","target":{"@type":"EntryPoint","urlTemplate":"https:\/\/latinodans.com\/?s={search_term_string}"},"query-input":{"@type":"PropertyValueSpecification","valueRequired":true,"valueName":"search_term_string"}}],"inLanguage":"tr"},{"@type":"Organization","@id":"https:\/\/latinodans.com\/#organization","name":"Latino Dans St\u00fcdyosu","url":"https:\/\/latinodans.com\/","logo":{"@type":"ImageObject","inLanguage":"tr","@id":"https:\/\/latinodans.com\/#\/schema\/logo\/image\/","url":"https:\/\/latinodans.com\/wp-content\/uploads\/2016\/11\/latinologo01.png","contentUrl":"https:\/\/latinodans.com\/wp-content\/uploads\/2016\/11\/latinologo01.png","width":1767,"height":869,"caption":"Latino Dans St\u00fcdyosu"},"image":{"@id":"https:\/\/latinodans.com\/#\/schema\/logo\/image\/"},"sameAs":["https:\/\/www.facebook.com\/latinoankara","https:\/\/x.com\/LatinoDans","https:\/\/www.instagram.com\/latinodans\/","https:\/\/tr.pinterest.com\/latinodans"]}]}},"_links":{"self":[{"href":"https:\/\/latinodans.com\/tr\/wp-json\/wp\/v2\/pages\/700","targetHints":{"allow":["GET"]}}],"collection":[{"href":"https:\/\/latinodans.com\/tr\/wp-json\/wp\/v2\/pages"}],"about":[{"href":"https:\/\/latinodans.com\/tr\/wp-json\/wp\/v2\/types\/page"}],"author":[{"embeddable":true,"href":"https:\/\/latinodans.com\/tr\/wp-json\/wp\/v2\/users\/2"}],"replies":[{"embeddable":true,"href":"https:\/\/latinodans.com\/tr\/wp-json\/wp\/v2\/comments?post=700"}],"version-history":[{"count":27,"href":"https:\/\/latinodans.com\/tr\/wp-json\/wp\/v2\/pages\/700\/revisions"}],"predecessor-version":[{"id":11964,"href":"https:\/\/latinodans.com\/tr\/wp-json\/wp\/v2\/pages\/700\/revisions\/11964"}],"wp:attachment":[{"href":"https:\/\/latinodans.com\/tr\/wp-json\/wp\/v2\/media?parent=700"}],"curies":[{"name":"wp","href":"https:\/\/api.w.org\/{rel}","templated":true}]}}