{"id":12019,"date":"2025-08-06T11:51:42","date_gmt":"2025-08-06T08:51:42","guid":{"rendered":"https:\/\/latinodans.com\/?page_id=12019"},"modified":"2025-08-06T13:18:16","modified_gmt":"2025-08-06T10:18:16","slug":"latino-kids-cocuk-dans-kurslari","status":"publish","type":"page","link":"https:\/\/latinodans.com\/tr\/latino-kids-cocuk-dans-kurslari\/","title":{"rendered":"Latino Kids &#8211; \u00c7ocuk Dans Kurslar\u0131"},"content":{"rendered":"<div class=\"wp-block-coblocks-row alignwide coblocks-row-37152618373 mb-0 mt-0\" data-columns=\"1\" data-layout=\"100\"><div class=\"wp-block-coblocks-row__inner has-no-padding has-no-margin is-stacked-on-mobile has-medium-gutter\">\n<div class=\"wp-block-coblocks-column coblocks-column-37152619692\" style=\"width:100%\"><div class=\"wp-block-coblocks-column__inner has-no-padding has-no-margin\">\n<h1 class=\"wp-block-heading alignfull has-text-align-center mb-0 pb-0 mt-0 pt-0\">Latino Kids<\/h1>\n\n\n<div class=\"wp-block-image\">\n<figure class=\"aligncenter size-large is-resized mb-0 mt-0\"><img loading=\"lazy\" decoding=\"async\" width=\"982\" height=\"1024\" src=\"https:\/\/latinodans.com\/wp-content\/uploads\/2025\/08\/LatinoKids_Logo_Vector-982x1024.png\" alt=\"\" class=\"wp-image-12024\" style=\"width:274px;height:auto\" srcset=\"https:\/\/latinodans.com\/wp-content\/uploads\/2025\/08\/LatinoKids_Logo_Vector-982x1024.png 982w, https:\/\/latinodans.com\/wp-content\/uploads\/2025\/08\/LatinoKids_Logo_Vector-288x300.png 288w, https:\/\/latinodans.com\/wp-content\/uploads\/2025\/08\/LatinoKids_Logo_Vector-768x801.png 768w, https:\/\/latinodans.com\/wp-content\/uploads\/2025\/08\/LatinoKids_Logo_Vector-1473x1536.png 1473w, https:\/\/latinodans.com\/wp-content\/uploads\/2025\/08\/LatinoKids_Logo_Vector-1964x2048.png 1964w, https:\/\/latinodans.com\/wp-content\/uploads\/2025\/08\/LatinoKids_Logo_Vector.png 2031w\" sizes=\"auto, (max-width: 982px) 100vw, 982px\" \/><\/figure>\n<\/div>\n\n\n<h2 class=\"wp-block-heading alignwide has-text-align-center has-primary-color has-text-color has-huge-font-size mb-0 pb-0 mt-0 pt-0\" style=\"font-style:normal;font-weight:800\"><strong>\u00c7ocuk Dans Kurslar\u0131<\/strong><\/h2>\n\n\n\n<p>Latino Dans St\u00fcdyosu\u2019nda \u00e7ocuklar da dans ediyor. Alt markam\u0131z olan Latino Kids | \u00c7ocuk Dans Kursu ile Latino Dans St\u00fcdyolar\u0131, \u00e7ocuklar i\u00e7in e\u011flenceli ve \u00f6\u011fretici bir dans ortam\u0131 sunar ve \u00e7ocuklar\u0131n \u00f6zg\u00fcvenlerini geli\u015ftirmelerine yard\u0131mc\u0131 olmak i\u00e7in \u00f6zel olarak tasarlanm\u0131\u015ft\u0131r. Kurslar\u0131m\u0131zda \u00e7ocuklar, dans etmenin yan\u0131 s\u0131ra koordinasyon, ritim ve hareket becerilerini geli\u015ftirirken ayn\u0131 zamanda sosyal ileti\u015fimlerini geli\u015ftirebilirler.<\/p>\n<\/div><\/div>\n<\/div><\/div>\n\n\n\n<div class=\"wp-block-coblocks-row alignwide coblocks-row-37152618373 mb-0 mt-0\" data-columns=\"1\" data-layout=\"100\"><div class=\"wp-block-coblocks-row__inner has-no-padding has-no-margin is-stacked-on-mobile has-medium-gutter\">\n<div class=\"wp-block-coblocks-column coblocks-column-37152619692\" style=\"width:100%\"><div class=\"wp-block-coblocks-column__inner has-no-padding has-no-margin\">\n<h2 class=\"wp-block-heading alignfull has-large-font-size mb-0 pb-0 mt-0 pt-0\"><strong>Neden Latino Dans St\u00fcdyosu\u2019nda \u00c7ocuk Dans Kursu?<\/strong><\/h2>\n\n\n\n<ul class=\"wp-block-list\">\n<li>25 y\u0131ll\u0131k tecr\u00fcbesi ile Latino Dans St\u00fcdyolar\u0131, deneyimli e\u011fitmen kadromuz ile, \u00e7ocuklar\u0131n \u00f6zg\u00fcvenlerini art\u0131rmalar\u0131na yard\u0131mc\u0131 olacak \u015fekilde e\u011fitim verir.<\/li>\n\n\n\n<li>Kurslar\u0131m\u0131z, \u00e7ocuklar\u0131n hareket becerilerini geli\u015ftirirken ayn\u0131 zamanda e\u011flenceli bir ortamda \u00f6\u011frenmelerini sa\u011flar.<\/li>\n\n\n\n<li>Kurslar\u0131m\u0131z, \u00e7ocuklar\u0131n dans etmenin yan\u0131 s\u0131ra koordinasyon ve ritim becerilerini de geli\u015ftirir.<\/li>\n\n\n\n<li>Latino\u2019nun geli\u015ftirdi\u011fi \u201c\u00c7oklu Dans Program\u0131\u201d ile \u00e7ocuklar farkl\u0131 bran\u015flar\u0131 deneyimleme \u015fans\u0131na sahip olurlar.<\/li>\n\n\n\n<li>Yar\u0131\u015fmac\u0131 programlar\u0131m\u0131z ile T\u00fcrkiye&#8217;nin en ba\u015far\u0131l\u0131 dans sporu kul\u00fcplerinden Latino DSK&#8217;n\u0131n sporcusu olarak, disiplinli e\u011fitimle ulusal ve uluslararas\u0131 yar\u0131\u015fmalara kat\u0131labilmektedir.<\/li>\n\n\n\n<li>Uluslararas\u0131 Sertifika programlar\u0131 ve ilgili m\u00fcfredatlar sayesinde \u00e7ocuklar, ald\u0131klar\u0131 nitelikli e\u011fitimlerini uluslararas\u0131 ge\u00e7erlili\u011fi olan bir belge ile ta\u00e7land\u0131rabilmektedir. Bu belgeyi verebilen Ankara\u2019daki tek ve T\u00fcrkiye\u2019deki iki okuldan biriyiz.<\/li>\n<\/ul>\n\n\n\n<h2 class=\"wp-block-heading alignfull has-large-font-size mb-0 pb-0 mt-0 pt-0\"><strong><strong>\u00c7ocuk Dans Kurslar\u0131 Ayr\u0131nt\u0131lar\u0131<\/strong><\/strong><\/h2>\n\n\n\n<ul class=\"wp-block-list\">\n<li>Dans kurslar\u0131m\u0131z 6-12 ya\u015f aral\u0131\u011f\u0131ndaki \u00e7ocuklar i\u00e7in uygundur. (12 ya\u015f ve \u00fczeri i\u00e7in farkl\u0131 programlar mevcuttur.)<\/li>\n\n\n\n<li>\u201c\u00c7oklu Dans Program\u0131\u201d \u00e7ocuklar\u0131n geldi\u011fi g\u00fcn t\u00fcm derslere girebilece\u011fi \u015fekilde tasarlanm\u0131\u015ft\u0131r. Ba\u015flang\u0131\u00e7ta haftada 1 g\u00fcn e\u011fitim al\u0131r \u00e7ocuklar. Her ders 50 dakika s\u00fcrer ve haftada bir kez ger\u00e7ekle\u015fir. \u0130lerleyen seviyelerde ve ek programlarda ders ve g\u00fcn say\u0131s\u0131 artabilir.<\/li>\n\n\n\n<li>Kurslar\u0131m\u0131z, \u00e7ocuklar\u0131n seviyelerine g\u00f6re \u00f6zel olarak tasarlanm\u0131\u015ft\u0131r ve her seviye i\u00e7in farkl\u0131 e\u011fitimler ve programlar vard\u0131r.<\/li>\n\n\n\n<li><strong>Dans Sporu (Salon ve Latin Danslar\u0131) :<\/strong>\u00a0Bu dersimizde \u00e7ocuklar\u0131m\u0131za Latin<em>(Samba, Chacha, Rumba, Jive, Paso Doble)<\/em> ve Standart<em>(Vals, Tango, Viyana Valsi, Quick Step, Foxtrot)<\/em> danslarda seviyelerine g\u00f6re kademeli olarak e\u011fitim verilir. Bu bran\u015fta <em>Uluslaras\u0131 Sertifika Program\u0131<\/em> ve <em>Yar\u0131\u015fmac\u0131 Programlar\u0131<\/em> mevcuttur.<\/li>\n\n\n\n<li><strong>HIP HOP<\/strong>: HipHop dans k\u00fclt\u00fcr\u00fcn\u00fcn temel e\u011fitimi ile serbest stilde dans etmenin keyfi ve \u00f6zg\u00fcrl\u00fc\u011f\u00fc ile tan\u0131\u015f\u0131rlar.<\/li>\n\n\n\n<li><strong>K-Pop:<\/strong> Son d\u00f6nemlerin en pop\u00fcler m\u00fczik t\u00fcr\u00fc olan K-pop(Kore) ile \u00f6\u011frencilerimiz K-pop gruplar\u0131n\u0131n kendi koreografileri ile dans eder ve hem e\u011fitim al\u0131rlar hem de en sevdikleri sanat\u00e7\u0131lar gibi dans ederler.<\/li>\n<\/ul>\n\n\n\n<h2 class=\"wp-block-heading alignfull has-large-font-size mb-0 pb-0 mt-0 pt-0\"><strong><strong>\u00c7ocuk Dans Kursu ile Kazan\u0131mlar\u0131n\u0131z<\/strong><\/strong><\/h2>\n\n\n\n<ul class=\"wp-block-list\">\n<li>\u00c7ocuklar, \u00e7oklu dans program\u0131 sayesinde farkl\u0131 dans stillerini \u00f6\u011frenir, \u00f6rne\u011fin Chacha, Vals gibi danslar yan\u0131nda Hiphop dans\u0131 e\u011fitimi de al\u0131r. <\/li>\n\n\n\n<li>Her e\u011fitim sezonu sonunda \u201cLatino B\u00fcy\u00fck G\u00f6sterisi\u201d ile \u00f6\u011frencilerimiz bir tema e\u015fli\u011finde \u00f6\u011frendiklerini sahnelerler.<\/li>\n\n\n\n<li>Kurslar\u0131m\u0131z, \u00e7ocuklar\u0131n koordinasyon ve ritim becerilerini geli\u015ftirmelerine yard\u0131mc\u0131 olur.<\/li>\n\n\n\n<li>Kurslar\u0131m\u0131z, \u00e7ocuklar\u0131n \u00f6zg\u00fcvenlerini art\u0131rmalar\u0131na ve sahnede kendilerine g\u00fcvenli bir \u015fekilde ifade etmelerine yard\u0131mc\u0131 olur.<\/li>\n\n\n\n<li>Kurslar\u0131m\u0131zda e\u011fitmenlerimizin y\u00f6nlendirmesi ile Latino DSK\u2019n\u0131n Lisansl\u0131 Yar\u0131\u015fmac\u0131s\u0131 olabilir ve ek d\u00fczenli \u00e7al\u0131\u015fmalarla ulusal ve uluslararas\u0131 yar\u0131\u015fmalara kat\u0131labilirler.<\/li>\n<\/ul>\n\n\n\n<h2 class=\"wp-block-heading alignfull has-large-font-size mb-0 pb-0 mt-0 pt-0\"><strong><strong><strong>\u00c7ocuk Dans Kurslar\u0131na Kay\u0131t Olma<\/strong><\/strong><\/strong><\/h2>\n\n\n\n<p>Latino Dans St\u00fcdyosu&#8217;nda \u00e7ocuk dans kurslar\u0131na kaydolmak i\u00e7in bizimle ileti\u015fime ge\u00e7in. Kurs programlar\u0131m\u0131z ve \u00fccretleri hakk\u0131nda bilgi i\u00e7in bizi arayabilir veya st\u00fcdyolar\u0131m\u0131z\u0131 ziyaret edebilirsiniz.<\/p>\n\n\n\n<div class=\"wp-block-coblocks-faq alignfull\" itemscope itemtype=\"https:\/\/schema.org\/FAQPage\">\n<h3 class=\"wp-block-heading wp-block-coblocks-faq__title mb-0 pb-0 mt-0 pt-0\"><strong>S\u0131k\u00e7a Sorulan Sorular<\/strong><\/h3>\n\n\n\n<details class=\"wp-block-coblocks-faq-item\" itemprop=\"mainEntity\" itemscope itemtype=\"https:\/\/schema.org\/Question\"><summary class=\"wp-block-coblocks-faq-item__question\" itemprop=\"name\"><div class=\"wp-block-coblocks-faq-item__question__content\">\u00c7ocu\u011fum hangi ya\u015fta dansa ba\u015flayabilir?<\/div><svg fill=\"none\" viewbox=\"0 0 24 24\" xmlns=\"http:\/\/www.w3.org\/2000\/svg\" width=\"24\" height=\"24\" class=\"wp-block-coblocks-faq-item__question__icon\" aria-hidden=\"true\"><path fill=\"currentColor\" fill-rule=\"evenodd\" clip-rule=\"evenodd\" d=\"M19.39 14.99l-1.41 1.41L12 10.43 6.02 16.4l-1.41-1.41L12 7.6l7.39 7.39z\"><\/path><\/svg><\/summary><div class=\"wp-block-coblocks-faq-item__answer\" itemprop=\"acceptedAnswer\" itemscope itemtype=\"https:\/\/schema.org\/Answer\"><div itemprop=\"text\">\n<p><strong>Latino Kids<\/strong> \u00e7oklu dans program\u0131, 6-12 ya\u015f grubundaki \u00e7ocuklar i\u00e7in idealdir. <\/p>\n<\/div><\/div><\/details>\n\n\n\n<details class=\"wp-block-coblocks-faq-item\" itemprop=\"mainEntity\" itemscope itemtype=\"https:\/\/schema.org\/Question\"><summary class=\"wp-block-coblocks-faq-item__question\" itemprop=\"name\"><div class=\"wp-block-coblocks-faq-item__question__content\">Hangi dans t\u00fcrlerini \u00f6\u011frenecek?<\/div><svg fill=\"none\" viewbox=\"0 0 24 24\" xmlns=\"http:\/\/www.w3.org\/2000\/svg\" width=\"24\" height=\"24\" class=\"wp-block-coblocks-faq-item__question__icon\" aria-hidden=\"true\"><path fill=\"currentColor\" fill-rule=\"evenodd\" clip-rule=\"evenodd\" d=\"M19.39 14.99l-1.41 1.41L12 10.43 6.02 16.4l-1.41-1.41L12 7.6l7.39 7.39z\"><\/path><\/svg><\/summary><div class=\"wp-block-coblocks-faq-item__answer\" itemprop=\"acceptedAnswer\" itemscope itemtype=\"https:\/\/schema.org\/Answer\"><div itemprop=\"text\">\n<p>Program\u0131m\u0131zda Salon Danslar\u0131(Dans Sporu) i\u00e7erisinde 5 Latin(Samba, Chacha, Rumba, Jive, Paso Doble) ve 5 Standart(Vals, Tango, Viyana Valsi, Quick Step, Foxtrot) danslar olmak \u00fczere toplamda 10 dans vard\u0131r. Bunlar\u0131 seviyelerine g\u00f6re kademeli olarak \u00f6\u011frenir \u00f6\u011frenciler. Ayr\u0131ca Hip Hop, K-pop derslerimiz de bulunmaktad\u0131r. \u00c7ocu\u011funuz, farkl\u0131 t\u00fcrleri deneyimleyerek dansa olan yetene\u011fini ke\u015ffeder.<\/p>\n<\/div><\/div><\/details>\n\n\n\n<details class=\"wp-block-coblocks-faq-item\" itemprop=\"mainEntity\" itemscope itemtype=\"https:\/\/schema.org\/Question\"><summary class=\"wp-block-coblocks-faq-item__question\" itemprop=\"name\"><div class=\"wp-block-coblocks-faq-item__question__content\">Uluslararas\u0131 sertifika program\u0131 nedir?<\/div><svg fill=\"none\" viewbox=\"0 0 24 24\" xmlns=\"http:\/\/www.w3.org\/2000\/svg\" width=\"24\" height=\"24\" class=\"wp-block-coblocks-faq-item__question__icon\" aria-hidden=\"true\"><path fill=\"currentColor\" fill-rule=\"evenodd\" clip-rule=\"evenodd\" d=\"M19.39 14.99l-1.41 1.41L12 10.43 6.02 16.4l-1.41-1.41L12 7.6l7.39 7.39z\"><\/path><\/svg><\/summary><div class=\"wp-block-coblocks-faq-item__answer\" itemprop=\"acceptedAnswer\" itemscope itemtype=\"https:\/\/schema.org\/Answer\"><div itemprop=\"text\">\n<p>Uluslaras\u0131 sertifika program\u0131 m\u00fcfredat\u0131na uygun verdi\u011fimiz e\u011fitimler sayesinde \u00e7ocuklar\u0131n\u0131z, ald\u0131klar\u0131 e\u011fitimi uluslararas\u0131 ge\u00e7erlili\u011fi olan bir sertifika ile ta\u00e7land\u0131rabilir. Bu sertifikay\u0131 alabilece\u011finiz, Ankara\u2019daki <strong>tek<\/strong> ve T\u00fcrkiye&#8217;deki sadece iki okuldan biriyiz.<\/p>\n<\/div><\/div><\/details>\n\n\n\n<details class=\"wp-block-coblocks-faq-item\" itemprop=\"mainEntity\" itemscope itemtype=\"https:\/\/schema.org\/Question\"><summary class=\"wp-block-coblocks-faq-item__question\" itemprop=\"name\"><div class=\"wp-block-coblocks-faq-item__question__content\">Yar\u0131\u015fmalara kat\u0131lmak m\u00fcmk\u00fcn m\u00fc?<\/div><svg fill=\"none\" viewbox=\"0 0 24 24\" xmlns=\"http:\/\/www.w3.org\/2000\/svg\" width=\"24\" height=\"24\" class=\"wp-block-coblocks-faq-item__question__icon\" aria-hidden=\"true\"><path fill=\"currentColor\" fill-rule=\"evenodd\" clip-rule=\"evenodd\" d=\"M19.39 14.99l-1.41 1.41L12 10.43 6.02 16.4l-1.41-1.41L12 7.6l7.39 7.39z\"><\/path><\/svg><\/summary><div class=\"wp-block-coblocks-faq-item__answer\" itemprop=\"acceptedAnswer\" itemscope itemtype=\"https:\/\/schema.org\/Answer\"><div itemprop=\"text\">\n<p>Kesinlikle evet. T\u00fcrkiye&#8217;nin en ba\u015far\u0131l\u0131 kul\u00fcplerinden olan Latino DSK \u00e7at\u0131s\u0131 alt\u0131nda ek \u00e7al\u0131\u015fmalarla lisansl\u0131 sporcu olabilir ve \u00e7ocu\u011funuz ulusal-uluslararas\u0131 yar\u0131\u015fmalarda yer alabilir.<\/p>\n<\/div><\/div><\/details>\n\n\n\n<details class=\"wp-block-coblocks-faq-item\" itemprop=\"mainEntity\" itemscope itemtype=\"https:\/\/schema.org\/Question\"><summary class=\"wp-block-coblocks-faq-item__question\" itemprop=\"name\"><div class=\"wp-block-coblocks-faq-item__question__content\">Kurs \u00fccretleri hakk\u0131nda nas\u0131l bilgi alabilirim?<\/div><svg fill=\"none\" viewbox=\"0 0 24 24\" xmlns=\"http:\/\/www.w3.org\/2000\/svg\" width=\"24\" height=\"24\" class=\"wp-block-coblocks-faq-item__question__icon\" aria-hidden=\"true\"><path fill=\"currentColor\" fill-rule=\"evenodd\" clip-rule=\"evenodd\" d=\"M19.39 14.99l-1.41 1.41L12 10.43 6.02 16.4l-1.41-1.41L12 7.6l7.39 7.39z\"><\/path><\/svg><\/summary><div class=\"wp-block-coblocks-faq-item__answer\" itemprop=\"acceptedAnswer\" itemscope itemtype=\"https:\/\/schema.org\/Answer\"><div itemprop=\"text\">\n<p>E\u011fitim programlar\u0131m\u0131z ve \u00fccretler hakk\u0131nda detayl\u0131 bilgi almak i\u00e7in Tunus Caddesi ve \u00dcmitk\u00f6y \u015fubelerimizi ziyaret edebilir ya da bizi arayabilirsiniz. Size \u00f6zel programlar hakk\u0131nda bilgi vermekten mutluluk duyar\u0131z.<\/p>\n<\/div><\/div><\/details>\n\n\n\n<details class=\"wp-block-coblocks-faq-item\" itemprop=\"mainEntity\" itemscope itemtype=\"https:\/\/schema.org\/Question\"><summary class=\"wp-block-coblocks-faq-item__question\" itemprop=\"name\"><div class=\"wp-block-coblocks-faq-item__question__content\">\u00c7ocu\u011fumun \u00f6zel bir yetene\u011fi olmas\u0131 gerekiyor mu?<\/div><svg fill=\"none\" viewbox=\"0 0 24 24\" xmlns=\"http:\/\/www.w3.org\/2000\/svg\" width=\"24\" height=\"24\" class=\"wp-block-coblocks-faq-item__question__icon\" aria-hidden=\"true\"><path fill=\"currentColor\" fill-rule=\"evenodd\" clip-rule=\"evenodd\" d=\"M19.39 14.99l-1.41 1.41L12 10.43 6.02 16.4l-1.41-1.41L12 7.6l7.39 7.39z\"><\/path><\/svg><\/summary><div class=\"wp-block-coblocks-faq-item__answer\" itemprop=\"acceptedAnswer\" itemscope itemtype=\"https:\/\/schema.org\/Answer\"><div itemprop=\"text\">\n<p>Kesinlikle hay\u0131r! Bizim i\u00e7in \u00f6nemli olan, \u00e7ocu\u011funuzun dans etmeye olan ilgisi ve iste\u011fi. Unutmay\u0131n ki ba\u015far\u0131lar yetenekten de\u011fil, \u00e7al\u0131\u015fma ve istikrardan gelir.<\/p>\n<\/div><\/div><\/details>\n<\/div>\n\n\n\n<p class=\"has-text-align-center has-huge-font-size\"><strong><a href=\"https:\/\/cocukkursu.com\/\">\u00c7OCUK DANS KURSLARI WEBSAYFAMIZ \u0130\u00c7\u0130N TIKLAYINIZ!<\/a><\/strong><\/p>\n<\/div><\/div>\n<\/div><\/div>","protected":false},"excerpt":{"rendered":"","protected":false},"author":1,"featured_media":0,"parent":0,"menu_order":0,"comment_status":"closed","ping_status":"closed","template":"","meta":{"_coblocks_attr":"","_coblocks_dimensions":"","_coblocks_responsive_height":"","_coblocks_accordion_ie_support":"","hide_page_title":"","footnotes":""},"class_list":["post-12019","page","type-page","status-publish","hentry"],"yoast_head":"<!-- This site is optimized with the Yoast SEO plugin v24.3 - https:\/\/yoast.com\/wordpress\/plugins\/seo\/ -->\n<title>Latino Kids - \u00c7ocuk Dans Kurslar\u0131 - Latino Dans St&uuml;dyosu<\/title>\n<meta name=\"description\" content=\"Latino Dans St\u00fcdyosu\u2019nda \u00e7ocuklar da dans ediyor. Alt markam\u0131z olan Latino Kids ile \u00e7ocuk dans kurslar\u0131 ile e\u011flenceli ve \u00f6\u011fretici bir dans ortam\u0131 sunar\" \/>\n<meta name=\"robots\" content=\"index, follow, max-snippet:-1, max-image-preview:large, max-video-preview:-1\" \/>\n<link rel=\"canonical\" href=\"https:\/\/latinodans.com\/tr\/latino-kids-cocuk-dans-kurslari\/\" \/>\n<meta property=\"og:locale\" content=\"tr_TR\" \/>\n<meta property=\"og:type\" content=\"article\" \/>\n<meta property=\"og:title\" content=\"Latino Kids - \u00c7ocuk Dans Kurslar\u0131 - Latino Dans St&uuml;dyosu\" \/>\n<meta property=\"og:description\" content=\"Latino Dans St\u00fcdyosu\u2019nda \u00e7ocuklar da dans ediyor. Alt markam\u0131z olan Latino Kids ile \u00e7ocuk dans kurslar\u0131 ile e\u011flenceli ve \u00f6\u011fretici bir dans ortam\u0131 sunar\" \/>\n<meta property=\"og:url\" content=\"https:\/\/latinodans.com\/tr\/latino-kids-cocuk-dans-kurslari\/\" \/>\n<meta property=\"og:site_name\" content=\"Latino Dans St&uuml;dyosu\" \/>\n<meta property=\"article:publisher\" content=\"https:\/\/www.facebook.com\/latinoankara\" \/>\n<meta property=\"article:modified_time\" content=\"2025-08-06T10:18:16+00:00\" \/>\n<meta property=\"og:image\" content=\"https:\/\/latinodans.com\/wp-content\/uploads\/2025\/08\/LatinoKids_Logo_Vector.png\" \/>\n\t<meta property=\"og:image:width\" content=\"2031\" \/>\n\t<meta property=\"og:image:height\" content=\"2118\" \/>\n\t<meta property=\"og:image:type\" content=\"image\/png\" \/>\n<meta name=\"twitter:card\" content=\"summary_large_image\" \/>\n<meta name=\"twitter:site\" content=\"@LatinoDans\" \/>\n<meta name=\"twitter:label1\" content=\"Tahmini okuma s\u00fcresi\" \/>\n\t<meta name=\"twitter:data1\" content=\"4 dakika\" \/>\n<script type=\"application\/ld+json\" class=\"yoast-schema-graph\">{\"@context\":\"https:\/\/schema.org\",\"@graph\":[{\"@type\":\"WebPage\",\"@id\":\"https:\/\/latinodans.com\/latino-kids-cocuk-dans-kurslari\/\",\"url\":\"https:\/\/latinodans.com\/latino-kids-cocuk-dans-kurslari\/\",\"name\":\"Latino Kids - \u00c7ocuk Dans Kurslar\u0131 - Latino Dans St&uuml;dyosu\",\"isPartOf\":{\"@id\":\"https:\/\/latinodans.com\/#website\"},\"primaryImageOfPage\":{\"@id\":\"https:\/\/latinodans.com\/latino-kids-cocuk-dans-kurslari\/#primaryimage\"},\"image\":{\"@id\":\"https:\/\/latinodans.com\/latino-kids-cocuk-dans-kurslari\/#primaryimage\"},\"thumbnailUrl\":\"https:\/\/latinodans.com\/wp-content\/uploads\/2025\/08\/LatinoKids_Logo_Vector-982x1024.png\",\"datePublished\":\"2025-08-06T08:51:42+00:00\",\"dateModified\":\"2025-08-06T10:18:16+00:00\",\"description\":\"Latino Dans St\u00fcdyosu\u2019nda \u00e7ocuklar da dans ediyor. Alt markam\u0131z olan Latino Kids ile \u00e7ocuk dans kurslar\u0131 ile e\u011flenceli ve \u00f6\u011fretici bir dans ortam\u0131 sunar\",\"breadcrumb\":{\"@id\":\"https:\/\/latinodans.com\/latino-kids-cocuk-dans-kurslari\/#breadcrumb\"},\"inLanguage\":\"tr\",\"potentialAction\":[{\"@type\":\"ReadAction\",\"target\":[\"https:\/\/latinodans.com\/latino-kids-cocuk-dans-kurslari\/\"]}]},{\"@type\":\"ImageObject\",\"inLanguage\":\"tr\",\"@id\":\"https:\/\/latinodans.com\/latino-kids-cocuk-dans-kurslari\/#primaryimage\",\"url\":\"https:\/\/latinodans.com\/wp-content\/uploads\/2025\/08\/LatinoKids_Logo_Vector-982x1024.png\",\"contentUrl\":\"https:\/\/latinodans.com\/wp-content\/uploads\/2025\/08\/LatinoKids_Logo_Vector-982x1024.png\"},{\"@type\":\"BreadcrumbList\",\"@id\":\"https:\/\/latinodans.com\/latino-kids-cocuk-dans-kurslari\/#breadcrumb\",\"itemListElement\":[{\"@type\":\"ListItem\",\"position\":1,\"name\":\"Anasayfa\",\"item\":\"https:\/\/latinodans.com\/\"},{\"@type\":\"ListItem\",\"position\":2,\"name\":\"Latino Kids &#8211; \u00c7ocuk Dans Kurslar\u0131\"}]},{\"@type\":\"WebSite\",\"@id\":\"https:\/\/latinodans.com\/#website\",\"url\":\"https:\/\/latinodans.com\/\",\"name\":\"Latino Dans St&uuml;dyosu\",\"description\":\"&quot;Hayat\u0131n\u0131zda Bir Dans Aras\u0131 Verin&quot;\",\"publisher\":{\"@id\":\"https:\/\/latinodans.com\/#organization\"},\"potentialAction\":[{\"@type\":\"SearchAction\",\"target\":{\"@type\":\"EntryPoint\",\"urlTemplate\":\"https:\/\/latinodans.com\/?s={search_term_string}\"},\"query-input\":{\"@type\":\"PropertyValueSpecification\",\"valueRequired\":true,\"valueName\":\"search_term_string\"}}],\"inLanguage\":\"tr\"},{\"@type\":\"Organization\",\"@id\":\"https:\/\/latinodans.com\/#organization\",\"name\":\"Latino Dans St\u00fcdyosu\",\"url\":\"https:\/\/latinodans.com\/\",\"logo\":{\"@type\":\"ImageObject\",\"inLanguage\":\"tr\",\"@id\":\"https:\/\/latinodans.com\/#\/schema\/logo\/image\/\",\"url\":\"https:\/\/latinodans.com\/wp-content\/uploads\/2016\/11\/latinologo01.png\",\"contentUrl\":\"https:\/\/latinodans.com\/wp-content\/uploads\/2016\/11\/latinologo01.png\",\"width\":1767,\"height\":869,\"caption\":\"Latino Dans St\u00fcdyosu\"},\"image\":{\"@id\":\"https:\/\/latinodans.com\/#\/schema\/logo\/image\/\"},\"sameAs\":[\"https:\/\/www.facebook.com\/latinoankara\",\"https:\/\/x.com\/LatinoDans\",\"https:\/\/www.instagram.com\/latinodans\/\",\"https:\/\/tr.pinterest.com\/latinodans\"]}]}<\/script>\n<!-- \/ Yoast SEO plugin. -->","yoast_head_json":{"title":"Latino Kids - \u00c7ocuk Dans Kurslar\u0131 - Latino Dans St&uuml;dyosu","description":"Latino Dans St\u00fcdyosu\u2019nda \u00e7ocuklar da dans ediyor. Alt markam\u0131z olan Latino Kids ile \u00e7ocuk dans kurslar\u0131 ile e\u011flenceli ve \u00f6\u011fretici bir dans ortam\u0131 sunar","robots":{"index":"index","follow":"follow","max-snippet":"max-snippet:-1","max-image-preview":"max-image-preview:large","max-video-preview":"max-video-preview:-1"},"canonical":"https:\/\/latinodans.com\/tr\/latino-kids-cocuk-dans-kurslari\/","og_locale":"tr_TR","og_type":"article","og_title":"Latino Kids - \u00c7ocuk Dans Kurslar\u0131 - Latino Dans St&uuml;dyosu","og_description":"Latino Dans St\u00fcdyosu\u2019nda \u00e7ocuklar da dans ediyor. Alt markam\u0131z olan Latino Kids ile \u00e7ocuk dans kurslar\u0131 ile e\u011flenceli ve \u00f6\u011fretici bir dans ortam\u0131 sunar","og_url":"https:\/\/latinodans.com\/tr\/latino-kids-cocuk-dans-kurslari\/","og_site_name":"Latino Dans St&uuml;dyosu","article_publisher":"https:\/\/www.facebook.com\/latinoankara","article_modified_time":"2025-08-06T10:18:16+00:00","og_image":[{"width":2031,"height":2118,"url":"https:\/\/latinodans.com\/wp-content\/uploads\/2025\/08\/LatinoKids_Logo_Vector.png","type":"image\/png"}],"twitter_card":"summary_large_image","twitter_site":"@LatinoDans","twitter_misc":{"Tahmini okuma s\u00fcresi":"4 dakika"},"schema":{"@context":"https:\/\/schema.org","@graph":[{"@type":"WebPage","@id":"https:\/\/latinodans.com\/latino-kids-cocuk-dans-kurslari\/","url":"https:\/\/latinodans.com\/latino-kids-cocuk-dans-kurslari\/","name":"Latino Kids - \u00c7ocuk Dans Kurslar\u0131 - Latino Dans St&uuml;dyosu","isPartOf":{"@id":"https:\/\/latinodans.com\/#website"},"primaryImageOfPage":{"@id":"https:\/\/latinodans.com\/latino-kids-cocuk-dans-kurslari\/#primaryimage"},"image":{"@id":"https:\/\/latinodans.com\/latino-kids-cocuk-dans-kurslari\/#primaryimage"},"thumbnailUrl":"https:\/\/latinodans.com\/wp-content\/uploads\/2025\/08\/LatinoKids_Logo_Vector-982x1024.png","datePublished":"2025-08-06T08:51:42+00:00","dateModified":"2025-08-06T10:18:16+00:00","description":"Latino Dans St\u00fcdyosu\u2019nda \u00e7ocuklar da dans ediyor. Alt markam\u0131z olan Latino Kids ile \u00e7ocuk dans kurslar\u0131 ile e\u011flenceli ve \u00f6\u011fretici bir dans ortam\u0131 sunar","breadcrumb":{"@id":"https:\/\/latinodans.com\/latino-kids-cocuk-dans-kurslari\/#breadcrumb"},"inLanguage":"tr","potentialAction":[{"@type":"ReadAction","target":["https:\/\/latinodans.com\/latino-kids-cocuk-dans-kurslari\/"]}]},{"@type":"ImageObject","inLanguage":"tr","@id":"https:\/\/latinodans.com\/latino-kids-cocuk-dans-kurslari\/#primaryimage","url":"https:\/\/latinodans.com\/wp-content\/uploads\/2025\/08\/LatinoKids_Logo_Vector-982x1024.png","contentUrl":"https:\/\/latinodans.com\/wp-content\/uploads\/2025\/08\/LatinoKids_Logo_Vector-982x1024.png"},{"@type":"BreadcrumbList","@id":"https:\/\/latinodans.com\/latino-kids-cocuk-dans-kurslari\/#breadcrumb","itemListElement":[{"@type":"ListItem","position":1,"name":"Anasayfa","item":"https:\/\/latinodans.com\/"},{"@type":"ListItem","position":2,"name":"Latino Kids &#8211; \u00c7ocuk Dans Kurslar\u0131"}]},{"@type":"WebSite","@id":"https:\/\/latinodans.com\/#website","url":"https:\/\/latinodans.com\/","name":"Latino Dans St&uuml;dyosu","description":"&quot;Hayat\u0131n\u0131zda Bir Dans Aras\u0131 Verin&quot;","publisher":{"@id":"https:\/\/latinodans.com\/#organization"},"potentialAction":[{"@type":"SearchAction","target":{"@type":"EntryPoint","urlTemplate":"https:\/\/latinodans.com\/?s={search_term_string}"},"query-input":{"@type":"PropertyValueSpecification","valueRequired":true,"valueName":"search_term_string"}}],"inLanguage":"tr"},{"@type":"Organization","@id":"https:\/\/latinodans.com\/#organization","name":"Latino Dans St\u00fcdyosu","url":"https:\/\/latinodans.com\/","logo":{"@type":"ImageObject","inLanguage":"tr","@id":"https:\/\/latinodans.com\/#\/schema\/logo\/image\/","url":"https:\/\/latinodans.com\/wp-content\/uploads\/2016\/11\/latinologo01.png","contentUrl":"https:\/\/latinodans.com\/wp-content\/uploads\/2016\/11\/latinologo01.png","width":1767,"height":869,"caption":"Latino Dans St\u00fcdyosu"},"image":{"@id":"https:\/\/latinodans.com\/#\/schema\/logo\/image\/"},"sameAs":["https:\/\/www.facebook.com\/latinoankara","https:\/\/x.com\/LatinoDans","https:\/\/www.instagram.com\/latinodans\/","https:\/\/tr.pinterest.com\/latinodans"]}]}},"_links":{"self":[{"href":"https:\/\/latinodans.com\/tr\/wp-json\/wp\/v2\/pages\/12019","targetHints":{"allow":["GET"]}}],"collection":[{"href":"https:\/\/latinodans.com\/tr\/wp-json\/wp\/v2\/pages"}],"about":[{"href":"https:\/\/latinodans.com\/tr\/wp-json\/wp\/v2\/types\/page"}],"author":[{"embeddable":true,"href":"https:\/\/latinodans.com\/tr\/wp-json\/wp\/v2\/users\/1"}],"replies":[{"embeddable":true,"href":"https:\/\/latinodans.com\/tr\/wp-json\/wp\/v2\/comments?post=12019"}],"version-history":[{"count":4,"href":"https:\/\/latinodans.com\/tr\/wp-json\/wp\/v2\/pages\/12019\/revisions"}],"predecessor-version":[{"id":12034,"href":"https:\/\/latinodans.com\/tr\/wp-json\/wp\/v2\/pages\/12019\/revisions\/12034"}],"wp:attachment":[{"href":"https:\/\/latinodans.com\/tr\/wp-json\/wp\/v2\/media?parent=12019"}],"curies":[{"name":"wp","href":"https:\/\/api.w.org\/{rel}","templated":true}]}}