{"id":11628,"date":"2023-10-23T15:28:19","date_gmt":"2023-10-23T12:28:19","guid":{"rendered":"https:\/\/latinodans.com\/?page_id=11628"},"modified":"2023-11-05T21:31:02","modified_gmt":"2023-11-05T18:31:02","slug":"ozge-caltakoglu-workshop","status":"publish","type":"page","link":"https:\/\/latinodans.com\/tr\/ltndance\/workshop\/ozge-caltakoglu-workshop\/","title":{"rendered":"\u00d6zge \u00c7altako\u011flu Workshop"},"content":{"rendered":"<h1 class=\"wp-block-heading alignfull has-text-align-center\">\u00d6zge \u00c7altako\u011flu Workshop<\/h1>\n\n\n<div class=\"wp-block-image\">\n<figure class=\"aligncenter size-full mb-0 mt-0\"><img decoding=\"async\" src=\"https:\/\/latinodans.com\/wp-content\/uploads\/2023\/10\/Ozge_Caltakoglu_LTN_Workshop_ankara.png\" alt=\"\" class=\"wp-image-11629\"\/><\/figure>\n<\/div>\n\n\n<div class=\"wp-block-coblocks-row alignwide coblocks-row-105115238807 mb-0 mt-0\" data-columns=\"1\" data-layout=\"100\"><div class=\"wp-block-coblocks-row__inner has-no-padding has-no-margin is-stacked-on-mobile has-medium-gutter\">\n<div class=\"wp-block-coblocks-column coblocks-column-105115240216\" style=\"width:100%\"><div class=\"wp-block-coblocks-column__inner has-no-padding has-no-margin\">\n<p>\u00d6zge \u00c7altako\u011flu workshoplar\u0131 bizler i\u00e7in \u00e7ok keyifli ve e\u011fitici ge\u00e7ti ve umuyoruz sizler i\u00e7in de \u00e7ok keyifli ve e\u011fitici ge\u00e7mi\u015ftir. 2 Workshopta da \u00e7ekilen videolara a\u015fa\u011f\u0131dan ula\u015fabilirsiniz.<\/p>\n\n\n\n<p class=\"is-style-info\">L\u00fctfen videolar\u0131 ve storyleri payla\u015f\u0131rken Instagram&#8217;da <strong>@LTNdance<\/strong> ve <strong>#LTNdance<\/strong> <strong>#LTNworkshop<\/strong> etiketlerini kullan\u0131n\u0131z.<br><br>Bu Workshoplar\u0131n devaml\u0131l\u0131\u011f\u0131 i\u00e7in kat\u0131l\u0131m\u0131n\u0131z ve payla\u015f\u0131mlar\u0131n\u0131zda bizlerden bahsetmeniz olduk\u00e7a \u00f6nemli bizler i\u00e7in. \u015eimdiden Te\u015fekk\u00fcr Ederiz \ud83d\ude42<\/p>\n\n\n\n<h3 class=\"wp-block-heading alignfull has-primary-background-color has-background has-large-font-size mb-0 pb-0 mt-0 pt-0\">1.Workshop Videolar\u0131<\/h3>\n\n\n\n<p class=\"is-style-warning\">Videolar\u0131 indirmek i\u00e7in Google Drive&#8217;a y\u00f6nlendirileceksiniz!!<\/p>\n\n\n\n<iframe loading=\"lazy\" src=\"https:\/\/drive.google.com\/file\/d\/1khox7kX9su2q7pGuDdIERUY_v7Rl9dIt\/preview\" width=\"640\" height=\"360\" allow=\"autoplay\"><\/iframe>\n\n\n\n<iframe loading=\"lazy\" src=\"https:\/\/drive.google.com\/file\/d\/1kkC6j3bGOtoLXL3e9Ip48RnKbC4VWTl3\/preview\" width=\"640\" height=\"360\" allow=\"autoplay\"><\/iframe>\n\n\n\n<iframe loading=\"lazy\" src=\"https:\/\/drive.google.com\/file\/d\/1klD8enBFAaRyKLkX2mYIDKkUuRNrLZjM\/preview\" width=\"640\" height=\"360\" allow=\"autoplay\"><\/iframe>\n\n\n\n<iframe loading=\"lazy\" src=\"https:\/\/drive.google.com\/file\/d\/1kpSgd-RpPQmEQbv03B1WaEmrQJoaotP_\/preview\" width=\"640\" height=\"360\" allow=\"autoplay\"><\/iframe>\n\n\n\n<iframe loading=\"lazy\" src=\"https:\/\/drive.google.com\/file\/d\/1krGjMTQs7MufberovmmMxuKSejUwKFEs\/preview\" width=\"640\" height=\"360\" allow=\"autoplay\"><\/iframe>\n\n\n\n<iframe loading=\"lazy\" src=\"https:\/\/drive.google.com\/file\/d\/1kzg9Nu8fLLDZcPVq0Rtew6d6-tcNh5dT\/preview\" width=\"640\" height=\"360\" allow=\"autoplay\"><\/iframe>\n\n\n\n<figure class=\"wp-block-gallery alignfull has-nested-images columns-4 is-cropped mb-0 mt-0 has-lightbox wp-block-gallery-1 is-layout-flex wp-block-gallery-is-layout-flex\">\n<figure class=\"wp-block-image size-full\"><img decoding=\"async\" data-id=\"11682\" src=\"https:\/\/latinodans.com\/wp-content\/uploads\/2023\/11\/20231104_172022-scaled.jpg\" alt=\"\" class=\"wp-image-11682\"\/><\/figure>\n\n\n\n<figure class=\"wp-block-image size-full\"><img decoding=\"async\" data-id=\"11681\" src=\"https:\/\/latinodans.com\/wp-content\/uploads\/2023\/11\/20231104_172021-scaled.jpg\" alt=\"\" class=\"wp-image-11681\"\/><\/figure>\n\n\n\n<figure class=\"wp-block-image size-large\"><img decoding=\"async\" data-id=\"11680\" src=\"https:\/\/latinodans.com\/wp-content\/uploads\/2023\/11\/20231104_172013.jpg\" alt=\"\" class=\"wp-image-11680\"\/><\/figure>\n\n\n\n<figure class=\"wp-block-image size-large\"><img decoding=\"async\" data-id=\"11679\" src=\"https:\/\/latinodans.com\/wp-content\/uploads\/2023\/11\/20231104_172011.jpg\" alt=\"\" class=\"wp-image-11679\"\/><\/figure>\n\n\n\n<figure class=\"wp-block-image size-large\"><img decoding=\"async\" data-id=\"11678\" src=\"https:\/\/latinodans.com\/wp-content\/uploads\/2023\/11\/20231104_172016.jpg\" alt=\"\" class=\"wp-image-11678\"\/><\/figure>\n\n\n\n<figure class=\"wp-block-image size-full\"><img decoding=\"async\" data-id=\"11677\" src=\"https:\/\/latinodans.com\/wp-content\/uploads\/2023\/11\/20231104_1720210-scaled.jpg\" alt=\"\" class=\"wp-image-11677\"\/><\/figure>\n\n\n\n<figure class=\"wp-block-image size-full\"><img decoding=\"async\" data-id=\"11676\" src=\"https:\/\/latinodans.com\/wp-content\/uploads\/2023\/11\/20231104_172012-scaled.jpg\" alt=\"\" class=\"wp-image-11676\"\/><\/figure>\n\n\n\n<figure class=\"wp-block-image size-full\"><img decoding=\"async\" data-id=\"11675\" src=\"https:\/\/latinodans.com\/wp-content\/uploads\/2023\/11\/20231104_172018-scaled.jpg\" alt=\"\" class=\"wp-image-11675\"\/><\/figure>\n\n\n\n<figure class=\"wp-block-image size-full\"><img decoding=\"async\" data-id=\"11674\" src=\"https:\/\/latinodans.com\/wp-content\/uploads\/2023\/11\/20231104_172019-scaled.jpg\" alt=\"\" class=\"wp-image-11674\"\/><\/figure>\n<\/figure>\n\n\n\n<h3 class=\"wp-block-heading alignfull has-secondary-background-color has-background has-large-font-size mb-0 pb-0 mt-0 pt-0\">2.Workshop<\/h3>\n\n\n\n<iframe loading=\"lazy\" src=\"https:\/\/drive.google.com\/file\/d\/1l3JT6vy9AAmcrQH2Ip0oGrjk14nDQ8lA\/preview\" width=\"640\" height=\"360\" allow=\"autoplay\"><\/iframe>\n\n\n\n<iframe loading=\"lazy\" src=\"https:\/\/drive.google.com\/file\/d\/1l6DwHSgx8Ci_tAXBTSfmfTCOf9n0vEWe\/preview\" width=\"640\" height=\"360\" allow=\"autoplay\"><\/iframe>\n\n\n\n<iframe loading=\"lazy\" src=\"https:\/\/drive.google.com\/file\/d\/1lDuw0B858r5GfWoQidPFR1ycf-uw1m41\/preview\" width=\"640\" height=\"360\" allow=\"autoplay\"><\/iframe>\n\n\n\n<iframe loading=\"lazy\" src=\"https:\/\/drive.google.com\/file\/d\/1lItOaGNcm19FSw17Bu-oxI7cpawekikl\/preview\" width=\"640\" height=\"360\" allow=\"autoplay\"><\/iframe>\n\n\n\n<iframe loading=\"lazy\" src=\"https:\/\/drive.google.com\/file\/d\/1lM-QFTfGxj5LITSROYEeily41runzf0T\/preview\" width=\"640\" height=\"360\" allow=\"autoplay\"><\/iframe>\n\n\n\n<iframe loading=\"lazy\" src=\"https:\/\/drive.google.com\/file\/d\/1kgYg16XuSIQuVAhXEFklYWf3VSwx0mQG\/preview\" width=\"640\" height=\"360\" allow=\"autoplay\"><\/iframe>\n\n\n\n<p class=\"is-style-warning\">L\u00fctfen videolar\u0131 ve storyleri payla\u015f\u0131rken Instagram&#8217;da <strong>@LTNdance<\/strong> ve <strong>#LTNdance<\/strong> <strong>#LTNworkshop<\/strong> etiketlerini kullan\u0131n\u0131z.<\/p>\n\n\n\n<div style=\"height:42px\" aria-hidden=\"true\" class=\"wp-block-spacer\"><\/div>\n\n\n\n<figure class=\"wp-block-gallery alignfull has-nested-images columns-4 is-cropped mb-0 mt-0 has-lightbox wp-block-gallery-2 is-layout-flex wp-block-gallery-is-layout-flex\">\n<figure class=\"wp-block-image size-full\"><img decoding=\"async\" data-id=\"11694\" src=\"https:\/\/latinodans.com\/wp-content\/uploads\/2023\/11\/20231104_191312-scaled.jpg\" alt=\"\" class=\"wp-image-11694\"\/><\/figure>\n\n\n\n<figure class=\"wp-block-image size-full\"><img decoding=\"async\" data-id=\"11695\" src=\"https:\/\/latinodans.com\/wp-content\/uploads\/2023\/11\/20231104_191313-scaled.jpg\" alt=\"\" class=\"wp-image-11695\"\/><\/figure>\n\n\n\n<figure class=\"wp-block-image size-full\"><img decoding=\"async\" data-id=\"11696\" src=\"https:\/\/latinodans.com\/wp-content\/uploads\/2023\/11\/20231104_191314-scaled.jpg\" alt=\"\" class=\"wp-image-11696\"\/><\/figure>\n\n\n\n<figure class=\"wp-block-image size-full\"><img decoding=\"async\" data-id=\"11697\" src=\"https:\/\/latinodans.com\/wp-content\/uploads\/2023\/11\/20231104_191315-scaled.jpg\" alt=\"\" class=\"wp-image-11697\"\/><\/figure>\n\n\n\n<figure class=\"wp-block-image size-full\"><img decoding=\"async\" data-id=\"11698\" src=\"https:\/\/latinodans.com\/wp-content\/uploads\/2023\/11\/20231104_191316-scaled.jpg\" alt=\"\" class=\"wp-image-11698\"\/><\/figure>\n\n\n\n<figure class=\"wp-block-image size-full\"><img decoding=\"async\" data-id=\"11699\" src=\"https:\/\/latinodans.com\/wp-content\/uploads\/2023\/11\/20231104_191318-scaled.jpg\" alt=\"\" class=\"wp-image-11699\"\/><\/figure>\n\n\n\n<figure class=\"wp-block-image size-full\"><img decoding=\"async\" data-id=\"11700\" src=\"https:\/\/latinodans.com\/wp-content\/uploads\/2023\/11\/20231104_191319-scaled.jpg\" alt=\"\" class=\"wp-image-11700\"\/><\/figure>\n\n\n\n<figure class=\"wp-block-image size-full\"><img decoding=\"async\" data-id=\"11701\" src=\"https:\/\/latinodans.com\/wp-content\/uploads\/2023\/11\/20231104_191320-scaled.jpg\" alt=\"\" class=\"wp-image-11701\"\/><\/figure>\n\n\n\n<figure class=\"wp-block-image size-full\"><img decoding=\"async\" data-id=\"11702\" src=\"https:\/\/latinodans.com\/wp-content\/uploads\/2023\/11\/20231104_191321-scaled.jpg\" alt=\"\" class=\"wp-image-11702\"\/><\/figure>\n\n\n\n<figure class=\"wp-block-image size-full\"><img decoding=\"async\" data-id=\"11703\" src=\"https:\/\/latinodans.com\/wp-content\/uploads\/2023\/11\/20231104_191322-scaled.jpg\" alt=\"\" class=\"wp-image-11703\"\/><\/figure>\n\n\n\n<figure class=\"wp-block-image size-full\"><img decoding=\"async\" data-id=\"11704\" src=\"https:\/\/latinodans.com\/wp-content\/uploads\/2023\/11\/20231104_191323-scaled.jpg\" alt=\"\" class=\"wp-image-11704\"\/><\/figure>\n\n\n\n<figure class=\"wp-block-image size-full\"><img decoding=\"async\" data-id=\"11705\" src=\"https:\/\/latinodans.com\/wp-content\/uploads\/2023\/11\/20231104_1913320-scaled.jpg\" alt=\"\" class=\"wp-image-11705\"\/><\/figure>\n\n\n\n<figure class=\"wp-block-image size-full\"><img decoding=\"async\" data-id=\"11706\" src=\"https:\/\/latinodans.com\/wp-content\/uploads\/2023\/11\/20231104_191334-scaled.jpg\" alt=\"\" class=\"wp-image-11706\"\/><\/figure>\n<\/figure>\n<\/div><\/div>\n<\/div><\/div>\n\n\n\n<p class=\"is-style-info\"><a href=\"https:\/\/latinodans.com\/tr\/ltndance\/\">LTN Dance Dans Dersleri ile ilgili bilgi i\u00e7in l\u00fctfen t\u0131klay\u0131n\u0131z<\/a><\/p>","protected":false},"excerpt":{"rendered":"<p>\u00d6zge \u00c7altako\u011flu Workshop LTN Dance Dans Dersleri ile ilgili bilgi i\u00e7in l\u00fctfen t\u0131klay\u0131n\u0131z<\/p>","protected":false},"author":1,"featured_media":0,"parent":11624,"menu_order":0,"comment_status":"closed","ping_status":"closed","template":"","meta":{"_coblocks_attr":"","_coblocks_dimensions":"","_coblocks_responsive_height":"","_coblocks_accordion_ie_support":"","hide_page_title":"","footnotes":""},"class_list":["post-11628","page","type-page","status-publish","hentry"],"yoast_head":"<!-- This site is optimized with the Yoast SEO plugin v24.3 - https:\/\/yoast.com\/wordpress\/plugins\/seo\/ -->\n<title>\u00d6zge \u00c7altako\u011flu Workshop - Latino Dans St&uuml;dyosu<\/title>\n<meta name=\"robots\" content=\"index, follow, max-snippet:-1, max-image-preview:large, max-video-preview:-1\" \/>\n<link rel=\"canonical\" href=\"https:\/\/latinodans.com\/tr\/ltndance\/workshop\/ozge-caltakoglu-workshop\/\" \/>\n<meta property=\"og:locale\" content=\"tr_TR\" \/>\n<meta property=\"og:type\" content=\"article\" \/>\n<meta property=\"og:title\" content=\"\u00d6zge \u00c7altako\u011flu Workshop | LTN Dance\" \/>\n<meta property=\"og:description\" content=\"\u00d6zge \u00c7altako\u011flu Workshop LTN Dance Dans Dersleri ile ilgili bilgi i\u00e7in l\u00fctfen t\u0131klay\u0131n\u0131z\" \/>\n<meta property=\"og:url\" content=\"https:\/\/latinodans.com\/tr\/ltndance\/workshop\/ozge-caltakoglu-workshop\/\" \/>\n<meta property=\"og:site_name\" content=\"Latino Dans St&uuml;dyosu\" \/>\n<meta property=\"article:publisher\" content=\"https:\/\/www.facebook.com\/latinoankara\" \/>\n<meta property=\"article:modified_time\" content=\"2023-11-05T18:31:02+00:00\" \/>\n<meta property=\"og:image\" content=\"https:\/\/latinodans.com\/wp-content\/uploads\/2023\/10\/Ozge_Caltakoglu_LTN_Workshop_ankara.png\" \/>\n\t<meta property=\"og:image:width\" content=\"1080\" \/>\n\t<meta property=\"og:image:height\" content=\"1080\" \/>\n\t<meta property=\"og:image:type\" content=\"image\/png\" \/>\n<meta name=\"twitter:card\" content=\"summary_large_image\" \/>\n<meta name=\"twitter:site\" content=\"@LatinoDans\" \/>\n<meta name=\"twitter:label1\" content=\"Tahmini okuma s\u00fcresi\" \/>\n\t<meta name=\"twitter:data1\" content=\"1 dakika\" \/>\n<script type=\"application\/ld+json\" class=\"yoast-schema-graph\">{\"@context\":\"https:\/\/schema.org\",\"@graph\":[{\"@type\":\"WebPage\",\"@id\":\"https:\/\/latinodans.com\/ltndance\/workshop\/ozge-caltakoglu-workshop\/\",\"url\":\"https:\/\/latinodans.com\/ltndance\/workshop\/ozge-caltakoglu-workshop\/\",\"name\":\"\u00d6zge \u00c7altako\u011flu Workshop - Latino Dans St&uuml;dyosu\",\"isPartOf\":{\"@id\":\"https:\/\/latinodans.com\/#website\"},\"primaryImageOfPage\":{\"@id\":\"https:\/\/latinodans.com\/ltndance\/workshop\/ozge-caltakoglu-workshop\/#primaryimage\"},\"image\":{\"@id\":\"https:\/\/latinodans.com\/ltndance\/workshop\/ozge-caltakoglu-workshop\/#primaryimage\"},\"thumbnailUrl\":\"https:\/\/latinodans.com\/wp-content\/uploads\/2023\/10\/Ozge_Caltakoglu_LTN_Workshop_ankara.png\",\"datePublished\":\"2023-10-23T12:28:19+00:00\",\"dateModified\":\"2023-11-05T18:31:02+00:00\",\"breadcrumb\":{\"@id\":\"https:\/\/latinodans.com\/ltndance\/workshop\/ozge-caltakoglu-workshop\/#breadcrumb\"},\"inLanguage\":\"tr\",\"potentialAction\":[{\"@type\":\"ReadAction\",\"target\":[\"https:\/\/latinodans.com\/ltndance\/workshop\/ozge-caltakoglu-workshop\/\"]}]},{\"@type\":\"ImageObject\",\"inLanguage\":\"tr\",\"@id\":\"https:\/\/latinodans.com\/ltndance\/workshop\/ozge-caltakoglu-workshop\/#primaryimage\",\"url\":\"https:\/\/latinodans.com\/wp-content\/uploads\/2023\/10\/Ozge_Caltakoglu_LTN_Workshop_ankara.png\",\"contentUrl\":\"https:\/\/latinodans.com\/wp-content\/uploads\/2023\/10\/Ozge_Caltakoglu_LTN_Workshop_ankara.png\"},{\"@type\":\"BreadcrumbList\",\"@id\":\"https:\/\/latinodans.com\/ltndance\/workshop\/ozge-caltakoglu-workshop\/#breadcrumb\",\"itemListElement\":[{\"@type\":\"ListItem\",\"position\":1,\"name\":\"Anasayfa\",\"item\":\"https:\/\/latinodans.com\/\"},{\"@type\":\"ListItem\",\"position\":2,\"name\":\"LTN Dance\",\"item\":\"https:\/\/latinodans.com\/ltndance\/\"},{\"@type\":\"ListItem\",\"position\":3,\"name\":\"Workshop\",\"item\":\"https:\/\/latinodans.com\/ltndance\/workshop\/\"},{\"@type\":\"ListItem\",\"position\":4,\"name\":\"\u00d6zge \u00c7altako\u011flu Workshop\"}]},{\"@type\":\"WebSite\",\"@id\":\"https:\/\/latinodans.com\/#website\",\"url\":\"https:\/\/latinodans.com\/\",\"name\":\"Latino Dans St&uuml;dyosu\",\"description\":\"&quot;Hayat\u0131n\u0131zda Bir Dans Aras\u0131 Verin&quot;\",\"publisher\":{\"@id\":\"https:\/\/latinodans.com\/#organization\"},\"potentialAction\":[{\"@type\":\"SearchAction\",\"target\":{\"@type\":\"EntryPoint\",\"urlTemplate\":\"https:\/\/latinodans.com\/?s={search_term_string}\"},\"query-input\":{\"@type\":\"PropertyValueSpecification\",\"valueRequired\":true,\"valueName\":\"search_term_string\"}}],\"inLanguage\":\"tr\"},{\"@type\":\"Organization\",\"@id\":\"https:\/\/latinodans.com\/#organization\",\"name\":\"Latino Dans St\u00fcdyosu\",\"url\":\"https:\/\/latinodans.com\/\",\"logo\":{\"@type\":\"ImageObject\",\"inLanguage\":\"tr\",\"@id\":\"https:\/\/latinodans.com\/#\/schema\/logo\/image\/\",\"url\":\"https:\/\/latinodans.com\/wp-content\/uploads\/2016\/11\/latinologo01.png\",\"contentUrl\":\"https:\/\/latinodans.com\/wp-content\/uploads\/2016\/11\/latinologo01.png\",\"width\":1767,\"height\":869,\"caption\":\"Latino Dans St\u00fcdyosu\"},\"image\":{\"@id\":\"https:\/\/latinodans.com\/#\/schema\/logo\/image\/\"},\"sameAs\":[\"https:\/\/www.facebook.com\/latinoankara\",\"https:\/\/x.com\/LatinoDans\",\"https:\/\/www.instagram.com\/latinodans\/\",\"https:\/\/tr.pinterest.com\/latinodans\"]}]}<\/script>\n<!-- \/ Yoast SEO plugin. -->","yoast_head_json":{"title":"\u00d6zge \u00c7altako\u011flu Workshop - Latino Dans St&uuml;dyosu","robots":{"index":"index","follow":"follow","max-snippet":"max-snippet:-1","max-image-preview":"max-image-preview:large","max-video-preview":"max-video-preview:-1"},"canonical":"https:\/\/latinodans.com\/tr\/ltndance\/workshop\/ozge-caltakoglu-workshop\/","og_locale":"tr_TR","og_type":"article","og_title":"\u00d6zge \u00c7altako\u011flu Workshop | LTN Dance","og_description":"\u00d6zge \u00c7altako\u011flu Workshop LTN Dance Dans Dersleri ile ilgili bilgi i\u00e7in l\u00fctfen t\u0131klay\u0131n\u0131z","og_url":"https:\/\/latinodans.com\/tr\/ltndance\/workshop\/ozge-caltakoglu-workshop\/","og_site_name":"Latino Dans St&uuml;dyosu","article_publisher":"https:\/\/www.facebook.com\/latinoankara","article_modified_time":"2023-11-05T18:31:02+00:00","og_image":[{"width":1080,"height":1080,"url":"https:\/\/latinodans.com\/wp-content\/uploads\/2023\/10\/Ozge_Caltakoglu_LTN_Workshop_ankara.png","type":"image\/png"}],"twitter_card":"summary_large_image","twitter_site":"@LatinoDans","twitter_misc":{"Tahmini okuma s\u00fcresi":"1 dakika"},"schema":{"@context":"https:\/\/schema.org","@graph":[{"@type":"WebPage","@id":"https:\/\/latinodans.com\/ltndance\/workshop\/ozge-caltakoglu-workshop\/","url":"https:\/\/latinodans.com\/ltndance\/workshop\/ozge-caltakoglu-workshop\/","name":"\u00d6zge \u00c7altako\u011flu Workshop - Latino Dans St&uuml;dyosu","isPartOf":{"@id":"https:\/\/latinodans.com\/#website"},"primaryImageOfPage":{"@id":"https:\/\/latinodans.com\/ltndance\/workshop\/ozge-caltakoglu-workshop\/#primaryimage"},"image":{"@id":"https:\/\/latinodans.com\/ltndance\/workshop\/ozge-caltakoglu-workshop\/#primaryimage"},"thumbnailUrl":"https:\/\/latinodans.com\/wp-content\/uploads\/2023\/10\/Ozge_Caltakoglu_LTN_Workshop_ankara.png","datePublished":"2023-10-23T12:28:19+00:00","dateModified":"2023-11-05T18:31:02+00:00","breadcrumb":{"@id":"https:\/\/latinodans.com\/ltndance\/workshop\/ozge-caltakoglu-workshop\/#breadcrumb"},"inLanguage":"tr","potentialAction":[{"@type":"ReadAction","target":["https:\/\/latinodans.com\/ltndance\/workshop\/ozge-caltakoglu-workshop\/"]}]},{"@type":"ImageObject","inLanguage":"tr","@id":"https:\/\/latinodans.com\/ltndance\/workshop\/ozge-caltakoglu-workshop\/#primaryimage","url":"https:\/\/latinodans.com\/wp-content\/uploads\/2023\/10\/Ozge_Caltakoglu_LTN_Workshop_ankara.png","contentUrl":"https:\/\/latinodans.com\/wp-content\/uploads\/2023\/10\/Ozge_Caltakoglu_LTN_Workshop_ankara.png"},{"@type":"BreadcrumbList","@id":"https:\/\/latinodans.com\/ltndance\/workshop\/ozge-caltakoglu-workshop\/#breadcrumb","itemListElement":[{"@type":"ListItem","position":1,"name":"Anasayfa","item":"https:\/\/latinodans.com\/"},{"@type":"ListItem","position":2,"name":"LTN Dance","item":"https:\/\/latinodans.com\/ltndance\/"},{"@type":"ListItem","position":3,"name":"Workshop","item":"https:\/\/latinodans.com\/ltndance\/workshop\/"},{"@type":"ListItem","position":4,"name":"\u00d6zge \u00c7altako\u011flu Workshop"}]},{"@type":"WebSite","@id":"https:\/\/latinodans.com\/#website","url":"https:\/\/latinodans.com\/","name":"Latino Dans St&uuml;dyosu","description":"&quot;Hayat\u0131n\u0131zda Bir Dans Aras\u0131 Verin&quot;","publisher":{"@id":"https:\/\/latinodans.com\/#organization"},"potentialAction":[{"@type":"SearchAction","target":{"@type":"EntryPoint","urlTemplate":"https:\/\/latinodans.com\/?s={search_term_string}"},"query-input":{"@type":"PropertyValueSpecification","valueRequired":true,"valueName":"search_term_string"}}],"inLanguage":"tr"},{"@type":"Organization","@id":"https:\/\/latinodans.com\/#organization","name":"Latino Dans St\u00fcdyosu","url":"https:\/\/latinodans.com\/","logo":{"@type":"ImageObject","inLanguage":"tr","@id":"https:\/\/latinodans.com\/#\/schema\/logo\/image\/","url":"https:\/\/latinodans.com\/wp-content\/uploads\/2016\/11\/latinologo01.png","contentUrl":"https:\/\/latinodans.com\/wp-content\/uploads\/2016\/11\/latinologo01.png","width":1767,"height":869,"caption":"Latino Dans St\u00fcdyosu"},"image":{"@id":"https:\/\/latinodans.com\/#\/schema\/logo\/image\/"},"sameAs":["https:\/\/www.facebook.com\/latinoankara","https:\/\/x.com\/LatinoDans","https:\/\/www.instagram.com\/latinodans\/","https:\/\/tr.pinterest.com\/latinodans"]}]}},"_links":{"self":[{"href":"https:\/\/latinodans.com\/tr\/wp-json\/wp\/v2\/pages\/11628","targetHints":{"allow":["GET"]}}],"collection":[{"href":"https:\/\/latinodans.com\/tr\/wp-json\/wp\/v2\/pages"}],"about":[{"href":"https:\/\/latinodans.com\/tr\/wp-json\/wp\/v2\/types\/page"}],"author":[{"embeddable":true,"href":"https:\/\/latinodans.com\/tr\/wp-json\/wp\/v2\/users\/1"}],"replies":[{"embeddable":true,"href":"https:\/\/latinodans.com\/tr\/wp-json\/wp\/v2\/comments?post=11628"}],"version-history":[{"count":36,"href":"https:\/\/latinodans.com\/tr\/wp-json\/wp\/v2\/pages\/11628\/revisions"}],"predecessor-version":[{"id":11711,"href":"https:\/\/latinodans.com\/tr\/wp-json\/wp\/v2\/pages\/11628\/revisions\/11711"}],"up":[{"embeddable":true,"href":"https:\/\/latinodans.com\/tr\/wp-json\/wp\/v2\/pages\/11624"}],"wp:attachment":[{"href":"https:\/\/latinodans.com\/tr\/wp-json\/wp\/v2\/media?parent=11628"}],"curies":[{"name":"wp","href":"https:\/\/api.w.org\/{rel}","templated":true}]}}