{"id":11237,"date":"2023-04-04T07:58:30","date_gmt":"2023-04-04T04:58:30","guid":{"rendered":"https:\/\/latinodans.com\/?page_id=11237"},"modified":"2023-06-06T07:50:35","modified_gmt":"2023-06-06T04:50:35","slug":"insan-kaynaklari","status":"publish","type":"page","link":"https:\/\/latinodans.com\/tr\/insan-kaynaklari\/","title":{"rendered":"\u0130nsan Kaynaklar\u0131"},"content":{"rendered":"<h2 class=\"wp-block-heading\">\u0130\u015f Ba\u015fvuru Formu<\/h2>\n\n\n\n<div class=\"wp-block-jetpack-contact-form\" style=\"padding-top:16px;padding-right:16px;padding-bottom:16px;padding-left:16px\">\n\n\n\n\n\n\n\n\n\n\n\n\n\n\n\n\n\n\n\n\n\n\n\n\n<p>Dans Videolar\u0131n\u0131z\u0131n Youtube\/Instagram vb. linklerini, e\u011fer sosyal medyada yoksa wetransfer\/drive\/dropbox linklerini a\u015fa\u011f\u0131daki kutuya ekleyip bizimle payla\u015f\u0131n\u0131z.<\/p>\n\n\n\n\n\n\n<\/div>","protected":false},"excerpt":{"rendered":"<p>\u0130\u015f Ba\u015fvuru Formu<\/p>","protected":false},"author":1,"featured_media":0,"parent":0,"menu_order":0,"comment_status":"closed","ping_status":"closed","template":"","meta":{"_coblocks_attr":"","_coblocks_dimensions":"","_coblocks_responsive_height":"","_coblocks_accordion_ie_support":"","hide_page_title":"","footnotes":""},"class_list":["post-11237","page","type-page","status-publish","hentry"],"yoast_head":"<!-- This site is optimized with the Yoast SEO plugin v24.3 - https:\/\/yoast.com\/wordpress\/plugins\/seo\/ -->\n<title>\u0130nsan Kaynaklar\u0131 - Latino Dans St&uuml;dyosu<\/title>\n<meta name=\"robots\" content=\"index, follow, max-snippet:-1, max-image-preview:large, max-video-preview:-1\" \/>\n<link rel=\"canonical\" href=\"https:\/\/latinodans.com\/tr\/insan-kaynaklari\/\" \/>\n<meta property=\"og:locale\" content=\"tr_TR\" \/>\n<meta property=\"og:type\" content=\"article\" \/>\n<meta property=\"og:title\" content=\"\u0130nsan Kaynaklar\u0131 - Latino Dans St&uuml;dyosu\" \/>\n<meta property=\"og:description\" content=\"\u0130\u015f Ba\u015fvuru Formu\" \/>\n<meta property=\"og:url\" content=\"https:\/\/latinodans.com\/tr\/insan-kaynaklari\/\" \/>\n<meta property=\"og:site_name\" content=\"Latino Dans St&uuml;dyosu\" \/>\n<meta property=\"article:publisher\" content=\"https:\/\/www.facebook.com\/latinoankara\" \/>\n<meta property=\"article:modified_time\" content=\"2023-06-06T04:50:35+00:00\" \/>\n<meta name=\"twitter:card\" content=\"summary_large_image\" \/>\n<meta name=\"twitter:site\" content=\"@LatinoDans\" \/>\n<script type=\"application\/ld+json\" class=\"yoast-schema-graph\">{\"@context\":\"https:\/\/schema.org\",\"@graph\":[{\"@type\":\"WebPage\",\"@id\":\"https:\/\/latinodans.com\/insan-kaynaklari\/\",\"url\":\"https:\/\/latinodans.com\/insan-kaynaklari\/\",\"name\":\"\u0130nsan Kaynaklar\u0131 - Latino Dans St&uuml;dyosu\",\"isPartOf\":{\"@id\":\"https:\/\/latinodans.com\/#website\"},\"datePublished\":\"2023-04-04T04:58:30+00:00\",\"dateModified\":\"2023-06-06T04:50:35+00:00\",\"breadcrumb\":{\"@id\":\"https:\/\/latinodans.com\/insan-kaynaklari\/#breadcrumb\"},\"inLanguage\":\"tr\",\"potentialAction\":[{\"@type\":\"ReadAction\",\"target\":[\"https:\/\/latinodans.com\/insan-kaynaklari\/\"]}]},{\"@type\":\"BreadcrumbList\",\"@id\":\"https:\/\/latinodans.com\/insan-kaynaklari\/#breadcrumb\",\"itemListElement\":[{\"@type\":\"ListItem\",\"position\":1,\"name\":\"Anasayfa\",\"item\":\"https:\/\/latinodans.com\/\"},{\"@type\":\"ListItem\",\"position\":2,\"name\":\"\u0130nsan Kaynaklar\u0131\"}]},{\"@type\":\"WebSite\",\"@id\":\"https:\/\/latinodans.com\/#website\",\"url\":\"https:\/\/latinodans.com\/\",\"name\":\"Latino Dans St&uuml;dyosu\",\"description\":\"&quot;Hayat\u0131n\u0131zda Bir Dans Aras\u0131 Verin&quot;\",\"publisher\":{\"@id\":\"https:\/\/latinodans.com\/#organization\"},\"potentialAction\":[{\"@type\":\"SearchAction\",\"target\":{\"@type\":\"EntryPoint\",\"urlTemplate\":\"https:\/\/latinodans.com\/?s={search_term_string}\"},\"query-input\":{\"@type\":\"PropertyValueSpecification\",\"valueRequired\":true,\"valueName\":\"search_term_string\"}}],\"inLanguage\":\"tr\"},{\"@type\":\"Organization\",\"@id\":\"https:\/\/latinodans.com\/#organization\",\"name\":\"Latino Dans St\u00fcdyosu\",\"url\":\"https:\/\/latinodans.com\/\",\"logo\":{\"@type\":\"ImageObject\",\"inLanguage\":\"tr\",\"@id\":\"https:\/\/latinodans.com\/#\/schema\/logo\/image\/\",\"url\":\"https:\/\/latinodans.com\/wp-content\/uploads\/2016\/11\/latinologo01.png\",\"contentUrl\":\"https:\/\/latinodans.com\/wp-content\/uploads\/2016\/11\/latinologo01.png\",\"width\":1767,\"height\":869,\"caption\":\"Latino Dans St\u00fcdyosu\"},\"image\":{\"@id\":\"https:\/\/latinodans.com\/#\/schema\/logo\/image\/\"},\"sameAs\":[\"https:\/\/www.facebook.com\/latinoankara\",\"https:\/\/x.com\/LatinoDans\",\"https:\/\/www.instagram.com\/latinodans\/\",\"https:\/\/tr.pinterest.com\/latinodans\"]}]}<\/script>\n<!-- \/ Yoast SEO plugin. -->","yoast_head_json":{"title":"\u0130nsan Kaynaklar\u0131 - Latino Dans St&uuml;dyosu","robots":{"index":"index","follow":"follow","max-snippet":"max-snippet:-1","max-image-preview":"max-image-preview:large","max-video-preview":"max-video-preview:-1"},"canonical":"https:\/\/latinodans.com\/tr\/insan-kaynaklari\/","og_locale":"tr_TR","og_type":"article","og_title":"\u0130nsan Kaynaklar\u0131 - Latino Dans St&uuml;dyosu","og_description":"\u0130\u015f Ba\u015fvuru Formu","og_url":"https:\/\/latinodans.com\/tr\/insan-kaynaklari\/","og_site_name":"Latino Dans St&uuml;dyosu","article_publisher":"https:\/\/www.facebook.com\/latinoankara","article_modified_time":"2023-06-06T04:50:35+00:00","twitter_card":"summary_large_image","twitter_site":"@LatinoDans","schema":{"@context":"https:\/\/schema.org","@graph":[{"@type":"WebPage","@id":"https:\/\/latinodans.com\/insan-kaynaklari\/","url":"https:\/\/latinodans.com\/insan-kaynaklari\/","name":"\u0130nsan Kaynaklar\u0131 - Latino Dans St&uuml;dyosu","isPartOf":{"@id":"https:\/\/latinodans.com\/#website"},"datePublished":"2023-04-04T04:58:30+00:00","dateModified":"2023-06-06T04:50:35+00:00","breadcrumb":{"@id":"https:\/\/latinodans.com\/insan-kaynaklari\/#breadcrumb"},"inLanguage":"tr","potentialAction":[{"@type":"ReadAction","target":["https:\/\/latinodans.com\/insan-kaynaklari\/"]}]},{"@type":"BreadcrumbList","@id":"https:\/\/latinodans.com\/insan-kaynaklari\/#breadcrumb","itemListElement":[{"@type":"ListItem","position":1,"name":"Anasayfa","item":"https:\/\/latinodans.com\/"},{"@type":"ListItem","position":2,"name":"\u0130nsan Kaynaklar\u0131"}]},{"@type":"WebSite","@id":"https:\/\/latinodans.com\/#website","url":"https:\/\/latinodans.com\/","name":"Latino Dans St&uuml;dyosu","description":"&quot;Hayat\u0131n\u0131zda Bir Dans Aras\u0131 Verin&quot;","publisher":{"@id":"https:\/\/latinodans.com\/#organization"},"potentialAction":[{"@type":"SearchAction","target":{"@type":"EntryPoint","urlTemplate":"https:\/\/latinodans.com\/?s={search_term_string}"},"query-input":{"@type":"PropertyValueSpecification","valueRequired":true,"valueName":"search_term_string"}}],"inLanguage":"tr"},{"@type":"Organization","@id":"https:\/\/latinodans.com\/#organization","name":"Latino Dans St\u00fcdyosu","url":"https:\/\/latinodans.com\/","logo":{"@type":"ImageObject","inLanguage":"tr","@id":"https:\/\/latinodans.com\/#\/schema\/logo\/image\/","url":"https:\/\/latinodans.com\/wp-content\/uploads\/2016\/11\/latinologo01.png","contentUrl":"https:\/\/latinodans.com\/wp-content\/uploads\/2016\/11\/latinologo01.png","width":1767,"height":869,"caption":"Latino Dans St\u00fcdyosu"},"image":{"@id":"https:\/\/latinodans.com\/#\/schema\/logo\/image\/"},"sameAs":["https:\/\/www.facebook.com\/latinoankara","https:\/\/x.com\/LatinoDans","https:\/\/www.instagram.com\/latinodans\/","https:\/\/tr.pinterest.com\/latinodans"]}]}},"_links":{"self":[{"href":"https:\/\/latinodans.com\/tr\/wp-json\/wp\/v2\/pages\/11237","targetHints":{"allow":["GET"]}}],"collection":[{"href":"https:\/\/latinodans.com\/tr\/wp-json\/wp\/v2\/pages"}],"about":[{"href":"https:\/\/latinodans.com\/tr\/wp-json\/wp\/v2\/types\/page"}],"author":[{"embeddable":true,"href":"https:\/\/latinodans.com\/tr\/wp-json\/wp\/v2\/users\/1"}],"replies":[{"embeddable":true,"href":"https:\/\/latinodans.com\/tr\/wp-json\/wp\/v2\/comments?post=11237"}],"version-history":[{"count":11,"href":"https:\/\/latinodans.com\/tr\/wp-json\/wp\/v2\/pages\/11237\/revisions"}],"predecessor-version":[{"id":11600,"href":"https:\/\/latinodans.com\/tr\/wp-json\/wp\/v2\/pages\/11237\/revisions\/11600"}],"wp:attachment":[{"href":"https:\/\/latinodans.com\/tr\/wp-json\/wp\/v2\/media?parent=11237"}],"curies":[{"name":"wp","href":"https:\/\/api.w.org\/{rel}","templated":true}]}}