{"id":10692,"date":"2021-06-17T16:04:28","date_gmt":"2021-06-17T13:04:28","guid":{"rendered":"https:\/\/latinodans.com\/events\/"},"modified":"2021-10-25T15:51:08","modified_gmt":"2021-10-25T12:51:08","slug":"dans-kurslari","status":"publish","type":"page","link":"https:\/\/latinodans.com\/tr\/dans-kurslari\/","title":{"rendered":"Yeni Dans Kurslar\u0131"},"content":{"rendered":"<div class=\"wp-block-coblocks-row alignfull coblocks-row-925154843651 mb-0 mt-0\" data-columns=\"1\" data-layout=\"100\"><div class=\"wp-block-coblocks-row__inner has-no-padding has-no-margin is-stacked-on-mobile has-medium-gutter\">\n<div class=\"wp-block-coblocks-column coblocks-column-925154847959\" style=\"width:100%\"><div class=\"wp-block-coblocks-column__inner has-no-padding has-no-margin\">\n<h1 class=\"alignfull has-text-align-center wp-block-heading\"> Yeni Ba\u015flayan Dans Kurslar\u0131 <\/h1>\n<\/div><\/div>\n<\/div><\/div>\n\n\n\n<div class=\"wp-block-columns alignfull is-layout-flex wp-container-core-columns-is-layout-9d6595d7 wp-block-columns-is-layout-flex\">\n<div class=\"wp-block-column is-layout-flow wp-block-column-is-layout-flow\" style=\"flex-basis:100%\">\n<p>CONTENTS<\/p>\n<\/div>\n<\/div>","protected":false},"excerpt":{"rendered":"<p>CONTENTS<\/p>","protected":false},"author":1,"featured_media":0,"parent":0,"menu_order":0,"comment_status":"closed","ping_status":"open","template":"","meta":{"_coblocks_attr":"","_coblocks_dimensions":"","_coblocks_responsive_height":"","_coblocks_accordion_ie_support":"","hide_page_title":"","footnotes":""},"class_list":["post-10692","page","type-page","status-publish","hentry"],"yoast_head":"<!-- This site is optimized with the Yoast SEO plugin v24.3 - https:\/\/yoast.com\/wordpress\/plugins\/seo\/ -->\n<title>Yeni Dans Kurslar\u0131 - Latino Dans St&uuml;dyosu<\/title>\n<meta name=\"description\" content=\"\u0130lk defa dansa ba\u015flamak isteyenler i\u00e7in Tunal\u0131 ve \u00dcmitk\u00f6y \u015fubelerimizde yeni ba\u015flayan Ba\u015flang\u0131\u00e7 Seviye Dans Kurslar\u0131\" \/>\n<meta name=\"robots\" content=\"index, follow, max-snippet:-1, max-image-preview:large, max-video-preview:-1\" \/>\n<link rel=\"canonical\" href=\"https:\/\/latinodans.com\/tr\/dans-kurslari\/\" \/>\n<meta property=\"og:locale\" content=\"tr_TR\" \/>\n<meta property=\"og:type\" content=\"article\" \/>\n<meta property=\"og:title\" content=\"Yeni Dans Kurslar\u0131 - Latino Dans St&uuml;dyosu\" \/>\n<meta property=\"og:description\" content=\"\u0130lk defa dansa ba\u015flamak isteyenler i\u00e7in Tunal\u0131 ve \u00dcmitk\u00f6y \u015fubelerimizde yeni ba\u015flayan Ba\u015flang\u0131\u00e7 Seviye Dans Kurslar\u0131\" \/>\n<meta property=\"og:url\" content=\"https:\/\/latinodans.com\/tr\/dans-kurslari\/\" \/>\n<meta property=\"og:site_name\" content=\"Latino Dans St&uuml;dyosu\" \/>\n<meta property=\"article:publisher\" content=\"https:\/\/www.facebook.com\/latinoankara\" \/>\n<meta property=\"article:modified_time\" content=\"2021-10-25T12:51:08+00:00\" \/>\n<meta name=\"twitter:card\" content=\"summary_large_image\" \/>\n<meta name=\"twitter:site\" content=\"@LatinoDans\" \/>\n<meta name=\"twitter:label1\" content=\"Tahmini okuma s\u00fcresi\" \/>\n\t<meta name=\"twitter:data1\" content=\"1 dakika\" \/>\n<script type=\"application\/ld+json\" class=\"yoast-schema-graph\">{\"@context\":\"https:\/\/schema.org\",\"@graph\":[{\"@type\":\"WebPage\",\"@id\":\"https:\/\/latinodans.com\/dans-kurslari\/\",\"url\":\"https:\/\/latinodans.com\/dans-kurslari\/\",\"name\":\"Yeni Dans Kurslar\u0131 - Latino Dans St&uuml;dyosu\",\"isPartOf\":{\"@id\":\"https:\/\/latinodans.com\/#website\"},\"datePublished\":\"2021-06-17T13:04:28+00:00\",\"dateModified\":\"2021-10-25T12:51:08+00:00\",\"description\":\"\u0130lk defa dansa ba\u015flamak isteyenler i\u00e7in Tunal\u0131 ve \u00dcmitk\u00f6y \u015fubelerimizde yeni ba\u015flayan Ba\u015flang\u0131\u00e7 Seviye Dans Kurslar\u0131\",\"breadcrumb\":{\"@id\":\"https:\/\/latinodans.com\/dans-kurslari\/#breadcrumb\"},\"inLanguage\":\"tr\",\"potentialAction\":[{\"@type\":\"ReadAction\",\"target\":[\"https:\/\/latinodans.com\/dans-kurslari\/\"]}]},{\"@type\":\"BreadcrumbList\",\"@id\":\"https:\/\/latinodans.com\/dans-kurslari\/#breadcrumb\",\"itemListElement\":[{\"@type\":\"ListItem\",\"position\":1,\"name\":\"Anasayfa\",\"item\":\"https:\/\/latinodans.com\/\"},{\"@type\":\"ListItem\",\"position\":2,\"name\":\"Yeni Dans Kurslar\u0131\"}]},{\"@type\":\"WebSite\",\"@id\":\"https:\/\/latinodans.com\/#website\",\"url\":\"https:\/\/latinodans.com\/\",\"name\":\"Latino Dans St&uuml;dyosu\",\"description\":\"&quot;Hayat\u0131n\u0131zda Bir Dans Aras\u0131 Verin&quot;\",\"publisher\":{\"@id\":\"https:\/\/latinodans.com\/#organization\"},\"potentialAction\":[{\"@type\":\"SearchAction\",\"target\":{\"@type\":\"EntryPoint\",\"urlTemplate\":\"https:\/\/latinodans.com\/?s={search_term_string}\"},\"query-input\":{\"@type\":\"PropertyValueSpecification\",\"valueRequired\":true,\"valueName\":\"search_term_string\"}}],\"inLanguage\":\"tr\"},{\"@type\":\"Organization\",\"@id\":\"https:\/\/latinodans.com\/#organization\",\"name\":\"Latino Dans St\u00fcdyosu\",\"url\":\"https:\/\/latinodans.com\/\",\"logo\":{\"@type\":\"ImageObject\",\"inLanguage\":\"tr\",\"@id\":\"https:\/\/latinodans.com\/#\/schema\/logo\/image\/\",\"url\":\"https:\/\/latinodans.com\/wp-content\/uploads\/2016\/11\/latinologo01.png\",\"contentUrl\":\"https:\/\/latinodans.com\/wp-content\/uploads\/2016\/11\/latinologo01.png\",\"width\":1767,\"height\":869,\"caption\":\"Latino Dans St\u00fcdyosu\"},\"image\":{\"@id\":\"https:\/\/latinodans.com\/#\/schema\/logo\/image\/\"},\"sameAs\":[\"https:\/\/www.facebook.com\/latinoankara\",\"https:\/\/x.com\/LatinoDans\",\"https:\/\/www.instagram.com\/latinodans\/\",\"https:\/\/tr.pinterest.com\/latinodans\"]}]}<\/script>\n<!-- \/ Yoast SEO plugin. -->","yoast_head_json":{"title":"Yeni Dans Kurslar\u0131 - Latino Dans St&uuml;dyosu","description":"\u0130lk defa dansa ba\u015flamak isteyenler i\u00e7in Tunal\u0131 ve \u00dcmitk\u00f6y \u015fubelerimizde yeni ba\u015flayan Ba\u015flang\u0131\u00e7 Seviye Dans Kurslar\u0131","robots":{"index":"index","follow":"follow","max-snippet":"max-snippet:-1","max-image-preview":"max-image-preview:large","max-video-preview":"max-video-preview:-1"},"canonical":"https:\/\/latinodans.com\/tr\/dans-kurslari\/","og_locale":"tr_TR","og_type":"article","og_title":"Yeni Dans Kurslar\u0131 - Latino Dans St&uuml;dyosu","og_description":"\u0130lk defa dansa ba\u015flamak isteyenler i\u00e7in Tunal\u0131 ve \u00dcmitk\u00f6y \u015fubelerimizde yeni ba\u015flayan Ba\u015flang\u0131\u00e7 Seviye Dans Kurslar\u0131","og_url":"https:\/\/latinodans.com\/tr\/dans-kurslari\/","og_site_name":"Latino Dans St&uuml;dyosu","article_publisher":"https:\/\/www.facebook.com\/latinoankara","article_modified_time":"2021-10-25T12:51:08+00:00","twitter_card":"summary_large_image","twitter_site":"@LatinoDans","twitter_misc":{"Tahmini okuma s\u00fcresi":"1 dakika"},"schema":{"@context":"https:\/\/schema.org","@graph":[{"@type":"WebPage","@id":"https:\/\/latinodans.com\/dans-kurslari\/","url":"https:\/\/latinodans.com\/dans-kurslari\/","name":"Yeni Dans Kurslar\u0131 - Latino Dans St&uuml;dyosu","isPartOf":{"@id":"https:\/\/latinodans.com\/#website"},"datePublished":"2021-06-17T13:04:28+00:00","dateModified":"2021-10-25T12:51:08+00:00","description":"\u0130lk defa dansa ba\u015flamak isteyenler i\u00e7in Tunal\u0131 ve \u00dcmitk\u00f6y \u015fubelerimizde yeni ba\u015flayan Ba\u015flang\u0131\u00e7 Seviye Dans Kurslar\u0131","breadcrumb":{"@id":"https:\/\/latinodans.com\/dans-kurslari\/#breadcrumb"},"inLanguage":"tr","potentialAction":[{"@type":"ReadAction","target":["https:\/\/latinodans.com\/dans-kurslari\/"]}]},{"@type":"BreadcrumbList","@id":"https:\/\/latinodans.com\/dans-kurslari\/#breadcrumb","itemListElement":[{"@type":"ListItem","position":1,"name":"Anasayfa","item":"https:\/\/latinodans.com\/"},{"@type":"ListItem","position":2,"name":"Yeni Dans Kurslar\u0131"}]},{"@type":"WebSite","@id":"https:\/\/latinodans.com\/#website","url":"https:\/\/latinodans.com\/","name":"Latino Dans St&uuml;dyosu","description":"&quot;Hayat\u0131n\u0131zda Bir Dans Aras\u0131 Verin&quot;","publisher":{"@id":"https:\/\/latinodans.com\/#organization"},"potentialAction":[{"@type":"SearchAction","target":{"@type":"EntryPoint","urlTemplate":"https:\/\/latinodans.com\/?s={search_term_string}"},"query-input":{"@type":"PropertyValueSpecification","valueRequired":true,"valueName":"search_term_string"}}],"inLanguage":"tr"},{"@type":"Organization","@id":"https:\/\/latinodans.com\/#organization","name":"Latino Dans St\u00fcdyosu","url":"https:\/\/latinodans.com\/","logo":{"@type":"ImageObject","inLanguage":"tr","@id":"https:\/\/latinodans.com\/#\/schema\/logo\/image\/","url":"https:\/\/latinodans.com\/wp-content\/uploads\/2016\/11\/latinologo01.png","contentUrl":"https:\/\/latinodans.com\/wp-content\/uploads\/2016\/11\/latinologo01.png","width":1767,"height":869,"caption":"Latino Dans St\u00fcdyosu"},"image":{"@id":"https:\/\/latinodans.com\/#\/schema\/logo\/image\/"},"sameAs":["https:\/\/www.facebook.com\/latinoankara","https:\/\/x.com\/LatinoDans","https:\/\/www.instagram.com\/latinodans\/","https:\/\/tr.pinterest.com\/latinodans"]}]}},"_links":{"self":[{"href":"https:\/\/latinodans.com\/tr\/wp-json\/wp\/v2\/pages\/10692","targetHints":{"allow":["GET"]}}],"collection":[{"href":"https:\/\/latinodans.com\/tr\/wp-json\/wp\/v2\/pages"}],"about":[{"href":"https:\/\/latinodans.com\/tr\/wp-json\/wp\/v2\/types\/page"}],"author":[{"embeddable":true,"href":"https:\/\/latinodans.com\/tr\/wp-json\/wp\/v2\/users\/1"}],"replies":[{"embeddable":true,"href":"https:\/\/latinodans.com\/tr\/wp-json\/wp\/v2\/comments?post=10692"}],"version-history":[{"count":11,"href":"https:\/\/latinodans.com\/tr\/wp-json\/wp\/v2\/pages\/10692\/revisions"}],"predecessor-version":[{"id":11041,"href":"https:\/\/latinodans.com\/tr\/wp-json\/wp\/v2\/pages\/10692\/revisions\/11041"}],"wp:attachment":[{"href":"https:\/\/latinodans.com\/tr\/wp-json\/wp\/v2\/media?parent=10692"}],"curies":[{"name":"wp","href":"https:\/\/api.w.org\/{rel}","templated":true}]}}