{"id":10417,"date":"2016-10-25T21:59:01","date_gmt":"2016-10-25T18:59:01","guid":{"rendered":"http:\/\/www.latinodans.com\/?page_id=19"},"modified":"2025-10-14T21:06:38","modified_gmt":"2025-10-14T18:06:38","slug":"iletisim","status":"publish","type":"page","link":"https:\/\/latinodans.com\/tr\/iletisim\/","title":{"rendered":"\u0130leti\u015fim"},"content":{"rendered":"\n<h1 class=\"wp-block-heading alignfull has-text-align-center\">Latino Dans St\u00fcdyosu \u0130leti\u015fim<\/h1>\n\n\n\n<div class=\"wp-block-coblocks-row alignwide coblocks-row-5271619921\" data-columns=\"2\" data-layout=\"50-50\"><div class=\"wp-block-coblocks-row__inner has-no-padding has-no-margin is-stacked-on-mobile has-medium-gutter\">\n<div class=\"wp-block-coblocks-column coblocks-column-527161910750\" style=\"width:44.77%\"><div class=\"wp-block-coblocks-column__inner has-no-padding has-no-margin\">\n<h2 class=\"wp-block-heading\" style=\"font-size:22px\"><em>\u0130lgilendi\u011finiz kursla ilgili bilgi almak ve yeni a\u00e7\u0131lan s\u0131n\u0131flar\u0131 \u00f6\u011frenmek i\u00e7in l\u00fctfen a\u015fa\u011f\u0131daki formu doldurunuz.<\/em><\/h2>\n\n\n\n\t\t<div class=\"coblocks-form\" id=\"a3d2714d71c9a805f0b304a65378a036f22e1eb4\">\n\n\t\t\t\n\t\t\t<form action=\"https:\/\/latinodans.com\/tr\/iletisim\/#a3d2714d71c9a805f0b304a65378a036f22e1eb4\" method=\"post\">\n\t\t\t\t\n<div class=\"wp-block-coblocks-form\"><label class=\"coblocks-label\">Name <span class=\"required\">&#042;<\/span><\/label>\n\t\t<input type=\"hidden\" name=\"field-name[label]\" value=\"Name\">\n\n\t\t\t\t<input type=\"hidden\" id=\"name-field-id\" name=\"name-field-id\" class=\"coblocks-name-field-id\" value=\"field-name\" \/>\n\t\t\t\t\t<div class=\"coblocks-form__inline-fields\">\n\t\t\t\t<div class=\"coblocks-form__inline-field\">\n\t\t\t\t\t<input type=\"text\" id=\"name-firstname\" aria-label=\"Plus One First Name\" name=\"field-name[value][first-name]\" class=\"coblocks-field coblocks-field--name first\" required \/>\n\t\t\t\t\t<small class=\"coblocks-form__subtext\">First<\/small>\n\t\t\t\t<\/div>\n\n\t\t\t\t<div class=\"coblocks-form__inline-field\">\n\t\t\t\t\t<input type=\"text\" id=\"name-lastname\" aria-label=\"Plus One Last Name\" name=\"field-name[value][last-name]\" class=\"coblocks-field coblocks-field--name last\" required \/>\n\t\t\t\t\t<small class=\"coblocks-form__subtext\">Last<\/small>\n\t\t\t\t<\/div>\n\t\t\t<\/div>\n\n\t\t\t\n\n<label class=\"coblocks-label\">Tercih etti\u011finiz \u015fubemiz <span class=\"required\">&#042;<\/span><\/label>\n\t\t<input type=\"hidden\" name=\"field-tercih-ettiginiz-subemiz[label]\" value=\"Tercih etti\u011finiz \u015fubemiz\">\n\n\t\t<select class=\"select coblocks-field\" name=\"field-tercih-ettiginiz-subemiz[value]\"><option value=\"Kavakl\u0131dere (Tunal\u0131 - Tunus cad.)\">Kavakl\u0131dere (Tunal\u0131 &#8211; Tunus cad.)<\/option><option value=\"\u00dcmitk\u00f6y\">\u00dcmitk\u00f6y<\/option><\/select>\n\n<label class=\"coblocks-label\">Dans T\u00fcr\u00fc <span class=\"required\">&#042;<\/span><\/label>\n\t\t<input type=\"hidden\" name=\"field-dans-turu-2[label]\" value=\"Dans T\u00fcr\u00fc\">\n\n\t\t<select class=\"select coblocks-field\" name=\"field-dans-turu-2[value]\"><option value=\"Salsa\">Salsa<\/option><option value=\"D\u00fc\u011f\u00fcn Dans\u0131\">D\u00fc\u011f\u00fcn Dans\u0131<\/option><option value=\"\u00c7ocuk Kurslar\u0131\">\u00c7ocuk Kurslar\u0131<\/option><option value=\"Arjantin Tango\">Arjantin Tango<\/option><option value=\"Urban &amp; Hiphop\">Urban &amp; Hiphop<\/option><option value=\"K-pop\">K-pop<\/option><option value=\"Modern Dans\">Modern Dans<\/option><option value=\"Lindy Hop\">Lindy Hop<\/option><option value=\"Solo Jazz\">Solo Jazz<\/option><option value=\"Kizomba\">Kizomba<\/option><option value=\"Bachata\">Bachata<\/option><option value=\"Dans Sporu\">Dans Sporu<\/option><option value=\"Zeybek - Harmandal\u0131\">Zeybek &#8211; Harmandal\u0131<\/option><option value=\"Roman\">Roman<\/option><option value=\"Oryantal\">Oryantal<\/option><option value=\"Zumba\">Zumba<\/option><option value=\"Pilates\">Pilates<\/option><option value=\"Yeti\u015fkin Bale\">Yeti\u015fkin Bale<\/option><option value=\"M\u00fczik Kurslar\u0131\">M\u00fczik Kurslar\u0131<\/option><option value=\"Sirtaki\">Sirtaki<\/option><option value=\"Di\u011fer(L\u00fctfen mesajda belirtiniz)\">Di\u011fer(L\u00fctfen mesajda belirtiniz)<\/option><\/select>\n\n<label class=\"coblocks-label\">Email <span class=\"required\">&#042;<\/span><\/label>\n\t\t<input type=\"hidden\" name=\"field-email[label]\" value=\"Email\">\n\n\t\t\n\t\t<input type=\"hidden\" id=\"email-field-id\" name=\"email-field-id\" class=\"coblocks-email-field-id\" value=\"field-email\" \/>\n\t\t<input type=\"email\" id=\"email\" aria-label=\"Email\" name=\"field-email[value]\" class=\"coblocks-field coblocks-field--email\" required \/>\n\n\t\t\n\n<label class=\"coblocks-label\">Phone <span class=\"required\">&#042;<\/span><\/label>\n\t\t<input type=\"hidden\" name=\"field-phone[label]\" value=\"Phone\">\n\n\t\t\n\t\t<input type=\"tel\" id=\"phone\" name=\"field-phone[value]\" class=\"coblocks-field coblocks-field--telephone\" required \/>\n\n\t\t\n\n<label class=\"coblocks-label\">Message <span class=\"required\">&#042;<\/span><\/label>\n\t\t<input type=\"hidden\" name=\"field-message[label]\" value=\"Message\">\n\n\t\t\n\t\t<textarea name=\"field-message[value]\" aria-label=\"Message\" id=\"message\" class=\"coblocks-field coblocks-textarea\" rows=\"20\" required><\/textarea>\n\n\t\t\n\n\n\t\t<div class=\"coblocks-form__submit wp-block-button\">\n\t\t\t<button type=\"submit\" class=\"wp-block-button__link\" style=\"\">Bizimle \u0130leti\u015fim Kurun<\/button>\n\t\t\t<input type=\"hidden\" id=\"form-submit\" name=\"form-submit\" value=\"9fc28adec8\" \/><input type=\"hidden\" name=\"_wp_http_referer\" value=\"\/tr\/wp-json\/wp\/v2\/pages\/10417\" \/>\t\t\t<input type=\"hidden\" name=\"action\" value=\"coblocks-form-submit\">\n\n\t\t\t\t\t<\/div>\n\n\t\t<\/div>\n\t\t\t\t<input class=\"coblocks-field verify\" aria-label=\"Enter your email address to verify\" type=\"email\" name=\"coblocks-verify-email\" autocomplete=\"off\" placeholder=\"E-posta\" tabindex=\"-1\">\n\t\t\t\t<input type=\"hidden\" name=\"form-hash\" value=\"a3d2714d71c9a805f0b304a65378a036f22e1eb4\">\n\n\t\t\t\t\t\t\t<\/form>\n\n\t\t<\/div>\n\n\t\t<\/div><\/div>\n\n\n\n<div class=\"wp-block-coblocks-column coblocks-column-527161910753\" style=\"width:55.23%\"><div class=\"wp-block-coblocks-column__inner has-no-padding has-no-margin\">\n<div class=\"wp-block-coblocks-row coblocks-row-527162128249\" data-columns=\"1\" data-layout=\"100\"><div class=\"wp-block-coblocks-row__inner has-no-padding has-no-margin is-stacked-on-mobile has-medium-gutter\">\n<div class=\"wp-block-coblocks-column coblocks-column-527162129168\" style=\"width:100%\"><div class=\"wp-block-coblocks-column__inner has-no-padding has-no-margin\">\n<h3 class=\"wp-block-heading\">Kavakl\u0131dere (Tunal\u0131 &#8211; Tunus cad.)<\/h3>\n\n\n\n<p>Telefon: 05530674910<br>Adres: Tunus cad. No:50\/6 Kavakl\u0131dere<\/p>\n\n\n\n<p>\u00c7al\u0131\u015fma Saatleri: <br>Haftai\u00e7i: 11:00 &#8211; 22:00<br>Haftasonu: 11:00 &#8211; 20:00<\/p>\n\n\n\n<div style=\"min-height:400px\" data-map-attr=\"\/qaddress\/q:\/qlatino dans tunus\/q||\/qlat\/q:\/qundefined\/q||\/qlng\/q:\/qundefined\/q||\/qskin\/q:\/qstandard\/q||\/qzoom\/q:\/q15\/q||\/qiconSize\/q:\/q36\/q||\/qmapTypeControl\/q:\/qtrue\/q||\/qzoomControl\/q:\/qtrue\/q||\/qstreetViewControl\/q:\/qtrue\/q||\/qfullscreenControl\/q:\/qtrue\/q\" class=\"wp-block-coblocks-map\"><iframe title=\"Google Map\" frameborder=\"0\" style=\"width:100%;min-height:400px\" src=\"https:\/\/www.google.com\/maps?q=latino%20dans%20tunus&amp;output=embed&amp;hl=tr&amp;z=15\"><\/iframe><\/div>\n<\/div><\/div>\n<\/div><\/div>\n\n\n\n<div class=\"wp-block-coblocks-row coblocks-row-527162128249\" data-columns=\"1\" data-layout=\"100\"><div class=\"wp-block-coblocks-row__inner has-no-padding has-no-margin is-stacked-on-mobile has-medium-gutter\">\n<div class=\"wp-block-coblocks-column coblocks-column-527162129168\" style=\"width:100%\"><div class=\"wp-block-coblocks-column__inner has-no-padding has-no-margin\">\n<h3 class=\"wp-block-heading\">\u00dcmitk\u00f6y Latino<\/h3>\n\n\n\n<p>Telefon: 05531674910<br>Adres: Mutlukent mah 1964 cad. No:22 \u00dcmitk\u00f6y<\/p>\n\n\n\n<p>\u00c7al\u0131\u015fma Saatleri: <br>Haftai\u00e7i: 11:00 &#8211; 22:00<br>Haftasonu: 11:00 &#8211; 20:00<\/p>\n\n\n\n<div style=\"min-height:400px\" data-map-attr=\"\/qaddress\/q:\/qlatino dans \u00fcmitk\u00f6y\/q||\/qlat\/q:\/qundefined\/q||\/qlng\/q:\/qundefined\/q||\/qskin\/q:\/qstandard\/q||\/qzoom\/q:\/q15\/q||\/qiconSize\/q:\/q36\/q||\/qmapTypeControl\/q:\/qtrue\/q||\/qzoomControl\/q:\/qtrue\/q||\/qstreetViewControl\/q:\/qtrue\/q||\/qfullscreenControl\/q:\/qtrue\/q\" class=\"wp-block-coblocks-map\"><iframe title=\"Google Map\" frameborder=\"0\" style=\"width:100%;min-height:400px\" src=\"https:\/\/www.google.com\/maps?q=latino%20dans%20%C3%BCmitk%C3%B6y&amp;output=embed&amp;hl=tr&amp;z=15\"><\/iframe><\/div>\n<\/div><\/div>\n<\/div><\/div>\n<\/div><\/div>\n<\/div><\/div>\n","protected":false},"excerpt":{"rendered":"<p>Latino Dans St\u00fcdyosu \u0130leti\u015fim<\/p>","protected":false},"author":2,"featured_media":0,"parent":0,"menu_order":0,"comment_status":"closed","ping_status":"closed","template":"","meta":{"_coblocks_attr":"","_coblocks_dimensions":"","_coblocks_responsive_height":"","_coblocks_accordion_ie_support":"","hide_page_title":"","footnotes":""},"class_list":["post-10417","page","type-page","status-publish","hentry"],"yoast_head":"<!-- This site is optimized with the Yoast SEO plugin v24.3 - https:\/\/yoast.com\/wordpress\/plugins\/seo\/ -->\n<title>\u0130leti\u015fim - Latino Dans St&uuml;dyosu - Kavakl\u0131dere &amp; \u00dcmitk\u00f6y<\/title>\n<meta name=\"description\" content=\"Latino Dans St\u00fcdyosu - Kavakl\u0131dere: Tunus Cad. No:50\/16 Tel:05530674910 - \u00dcmitk\u00f6y: Mutlukent Mah. 1964. cad. No:22 Tel:05531674910\" \/>\n<meta name=\"robots\" content=\"index, follow, max-snippet:-1, max-image-preview:large, max-video-preview:-1\" \/>\n<link rel=\"canonical\" href=\"https:\/\/latinodans.com\/tr\/iletisim\/\" \/>\n<meta property=\"og:locale\" content=\"tr_TR\" \/>\n<meta property=\"og:type\" content=\"article\" \/>\n<meta property=\"og:title\" content=\"\u0130leti\u015fim - Latino Dans St&uuml;dyosu - Kavakl\u0131dere &amp; \u00dcmitk\u00f6y\" \/>\n<meta property=\"og:description\" content=\"Latino Dans St\u00fcdyosu - Kavakl\u0131dere: Tunus Cad. No:50\/16 Tel:05530674910 - \u00dcmitk\u00f6y: Mutlukent Mah. 1964. cad. No:22 Tel:05531674910\" \/>\n<meta property=\"og:url\" content=\"https:\/\/latinodans.com\/tr\/iletisim\/\" \/>\n<meta property=\"og:site_name\" content=\"Latino Dans St&uuml;dyosu\" \/>\n<meta property=\"article:publisher\" content=\"https:\/\/www.facebook.com\/latinoankara\" \/>\n<meta property=\"article:modified_time\" content=\"2025-10-14T18:06:38+00:00\" \/>\n<meta name=\"twitter:card\" content=\"summary_large_image\" \/>\n<meta name=\"twitter:site\" content=\"@LatinoDans\" \/>\n<meta name=\"twitter:label1\" content=\"Tahmini okuma s\u00fcresi\" \/>\n\t<meta name=\"twitter:data1\" content=\"1 dakika\" \/>\n<script type=\"application\/ld+json\" class=\"yoast-schema-graph\">{\"@context\":\"https:\/\/schema.org\",\"@graph\":[{\"@type\":[\"WebPage\",\"ContactPage\"],\"@id\":\"https:\/\/latinodans.com\/iletisim\/\",\"url\":\"https:\/\/latinodans.com\/iletisim\/\",\"name\":\"\u0130leti\u015fim - Latino Dans St&uuml;dyosu - Kavakl\u0131dere & \u00dcmitk\u00f6y\",\"isPartOf\":{\"@id\":\"https:\/\/latinodans.com\/#website\"},\"datePublished\":\"2016-10-25T18:59:01+00:00\",\"dateModified\":\"2025-10-14T18:06:38+00:00\",\"description\":\"Latino Dans St\u00fcdyosu - Kavakl\u0131dere: Tunus Cad. No:50\/16 Tel:05530674910 - \u00dcmitk\u00f6y: Mutlukent Mah. 1964. cad. No:22 Tel:05531674910\",\"breadcrumb\":{\"@id\":\"https:\/\/latinodans.com\/iletisim\/#breadcrumb\"},\"inLanguage\":\"tr\",\"potentialAction\":[{\"@type\":\"ReadAction\",\"target\":[\"https:\/\/latinodans.com\/iletisim\/\"]}]},{\"@type\":\"BreadcrumbList\",\"@id\":\"https:\/\/latinodans.com\/iletisim\/#breadcrumb\",\"itemListElement\":[{\"@type\":\"ListItem\",\"position\":1,\"name\":\"Anasayfa\",\"item\":\"https:\/\/latinodans.com\/\"},{\"@type\":\"ListItem\",\"position\":2,\"name\":\"\u0130leti\u015fim\"}]},{\"@type\":\"WebSite\",\"@id\":\"https:\/\/latinodans.com\/#website\",\"url\":\"https:\/\/latinodans.com\/\",\"name\":\"Latino Dans St&uuml;dyosu\",\"description\":\"&quot;Hayat\u0131n\u0131zda Bir Dans Aras\u0131 Verin&quot;\",\"publisher\":{\"@id\":\"https:\/\/latinodans.com\/#organization\"},\"potentialAction\":[{\"@type\":\"SearchAction\",\"target\":{\"@type\":\"EntryPoint\",\"urlTemplate\":\"https:\/\/latinodans.com\/?s={search_term_string}\"},\"query-input\":{\"@type\":\"PropertyValueSpecification\",\"valueRequired\":true,\"valueName\":\"search_term_string\"}}],\"inLanguage\":\"tr\"},{\"@type\":\"Organization\",\"@id\":\"https:\/\/latinodans.com\/#organization\",\"name\":\"Latino Dans St\u00fcdyosu\",\"url\":\"https:\/\/latinodans.com\/\",\"logo\":{\"@type\":\"ImageObject\",\"inLanguage\":\"tr\",\"@id\":\"https:\/\/latinodans.com\/#\/schema\/logo\/image\/\",\"url\":\"https:\/\/latinodans.com\/wp-content\/uploads\/2016\/11\/latinologo01.png\",\"contentUrl\":\"https:\/\/latinodans.com\/wp-content\/uploads\/2016\/11\/latinologo01.png\",\"width\":1767,\"height\":869,\"caption\":\"Latino Dans St\u00fcdyosu\"},\"image\":{\"@id\":\"https:\/\/latinodans.com\/#\/schema\/logo\/image\/\"},\"sameAs\":[\"https:\/\/www.facebook.com\/latinoankara\",\"https:\/\/x.com\/LatinoDans\",\"https:\/\/www.instagram.com\/latinodans\/\",\"https:\/\/tr.pinterest.com\/latinodans\"]}]}<\/script>\n<!-- \/ Yoast SEO plugin. -->","yoast_head_json":{"title":"\u0130leti\u015fim - Latino Dans St&uuml;dyosu - Kavakl\u0131dere & \u00dcmitk\u00f6y","description":"Latino Dans St\u00fcdyosu - Kavakl\u0131dere: Tunus Cad. No:50\/16 Tel:05530674910 - \u00dcmitk\u00f6y: Mutlukent Mah. 1964. cad. No:22 Tel:05531674910","robots":{"index":"index","follow":"follow","max-snippet":"max-snippet:-1","max-image-preview":"max-image-preview:large","max-video-preview":"max-video-preview:-1"},"canonical":"https:\/\/latinodans.com\/tr\/iletisim\/","og_locale":"tr_TR","og_type":"article","og_title":"\u0130leti\u015fim - Latino Dans St&uuml;dyosu - Kavakl\u0131dere & \u00dcmitk\u00f6y","og_description":"Latino Dans St\u00fcdyosu - Kavakl\u0131dere: Tunus Cad. No:50\/16 Tel:05530674910 - \u00dcmitk\u00f6y: Mutlukent Mah. 1964. cad. No:22 Tel:05531674910","og_url":"https:\/\/latinodans.com\/tr\/iletisim\/","og_site_name":"Latino Dans St&uuml;dyosu","article_publisher":"https:\/\/www.facebook.com\/latinoankara","article_modified_time":"2025-10-14T18:06:38+00:00","twitter_card":"summary_large_image","twitter_site":"@LatinoDans","twitter_misc":{"Tahmini okuma s\u00fcresi":"1 dakika"},"schema":{"@context":"https:\/\/schema.org","@graph":[{"@type":["WebPage","ContactPage"],"@id":"https:\/\/latinodans.com\/iletisim\/","url":"https:\/\/latinodans.com\/iletisim\/","name":"\u0130leti\u015fim - Latino Dans St&uuml;dyosu - Kavakl\u0131dere & \u00dcmitk\u00f6y","isPartOf":{"@id":"https:\/\/latinodans.com\/#website"},"datePublished":"2016-10-25T18:59:01+00:00","dateModified":"2025-10-14T18:06:38+00:00","description":"Latino Dans St\u00fcdyosu - Kavakl\u0131dere: Tunus Cad. No:50\/16 Tel:05530674910 - \u00dcmitk\u00f6y: Mutlukent Mah. 1964. cad. No:22 Tel:05531674910","breadcrumb":{"@id":"https:\/\/latinodans.com\/iletisim\/#breadcrumb"},"inLanguage":"tr","potentialAction":[{"@type":"ReadAction","target":["https:\/\/latinodans.com\/iletisim\/"]}]},{"@type":"BreadcrumbList","@id":"https:\/\/latinodans.com\/iletisim\/#breadcrumb","itemListElement":[{"@type":"ListItem","position":1,"name":"Anasayfa","item":"https:\/\/latinodans.com\/"},{"@type":"ListItem","position":2,"name":"\u0130leti\u015fim"}]},{"@type":"WebSite","@id":"https:\/\/latinodans.com\/#website","url":"https:\/\/latinodans.com\/","name":"Latino Dans St&uuml;dyosu","description":"&quot;Hayat\u0131n\u0131zda Bir Dans Aras\u0131 Verin&quot;","publisher":{"@id":"https:\/\/latinodans.com\/#organization"},"potentialAction":[{"@type":"SearchAction","target":{"@type":"EntryPoint","urlTemplate":"https:\/\/latinodans.com\/?s={search_term_string}"},"query-input":{"@type":"PropertyValueSpecification","valueRequired":true,"valueName":"search_term_string"}}],"inLanguage":"tr"},{"@type":"Organization","@id":"https:\/\/latinodans.com\/#organization","name":"Latino Dans St\u00fcdyosu","url":"https:\/\/latinodans.com\/","logo":{"@type":"ImageObject","inLanguage":"tr","@id":"https:\/\/latinodans.com\/#\/schema\/logo\/image\/","url":"https:\/\/latinodans.com\/wp-content\/uploads\/2016\/11\/latinologo01.png","contentUrl":"https:\/\/latinodans.com\/wp-content\/uploads\/2016\/11\/latinologo01.png","width":1767,"height":869,"caption":"Latino Dans St\u00fcdyosu"},"image":{"@id":"https:\/\/latinodans.com\/#\/schema\/logo\/image\/"},"sameAs":["https:\/\/www.facebook.com\/latinoankara","https:\/\/x.com\/LatinoDans","https:\/\/www.instagram.com\/latinodans\/","https:\/\/tr.pinterest.com\/latinodans"]}]}},"_links":{"self":[{"href":"https:\/\/latinodans.com\/tr\/wp-json\/wp\/v2\/pages\/10417","targetHints":{"allow":["GET"]}}],"collection":[{"href":"https:\/\/latinodans.com\/tr\/wp-json\/wp\/v2\/pages"}],"about":[{"href":"https:\/\/latinodans.com\/tr\/wp-json\/wp\/v2\/types\/page"}],"author":[{"embeddable":true,"href":"https:\/\/latinodans.com\/tr\/wp-json\/wp\/v2\/users\/2"}],"replies":[{"embeddable":true,"href":"https:\/\/latinodans.com\/tr\/wp-json\/wp\/v2\/comments?post=10417"}],"version-history":[{"count":8,"href":"https:\/\/latinodans.com\/tr\/wp-json\/wp\/v2\/pages\/10417\/revisions"}],"predecessor-version":[{"id":12047,"href":"https:\/\/latinodans.com\/tr\/wp-json\/wp\/v2\/pages\/10417\/revisions\/12047"}],"wp:attachment":[{"href":"https:\/\/latinodans.com\/tr\/wp-json\/wp\/v2\/media?parent=10417"}],"curies":[{"name":"wp","href":"https:\/\/api.w.org\/{rel}","templated":true}]}}