{"id":10030,"date":"2019-10-10T17:10:56","date_gmt":"2019-10-10T14:10:56","guid":{"rendered":"http:\/\/www.latinodans.com\/?page_id=10030"},"modified":"2021-10-25T15:15:07","modified_gmt":"2021-10-25T12:15:07","slug":"dans-ayakkabisi","status":"publish","type":"page","link":"https:\/\/latinodans.com\/tr\/dans-ayakkabisi\/","title":{"rendered":"DANS AYAKKABISI"},"content":{"rendered":"<div class=\"wp-block-coblocks-row coblocks-row-52412543650\" data-columns=\"1\" data-layout=\"100\"><div class=\"wp-block-coblocks-row__inner has-no-padding has-no-margin is-stacked-on-mobile has-medium-gutter\">\n<div class=\"wp-block-coblocks-column coblocks-column-524125438930\" style=\"width:100%\"><div class=\"wp-block-coblocks-column__inner has-no-padding has-no-margin\">\n<h1 class=\"has-text-align-center wp-block-heading\">DANS AYAKKABISI<\/h1>\n\n\n\n<h2 class=\"has-text-align-center has-primary-color has-text-color wp-block-heading\"><strong>LAT\u0130N DANSLARINDA AYAKKABININ \u00d6NEM\u0130<\/strong><\/h2>\n<\/div><\/div>\n<\/div><\/div>\n\n\n\n<div class=\"wp-block-coblocks-row alignwide coblocks-row-524125628101 mt-0\" data-columns=\"1\" data-layout=\"100\"><div class=\"wp-block-coblocks-row__inner has-no-padding has-no-margin is-stacked-on-mobile has-medium-gutter\">\n<div class=\"wp-block-coblocks-column coblocks-column-524125629839\" style=\"width:100%\"><div class=\"wp-block-coblocks-column__inner has-no-padding has-no-margin\">\n<p><strong>TEKN\u0130K:<\/strong> Dans Ayakkab\u0131s\u0131, daha az yorularak daha \u00e7ok performans g\u00f6stermenizi sa\u011flar. \u00d6zellikle d\u00f6n\u00fc\u015fleri rahat yapars\u0131n\u0131z.&nbsp;Zemini tutan yani kaymay\u0131 engelleyen spor ayakkab\u0131lar dizlerinizi, \u00f6zellikle yan ba\u011flar\u0131 zorlar ve sakatlanmaya yol a\u00e7ar.&nbsp;Bile\u011fi saran botlar yine ayn\u0131 \u015fekilde bile\u011finizi \u00e7ok zorlayacakt\u0131r.&nbsp;Sandalet ve babet gibi her an aya\u011f\u0131n\u0131zdan \u00e7\u0131kabilecek modelleri s\u00f6ylemiyoruz bile:)&nbsp;Topuklu olmas\u0131 a\u011f\u0131rl\u0131\u011f\u0131n\u0131z\u0131n \u00f6nde kalmas\u0131n\u0131, dengeli olman\u0131z\u0131, daha seri dans etmenizi sa\u011flar.<\/p>\n\n\n\n<p><strong>ESTET\u0130K<\/strong><strong>:<\/strong> Latin danslar\u0131 k\u0131vrak danslard\u0131r. Dans ayakkab\u0131s\u0131 hem ad\u0131mlar\u0131n\u0131z\u0131n pen\u00e7eden topu\u011fa basman\u0131z\u0131 kolayla\u015ft\u0131r\u0131r hem de&nbsp;otomatik olarak v\u00fccudunuzun dansa uygun \u015fekil almas\u0131n\u0131 sa\u011flar. Ad\u0131m tekni\u011finiz do\u011falla\u015ft\u0131k\u00e7a da daha estetik dansetmenizi sa\u011flar.<\/p>\n\n\n\n<p><strong>PS\u0130KOLOJ\u0130K:<\/strong> Uygun olmayan k\u0131yafetler ve ayakkab\u0131lar sizin ve dans e\u015finizin havaya girmesini engeller. Kendimize g\u00fcven, kar\u015f\u0131ya verdi\u011fimiz g\u00f6r\u00fcnt\u00fc ve dansa verdi\u011fimiz \u00f6nem a\u00e7\u0131s\u0131ndan bu ikisine dikkat etmeliyiz.<\/p>\n\n\n\n<h3 class=\"wp-block-heading\" style=\"font-size:27px\"><strong>NASIL B\u0130R DANS AYAKKABI SE\u00c7MEL\u0130Y\u0130Z?<\/strong><\/h3>\n\n\n\n<p>Latin danslar\u0131n\u0131n (salsa, bachata, chacha, danssporu) olmazsa olmaz\u0131 latin dans ayakkab\u0131lar\u0131d\u0131r.\u00a0Taban\u0131 ince ve zemine basan k\u0131sm\u0131 \u00f6zel malzemeden yap\u0131l\u0131r. Her iki y\u00f6ne esnektir ve hafiftir.\u00a0Sadece dans edece\u011finiz mekanlarda kullan\u0131rs\u0131n\u0131z. \u00d6zellikle i\u00e7 mekanlarda.<\/p>\n\n\n\n<p>&#8211; Ayakkab\u0131 se\u00e7imi yaparken e\u011fitmeninizden yard\u0131m alabilirsiniz.<br>&#8211; Mutlaka deneyerek al\u0131n. Ayak \u015fekli, tarak k\u0131sm\u0131 gibi hususlar \u00f6nemli.<br>&#8211; Kad\u0131nlar aya\u011f\u0131n\u0131z\u0131n \u015feklini almas\u0131 a\u00e7\u0131s\u0131ndan bantl\u0131 modeller tercih edin. Tamamen aya\u011f\u0131n\u0131z\u0131 sars\u0131n.<br>&#8211; Kullanmaya ba\u015flad\u0131ktan sonra en az yar\u0131m numara b\u00fcy\u00fcyece\u011fi i\u00e7in \u00e7ok az s\u0131k\u0131 olsun.<br>&#8211; Kad\u0131n modellerinde parmak u\u00e7lar\u0131 normal ayakkab\u0131lardan farkl\u0131 olarak hafif d\u0131\u015far\u0131 do\u011fru \u00e7\u0131kar. Buna al\u0131\u015f\u0131n:)<br>&#8211; Giydikten sonra parmak u\u00e7lar\u0131n\u0131 hem kendinize hem de di\u011fer tarafa uzatt\u0131\u011f\u0131n\u0131zda (point yapma) rahat olmas\u0131 gerekiyor.,<br>&#8211; Tango ayakkab\u0131lar\u0131 Latin ayakkab\u0131lar kadar esnek de\u011fildir. O y\u00fczden tercih etmeyin.<br>&#8211; Kad\u0131n ayakkab\u0131lar\u0131nda topuk boyu standart olanlar\u0131 kullan\u0131n(yakla\u015f\u0131k 7 &#8211; 7.5 cm). \u00d6zellikle ba\u015flang\u0131\u00e7 i\u00e7in.<br>&#8211; Taban k\u0131sm\u0131 sertle\u015fince yumu\u015fak tabanl\u0131klar ile kullanabilirsiniz.<br>&#8211; Renk se\u00e7imi zevke ve k\u0131yafetlere g\u00f6re de\u011fi\u015fiyor.&nbsp;Kad\u0131nlarda en \u00e7ok tercih edilen renkler bir\u00e7ok k\u0131yafete uyumu nedeniyle siyah ve bacak boyunu uzun g\u00f6stermesi nedeniyle ten rengi.&nbsp;Fakat renkli, c\u0131v\u0131l c\u0131v\u0131l modellerde bu danslara uygun:)<\/p>\n\n\n\n<p><strong>***<\/strong> Kad\u0131n e\u011fitmenlerde ya da ileri seviye dans edenlerde antrenman ayakkab\u0131lar\u0131 g\u00f6rebilirsiniz(daha \u00e7ok erkek ayakkab\u0131lar\u0131na benzer).&nbsp;\u00d6ncelikle standart topuklu modellerle ba\u015flaman\u0131z\u0131 tavsiye ediyoruz. \u00c7\u00fcnk\u00fc latin danslar\u0131na ait duru\u015fu ve ad\u0131m tekni\u011fini v\u00fccudunuza al\u0131\u015ft\u0131rman\u0131z gerekiyor.<\/p>\n\n\n\n<p><strong>NEREDEN ALAB\u0130L\u0130R\u0130Z?<\/strong><br>Kavakl\u0131dere ve \u00dcmitk\u00f6y \u015fubelerimizdeki ayakkab\u0131lar\u0131 inceleyebilirsiniz. Numara ve renk olarak elimizde yoksa sipari\u015f veriyoruz.<br>En az\u0131ndan kal\u0131p ve numaray\u0131 deneyebilirsiniz. Dans ayakkab\u0131lar\u0131 tek tek el i\u015f\u00e7ili\u011fi ile yap\u0131ld\u0131\u011f\u0131 i\u00e7in gelmesi 2-3 haftay\u0131 bulabiliyor.<\/p>\n<\/div><\/div>\n<\/div><\/div>","protected":false},"excerpt":{"rendered":"","protected":false},"author":2,"featured_media":0,"parent":0,"menu_order":0,"comment_status":"closed","ping_status":"closed","template":"","meta":{"_coblocks_attr":"","_coblocks_dimensions":"{\"coblocks-row-531337313\":{\"margin\":{\"marginTop\":\"px\",\"marginRight\":\"0px\",\"marginBottom\":\"px\",\"marginLeft\":\"0px\",\"marginTopTablet\":null,\"marginRightTablet\":null,\"marginBottomTablet\":null,\"marginLeftTablet\":null,\"marginTopMobile\":null,\"marginRightMobile\":null,\"marginBottomMobile\":null,\"marginLeftMobile\":null}},\"coblocks-row-53133828527\":{\"margin\":{\"marginTop\":\"px\",\"marginRight\":\"0px\",\"marginBottom\":\"px\",\"marginLeft\":\"0px\",\"marginTopTablet\":null,\"marginRightTablet\":null,\"marginBottomTablet\":null,\"marginLeftTablet\":null,\"marginTopMobile\":null,\"marginRightMobile\":null,\"marginBottomMobile\":null,\"marginLeftMobile\":null}}}","_coblocks_responsive_height":"","_coblocks_accordion_ie_support":"","hide_page_title":"","footnotes":""},"class_list":["post-10030","page","type-page","status-publish","hentry"],"yoast_head":"<!-- This site is optimized with the Yoast SEO plugin v24.3 - https:\/\/yoast.com\/wordpress\/plugins\/seo\/ -->\n<title>DANS AYAKKABISI - Latino Dans St&uuml;dyosu<\/title>\n<meta name=\"description\" content=\"Latin danslar\u0131n\u0131n olmazsa olmaz\u0131 latin dans ayakkab\u0131lar\u0131d\u0131r. Dans Ayakkab\u0131s\u0131\u00a0taban\u0131 incedir ve zemine basan k\u0131sm\u0131 \u00f6zel malzemeden yap\u0131l\u0131r.\" \/>\n<meta name=\"robots\" content=\"index, follow, max-snippet:-1, max-image-preview:large, max-video-preview:-1\" \/>\n<link rel=\"canonical\" href=\"https:\/\/latinodans.com\/tr\/dans-ayakkabisi\/\" \/>\n<meta property=\"og:locale\" content=\"tr_TR\" \/>\n<meta property=\"og:type\" content=\"article\" \/>\n<meta property=\"og:title\" content=\"DANS AYAKKABISI - Latino Dans St&uuml;dyosu\" \/>\n<meta property=\"og:description\" content=\"Latin danslar\u0131n\u0131n olmazsa olmaz\u0131 latin dans ayakkab\u0131lar\u0131d\u0131r. Dans Ayakkab\u0131s\u0131\u00a0taban\u0131 incedir ve zemine basan k\u0131sm\u0131 \u00f6zel malzemeden yap\u0131l\u0131r.\" \/>\n<meta property=\"og:url\" content=\"https:\/\/latinodans.com\/tr\/dans-ayakkabisi\/\" \/>\n<meta property=\"og:site_name\" content=\"Latino Dans St&uuml;dyosu\" \/>\n<meta property=\"article:publisher\" content=\"https:\/\/www.facebook.com\/latinoankara\" \/>\n<meta property=\"article:modified_time\" content=\"2021-10-25T12:15:07+00:00\" \/>\n<meta name=\"twitter:card\" content=\"summary_large_image\" \/>\n<meta name=\"twitter:site\" content=\"@LatinoDans\" \/>\n<meta name=\"twitter:label1\" content=\"Tahmini okuma s\u00fcresi\" \/>\n\t<meta name=\"twitter:data1\" content=\"2 dakika\" \/>\n<script type=\"application\/ld+json\" class=\"yoast-schema-graph\">{\"@context\":\"https:\/\/schema.org\",\"@graph\":[{\"@type\":\"WebPage\",\"@id\":\"https:\/\/latinodans.com\/dans-ayakkabisi\/\",\"url\":\"https:\/\/latinodans.com\/dans-ayakkabisi\/\",\"name\":\"DANS AYAKKABISI - Latino Dans St&uuml;dyosu\",\"isPartOf\":{\"@id\":\"https:\/\/latinodans.com\/#website\"},\"datePublished\":\"2019-10-10T14:10:56+00:00\",\"dateModified\":\"2021-10-25T12:15:07+00:00\",\"description\":\"Latin danslar\u0131n\u0131n olmazsa olmaz\u0131 latin dans ayakkab\u0131lar\u0131d\u0131r. Dans Ayakkab\u0131s\u0131\u00a0taban\u0131 incedir ve zemine basan k\u0131sm\u0131 \u00f6zel malzemeden yap\u0131l\u0131r.\",\"breadcrumb\":{\"@id\":\"https:\/\/latinodans.com\/dans-ayakkabisi\/#breadcrumb\"},\"inLanguage\":\"tr\",\"potentialAction\":[{\"@type\":\"ReadAction\",\"target\":[\"https:\/\/latinodans.com\/dans-ayakkabisi\/\"]}]},{\"@type\":\"BreadcrumbList\",\"@id\":\"https:\/\/latinodans.com\/dans-ayakkabisi\/#breadcrumb\",\"itemListElement\":[{\"@type\":\"ListItem\",\"position\":1,\"name\":\"Anasayfa\",\"item\":\"https:\/\/latinodans.com\/\"},{\"@type\":\"ListItem\",\"position\":2,\"name\":\"DANS AYAKKABISI\"}]},{\"@type\":\"WebSite\",\"@id\":\"https:\/\/latinodans.com\/#website\",\"url\":\"https:\/\/latinodans.com\/\",\"name\":\"Latino Dans St&uuml;dyosu\",\"description\":\"&quot;Hayat\u0131n\u0131zda Bir Dans Aras\u0131 Verin&quot;\",\"publisher\":{\"@id\":\"https:\/\/latinodans.com\/#organization\"},\"potentialAction\":[{\"@type\":\"SearchAction\",\"target\":{\"@type\":\"EntryPoint\",\"urlTemplate\":\"https:\/\/latinodans.com\/?s={search_term_string}\"},\"query-input\":{\"@type\":\"PropertyValueSpecification\",\"valueRequired\":true,\"valueName\":\"search_term_string\"}}],\"inLanguage\":\"tr\"},{\"@type\":\"Organization\",\"@id\":\"https:\/\/latinodans.com\/#organization\",\"name\":\"Latino Dans St\u00fcdyosu\",\"url\":\"https:\/\/latinodans.com\/\",\"logo\":{\"@type\":\"ImageObject\",\"inLanguage\":\"tr\",\"@id\":\"https:\/\/latinodans.com\/#\/schema\/logo\/image\/\",\"url\":\"https:\/\/latinodans.com\/wp-content\/uploads\/2016\/11\/latinologo01.png\",\"contentUrl\":\"https:\/\/latinodans.com\/wp-content\/uploads\/2016\/11\/latinologo01.png\",\"width\":1767,\"height\":869,\"caption\":\"Latino Dans St\u00fcdyosu\"},\"image\":{\"@id\":\"https:\/\/latinodans.com\/#\/schema\/logo\/image\/\"},\"sameAs\":[\"https:\/\/www.facebook.com\/latinoankara\",\"https:\/\/x.com\/LatinoDans\",\"https:\/\/www.instagram.com\/latinodans\/\",\"https:\/\/tr.pinterest.com\/latinodans\"]}]}<\/script>\n<!-- \/ Yoast SEO plugin. -->","yoast_head_json":{"title":"DANS AYAKKABISI - Latino Dans St&uuml;dyosu","description":"Latin danslar\u0131n\u0131n olmazsa olmaz\u0131 latin dans ayakkab\u0131lar\u0131d\u0131r. Dans Ayakkab\u0131s\u0131\u00a0taban\u0131 incedir ve zemine basan k\u0131sm\u0131 \u00f6zel malzemeden yap\u0131l\u0131r.","robots":{"index":"index","follow":"follow","max-snippet":"max-snippet:-1","max-image-preview":"max-image-preview:large","max-video-preview":"max-video-preview:-1"},"canonical":"https:\/\/latinodans.com\/tr\/dans-ayakkabisi\/","og_locale":"tr_TR","og_type":"article","og_title":"DANS AYAKKABISI - Latino Dans St&uuml;dyosu","og_description":"Latin danslar\u0131n\u0131n olmazsa olmaz\u0131 latin dans ayakkab\u0131lar\u0131d\u0131r. Dans Ayakkab\u0131s\u0131\u00a0taban\u0131 incedir ve zemine basan k\u0131sm\u0131 \u00f6zel malzemeden yap\u0131l\u0131r.","og_url":"https:\/\/latinodans.com\/tr\/dans-ayakkabisi\/","og_site_name":"Latino Dans St&uuml;dyosu","article_publisher":"https:\/\/www.facebook.com\/latinoankara","article_modified_time":"2021-10-25T12:15:07+00:00","twitter_card":"summary_large_image","twitter_site":"@LatinoDans","twitter_misc":{"Tahmini okuma s\u00fcresi":"2 dakika"},"schema":{"@context":"https:\/\/schema.org","@graph":[{"@type":"WebPage","@id":"https:\/\/latinodans.com\/dans-ayakkabisi\/","url":"https:\/\/latinodans.com\/dans-ayakkabisi\/","name":"DANS AYAKKABISI - Latino Dans St&uuml;dyosu","isPartOf":{"@id":"https:\/\/latinodans.com\/#website"},"datePublished":"2019-10-10T14:10:56+00:00","dateModified":"2021-10-25T12:15:07+00:00","description":"Latin danslar\u0131n\u0131n olmazsa olmaz\u0131 latin dans ayakkab\u0131lar\u0131d\u0131r. Dans Ayakkab\u0131s\u0131\u00a0taban\u0131 incedir ve zemine basan k\u0131sm\u0131 \u00f6zel malzemeden yap\u0131l\u0131r.","breadcrumb":{"@id":"https:\/\/latinodans.com\/dans-ayakkabisi\/#breadcrumb"},"inLanguage":"tr","potentialAction":[{"@type":"ReadAction","target":["https:\/\/latinodans.com\/dans-ayakkabisi\/"]}]},{"@type":"BreadcrumbList","@id":"https:\/\/latinodans.com\/dans-ayakkabisi\/#breadcrumb","itemListElement":[{"@type":"ListItem","position":1,"name":"Anasayfa","item":"https:\/\/latinodans.com\/"},{"@type":"ListItem","position":2,"name":"DANS AYAKKABISI"}]},{"@type":"WebSite","@id":"https:\/\/latinodans.com\/#website","url":"https:\/\/latinodans.com\/","name":"Latino Dans St&uuml;dyosu","description":"&quot;Hayat\u0131n\u0131zda Bir Dans Aras\u0131 Verin&quot;","publisher":{"@id":"https:\/\/latinodans.com\/#organization"},"potentialAction":[{"@type":"SearchAction","target":{"@type":"EntryPoint","urlTemplate":"https:\/\/latinodans.com\/?s={search_term_string}"},"query-input":{"@type":"PropertyValueSpecification","valueRequired":true,"valueName":"search_term_string"}}],"inLanguage":"tr"},{"@type":"Organization","@id":"https:\/\/latinodans.com\/#organization","name":"Latino Dans St\u00fcdyosu","url":"https:\/\/latinodans.com\/","logo":{"@type":"ImageObject","inLanguage":"tr","@id":"https:\/\/latinodans.com\/#\/schema\/logo\/image\/","url":"https:\/\/latinodans.com\/wp-content\/uploads\/2016\/11\/latinologo01.png","contentUrl":"https:\/\/latinodans.com\/wp-content\/uploads\/2016\/11\/latinologo01.png","width":1767,"height":869,"caption":"Latino Dans St\u00fcdyosu"},"image":{"@id":"https:\/\/latinodans.com\/#\/schema\/logo\/image\/"},"sameAs":["https:\/\/www.facebook.com\/latinoankara","https:\/\/x.com\/LatinoDans","https:\/\/www.instagram.com\/latinodans\/","https:\/\/tr.pinterest.com\/latinodans"]}]}},"_links":{"self":[{"href":"https:\/\/latinodans.com\/tr\/wp-json\/wp\/v2\/pages\/10030","targetHints":{"allow":["GET"]}}],"collection":[{"href":"https:\/\/latinodans.com\/tr\/wp-json\/wp\/v2\/pages"}],"about":[{"href":"https:\/\/latinodans.com\/tr\/wp-json\/wp\/v2\/types\/page"}],"author":[{"embeddable":true,"href":"https:\/\/latinodans.com\/tr\/wp-json\/wp\/v2\/users\/2"}],"replies":[{"embeddable":true,"href":"https:\/\/latinodans.com\/tr\/wp-json\/wp\/v2\/comments?post=10030"}],"version-history":[{"count":9,"href":"https:\/\/latinodans.com\/tr\/wp-json\/wp\/v2\/pages\/10030\/revisions"}],"predecessor-version":[{"id":11026,"href":"https:\/\/latinodans.com\/tr\/wp-json\/wp\/v2\/pages\/10030\/revisions\/11026"}],"wp:attachment":[{"href":"https:\/\/latinodans.com\/tr\/wp-json\/wp\/v2\/media?parent=10030"}],"curies":[{"name":"wp","href":"https:\/\/api.w.org\/{rel}","templated":true}]}}